{"id":7098,"date":"2022-12-21T09:17:30","date_gmt":"2022-12-21T09:17:30","guid":{"rendered":"http:\/\/runforthewhales.it\/?page_id=7098"},"modified":"2025-04-07T09:39:30","modified_gmt":"2025-04-07T09:39:30","slug":"service-de-navette","status":"publish","type":"page","link":"https:\/\/runforthewhales.it\/fr\/run\/service-de-navette\/","title":{"rendered":"Service de Navette"},"content":{"rendered":"<h2>L&rsquo;organisation fournit un service de navette pour simplifier le transfert des athl\u00e8tes de la ligne d&rsquo;arriv\u00e9e situ\u00e9e \u00e0 Sanremo, au d\u00e9part de la course, situ\u00e9 \u00e0 San Lorenzo al Mare. Vous pouvez \u00e9galement utiliser le service de transport public ou rejoindre le d\u00e9part de la course avec votre propre v\u00e9hicule.<\/h2>\n<p>R\u00e9servez le service de navette \u00e0 travers notre <a href=\"http:\/\/www.runtosanremo.it\/fr\" target=\"_blank\" rel=\"noopener\">syst\u00e8me d&rsquo;inscription<\/a>.<\/p>\n<p>[table caption=\u00a0\u00bbHoraire Navette\u00a0\u00bb width=\u00a0\u00bb700&Prime; colwidth=\u00a0\u00bb100|100|100|100|100|100&Prime; colalign=\u00a0\u00bbcenter|center|center|center|center|center\u00a0\u00bb]<br \/>\n,Heure de d\u00e9part, Lieu de d\u00e9part, Lieu d&rsquo;arriv\u00e9e, Retour, Co\u00fbt<br \/>\nA &#8211; 1\u00b0 trajet,14:45, Sanremo (pr\u00e8s de l&rsquo;arriv\u00e9e de la course),San Lorenzo al Mare, Sanremo, 6 \u20ac<br \/>\nB &#8211; 2\u00b0 trajet,17:00, Sanremo (pr\u00e8s de l&rsquo;arriv\u00e9e de la course),San Lorenzo al Mare, Sanremo, 10 \u20ac<br \/>\n[\/table]<\/p>\n<p><strong>NOTE!<\/strong><br \/>\nLes places sont limit\u00e9es. Le billet de la navette n&rsquo;est pas remboursable.<\/p>\n<h3>TRANSPORT PUBLIC<\/h3>\n<p>Riviera Trasporti assure un service de transport public. La ligne de bus touche les lieux suivants : San Remo &#8211; Arma di Taggia &#8211; Riva Ligure &#8211; San Lorenzo.<\/p>\n<p><strong>LIGNE RECOMMAND\u00c9E POUR LES PARTICIPANTS AU SEMI-MARATHON<br \/>\n<\/strong><\/p>\n<p>LIGNE DE BUS : San Remo &#8211; Andora<br \/>\nD\u00e9part : Gare routi\u00e8re de la Piazza Colombo \u00e0 San Remo.<br \/>\nDescendez \u00e0 : San Lorenzo al Mare (point de d\u00e9part du semi-marathon)<br \/>\nCo\u00fbt du billet : 1,50 \u20ac.<\/p>\n<p><strong>LES HORAIRES DES TRANSPORTS PUBLICS<br \/>\n<\/strong><\/p>\n<p>L&rsquo;horaire est disponible sur le site officiel de <a href=\"https:\/\/www.rivieratrasporti.it\/Upload\/Orari\/2022-2023\/Tascabile_Andora.pdf\" target=\"_blank\" rel=\"noopener\">Riviera Trasporti<\/a><\/p>\n<h3>PARKINGS RECOMMAND\u00c9S<\/h3>\n<p>Zone d&rsquo;arriv\u00e9e du semi-marathon : Pian di Poma, San Remo (parking gratuit, r\u00e9serv\u00e9 aux athl\u00e8tes)<\/p>\n<p>Zone de d\u00e9part du Semi-Marathon : San Lorenzo al Mare (parking payant, disponibilit\u00e9 limit\u00e9e)<\/p>\n<p>Parkings recommand\u00e9s \u00e0 proximit\u00e9 de la gare routi\u00e8re<\/p>\n<ul>\n<li>Parking souterrain \u00e0 San Remo, \u00e0 Palafiori (payant)<\/li>\n<li>Parking souterrain \u00e0 la Piazza Colombo (payant)<\/li>\n<\/ul>\n","protected":false},"excerpt":{"rendered":"<p>L&rsquo;organisation fournit un service de navette pour simplifier le transfert des athl\u00e8tes de la ligne d&rsquo;arriv\u00e9e situ\u00e9e \u00e0 Sanremo, au d\u00e9part de la course, situ\u00e9 \u00e0 San Lorenzo al Mare. Vous pouvez \u00e9galement utiliser le service de transport public ou rejoindre le d\u00e9part de la course avec votre propre v\u00e9hicule. R\u00e9servez le service de navette [&hellip;]<\/p>\n","protected":false},"author":25,"featured_media":0,"parent":467,"menu_order":6,"comment_status":"closed","ping_status":"closed","template":"","meta":{"_et_pb_use_builder":"","_et_pb_old_content":"","_et_gb_content_width":"","footnotes":""},"class_list":["post-7098","page","type-page","status-publish","hentry"],"yoast_head":"<!-- This site is optimized with the Yoast SEO plugin v27.6 - https:\/\/yoast.com\/product\/yoast-seo-wordpress\/ -->\n<title>Service de Navette - RUN FOR THE WHALES 2026 Sanremo<\/title>\n<meta name=\"description\" content=\"L&#039;organisation fournit un service de navette pour simplifier le transfert des athl\u00e8tes de la ligne d&#039;arriv\u00e9e situ\u00e9e \u00e0 Sanremo\" \/>\n<meta name=\"robots\" content=\"index, follow, max-snippet:-1, max-image-preview:large, max-video-preview:-1\" \/>\n<link rel=\"canonical\" href=\"https:\/\/runforthewhales.it\/fr\/run\/service-de-navette\/\" \/>\n<meta property=\"og:locale\" content=\"fr_FR\" \/>\n<meta property=\"og:type\" content=\"article\" \/>\n<meta property=\"og:title\" content=\"Service de Navette - RUN FOR THE WHALES 2026 Sanremo\" \/>\n<meta property=\"og:description\" content=\"L&#039;organisation fournit un service de navette pour simplifier le transfert des athl\u00e8tes de la ligne d&#039;arriv\u00e9e situ\u00e9e \u00e0 Sanremo\" \/>\n<meta property=\"og:url\" content=\"https:\/\/runforthewhales.it\/fr\/run\/service-de-navette\/\" \/>\n<meta property=\"og:site_name\" content=\"RUN FOR THE WHALES 2026 Sanremo\" \/>\n<meta property=\"article:modified_time\" content=\"2025-04-07T09:39:30+00:00\" \/>\n<meta name=\"twitter:label1\" content=\"Dur\u00e9e de lecture estim\u00e9e\" \/>\n\t<meta name=\"twitter:data1\" content=\"2 minutes\" \/>\n<script type=\"application\/ld+json\" class=\"yoast-schema-graph\">{\"@context\":\"https:\\\/\\\/schema.org\",\"@graph\":[{\"@type\":\"WebPage\",\"@id\":\"https:\\\/\\\/runforthewhales.it\\\/fr\\\/run\\\/service-de-navette\\\/\",\"url\":\"https:\\\/\\\/runforthewhales.it\\\/fr\\\/run\\\/service-de-navette\\\/\",\"name\":\"Service de Navette - RUN FOR THE WHALES 2026 Sanremo\",\"isPartOf\":{\"@id\":\"https:\\\/\\\/runforthewhales.it\\\/#website\"},\"datePublished\":\"2022-12-21T09:17:30+00:00\",\"dateModified\":\"2025-04-07T09:39:30+00:00\",\"description\":\"L'organisation fournit un service de navette pour simplifier le transfert des athl\u00e8tes de la ligne d'arriv\u00e9e situ\u00e9e \u00e0 Sanremo\",\"breadcrumb\":{\"@id\":\"https:\\\/\\\/runforthewhales.it\\\/fr\\\/run\\\/service-de-navette\\\/#breadcrumb\"},\"inLanguage\":\"fr-FR\",\"potentialAction\":[{\"@type\":\"ReadAction\",\"target\":[\"https:\\\/\\\/runforthewhales.it\\\/fr\\\/run\\\/service-de-navette\\\/\"]}]},{\"@type\":\"BreadcrumbList\",\"@id\":\"https:\\\/\\\/runforthewhales.it\\\/fr\\\/run\\\/service-de-navette\\\/#breadcrumb\",\"itemListElement\":[{\"@type\":\"ListItem\",\"position\":1,\"name\":\"Home\",\"item\":\"https:\\\/\\\/runforthewhales.it\\\/fr\\\/\"},{\"@type\":\"ListItem\",\"position\":2,\"name\":\"Run for the Whales\",\"item\":\"https:\\\/\\\/runforthewhales.it\\\/fr\\\/run\\\/\"},{\"@type\":\"ListItem\",\"position\":3,\"name\":\"Service de Navette\"}]},{\"@type\":\"WebSite\",\"@id\":\"https:\\\/\\\/runforthewhales.it\\\/#website\",\"url\":\"https:\\\/\\\/runforthewhales.it\\\/\",\"name\":\"RUN FOR THE WHALES 2026 Sanremo\",\"description\":\"21K Semi Marathon | 10K Run | 3K Family Run | 20.06.2026\",\"potentialAction\":[{\"@type\":\"SearchAction\",\"target\":{\"@type\":\"EntryPoint\",\"urlTemplate\":\"https:\\\/\\\/runforthewhales.it\\\/?s={search_term_string}\"},\"query-input\":{\"@type\":\"PropertyValueSpecification\",\"valueRequired\":true,\"valueName\":\"search_term_string\"}}],\"inLanguage\":\"fr-FR\"}]}<\/script>\n<!-- \/ Yoast SEO plugin. -->","yoast_head_json":{"title":"Service de Navette - RUN FOR THE WHALES 2026 Sanremo","description":"L'organisation fournit un service de navette pour simplifier le transfert des athl\u00e8tes de la ligne d'arriv\u00e9e situ\u00e9e \u00e0 Sanremo","robots":{"index":"index","follow":"follow","max-snippet":"max-snippet:-1","max-image-preview":"max-image-preview:large","max-video-preview":"max-video-preview:-1"},"canonical":"https:\/\/runforthewhales.it\/fr\/run\/service-de-navette\/","og_locale":"fr_FR","og_type":"article","og_title":"Service de Navette - RUN FOR THE WHALES 2026 Sanremo","og_description":"L'organisation fournit un service de navette pour simplifier le transfert des athl\u00e8tes de la ligne d'arriv\u00e9e situ\u00e9e \u00e0 Sanremo","og_url":"https:\/\/runforthewhales.it\/fr\/run\/service-de-navette\/","og_site_name":"RUN FOR THE WHALES 2026 Sanremo","article_modified_time":"2025-04-07T09:39:30+00:00","twitter_misc":{"Dur\u00e9e de lecture estim\u00e9e":"2 minutes"},"schema":{"@context":"https:\/\/schema.org","@graph":[{"@type":"WebPage","@id":"https:\/\/runforthewhales.it\/fr\/run\/service-de-navette\/","url":"https:\/\/runforthewhales.it\/fr\/run\/service-de-navette\/","name":"Service de Navette - RUN FOR THE WHALES 2026 Sanremo","isPartOf":{"@id":"https:\/\/runforthewhales.it\/#website"},"datePublished":"2022-12-21T09:17:30+00:00","dateModified":"2025-04-07T09:39:30+00:00","description":"L'organisation fournit un service de navette pour simplifier le transfert des athl\u00e8tes de la ligne d'arriv\u00e9e situ\u00e9e \u00e0 Sanremo","breadcrumb":{"@id":"https:\/\/runforthewhales.it\/fr\/run\/service-de-navette\/#breadcrumb"},"inLanguage":"fr-FR","potentialAction":[{"@type":"ReadAction","target":["https:\/\/runforthewhales.it\/fr\/run\/service-de-navette\/"]}]},{"@type":"BreadcrumbList","@id":"https:\/\/runforthewhales.it\/fr\/run\/service-de-navette\/#breadcrumb","itemListElement":[{"@type":"ListItem","position":1,"name":"Home","item":"https:\/\/runforthewhales.it\/fr\/"},{"@type":"ListItem","position":2,"name":"Run for the Whales","item":"https:\/\/runforthewhales.it\/fr\/run\/"},{"@type":"ListItem","position":3,"name":"Service de Navette"}]},{"@type":"WebSite","@id":"https:\/\/runforthewhales.it\/#website","url":"https:\/\/runforthewhales.it\/","name":"RUN FOR THE WHALES 2026 Sanremo","description":"21K Semi Marathon | 10K Run | 3K Family Run | 20.06.2026","potentialAction":[{"@type":"SearchAction","target":{"@type":"EntryPoint","urlTemplate":"https:\/\/runforthewhales.it\/?s={search_term_string}"},"query-input":{"@type":"PropertyValueSpecification","valueRequired":true,"valueName":"search_term_string"}}],"inLanguage":"fr-FR"}]}},"_links":{"self":[{"href":"https:\/\/runforthewhales.it\/fr\/wp-json\/wp\/v2\/pages\/7098","targetHints":{"allow":["GET"]}}],"collection":[{"href":"https:\/\/runforthewhales.it\/fr\/wp-json\/wp\/v2\/pages"}],"about":[{"href":"https:\/\/runforthewhales.it\/fr\/wp-json\/wp\/v2\/types\/page"}],"author":[{"embeddable":true,"href":"https:\/\/runforthewhales.it\/fr\/wp-json\/wp\/v2\/users\/25"}],"replies":[{"embeddable":true,"href":"https:\/\/runforthewhales.it\/fr\/wp-json\/wp\/v2\/comments?post=7098"}],"version-history":[{"count":7,"href":"https:\/\/runforthewhales.it\/fr\/wp-json\/wp\/v2\/pages\/7098\/revisions"}],"predecessor-version":[{"id":8713,"href":"https:\/\/runforthewhales.it\/fr\/wp-json\/wp\/v2\/pages\/7098\/revisions\/8713"}],"up":[{"embeddable":true,"href":"https:\/\/runforthewhales.it\/fr\/wp-json\/wp\/v2\/pages\/467"}],"wp:attachment":[{"href":"https:\/\/runforthewhales.it\/fr\/wp-json\/wp\/v2\/media?parent=7098"}],"curies":[{"name":"wp","href":"https:\/\/api.w.org\/{rel}","templated":true}]}}