{"id":533,"date":"2015-06-11T09:04:44","date_gmt":"2015-06-11T09:04:44","guid":{"rendered":"http:\/\/runforthewhales.it\/?page_id=533"},"modified":"2026-03-30T08:41:04","modified_gmt":"2026-03-30T08:41:04","slug":"reglement-family-run","status":"publish","type":"page","link":"https:\/\/runforthewhales.it\/fr\/family-run-2\/reglement-family-run\/","title":{"rendered":"R\u00e8glement de la Family Run Sanremo &#8211; RUN FOR THE WHALES"},"content":{"rendered":"<p>[et_pb_section fb_built=\u00a0\u00bb1&Prime; admin_label=\u00a0\u00bbsection\u00a0\u00bb _builder_version=\u00a0\u00bb4.16&Prime; global_colors_info=\u00a0\u00bb{}\u00a0\u00bb][et_pb_row admin_label=\u00a0\u00bbrow\u00a0\u00bb _builder_version=\u00a0\u00bb4.16&Prime; background_size=\u00a0\u00bbinitial\u00a0\u00bb background_position=\u00a0\u00bbtop_left\u00a0\u00bb background_repeat=\u00a0\u00bbrepeat\u00a0\u00bb global_colors_info=\u00a0\u00bb{}\u00a0\u00bb][et_pb_column type=\u00a0\u00bb4_4&Prime; _builder_version=\u00a0\u00bb4.16&Prime; custom_padding=\u00a0\u00bb|||\u00a0\u00bb global_colors_info=\u00a0\u00bb{}\u00a0\u00bb custom_padding__hover=\u00a0\u00bb|||\u00a0\u00bb][et_pb_image src=\u00a0\u00bbhttps:\/\/runforthewhales.it\/wp-content\/uploads\/2025\/06\/sportivi-per-natura-300&#215;89.jpg\u00a0\u00bb alt=\u00a0\u00bbsportivi per natura\u00a0\u00bb title_text=\u00a0\u00bbsportivi per natura\u00a0\u00bb _builder_version=\u00a0\u00bb4.27.4&Prime; _module_preset=\u00a0\u00bbdefault\u00a0\u00bb locked=\u00a0\u00bboff\u00a0\u00bb global_colors_info=\u00a0\u00bb{}\u00a0\u00bb][\/et_pb_image][et_pb_text admin_label=\u00a0\u00bbText\u00a0\u00bb _builder_version=\u00a0\u00bb4.25.1&Prime; background_size=\u00a0\u00bbinitial\u00a0\u00bb background_position=\u00a0\u00bbtop_left\u00a0\u00bb background_repeat=\u00a0\u00bbrepeat\u00a0\u00bb global_colors_info=\u00a0\u00bb{}\u00a0\u00bb]<\/p>\n<ul>\n<li>\n<p align=\"LEFT\"><strong>\u00c9v\u00e9nement :<\/strong> San Remo FAMILY RUN\u00a0\u2013 RUN FOR THE WHALES<\/p>\n<\/li>\n<li>\n<p align=\"LEFT\"><strong>Organisation sportive :<\/strong> Pro San Pietro Sanremo<\/p>\n<\/li>\n<li>\n<p align=\"LEFT\"><strong>Date :<\/strong>\u00a0 20 JUIN 2026 &#8211; 17h45<\/p>\n<\/li>\n<li>\n<p align=\"LEFT\"><strong>D\u00e9part :<\/strong> San Remo Piste d&rsquo;athletisme<\/p>\n<\/li>\n<li>\n<p align=\"LEFT\"><strong>Parcours :<\/strong> Piste pi\u00e9tonne et cycliste du parc c\u00f4tier de la Riviera des Fleurs<\/p>\n<\/li>\n<li>\n<p align=\"LEFT\"><strong>Arriv\u00e9e :<\/strong> San Remo Piste d&rsquo;athletisme<\/p>\n<\/li>\n<li>\n<p align=\"LEFT\"><strong>Longueur :<\/strong> 3 Km<\/p>\n<\/li>\n<li>\n<p align=\"LEFT\"><strong>Centre de coordination de l&rsquo;\u00e9v\u00e9nement (ramassage des dossards de course) : <\/strong>San Remo<\/p>\n<ul>\n<li><strong>Vendredi 19 juin, de 14h30 \u00e0 18h00<\/strong><\/li>\n<li><strong>Samedi 20 juin, de 10 heures \u00e0 13 heures et de 14 heures \u00e0 16 heures.<\/strong><\/li>\n<\/ul>\n<\/li>\n<\/ul>\n<h3>\u00a0<\/h3>\n<h3>CRIT\u00c8RES DE PARTICIPATION<\/h3>\n<p align=\"LEFT\">Tout le monde, petits et grands, pourra\u00a0participer \u00e0 la Family Run: unique condition, avoir envie de s&rsquo;amuser! \u00c9tant donn\u00e9\u00a0le caract\u00e8re\u00a0ludique de l&rsquo;\u00e9preuve,\u00a0il ne sera pas\u00a0n\u00e9cessaire\u00a0de\u00a0pr\u00e9senter\u00a0un certificat\u00a0m\u00e9dical\u00a0(l&rsquo;inscription exempte l&rsquo;organisation de toute responsabilit\u00e9).<\/p>\n<h3>MODALIT\u00c9S D\u2019INSCRIPTION<\/h3>\n<p align=\"LEFT\">a) <strong>en ligne jusqu&rsquo;au 31 Mai 2026 sur le site Web officiel de l&rsquo;\u00e9preuve<\/strong>, <span id=\"result_box\" class=\"\" lang=\"fr\"><span class=\"\">pour les paiements<\/span> par virement bancaire, Visa, Mastercard, Amex ou Paypal.<\/span><\/p>\n<p align=\"LEFT\">b) <strong>en ligne jusqu&rsquo;au 18 Juin 2026 sur le site Web officiel de l&rsquo;\u00e9preuve<\/strong>, <span id=\"result_box\" class=\"\" lang=\"fr\"><span class=\"\">pour les paiements<\/span> par Visa, Mastercard, Amex ou Paypal.<\/span><\/p>\n<p align=\"LEFT\">c) <strong>inscription directe au bureau de l\u2019organisation<\/strong> ouvert dans les journ\u00e9es indiqu\u00e9es <a href=\"https:\/\/runforthewhales.it\/fr\/run\/programme-de-la-course\/\" target=\"_blank\" rel=\"noopener\">ici<\/a>.<\/p>\n<h3>FRAIS D&rsquo;INSCRIPTION ET<\/h3>\n<p><strong>Frais d\u2019inscription et<\/strong> <strong>cl\u00f4ture des inscriptions<\/strong><\/p>\n<table style=\"height: 221px; width: 529px;\" width=\"519\">\n<thead>\n<tr style=\"height: 46px;\">\n<td style=\"height: 46px; width: 205px;\"><strong>\u00a0<\/strong><\/td>\n<td style=\"width: 75px;\">Frais d&rsquo;inscription moins de 14 ans<\/td>\n<td style=\"height: 46px; width: 79px;\">Frais d&rsquo;inscription plus de 14 ans<\/td>\n<td style=\"height: 46px; width: 142px;\">T-shirt technique<\/td>\n<\/tr>\n<\/thead>\n<tbody>\n<tr style=\"height: 23px;\">\n<td style=\"width: 205px; height: 23px;\"><strong>Inscriptions en ligne jusqu&rsquo;au 31 Mai <\/strong><\/td>\n<td style=\"width: 75px;\"><strong>gratuite<\/strong><\/td>\n<td style=\"width: 79px; height: 23px;\"><strong>\u20ac 10,00<\/strong><\/td>\n<td style=\"width: 142px; height: 23px;\">non comprise. Vous pouvez l&rsquo;acheter en ligne sur le site<\/td>\n<\/tr>\n<tr style=\"height: 23px;\">\n<td style=\"height: 23px; width: 205px;\"><strong>Inscriptions en ligne jusqu&rsquo;au 18 Juin \u00e0 18:00 <\/strong><\/td>\n<td style=\"width: 75px;\"><strong>gratuite<\/strong><\/td>\n<td style=\"height: 23px; width: 79px;\"><strong>\u20ac 10,00<\/strong><\/td>\n<td style=\"height: 23px; width: 142px;\">non comprise. Vous pouvez l&rsquo;acheter en ligne sur le site<\/td>\n<\/tr>\n<tr style=\"height: 37px;\">\n<td style=\"height: 37px; width: 205px;\"><strong>Inscriptions sur place <\/strong><\/td>\n<td style=\"width: 75px;\"><strong>gratuite<\/strong><\/td>\n<td style=\"height: 37px; width: 79px;\"><strong>\u20ac 10,00<\/strong><\/td>\n<td style=\"height: 37px; width: 142px;\">non comprise<\/td>\n<\/tr>\n<\/tbody>\n<\/table>\n<p>Frais de secr\u00e9tariat pour la gestion des inscriptions en ligne: 5% <span style=\"color: #3366ff;\"><strong>Une somme de 1,50 \u20ac par membre payant sera revers\u00e9e \u00e0 l&rsquo;Institut Tethys pour la recherche et la pr\u00e9servation des c\u00e9tac\u00e9s du Sanctuaire Pelagos.<\/strong><\/span><\/p>\n<h3>LES\u00a0FRAIS\u00a0D&rsquo;INSCRIPTION COMPRENNENT LES SERVICES SUIVANTS :<\/h3>\n<ul>\n<li style=\"list-style-type: none;\">\n<ul>\n<li style=\"list-style-type: none;\">\n<ul>\n<li>\n<p align=\"LEFT\">assistance m\u00e9dicale;<\/p>\n<\/li>\n<li>\n<p align=\"LEFT\">assurance;<\/p>\n<\/li>\n<li>\n<p align=\"LEFT\">m\u00e9daille\u00a0officielle de participation<\/p>\n<\/li>\n<li>dossard de la course<\/li>\n<\/ul>\n<\/li>\n<\/ul>\n<\/li>\n<\/ul>\n<h3 class=\"western\" align=\"LEFT\">\u00a0<\/h3>\n<h3 class=\"western\" align=\"LEFT\">PHOTOS DES PARTICIPANTS<\/h3>\n<p>Un service photo sera disponible et suivra la course.<\/p>\n<h3 class=\"western\" align=\"LEFT\">INFORMATIONS IMPORTANTES<\/h3>\n<p>L\u2019Organisation se r\u00e9serve le droit de modifier le pr\u00e9sent r\u00e8glement \u00e0 tout moment, afin de garantir une meilleure organisation de l\u2019\u00e9preuve. <b>Vie priv\u00e9e<\/b> En s\u2019inscrivant \u00e0 la Sanremo <strong>Family Run &#8211; Run for the Whales<\/strong>, les participants autorisent l\u2019organisation au traitement de leurs donn\u00e9es personnelles dans le cadre de la gestion des inscriptions et des services annexes tels que le\u00a0chronom\u00e9trage, les classements, ainsi que\u00a0la\u00a0communication\u00a0p\u00e9riodique\u00a0d\u2019informations concernant l\u2019\u00e9preuve, la r\u00e9gion organisatrice, et d\u2019autres \u00e9v\u00e9nements similaires. <strong><b>Droit \u00e0 l\u2019image<\/b><\/strong> En s\u2019inscrivant \u00e0 la Sanremo <strong>Family Run &#8211; Run for the Whales<\/strong>, les participants autorisent express\u00e9ment l\u2019organisation, ainsi que les commanditaires et les partenaires m\u00e9diatiques, \u00e0 b\u00e9n\u00e9ficier du droit \u00e0\u00a0utiliser les images fixes ou en mouvement sur lesquelles ils pourront\u00a0appara\u00eetre, sur tous les supports, y-compris les mat\u00e9riels promotionnels et\/ou publicitaires, dans le monde entier et dans les d\u00e9lais maximum pr\u00e9vus par les lois, les\u00a0r\u00e8glements\u00a0et les trait\u00e9s en vigueur, y-compris toute prolongation\u00a0\u00e9ventuelle\u00a0qui pourrait \u00eatre\u00a0apport\u00e9e \u00e0 la\u00a0p\u00e9riode\u00a0initialement\u00a0pr\u00e9vue. <strong>Organisation<\/strong> L\u2019organisation et la titularit\u00e9 de la manifestation sont du <strong>Comit\u00e9 Organisationnel San Remo Marathon<\/strong> adresse l\u00e9gale \u00e0 Sanremo chez le bureau Corrent Forghieri \u2013\u00a0corso Garibaldi 131 avec l\u2019aval de l\u2019<strong>Institut Tethys<\/strong> et l\u2019organisation sportive de la <strong>Asd Pro San Pietro <\/strong>avec la collaboration de Nyala Wonder Travel d.m.c.<\/p>\n<p>[\/et_pb_text][\/et_pb_column][\/et_pb_row][\/et_pb_section]<\/p>\n","protected":false},"excerpt":{"rendered":"<p>\u00c9v\u00e9nement : San Remo FAMILY RUN\u00a0\u2013 RUN FOR THE WHALES Organisation sportive : Pro San Pietro Sanremo Date :\u00a0 20 JUIN 2026 &#8211; 17h45 D\u00e9part : San Remo Piste d&rsquo;athletisme Parcours : Piste pi\u00e9tonne et cycliste du parc c\u00f4tier de la Riviera des Fleurs Arriv\u00e9e : San Remo Piste d&rsquo;athletisme Longueur : 3 Km Centre [&hellip;]<\/p>\n","protected":false},"author":1,"featured_media":0,"parent":492,"menu_order":3,"comment_status":"closed","ping_status":"closed","template":"","meta":{"_et_pb_use_builder":"on","_et_pb_old_content":"","_et_gb_content_width":"","footnotes":""},"class_list":["post-533","page","type-page","status-publish","hentry"],"yoast_head":"<!-- This site is optimized with the Yoast SEO plugin v26.5 - https:\/\/yoast.com\/wordpress\/plugins\/seo\/ -->\n<title>Family Run Sanremo, Run for the Whales 2025: ouverte \u00e0 tous<\/title>\n<meta name=\"description\" content=\"Family Run Sanremo Petits et grands prendront part \u00e0 la course pour soutenir les baleines de la M\u00e9diterran\u00e9e, Run for the Whales 2025\" \/>\n<meta name=\"robots\" content=\"index, follow, max-snippet:-1, max-image-preview:large, max-video-preview:-1\" \/>\n<link rel=\"canonical\" href=\"https:\/\/runforthewhales.it\/fr\/family-run-2\/reglement-family-run\/\" \/>\n<meta property=\"og:locale\" content=\"fr_FR\" \/>\n<meta property=\"og:type\" content=\"article\" \/>\n<meta property=\"og:title\" content=\"Family Run Sanremo, Run for the Whales 2025: ouverte \u00e0 tous\" \/>\n<meta property=\"og:description\" content=\"Family Run Sanremo Petits et grands prendront part \u00e0 la course pour soutenir les baleines de la M\u00e9diterran\u00e9e, Run for the Whales 2025\" \/>\n<meta property=\"og:url\" content=\"https:\/\/runforthewhales.it\/fr\/family-run-2\/reglement-family-run\/\" \/>\n<meta property=\"og:site_name\" content=\"RUN FOR THE WHALES 2026 Sanremo\" \/>\n<meta property=\"article:modified_time\" content=\"2026-03-30T08:41:04+00:00\" \/>\n<meta name=\"twitter:label1\" content=\"Dur\u00e9e de lecture estim\u00e9e\" \/>\n\t<meta name=\"twitter:data1\" content=\"4 minutes\" \/>\n<script type=\"application\/ld+json\" class=\"yoast-schema-graph\">{\"@context\":\"https:\/\/schema.org\",\"@graph\":[{\"@type\":\"WebPage\",\"@id\":\"https:\/\/runforthewhales.it\/fr\/family-run-2\/reglement-family-run\/\",\"url\":\"https:\/\/runforthewhales.it\/fr\/family-run-2\/reglement-family-run\/\",\"name\":\"Family Run Sanremo, Run for the Whales 2025: ouverte \u00e0 tous\",\"isPartOf\":{\"@id\":\"https:\/\/runforthewhales.it\/#website\"},\"datePublished\":\"2015-06-11T09:04:44+00:00\",\"dateModified\":\"2026-03-30T08:41:04+00:00\",\"description\":\"Family Run Sanremo Petits et grands prendront part \u00e0 la course pour soutenir les baleines de la M\u00e9diterran\u00e9e, Run for the Whales 2025\",\"breadcrumb\":{\"@id\":\"https:\/\/runforthewhales.it\/fr\/family-run-2\/reglement-family-run\/#breadcrumb\"},\"inLanguage\":\"fr-FR\",\"potentialAction\":[{\"@type\":\"ReadAction\",\"target\":[\"https:\/\/runforthewhales.it\/fr\/family-run-2\/reglement-family-run\/\"]}]},{\"@type\":\"BreadcrumbList\",\"@id\":\"https:\/\/runforthewhales.it\/fr\/family-run-2\/reglement-family-run\/#breadcrumb\",\"itemListElement\":[{\"@type\":\"ListItem\",\"position\":1,\"name\":\"Home\",\"item\":\"https:\/\/runforthewhales.it\/fr\/\"},{\"@type\":\"ListItem\",\"position\":2,\"name\":\"Family Run &#8211; Run for the Whales\",\"item\":\"https:\/\/runforthewhales.it\/fr\/family-run-2\/\"},{\"@type\":\"ListItem\",\"position\":3,\"name\":\"R\u00e8glement de la Family Run Sanremo &#8211; RUN FOR THE WHALES\"}]},{\"@type\":\"WebSite\",\"@id\":\"https:\/\/runforthewhales.it\/#website\",\"url\":\"https:\/\/runforthewhales.it\/\",\"name\":\"RUN FOR THE WHALES 2026 Sanremo\",\"description\":\"21K Semi Marathon | 10K Run | 3K Family Run | 20.06.2026\",\"potentialAction\":[{\"@type\":\"SearchAction\",\"target\":{\"@type\":\"EntryPoint\",\"urlTemplate\":\"https:\/\/runforthewhales.it\/?s={search_term_string}\"},\"query-input\":{\"@type\":\"PropertyValueSpecification\",\"valueRequired\":true,\"valueName\":\"search_term_string\"}}],\"inLanguage\":\"fr-FR\"}]}<\/script>\n<!-- \/ Yoast SEO plugin. -->","yoast_head_json":{"title":"Family Run Sanremo, Run for the Whales 2025: ouverte \u00e0 tous","description":"Family Run Sanremo Petits et grands prendront part \u00e0 la course pour soutenir les baleines de la M\u00e9diterran\u00e9e, Run for the Whales 2025","robots":{"index":"index","follow":"follow","max-snippet":"max-snippet:-1","max-image-preview":"max-image-preview:large","max-video-preview":"max-video-preview:-1"},"canonical":"https:\/\/runforthewhales.it\/fr\/family-run-2\/reglement-family-run\/","og_locale":"fr_FR","og_type":"article","og_title":"Family Run Sanremo, Run for the Whales 2025: ouverte \u00e0 tous","og_description":"Family Run Sanremo Petits et grands prendront part \u00e0 la course pour soutenir les baleines de la M\u00e9diterran\u00e9e, Run for the Whales 2025","og_url":"https:\/\/runforthewhales.it\/fr\/family-run-2\/reglement-family-run\/","og_site_name":"RUN FOR THE WHALES 2026 Sanremo","article_modified_time":"2026-03-30T08:41:04+00:00","twitter_misc":{"Dur\u00e9e de lecture estim\u00e9e":"4 minutes"},"schema":{"@context":"https:\/\/schema.org","@graph":[{"@type":"WebPage","@id":"https:\/\/runforthewhales.it\/fr\/family-run-2\/reglement-family-run\/","url":"https:\/\/runforthewhales.it\/fr\/family-run-2\/reglement-family-run\/","name":"Family Run Sanremo, Run for the Whales 2025: ouverte \u00e0 tous","isPartOf":{"@id":"https:\/\/runforthewhales.it\/#website"},"datePublished":"2015-06-11T09:04:44+00:00","dateModified":"2026-03-30T08:41:04+00:00","description":"Family Run Sanremo Petits et grands prendront part \u00e0 la course pour soutenir les baleines de la M\u00e9diterran\u00e9e, Run for the Whales 2025","breadcrumb":{"@id":"https:\/\/runforthewhales.it\/fr\/family-run-2\/reglement-family-run\/#breadcrumb"},"inLanguage":"fr-FR","potentialAction":[{"@type":"ReadAction","target":["https:\/\/runforthewhales.it\/fr\/family-run-2\/reglement-family-run\/"]}]},{"@type":"BreadcrumbList","@id":"https:\/\/runforthewhales.it\/fr\/family-run-2\/reglement-family-run\/#breadcrumb","itemListElement":[{"@type":"ListItem","position":1,"name":"Home","item":"https:\/\/runforthewhales.it\/fr\/"},{"@type":"ListItem","position":2,"name":"Family Run &#8211; Run for the Whales","item":"https:\/\/runforthewhales.it\/fr\/family-run-2\/"},{"@type":"ListItem","position":3,"name":"R\u00e8glement de la Family Run Sanremo &#8211; RUN FOR THE WHALES"}]},{"@type":"WebSite","@id":"https:\/\/runforthewhales.it\/#website","url":"https:\/\/runforthewhales.it\/","name":"RUN FOR THE WHALES 2026 Sanremo","description":"21K Semi Marathon | 10K Run | 3K Family Run | 20.06.2026","potentialAction":[{"@type":"SearchAction","target":{"@type":"EntryPoint","urlTemplate":"https:\/\/runforthewhales.it\/?s={search_term_string}"},"query-input":{"@type":"PropertyValueSpecification","valueRequired":true,"valueName":"search_term_string"}}],"inLanguage":"fr-FR"}]}},"_links":{"self":[{"href":"https:\/\/runforthewhales.it\/fr\/wp-json\/wp\/v2\/pages\/533","targetHints":{"allow":["GET"]}}],"collection":[{"href":"https:\/\/runforthewhales.it\/fr\/wp-json\/wp\/v2\/pages"}],"about":[{"href":"https:\/\/runforthewhales.it\/fr\/wp-json\/wp\/v2\/types\/page"}],"author":[{"embeddable":true,"href":"https:\/\/runforthewhales.it\/fr\/wp-json\/wp\/v2\/users\/1"}],"replies":[{"embeddable":true,"href":"https:\/\/runforthewhales.it\/fr\/wp-json\/wp\/v2\/comments?post=533"}],"version-history":[{"count":34,"href":"https:\/\/runforthewhales.it\/fr\/wp-json\/wp\/v2\/pages\/533\/revisions"}],"predecessor-version":[{"id":9308,"href":"https:\/\/runforthewhales.it\/fr\/wp-json\/wp\/v2\/pages\/533\/revisions\/9308"}],"up":[{"embeddable":true,"href":"https:\/\/runforthewhales.it\/fr\/wp-json\/wp\/v2\/pages\/492"}],"wp:attachment":[{"href":"https:\/\/runforthewhales.it\/fr\/wp-json\/wp\/v2\/media?parent=533"}],"curies":[{"name":"wp","href":"https:\/\/api.w.org\/{rel}","templated":true}]}}