{"id":488,"date":"2014-11-10T18:13:11","date_gmt":"2014-11-10T18:13:11","guid":{"rendered":"http:\/\/runforthewhales.it\/?page_id=488"},"modified":"2025-12-09T01:46:19","modified_gmt":"2025-12-09T01:46:19","slug":"parcours","status":"publish","type":"page","link":"https:\/\/runforthewhales.it\/fr\/family-run-2\/parcours\/","title":{"rendered":"Parcours de la Family Run"},"content":{"rendered":"<p>[et_pb_section fb_built=\u00a0\u00bb1&Prime; admin_label=\u00a0\u00bbsection\u00a0\u00bb _builder_version=\u00a0\u00bb4.16&Prime; global_colors_info=\u00a0\u00bb{}\u00a0\u00bb][et_pb_row admin_label=\u00a0\u00bbrow\u00a0\u00bb _builder_version=\u00a0\u00bb4.16&Prime; background_size=\u00a0\u00bbinitial\u00a0\u00bb background_position=\u00a0\u00bbtop_left\u00a0\u00bb background_repeat=\u00a0\u00bbrepeat\u00a0\u00bb global_colors_info=\u00a0\u00bb{}\u00a0\u00bb][et_pb_column type=\u00a0\u00bb4_4&Prime; _builder_version=\u00a0\u00bb4.16&Prime; custom_padding=\u00a0\u00bb|||\u00a0\u00bb global_colors_info=\u00a0\u00bb{}\u00a0\u00bb custom_padding__hover=\u00a0\u00bb|||\u00a0\u00bb][et_pb_text admin_label=\u00a0\u00bbText\u00a0\u00bb _builder_version=\u00a0\u00bb4.27.5&Prime; background_size=\u00a0\u00bbinitial\u00a0\u00bb background_position=\u00a0\u00bbtop_left\u00a0\u00bb background_repeat=\u00a0\u00bbrepeat\u00a0\u00bb hover_enabled=\u00a0\u00bb0&Prime; global_colors_info=\u00a0\u00bb{}\u00a0\u00bb sticky_enabled=\u00a0\u00bb0&Prime;]<\/p>\n<h2><a href=\"https:\/\/runforthewhales.it\/wp-content\/uploads\/2025\/06\/sportivi-per-natura.jpg\"><img loading=\"lazy\" decoding=\"async\" class=\"alignleft size-medium wp-image-9004\" src=\"https:\/\/runforthewhales.it\/wp-content\/uploads\/2025\/06\/sportivi-per-natura-300x89.jpg\" alt=\"sportivi per natura\" width=\"300\" height=\"89\" \/><\/a><\/h2>\n<p>&nbsp;<\/p>\n<h2>\u00a0<\/h2>\n<h2>\u00a0<\/h2>\n<h2>La Sanremo Family Run &#8211; Run for the Whales se d\u00e9roulera le long de la piste pi\u00e9tonne et cycliste du parc c\u00f4tier de la Riviera des Fleurs \u00e0 partir de la piste d&rsquo;athletisme<\/h2>\n<p><img loading=\"lazy\" decoding=\"async\" class=\"aligncenter size-full wp-image-6311\" src=\"https:\/\/runforthewhales.it\/wp-content\/uploads\/2022\/05\/RunfortheWhales-FamilyRun.jpeg\" alt=\"\" width=\"1600\" height=\"900\" srcset=\"https:\/\/runforthewhales.it\/wp-content\/uploads\/2022\/05\/RunfortheWhales-FamilyRun.jpeg 1600w, https:\/\/runforthewhales.it\/wp-content\/uploads\/2022\/05\/RunfortheWhales-FamilyRun-1280x720.jpeg 1280w, https:\/\/runforthewhales.it\/wp-content\/uploads\/2022\/05\/RunfortheWhales-FamilyRun-980x551.jpeg 980w, https:\/\/runforthewhales.it\/wp-content\/uploads\/2022\/05\/RunfortheWhales-FamilyRun-480x270.jpeg 480w\" sizes=\"(min-width: 0px) and (max-width: 480px) 480px, (min-width: 481px) and (max-width: 980px) 980px, (min-width: 981px) and (max-width: 1280px) 1280px, (min-width: 1281px) 1600px, 100vw\" \/><\/p>\n<p><strong>D\u00e9part de la\u00a0Family Run for the Whales :<\/strong> San Remo, Piste d&rsquo;Athletisme<br \/><strong>Parcours :<\/strong> la piste pi\u00e9tonne et cycliste du parc c\u00f4tier de la Riviera des Fleurs<br \/><strong>Arriv\u00e9e :<\/strong> San Remo<br \/><strong>Distance :<\/strong>\u00a0 3 km<br \/><strong>Type de course :<\/strong> Course familiare non comp\u00e9titive<\/p>\n<p><strong>Bureau d&rsquo;accueil &#8211;<\/strong> <strong>Welcome desk<\/strong><br \/>Terrain d&rsquo;athl\u00e9tisme de San Remo<br \/>Via Grande Torino snc<br \/>Localit\u00e0 Pian di Poma<\/p>\n<p>Parkings<br \/>Cordo Marconi (payant)<br \/>Via Grande Torino (libre)<\/p>\n<p>&nbsp;<\/p>\n<p>[\/et_pb_text][\/et_pb_column][\/et_pb_row][\/et_pb_section]<\/p>\n","protected":false},"excerpt":{"rendered":"<p>&nbsp; \u00a0 \u00a0 La Sanremo Family Run &#8211; Run for the Whales se d\u00e9roulera le long de la piste pi\u00e9tonne et cycliste du parc c\u00f4tier de la Riviera des Fleurs \u00e0 partir de la piste d&rsquo;athletisme D\u00e9part de la\u00a0Family Run for the Whales : San Remo, Piste d&rsquo;AthletismeParcours : la piste pi\u00e9tonne et cycliste du [&hellip;]<\/p>\n","protected":false},"author":1,"featured_media":0,"parent":492,"menu_order":2,"comment_status":"closed","ping_status":"closed","template":"","meta":{"_et_pb_use_builder":"on","_et_pb_old_content":"","_et_gb_content_width":"","footnotes":""},"class_list":["post-488","page","type-page","status-publish","hentry"],"yoast_head":"<!-- This site is optimized with the Yoast SEO plugin v26.5 - https:\/\/yoast.com\/wordpress\/plugins\/seo\/ -->\n<title>Parcours de la Family Run RUN FOR THE WHALES 2026 Sanremo<\/title>\n<meta name=\"description\" content=\"Parcours de la Family Run RUN FOR THE WHALES 2026 Sanremo: une promenade pour toute la famille pour soutenir la recherche sur le baleines de la Mediterran\u00e9e\" \/>\n<meta name=\"robots\" content=\"index, follow, max-snippet:-1, max-image-preview:large, max-video-preview:-1\" \/>\n<link rel=\"canonical\" href=\"https:\/\/runforthewhales.it\/fr\/family-run-2\/parcours\/\" \/>\n<meta property=\"og:locale\" content=\"fr_FR\" \/>\n<meta property=\"og:type\" content=\"article\" \/>\n<meta property=\"og:title\" content=\"Parcours de la Family Run RUN FOR THE WHALES 2026 Sanremo\" \/>\n<meta property=\"og:description\" content=\"Parcours de la Family Run RUN FOR THE WHALES 2026 Sanremo: une promenade pour toute la famille pour soutenir la recherche sur le baleines de la Mediterran\u00e9e\" \/>\n<meta property=\"og:url\" content=\"https:\/\/runforthewhales.it\/fr\/family-run-2\/parcours\/\" \/>\n<meta property=\"og:site_name\" content=\"RUN FOR THE WHALES 2026 Sanremo\" \/>\n<meta property=\"article:modified_time\" content=\"2025-12-09T01:46:19+00:00\" \/>\n<meta property=\"og:image\" content=\"https:\/\/runforthewhales.it\/wp-content\/uploads\/2025\/06\/sportivi-per-natura.jpg\" \/>\n\t<meta property=\"og:image:width\" content=\"1200\" \/>\n\t<meta property=\"og:image:height\" content=\"356\" \/>\n\t<meta property=\"og:image:type\" content=\"image\/jpeg\" \/>\n<meta name=\"twitter:label1\" content=\"Dur\u00e9e de lecture estim\u00e9e\" \/>\n\t<meta name=\"twitter:data1\" content=\"1 minute\" \/>\n<script type=\"application\/ld+json\" class=\"yoast-schema-graph\">{\"@context\":\"https:\/\/schema.org\",\"@graph\":[{\"@type\":\"WebPage\",\"@id\":\"https:\/\/runforthewhales.it\/fr\/family-run-2\/parcours\/\",\"url\":\"https:\/\/runforthewhales.it\/fr\/family-run-2\/parcours\/\",\"name\":\"Parcours de la Family Run RUN FOR THE WHALES 2026 Sanremo\",\"isPartOf\":{\"@id\":\"https:\/\/runforthewhales.it\/#website\"},\"primaryImageOfPage\":{\"@id\":\"https:\/\/runforthewhales.it\/fr\/family-run-2\/parcours\/#primaryimage\"},\"image\":{\"@id\":\"https:\/\/runforthewhales.it\/fr\/family-run-2\/parcours\/#primaryimage\"},\"thumbnailUrl\":\"https:\/\/runforthewhales.it\/wp-content\/uploads\/2025\/06\/sportivi-per-natura-300x89.jpg\",\"datePublished\":\"2014-11-10T18:13:11+00:00\",\"dateModified\":\"2025-12-09T01:46:19+00:00\",\"description\":\"Parcours de la Family Run RUN FOR THE WHALES 2026 Sanremo: une promenade pour toute la famille pour soutenir la recherche sur le baleines de la Mediterran\u00e9e\",\"breadcrumb\":{\"@id\":\"https:\/\/runforthewhales.it\/fr\/family-run-2\/parcours\/#breadcrumb\"},\"inLanguage\":\"fr-FR\",\"potentialAction\":[{\"@type\":\"ReadAction\",\"target\":[\"https:\/\/runforthewhales.it\/fr\/family-run-2\/parcours\/\"]}]},{\"@type\":\"ImageObject\",\"inLanguage\":\"fr-FR\",\"@id\":\"https:\/\/runforthewhales.it\/fr\/family-run-2\/parcours\/#primaryimage\",\"url\":\"https:\/\/runforthewhales.it\/wp-content\/uploads\/2025\/06\/sportivi-per-natura-300x89.jpg\",\"contentUrl\":\"https:\/\/runforthewhales.it\/wp-content\/uploads\/2025\/06\/sportivi-per-natura-300x89.jpg\"},{\"@type\":\"BreadcrumbList\",\"@id\":\"https:\/\/runforthewhales.it\/fr\/family-run-2\/parcours\/#breadcrumb\",\"itemListElement\":[{\"@type\":\"ListItem\",\"position\":1,\"name\":\"Home\",\"item\":\"https:\/\/runforthewhales.it\/fr\/\"},{\"@type\":\"ListItem\",\"position\":2,\"name\":\"Family Run &#8211; Run for the Whales\",\"item\":\"https:\/\/runforthewhales.it\/fr\/family-run-2\/\"},{\"@type\":\"ListItem\",\"position\":3,\"name\":\"Parcours de la Family Run\"}]},{\"@type\":\"WebSite\",\"@id\":\"https:\/\/runforthewhales.it\/#website\",\"url\":\"https:\/\/runforthewhales.it\/\",\"name\":\"RUN FOR THE WHALES 2026 Sanremo\",\"description\":\"21K Semi Marathon | 10K Run | 3K Family Run | 20.06.2026\",\"potentialAction\":[{\"@type\":\"SearchAction\",\"target\":{\"@type\":\"EntryPoint\",\"urlTemplate\":\"https:\/\/runforthewhales.it\/?s={search_term_string}\"},\"query-input\":{\"@type\":\"PropertyValueSpecification\",\"valueRequired\":true,\"valueName\":\"search_term_string\"}}],\"inLanguage\":\"fr-FR\"}]}<\/script>\n<!-- \/ Yoast SEO plugin. -->","yoast_head_json":{"title":"Parcours de la Family Run RUN FOR THE WHALES 2026 Sanremo","description":"Parcours de la Family Run RUN FOR THE WHALES 2026 Sanremo: une promenade pour toute la famille pour soutenir la recherche sur le baleines de la Mediterran\u00e9e","robots":{"index":"index","follow":"follow","max-snippet":"max-snippet:-1","max-image-preview":"max-image-preview:large","max-video-preview":"max-video-preview:-1"},"canonical":"https:\/\/runforthewhales.it\/fr\/family-run-2\/parcours\/","og_locale":"fr_FR","og_type":"article","og_title":"Parcours de la Family Run RUN FOR THE WHALES 2026 Sanremo","og_description":"Parcours de la Family Run RUN FOR THE WHALES 2026 Sanremo: une promenade pour toute la famille pour soutenir la recherche sur le baleines de la Mediterran\u00e9e","og_url":"https:\/\/runforthewhales.it\/fr\/family-run-2\/parcours\/","og_site_name":"RUN FOR THE WHALES 2026 Sanremo","article_modified_time":"2025-12-09T01:46:19+00:00","og_image":[{"width":1200,"height":356,"url":"https:\/\/runforthewhales.it\/wp-content\/uploads\/2025\/06\/sportivi-per-natura.jpg","type":"image\/jpeg"}],"twitter_misc":{"Dur\u00e9e de lecture estim\u00e9e":"1 minute"},"schema":{"@context":"https:\/\/schema.org","@graph":[{"@type":"WebPage","@id":"https:\/\/runforthewhales.it\/fr\/family-run-2\/parcours\/","url":"https:\/\/runforthewhales.it\/fr\/family-run-2\/parcours\/","name":"Parcours de la Family Run RUN FOR THE WHALES 2026 Sanremo","isPartOf":{"@id":"https:\/\/runforthewhales.it\/#website"},"primaryImageOfPage":{"@id":"https:\/\/runforthewhales.it\/fr\/family-run-2\/parcours\/#primaryimage"},"image":{"@id":"https:\/\/runforthewhales.it\/fr\/family-run-2\/parcours\/#primaryimage"},"thumbnailUrl":"https:\/\/runforthewhales.it\/wp-content\/uploads\/2025\/06\/sportivi-per-natura-300x89.jpg","datePublished":"2014-11-10T18:13:11+00:00","dateModified":"2025-12-09T01:46:19+00:00","description":"Parcours de la Family Run RUN FOR THE WHALES 2026 Sanremo: une promenade pour toute la famille pour soutenir la recherche sur le baleines de la Mediterran\u00e9e","breadcrumb":{"@id":"https:\/\/runforthewhales.it\/fr\/family-run-2\/parcours\/#breadcrumb"},"inLanguage":"fr-FR","potentialAction":[{"@type":"ReadAction","target":["https:\/\/runforthewhales.it\/fr\/family-run-2\/parcours\/"]}]},{"@type":"ImageObject","inLanguage":"fr-FR","@id":"https:\/\/runforthewhales.it\/fr\/family-run-2\/parcours\/#primaryimage","url":"https:\/\/runforthewhales.it\/wp-content\/uploads\/2025\/06\/sportivi-per-natura-300x89.jpg","contentUrl":"https:\/\/runforthewhales.it\/wp-content\/uploads\/2025\/06\/sportivi-per-natura-300x89.jpg"},{"@type":"BreadcrumbList","@id":"https:\/\/runforthewhales.it\/fr\/family-run-2\/parcours\/#breadcrumb","itemListElement":[{"@type":"ListItem","position":1,"name":"Home","item":"https:\/\/runforthewhales.it\/fr\/"},{"@type":"ListItem","position":2,"name":"Family Run &#8211; Run for the Whales","item":"https:\/\/runforthewhales.it\/fr\/family-run-2\/"},{"@type":"ListItem","position":3,"name":"Parcours de la Family Run"}]},{"@type":"WebSite","@id":"https:\/\/runforthewhales.it\/#website","url":"https:\/\/runforthewhales.it\/","name":"RUN FOR THE WHALES 2026 Sanremo","description":"21K Semi Marathon | 10K Run | 3K Family Run | 20.06.2026","potentialAction":[{"@type":"SearchAction","target":{"@type":"EntryPoint","urlTemplate":"https:\/\/runforthewhales.it\/?s={search_term_string}"},"query-input":{"@type":"PropertyValueSpecification","valueRequired":true,"valueName":"search_term_string"}}],"inLanguage":"fr-FR"}]}},"_links":{"self":[{"href":"https:\/\/runforthewhales.it\/fr\/wp-json\/wp\/v2\/pages\/488","targetHints":{"allow":["GET"]}}],"collection":[{"href":"https:\/\/runforthewhales.it\/fr\/wp-json\/wp\/v2\/pages"}],"about":[{"href":"https:\/\/runforthewhales.it\/fr\/wp-json\/wp\/v2\/types\/page"}],"author":[{"embeddable":true,"href":"https:\/\/runforthewhales.it\/fr\/wp-json\/wp\/v2\/users\/1"}],"replies":[{"embeddable":true,"href":"https:\/\/runforthewhales.it\/fr\/wp-json\/wp\/v2\/comments?post=488"}],"version-history":[{"count":14,"href":"https:\/\/runforthewhales.it\/fr\/wp-json\/wp\/v2\/pages\/488\/revisions"}],"predecessor-version":[{"id":9193,"href":"https:\/\/runforthewhales.it\/fr\/wp-json\/wp\/v2\/pages\/488\/revisions\/9193"}],"up":[{"embeddable":true,"href":"https:\/\/runforthewhales.it\/fr\/wp-json\/wp\/v2\/pages\/492"}],"wp:attachment":[{"href":"https:\/\/runforthewhales.it\/fr\/wp-json\/wp\/v2\/media?parent=488"}],"curies":[{"name":"wp","href":"https:\/\/api.w.org\/{rel}","templated":true}]}}