{"id":479,"date":"2014-11-10T17:43:59","date_gmt":"2014-11-10T17:43:59","guid":{"rendered":"http:\/\/runforthewhales.it\/?page_id=479"},"modified":"2016-05-07T14:09:48","modified_gmt":"2016-05-07T14:09:48","slug":"cycling-riviera-run-2","status":"publish","type":"page","link":"https:\/\/runforthewhales.it\/fr\/cycling-riviera-run-2\/","title":{"rendered":"Cycling Riviera Run"},"content":{"rendered":"<p><a href=\"https:\/\/runforthewhales.it\/wp-content\/uploads\/2014\/08\/images.jpeg\"><img loading=\"lazy\" decoding=\"async\" class=\"size-full wp-image-63 aligncenter\" src=\"https:\/\/runforthewhales.it\/wp-content\/uploads\/2014\/08\/images.jpeg\" alt=\"images\" width=\"280\" height=\"118\" \/><\/a><\/p>\n<h2>CYCLING RIVIERA<br \/>\nPARC C\u00d4TIER DE LA RIVIERA DES FLEURS<\/h2>\n<p>En l&rsquo;an\u00a02000, la Riviera des Fleurs a vu l&rsquo;av\u00e8nement d&rsquo;un chantier historique, attendu depuis\u00a0un si\u00e8cle: le d\u00e9placement en amont et le doublement des rails de chemins de fer.<\/p>\n<p>Gr\u00e2ce au d\u00e9placement des trains vers l&rsquo;int\u00e9rieur, un pr\u00e9cieux espace directement en contact avec la mer a \u00e9t\u00e9 d\u00e9gag\u00e9, \u00e0 l&rsquo;endroit o\u00f9\u00a0en 1870 fut r\u00e9alis\u00e9 le chemin de fer qui reliait l&rsquo;Italie \u00e0 la France.<\/p>\n<p>Les autorit\u00e9s d\u00e9cid\u00e8rent de saisir cette incroyable\u00a0opportunit\u00e9 en cr\u00e9ant une\u00a0soci\u00e9t\u00e9, Area 24 SpA, dont la mission \u00e9tait\u00a0de transformer l&rsquo;ancien parcours ferroviaire en un v\u00e9ritable parc naturel c\u00f4tier, travers\u00e9 par une piste cyclable de 24 km de long.<\/p>\n<p>&nbsp;<\/p>\n<div align=\"center\">\n<p><iframe loading=\"lazy\" src=\"\/\/player.vimeo.com\/video\/110583572\" width=\"500\" height=\"281\" frameborder=\"0\" allowfullscreen=\"allowfullscreen\"><\/iframe><\/p>\n<\/div>\n","protected":false},"excerpt":{"rendered":"<p>CYCLING RIVIERA PARC C\u00d4TIER DE LA RIVIERA DES FLEURS En l&rsquo;an\u00a02000, la Riviera des Fleurs a vu l&rsquo;av\u00e8nement d&rsquo;un chantier historique, attendu depuis\u00a0un si\u00e8cle: le d\u00e9placement en amont et le doublement des rails de chemins de fer. Gr\u00e2ce au d\u00e9placement des trains vers l&rsquo;int\u00e9rieur, un pr\u00e9cieux espace directement en contact avec la mer a \u00e9t\u00e9 [&hellip;]<\/p>\n","protected":false},"author":1,"featured_media":0,"parent":0,"menu_order":1,"comment_status":"open","ping_status":"closed","template":"","meta":{"_et_pb_use_builder":"","_et_pb_old_content":"","_et_gb_content_width":"","footnotes":""},"class_list":["post-479","page","type-page","status-publish","hentry"],"yoast_head":"<!-- This site is optimized with the Yoast SEO plugin v26.5 - https:\/\/yoast.com\/wordpress\/plugins\/seo\/ -->\n<title>Cycling Riviera Run RUN FOR THE WHALES 2026 Sanremo<\/title>\n<meta name=\"description\" content=\"La Cycling Riviera Run est un parcours cycliste o\u00f9 se rencontrent nature et sport, terre et mer, cr\u00e9ant ainsi un d\u00e9cor naturel \u00e9mouvant et apaisant.\" \/>\n<meta name=\"robots\" content=\"index, follow, max-snippet:-1, max-image-preview:large, max-video-preview:-1\" \/>\n<link rel=\"canonical\" href=\"https:\/\/runforthewhales.it\/partners\/cycling-riviera\/\" \/>\n<meta property=\"og:locale\" content=\"fr_FR\" \/>\n<meta property=\"og:type\" content=\"article\" \/>\n<meta property=\"og:title\" content=\"Cycling Riviera Run RUN FOR THE WHALES 2026 Sanremo\" \/>\n<meta property=\"og:description\" content=\"La Cycling Riviera Run est un parcours cycliste o\u00f9 se rencontrent nature et sport, terre et mer, cr\u00e9ant ainsi un d\u00e9cor naturel \u00e9mouvant et apaisant.\" \/>\n<meta property=\"og:url\" content=\"https:\/\/runforthewhales.it\/partners\/cycling-riviera\/\" \/>\n<meta property=\"og:site_name\" content=\"RUN FOR THE WHALES 2026 Sanremo\" \/>\n<meta property=\"article:modified_time\" content=\"2016-05-07T14:09:48+00:00\" \/>\n<meta property=\"og:image\" content=\"https:\/\/runforthewhales.it\/wp-content\/uploads\/2014\/08\/images.jpeg\" \/>\n<meta name=\"twitter:label1\" content=\"Dur\u00e9e de lecture estim\u00e9e\" \/>\n\t<meta name=\"twitter:data1\" content=\"1 minute\" \/>\n<script type=\"application\/ld+json\" class=\"yoast-schema-graph\">{\"@context\":\"https:\/\/schema.org\",\"@graph\":[{\"@type\":\"WebPage\",\"@id\":\"https:\/\/runforthewhales.it\/partners\/cycling-riviera\/\",\"url\":\"https:\/\/runforthewhales.it\/partners\/cycling-riviera\/\",\"name\":\"Cycling Riviera Run RUN FOR THE WHALES 2026 Sanremo\",\"isPartOf\":{\"@id\":\"https:\/\/runforthewhales.it\/#website\"},\"primaryImageOfPage\":{\"@id\":\"https:\/\/runforthewhales.it\/partners\/cycling-riviera\/#primaryimage\"},\"image\":{\"@id\":\"https:\/\/runforthewhales.it\/partners\/cycling-riviera\/#primaryimage\"},\"thumbnailUrl\":\"https:\/\/runforthewhales.it\/wp-content\/uploads\/2014\/08\/images.jpeg\",\"datePublished\":\"2014-11-10T17:43:59+00:00\",\"dateModified\":\"2016-05-07T14:09:48+00:00\",\"description\":\"La Cycling Riviera Run est un parcours cycliste o\u00f9 se rencontrent nature et sport, terre et mer, cr\u00e9ant ainsi un d\u00e9cor naturel \u00e9mouvant et apaisant.\",\"breadcrumb\":{\"@id\":\"https:\/\/runforthewhales.it\/partners\/cycling-riviera\/#breadcrumb\"},\"inLanguage\":\"fr-FR\",\"potentialAction\":[{\"@type\":\"ReadAction\",\"target\":[\"https:\/\/runforthewhales.it\/partners\/cycling-riviera\/\"]}]},{\"@type\":\"ImageObject\",\"inLanguage\":\"fr-FR\",\"@id\":\"https:\/\/runforthewhales.it\/partners\/cycling-riviera\/#primaryimage\",\"url\":\"https:\/\/runforthewhales.it\/wp-content\/uploads\/2014\/08\/images.jpeg\",\"contentUrl\":\"https:\/\/runforthewhales.it\/wp-content\/uploads\/2014\/08\/images.jpeg\"},{\"@type\":\"BreadcrumbList\",\"@id\":\"https:\/\/runforthewhales.it\/partners\/cycling-riviera\/#breadcrumb\",\"itemListElement\":[{\"@type\":\"ListItem\",\"position\":1,\"name\":\"Home\",\"item\":\"https:\/\/runforthewhales.it\/fr\/\"},{\"@type\":\"ListItem\",\"position\":2,\"name\":\"Cycling Riviera Run\"}]},{\"@type\":\"WebSite\",\"@id\":\"https:\/\/runforthewhales.it\/#website\",\"url\":\"https:\/\/runforthewhales.it\/\",\"name\":\"RUN FOR THE WHALES 2026 Sanremo\",\"description\":\"21K Semi Marathon | 10K Run | 3K Family Run | 20.06.2026\",\"potentialAction\":[{\"@type\":\"SearchAction\",\"target\":{\"@type\":\"EntryPoint\",\"urlTemplate\":\"https:\/\/runforthewhales.it\/?s={search_term_string}\"},\"query-input\":{\"@type\":\"PropertyValueSpecification\",\"valueRequired\":true,\"valueName\":\"search_term_string\"}}],\"inLanguage\":\"fr-FR\"}]}<\/script>\n<!-- \/ Yoast SEO plugin. -->","yoast_head_json":{"title":"Cycling Riviera Run RUN FOR THE WHALES 2026 Sanremo","description":"La Cycling Riviera Run est un parcours cycliste o\u00f9 se rencontrent nature et sport, terre et mer, cr\u00e9ant ainsi un d\u00e9cor naturel \u00e9mouvant et apaisant.","robots":{"index":"index","follow":"follow","max-snippet":"max-snippet:-1","max-image-preview":"max-image-preview:large","max-video-preview":"max-video-preview:-1"},"canonical":"https:\/\/runforthewhales.it\/partners\/cycling-riviera\/","og_locale":"fr_FR","og_type":"article","og_title":"Cycling Riviera Run RUN FOR THE WHALES 2026 Sanremo","og_description":"La Cycling Riviera Run est un parcours cycliste o\u00f9 se rencontrent nature et sport, terre et mer, cr\u00e9ant ainsi un d\u00e9cor naturel \u00e9mouvant et apaisant.","og_url":"https:\/\/runforthewhales.it\/partners\/cycling-riviera\/","og_site_name":"RUN FOR THE WHALES 2026 Sanremo","article_modified_time":"2016-05-07T14:09:48+00:00","og_image":[{"url":"https:\/\/runforthewhales.it\/wp-content\/uploads\/2014\/08\/images.jpeg","type":"","width":"","height":""}],"twitter_misc":{"Dur\u00e9e de lecture estim\u00e9e":"1 minute"},"schema":{"@context":"https:\/\/schema.org","@graph":[{"@type":"WebPage","@id":"https:\/\/runforthewhales.it\/partners\/cycling-riviera\/","url":"https:\/\/runforthewhales.it\/partners\/cycling-riviera\/","name":"Cycling Riviera Run RUN FOR THE WHALES 2026 Sanremo","isPartOf":{"@id":"https:\/\/runforthewhales.it\/#website"},"primaryImageOfPage":{"@id":"https:\/\/runforthewhales.it\/partners\/cycling-riviera\/#primaryimage"},"image":{"@id":"https:\/\/runforthewhales.it\/partners\/cycling-riviera\/#primaryimage"},"thumbnailUrl":"https:\/\/runforthewhales.it\/wp-content\/uploads\/2014\/08\/images.jpeg","datePublished":"2014-11-10T17:43:59+00:00","dateModified":"2016-05-07T14:09:48+00:00","description":"La Cycling Riviera Run est un parcours cycliste o\u00f9 se rencontrent nature et sport, terre et mer, cr\u00e9ant ainsi un d\u00e9cor naturel \u00e9mouvant et apaisant.","breadcrumb":{"@id":"https:\/\/runforthewhales.it\/partners\/cycling-riviera\/#breadcrumb"},"inLanguage":"fr-FR","potentialAction":[{"@type":"ReadAction","target":["https:\/\/runforthewhales.it\/partners\/cycling-riviera\/"]}]},{"@type":"ImageObject","inLanguage":"fr-FR","@id":"https:\/\/runforthewhales.it\/partners\/cycling-riviera\/#primaryimage","url":"https:\/\/runforthewhales.it\/wp-content\/uploads\/2014\/08\/images.jpeg","contentUrl":"https:\/\/runforthewhales.it\/wp-content\/uploads\/2014\/08\/images.jpeg"},{"@type":"BreadcrumbList","@id":"https:\/\/runforthewhales.it\/partners\/cycling-riviera\/#breadcrumb","itemListElement":[{"@type":"ListItem","position":1,"name":"Home","item":"https:\/\/runforthewhales.it\/fr\/"},{"@type":"ListItem","position":2,"name":"Cycling Riviera Run"}]},{"@type":"WebSite","@id":"https:\/\/runforthewhales.it\/#website","url":"https:\/\/runforthewhales.it\/","name":"RUN FOR THE WHALES 2026 Sanremo","description":"21K Semi Marathon | 10K Run | 3K Family Run | 20.06.2026","potentialAction":[{"@type":"SearchAction","target":{"@type":"EntryPoint","urlTemplate":"https:\/\/runforthewhales.it\/?s={search_term_string}"},"query-input":{"@type":"PropertyValueSpecification","valueRequired":true,"valueName":"search_term_string"}}],"inLanguage":"fr-FR"}]}},"_links":{"self":[{"href":"https:\/\/runforthewhales.it\/fr\/wp-json\/wp\/v2\/pages\/479","targetHints":{"allow":["GET"]}}],"collection":[{"href":"https:\/\/runforthewhales.it\/fr\/wp-json\/wp\/v2\/pages"}],"about":[{"href":"https:\/\/runforthewhales.it\/fr\/wp-json\/wp\/v2\/types\/page"}],"author":[{"embeddable":true,"href":"https:\/\/runforthewhales.it\/fr\/wp-json\/wp\/v2\/users\/1"}],"replies":[{"embeddable":true,"href":"https:\/\/runforthewhales.it\/fr\/wp-json\/wp\/v2\/comments?post=479"}],"version-history":[{"count":5,"href":"https:\/\/runforthewhales.it\/fr\/wp-json\/wp\/v2\/pages\/479\/revisions"}],"predecessor-version":[{"id":1944,"href":"https:\/\/runforthewhales.it\/fr\/wp-json\/wp\/v2\/pages\/479\/revisions\/1944"}],"wp:attachment":[{"href":"https:\/\/runforthewhales.it\/fr\/wp-json\/wp\/v2\/media?parent=479"}],"curies":[{"name":"wp","href":"https:\/\/api.w.org\/{rel}","templated":true}]}}