{"id":464,"date":"2014-11-09T12:26:03","date_gmt":"2014-11-09T12:26:03","guid":{"rendered":"http:\/\/runforthewhales.it\/?page_id=464"},"modified":"2018-01-09T11:31:26","modified_gmt":"2018-01-09T11:31:26","slug":"contact","status":"publish","type":"page","link":"https:\/\/runforthewhales.it\/fr\/contact\/","title":{"rendered":"Contact"},"content":{"rendered":"<h2>Pour obtenir plus d&rsquo;informations concernant le Portosole Sanremo semi-marathon de San Remo et les \u00e9preuves qui lui sont associ\u00e9es.<\/h2>\n<p>&nbsp;<\/p>\n\n<div class=\"wpcf7 no-js\" id=\"wpcf7-f558-o1\" lang=\"fr-FR\" dir=\"ltr\" data-wpcf7-id=\"558\">\n<div class=\"screen-reader-response\"><p role=\"status\" aria-live=\"polite\" aria-atomic=\"true\"><\/p> <ul><\/ul><\/div>\n<form action=\"\/fr\/wp-json\/wp\/v2\/pages\/464#wpcf7-f558-o1\" method=\"post\" class=\"wpcf7-form init\" aria-label=\"Formulaire de contact\" novalidate=\"novalidate\" data-status=\"init\">\n<fieldset class=\"hidden-fields-container\"><input type=\"hidden\" name=\"_wpcf7\" value=\"558\" \/><input type=\"hidden\" name=\"_wpcf7_version\" value=\"6.1.5\" \/><input type=\"hidden\" name=\"_wpcf7_locale\" value=\"fr_FR\" \/><input type=\"hidden\" name=\"_wpcf7_unit_tag\" value=\"wpcf7-f558-o1\" \/><input type=\"hidden\" name=\"_wpcf7_container_post\" value=\"0\" \/><input type=\"hidden\" name=\"_wpcf7_posted_data_hash\" value=\"\" \/><input type=\"hidden\" name=\"_wpcf7_recaptcha_response\" value=\"\" \/>\n<\/fieldset>\n<p>Votre nom (obligatoire)\n<\/p>\n<p><span class=\"wpcf7-form-control-wrap\" data-name=\"your-name\"><input size=\"40\" maxlength=\"400\" class=\"wpcf7-form-control wpcf7-text wpcf7-validates-as-required\" aria-required=\"true\" aria-invalid=\"false\" value=\"\" type=\"text\" name=\"your-name\" \/><\/span>\n<\/p>\n<p>Votre email (obligatoire)\n<\/p>\n<p><span class=\"wpcf7-form-control-wrap\" data-name=\"your-email\"><input size=\"40\" maxlength=\"400\" class=\"wpcf7-form-control wpcf7-email wpcf7-validates-as-required wpcf7-text wpcf7-validates-as-email\" aria-required=\"true\" aria-invalid=\"false\" value=\"\" type=\"email\" name=\"your-email\" \/><\/span>\n<\/p>\n<p>Votre telephone (obligatoire)\n<\/p>\n<p><span class=\"wpcf7-form-control-wrap\" data-name=\"your-phone\"><input size=\"40\" maxlength=\"400\" class=\"wpcf7-form-control wpcf7-text wpcf7-validates-as-required\" aria-required=\"true\" aria-invalid=\"false\" value=\"\" type=\"text\" name=\"your-phone\" \/><\/span>\n<\/p>\n<p>Sujet\n<\/p>\n<p><span class=\"wpcf7-form-control-wrap\" data-name=\"your-subject\"><input size=\"40\" maxlength=\"400\" class=\"wpcf7-form-control wpcf7-text\" aria-invalid=\"false\" value=\"\" type=\"text\" name=\"your-subject\" \/><\/span>\n<\/p>\n<p>Votre message\n<\/p>\n<p><span class=\"wpcf7-form-control-wrap\" data-name=\"your-message\"><textarea cols=\"40\" rows=\"10\" maxlength=\"2000\" class=\"wpcf7-form-control wpcf7-textarea\" aria-invalid=\"false\" name=\"your-message\"><\/textarea><\/span>\n<\/p>\n<p>Copiez le code\n<\/p>\n<p><strong>Warning:<\/strong> The <a href=\"https:\/\/wordpress.org\/plugins\/really-simple-captcha\/\">Really Simple CAPTCHA<\/a> plugin is not active.<span class=\"wpcf7-form-control-wrap\" data-name=\"captcha-431\"><input size=\"4\" class=\"wpcf7-form-control wpcf7-captchar\" autocomplete=\"off\" aria-invalid=\"false\" value=\"\" type=\"text\" name=\"captcha-431\" \/><\/span>\n<\/p>\n<p><input class=\"wpcf7-form-control wpcf7-submit has-spinner\" type=\"submit\" value=\"Envoyer\" \/>\n<\/p><div class=\"wpcf7-response-output\" aria-hidden=\"true\"><\/div>\n<\/form>\n<\/div>\n\n<p>Vous recevrez une r\u00e9ponse dans un d\u00e9lai de 2 jours ouvrables.<\/p>\n<p><strong>ASSISTANCE T\u00c9L\u00c9PHONIQUE<\/strong><\/p>\n<p><span style=\"text-decoration: underline;\">A n&rsquo;utiliser que si vous n&rsquo;avez pas re\u00e7u de r\u00e9ponse par e-mail dans les d\u00e9lais indiqu\u00e9s.<\/span><\/p>\n<p>+39\u00a0392 9510230<\/p>\n<p>LUN MER VEN 10-13<br \/>\nMAR JEU 15-18<\/p>\n<p>&nbsp;<\/p>\n","protected":false},"excerpt":{"rendered":"<p>Pour obtenir plus d&rsquo;informations concernant le Portosole Sanremo semi-marathon de San Remo et les \u00e9preuves qui lui sont associ\u00e9es. &nbsp; Vous recevrez une r\u00e9ponse dans un d\u00e9lai de 2 jours ouvrables. ASSISTANCE T\u00c9L\u00c9PHONIQUE A n&rsquo;utiliser que si vous n&rsquo;avez pas re\u00e7u de r\u00e9ponse par e-mail dans les d\u00e9lais indiqu\u00e9s. +39\u00a0392 9510230 LUN MER VEN 10-13 [&hellip;]<\/p>\n","protected":false},"author":1,"featured_media":0,"parent":0,"menu_order":8,"comment_status":"open","ping_status":"closed","template":"","meta":{"_et_pb_use_builder":"","_et_pb_old_content":"","_et_gb_content_width":"","footnotes":""},"class_list":["post-464","page","type-page","status-publish","hentry"],"yoast_head":"<!-- This site is optimized with the Yoast SEO plugin v27.6 - https:\/\/yoast.com\/product\/yoast-seo-wordpress\/ -->\n<title>Contact RUN FOR THE WHALES 2026 Sanremo<\/title>\n<meta name=\"description\" content=\"Demander contact\/informations concernant les parcours et services offerts lors des \u00e9v\u00e9nements comme le marathon, la 10 km, Family run, semi-marathon de San Remo.\" \/>\n<meta name=\"robots\" content=\"index, follow, max-snippet:-1, max-image-preview:large, max-video-preview:-1\" \/>\n<link rel=\"canonical\" href=\"https:\/\/runforthewhales.it\/fr\/contact\/\" \/>\n<meta property=\"og:locale\" content=\"fr_FR\" \/>\n<meta property=\"og:type\" content=\"article\" \/>\n<meta property=\"og:title\" content=\"Contact RUN FOR THE WHALES 2026 Sanremo\" \/>\n<meta property=\"og:description\" content=\"Demander contact\/informations concernant les parcours et services offerts lors des \u00e9v\u00e9nements comme le marathon, la 10 km, Family run, semi-marathon de San Remo.\" \/>\n<meta property=\"og:url\" content=\"https:\/\/runforthewhales.it\/fr\/contact\/\" \/>\n<meta property=\"og:site_name\" content=\"RUN FOR THE WHALES 2026 Sanremo\" \/>\n<meta property=\"article:modified_time\" content=\"2018-01-09T11:31:26+00:00\" \/>\n<script type=\"application\/ld+json\" class=\"yoast-schema-graph\">{\"@context\":\"https:\\\/\\\/schema.org\",\"@graph\":[{\"@type\":\"WebPage\",\"@id\":\"https:\\\/\\\/runforthewhales.it\\\/fr\\\/contact\\\/\",\"url\":\"https:\\\/\\\/runforthewhales.it\\\/fr\\\/contact\\\/\",\"name\":\"Contact RUN FOR THE WHALES 2026 Sanremo\",\"isPartOf\":{\"@id\":\"https:\\\/\\\/runforthewhales.it\\\/#website\"},\"datePublished\":\"2014-11-09T12:26:03+00:00\",\"dateModified\":\"2018-01-09T11:31:26+00:00\",\"description\":\"Demander contact\\\/informations concernant les parcours et services offerts lors des \u00e9v\u00e9nements comme le marathon, la 10 km, Family run, semi-marathon de San Remo.\",\"breadcrumb\":{\"@id\":\"https:\\\/\\\/runforthewhales.it\\\/fr\\\/contact\\\/#breadcrumb\"},\"inLanguage\":\"fr-FR\",\"potentialAction\":[{\"@type\":\"ReadAction\",\"target\":[\"https:\\\/\\\/runforthewhales.it\\\/fr\\\/contact\\\/\"]}]},{\"@type\":\"BreadcrumbList\",\"@id\":\"https:\\\/\\\/runforthewhales.it\\\/fr\\\/contact\\\/#breadcrumb\",\"itemListElement\":[{\"@type\":\"ListItem\",\"position\":1,\"name\":\"Home\",\"item\":\"https:\\\/\\\/runforthewhales.it\\\/fr\\\/\"},{\"@type\":\"ListItem\",\"position\":2,\"name\":\"Contact\"}]},{\"@type\":\"WebSite\",\"@id\":\"https:\\\/\\\/runforthewhales.it\\\/#website\",\"url\":\"https:\\\/\\\/runforthewhales.it\\\/\",\"name\":\"RUN FOR THE WHALES 2026 Sanremo\",\"description\":\"21K Semi Marathon | 10K Run | 3K Family Run | 20.06.2026\",\"potentialAction\":[{\"@type\":\"SearchAction\",\"target\":{\"@type\":\"EntryPoint\",\"urlTemplate\":\"https:\\\/\\\/runforthewhales.it\\\/?s={search_term_string}\"},\"query-input\":{\"@type\":\"PropertyValueSpecification\",\"valueRequired\":true,\"valueName\":\"search_term_string\"}}],\"inLanguage\":\"fr-FR\"}]}<\/script>\n<!-- \/ Yoast SEO plugin. -->","yoast_head_json":{"title":"Contact RUN FOR THE WHALES 2026 Sanremo","description":"Demander contact\/informations concernant les parcours et services offerts lors des \u00e9v\u00e9nements comme le marathon, la 10 km, Family run, semi-marathon de San Remo.","robots":{"index":"index","follow":"follow","max-snippet":"max-snippet:-1","max-image-preview":"max-image-preview:large","max-video-preview":"max-video-preview:-1"},"canonical":"https:\/\/runforthewhales.it\/fr\/contact\/","og_locale":"fr_FR","og_type":"article","og_title":"Contact RUN FOR THE WHALES 2026 Sanremo","og_description":"Demander contact\/informations concernant les parcours et services offerts lors des \u00e9v\u00e9nements comme le marathon, la 10 km, Family run, semi-marathon de San Remo.","og_url":"https:\/\/runforthewhales.it\/fr\/contact\/","og_site_name":"RUN FOR THE WHALES 2026 Sanremo","article_modified_time":"2018-01-09T11:31:26+00:00","schema":{"@context":"https:\/\/schema.org","@graph":[{"@type":"WebPage","@id":"https:\/\/runforthewhales.it\/fr\/contact\/","url":"https:\/\/runforthewhales.it\/fr\/contact\/","name":"Contact RUN FOR THE WHALES 2026 Sanremo","isPartOf":{"@id":"https:\/\/runforthewhales.it\/#website"},"datePublished":"2014-11-09T12:26:03+00:00","dateModified":"2018-01-09T11:31:26+00:00","description":"Demander contact\/informations concernant les parcours et services offerts lors des \u00e9v\u00e9nements comme le marathon, la 10 km, Family run, semi-marathon de San Remo.","breadcrumb":{"@id":"https:\/\/runforthewhales.it\/fr\/contact\/#breadcrumb"},"inLanguage":"fr-FR","potentialAction":[{"@type":"ReadAction","target":["https:\/\/runforthewhales.it\/fr\/contact\/"]}]},{"@type":"BreadcrumbList","@id":"https:\/\/runforthewhales.it\/fr\/contact\/#breadcrumb","itemListElement":[{"@type":"ListItem","position":1,"name":"Home","item":"https:\/\/runforthewhales.it\/fr\/"},{"@type":"ListItem","position":2,"name":"Contact"}]},{"@type":"WebSite","@id":"https:\/\/runforthewhales.it\/#website","url":"https:\/\/runforthewhales.it\/","name":"RUN FOR THE WHALES 2026 Sanremo","description":"21K Semi Marathon | 10K Run | 3K Family Run | 20.06.2026","potentialAction":[{"@type":"SearchAction","target":{"@type":"EntryPoint","urlTemplate":"https:\/\/runforthewhales.it\/?s={search_term_string}"},"query-input":{"@type":"PropertyValueSpecification","valueRequired":true,"valueName":"search_term_string"}}],"inLanguage":"fr-FR"}]}},"_links":{"self":[{"href":"https:\/\/runforthewhales.it\/fr\/wp-json\/wp\/v2\/pages\/464","targetHints":{"allow":["GET"]}}],"collection":[{"href":"https:\/\/runforthewhales.it\/fr\/wp-json\/wp\/v2\/pages"}],"about":[{"href":"https:\/\/runforthewhales.it\/fr\/wp-json\/wp\/v2\/types\/page"}],"author":[{"embeddable":true,"href":"https:\/\/runforthewhales.it\/fr\/wp-json\/wp\/v2\/users\/1"}],"replies":[{"embeddable":true,"href":"https:\/\/runforthewhales.it\/fr\/wp-json\/wp\/v2\/comments?post=464"}],"version-history":[{"count":6,"href":"https:\/\/runforthewhales.it\/fr\/wp-json\/wp\/v2\/pages\/464\/revisions"}],"predecessor-version":[{"id":2779,"href":"https:\/\/runforthewhales.it\/fr\/wp-json\/wp\/v2\/pages\/464\/revisions\/2779"}],"wp:attachment":[{"href":"https:\/\/runforthewhales.it\/fr\/wp-json\/wp\/v2\/media?parent=464"}],"curies":[{"name":"wp","href":"https:\/\/api.w.org\/{rel}","templated":true}]}}