{"id":458,"date":"2014-11-09T12:13:58","date_gmt":"2014-11-09T12:13:58","guid":{"rendered":"http:\/\/runforthewhales.it\/?page_id=458"},"modified":"2025-12-19T19:25:15","modified_gmt":"2025-12-19T19:25:15","slug":"parcours-run-for-the-whales","status":"publish","type":"page","link":"https:\/\/runforthewhales.it\/fr\/semi-marathon\/parcours-run-for-the-whales\/","title":{"rendered":"Parcours de la semi Marathon"},"content":{"rendered":"<p>[et_pb_section fb_built=\u00a0\u00bb1&Prime; admin_label=\u00a0\u00bbsection\u00a0\u00bb _builder_version=\u00a0\u00bb4.16&Prime; global_colors_info=\u00a0\u00bb{}\u00a0\u00bb][et_pb_row admin_label=\u00a0\u00bbrow\u00a0\u00bb _builder_version=\u00a0\u00bb4.16&Prime; background_size=\u00a0\u00bbinitial\u00a0\u00bb background_position=\u00a0\u00bbtop_left\u00a0\u00bb background_repeat=\u00a0\u00bbrepeat\u00a0\u00bb global_colors_info=\u00a0\u00bb{}\u00a0\u00bb][et_pb_column type=\u00a0\u00bb4_4&Prime; _builder_version=\u00a0\u00bb4.16&Prime; custom_padding=\u00a0\u00bb|||\u00a0\u00bb global_colors_info=\u00a0\u00bb{}\u00a0\u00bb custom_padding__hover=\u00a0\u00bb|||\u00a0\u00bb][et_pb_text _builder_version=\u00a0\u00bb4.27.4&Prime; background_size=\u00a0\u00bbinitial\u00a0\u00bb background_position=\u00a0\u00bbtop_left\u00a0\u00bb background_repeat=\u00a0\u00bbrepeat\u00a0\u00bb locked=\u00a0\u00bboff\u00a0\u00bb global_colors_info=\u00a0\u00bb{}\u00a0\u00bb]<\/p>\n<h2><strong data-start=\"1932\" data-end=\"1983\">Le parcours du semi-marathon Run for the Whales<\/strong> suit la Piste Cyclo-Pi\u00e9tonne depuis Sanremo \u00e0 travers les communes du Parc C\u00f4tier Riviera dei Fiori.<\/h2>\n<p><strong>C\u2019est un parcours tr\u00e8s pittoresque, car il emprunte l\u2019ancien trac\u00e9 ferroviaire et longe la mer du d\u00e9but \u00e0 la fin. Il est tr\u00e8s rapide, en ligne droite, avec un d\u00e9nivel\u00e9 pratiquement nul. Le seul v\u00e9ritable obstacle peut \u00eatre le vent.<\/strong><\/p>\n<p>[\/et_pb_text][et_pb_image src=\u00a0\u00bbhttps:\/\/runforthewhales.it\/wp-content\/uploads\/2025\/12\/WhatsApp-Image-2025-12-12-at-17.37.54.jpeg\u00a0\u00bb alt=\u00a0\u00bbpercorso 21K\u00a0\u00bb title_text=\u00a0\u00bbWhatsApp Image 2025-12-12 at 17.37.54&Prime; _builder_version=\u00a0\u00bb4.27.5&Prime; _module_preset=\u00a0\u00bbdefault\u00a0\u00bb hover_enabled=\u00a0\u00bb0&Prime; global_colors_info=\u00a0\u00bb{}\u00a0\u00bb sticky_enabled=\u00a0\u00bb0&Prime; locked=\u00a0\u00bboff\u00a0\u00bb][\/et_pb_image][et_pb_text _builder_version=\u00a0\u00bb4.27.5&Prime; background_size=\u00a0\u00bbinitial\u00a0\u00bb background_position=\u00a0\u00bbtop_left\u00a0\u00bb background_repeat=\u00a0\u00bbrepeat\u00a0\u00bb locked=\u00a0\u00bboff\u00a0\u00bb global_colors_info=\u00a0\u00bb{}\u00a0\u00bb]<\/p>\n<h2>SEMI-MARATHON RUN FOR THE WHALES<\/h2>\n<ul>\n<li>D\u00e9part : <strong>Stade d\u2019Athl\u00e9tisme de Sanremo \u2013 Strada Grande Torino<\/strong><\/li>\n<li>Parcours : <strong>Trac\u00e9 le long de la piste cyclable jusqu\u2019\u00e0 Arma di Taggia et retour sur la piste cyclable jusqu\u2019au tunnel d\u2019Ospedaletti<\/strong><\/li>\n<li>Arriv\u00e9e : <strong>piste d\u2019athl\u00e9tisme de Pian di Poma \u00e0 Sanremo<\/strong><\/li>\n<li>Distance : <strong>21,097 km \u2013 homologu\u00e9 FIDAL<\/strong><\/li>\n<\/ul>\n<p>&nbsp;<\/p>\n<p>[\/et_pb_text][et_pb_image src=\u00a0\u00bbhttps:\/\/runforthewhales.it\/wp-content\/uploads\/2025\/12\/come-arrivare-a-sanremo-how-to-get-to-sanremo-comment-se-rendre-a-sanremo-e1765547522996.jpg\u00a0\u00bb alt=\u00a0\u00bblogistica\u00a0\u00bb title_text=\u00a0\u00bbcome-arrivare-a-sanremo-how-to-get-to-sanremo-comment-se-rendre-a-sanremo\u00a0\u00bb admin_label=\u00a0\u00bbWelcome Desk\u00a0\u00bb _builder_version=\u00a0\u00bb4.27.5&Prime; _module_preset=\u00a0\u00bbdefault\u00a0\u00bb locked=\u00a0\u00bboff\u00a0\u00bb global_colors_info=\u00a0\u00bb{}\u00a0\u00bb][\/et_pb_image][\/et_pb_column][\/et_pb_row][\/et_pb_section]<\/p>\n","protected":false},"excerpt":{"rendered":"<p>Le parcours du semi-marathon Run for the Whales suit la Piste Cyclo-Pi\u00e9tonne depuis Sanremo \u00e0 travers les communes du Parc C\u00f4tier Riviera dei Fiori. C\u2019est un parcours tr\u00e8s pittoresque, car il emprunte l\u2019ancien trac\u00e9 ferroviaire et longe la mer du d\u00e9but \u00e0 la fin. Il est tr\u00e8s rapide, en ligne droite, avec un d\u00e9nivel\u00e9 pratiquement [&hellip;]<\/p>\n","protected":false},"author":1,"featured_media":0,"parent":7039,"menu_order":2,"comment_status":"closed","ping_status":"closed","template":"","meta":{"_et_pb_use_builder":"on","_et_pb_old_content":"","_et_gb_content_width":"","footnotes":""},"class_list":["post-458","page","type-page","status-publish","hentry"],"yoast_head":"<!-- This site is optimized with the Yoast SEO plugin v26.5 - https:\/\/yoast.com\/wordpress\/plugins\/seo\/ -->\n<title>Parcours de la semi Marathon RUN FOR THE WHALES 2026 Sanremo<\/title>\n<meta name=\"description\" content=\"Le parcours de la semi marathon Run for the Whales se d\u00e9ploie le long de la piste cyclable de la Riviera des fleurs jusqu&#039;au centre de San Remo.\" \/>\n<meta name=\"robots\" content=\"index, follow, max-snippet:-1, max-image-preview:large, max-video-preview:-1\" \/>\n<link rel=\"canonical\" href=\"https:\/\/runforthewhales.it\/fr\/semi-marathon\/parcours-run-for-the-whales\/\" \/>\n<meta property=\"og:locale\" content=\"fr_FR\" \/>\n<meta property=\"og:type\" content=\"article\" \/>\n<meta property=\"og:title\" content=\"Parcours de la semi Marathon RUN FOR THE WHALES 2026 Sanremo\" \/>\n<meta property=\"og:description\" content=\"Le parcours de la semi marathon Run for the Whales se d\u00e9ploie le long de la piste cyclable de la Riviera des fleurs jusqu&#039;au centre de San Remo.\" \/>\n<meta property=\"og:url\" content=\"https:\/\/runforthewhales.it\/fr\/semi-marathon\/parcours-run-for-the-whales\/\" \/>\n<meta property=\"og:site_name\" content=\"RUN FOR THE WHALES 2026 Sanremo\" \/>\n<meta property=\"article:modified_time\" content=\"2025-12-19T19:25:15+00:00\" \/>\n<meta name=\"twitter:label1\" content=\"Dur\u00e9e de lecture estim\u00e9e\" \/>\n\t<meta name=\"twitter:data1\" content=\"1 minute\" \/>\n<script type=\"application\/ld+json\" class=\"yoast-schema-graph\">{\"@context\":\"https:\/\/schema.org\",\"@graph\":[{\"@type\":\"WebPage\",\"@id\":\"https:\/\/runforthewhales.it\/fr\/semi-marathon\/parcours-run-for-the-whales\/\",\"url\":\"https:\/\/runforthewhales.it\/fr\/semi-marathon\/parcours-run-for-the-whales\/\",\"name\":\"Parcours de la semi Marathon RUN FOR THE WHALES 2026 Sanremo\",\"isPartOf\":{\"@id\":\"https:\/\/runforthewhales.it\/#website\"},\"datePublished\":\"2014-11-09T12:13:58+00:00\",\"dateModified\":\"2025-12-19T19:25:15+00:00\",\"description\":\"Le parcours de la semi marathon Run for the Whales se d\u00e9ploie le long de la piste cyclable de la Riviera des fleurs jusqu'au centre de San Remo.\",\"breadcrumb\":{\"@id\":\"https:\/\/runforthewhales.it\/fr\/semi-marathon\/parcours-run-for-the-whales\/#breadcrumb\"},\"inLanguage\":\"fr-FR\",\"potentialAction\":[{\"@type\":\"ReadAction\",\"target\":[\"https:\/\/runforthewhales.it\/fr\/semi-marathon\/parcours-run-for-the-whales\/\"]}]},{\"@type\":\"BreadcrumbList\",\"@id\":\"https:\/\/runforthewhales.it\/fr\/semi-marathon\/parcours-run-for-the-whales\/#breadcrumb\",\"itemListElement\":[{\"@type\":\"ListItem\",\"position\":1,\"name\":\"Home\",\"item\":\"https:\/\/runforthewhales.it\/fr\/\"},{\"@type\":\"ListItem\",\"position\":2,\"name\":\"Semi Marathon\",\"item\":\"https:\/\/runforthewhales.it\/fr\/semi-marathon\/\"},{\"@type\":\"ListItem\",\"position\":3,\"name\":\"Parcours de la semi Marathon\"}]},{\"@type\":\"WebSite\",\"@id\":\"https:\/\/runforthewhales.it\/#website\",\"url\":\"https:\/\/runforthewhales.it\/\",\"name\":\"RUN FOR THE WHALES 2026 Sanremo\",\"description\":\"21K Semi Marathon | 10K Run | 3K Family Run | 20.06.2026\",\"potentialAction\":[{\"@type\":\"SearchAction\",\"target\":{\"@type\":\"EntryPoint\",\"urlTemplate\":\"https:\/\/runforthewhales.it\/?s={search_term_string}\"},\"query-input\":{\"@type\":\"PropertyValueSpecification\",\"valueRequired\":true,\"valueName\":\"search_term_string\"}}],\"inLanguage\":\"fr-FR\"}]}<\/script>\n<!-- \/ Yoast SEO plugin. -->","yoast_head_json":{"title":"Parcours de la semi Marathon RUN FOR THE WHALES 2026 Sanremo","description":"Le parcours de la semi marathon Run for the Whales se d\u00e9ploie le long de la piste cyclable de la Riviera des fleurs jusqu'au centre de San Remo.","robots":{"index":"index","follow":"follow","max-snippet":"max-snippet:-1","max-image-preview":"max-image-preview:large","max-video-preview":"max-video-preview:-1"},"canonical":"https:\/\/runforthewhales.it\/fr\/semi-marathon\/parcours-run-for-the-whales\/","og_locale":"fr_FR","og_type":"article","og_title":"Parcours de la semi Marathon RUN FOR THE WHALES 2026 Sanremo","og_description":"Le parcours de la semi marathon Run for the Whales se d\u00e9ploie le long de la piste cyclable de la Riviera des fleurs jusqu'au centre de San Remo.","og_url":"https:\/\/runforthewhales.it\/fr\/semi-marathon\/parcours-run-for-the-whales\/","og_site_name":"RUN FOR THE WHALES 2026 Sanremo","article_modified_time":"2025-12-19T19:25:15+00:00","twitter_misc":{"Dur\u00e9e de lecture estim\u00e9e":"1 minute"},"schema":{"@context":"https:\/\/schema.org","@graph":[{"@type":"WebPage","@id":"https:\/\/runforthewhales.it\/fr\/semi-marathon\/parcours-run-for-the-whales\/","url":"https:\/\/runforthewhales.it\/fr\/semi-marathon\/parcours-run-for-the-whales\/","name":"Parcours de la semi Marathon RUN FOR THE WHALES 2026 Sanremo","isPartOf":{"@id":"https:\/\/runforthewhales.it\/#website"},"datePublished":"2014-11-09T12:13:58+00:00","dateModified":"2025-12-19T19:25:15+00:00","description":"Le parcours de la semi marathon Run for the Whales se d\u00e9ploie le long de la piste cyclable de la Riviera des fleurs jusqu'au centre de San Remo.","breadcrumb":{"@id":"https:\/\/runforthewhales.it\/fr\/semi-marathon\/parcours-run-for-the-whales\/#breadcrumb"},"inLanguage":"fr-FR","potentialAction":[{"@type":"ReadAction","target":["https:\/\/runforthewhales.it\/fr\/semi-marathon\/parcours-run-for-the-whales\/"]}]},{"@type":"BreadcrumbList","@id":"https:\/\/runforthewhales.it\/fr\/semi-marathon\/parcours-run-for-the-whales\/#breadcrumb","itemListElement":[{"@type":"ListItem","position":1,"name":"Home","item":"https:\/\/runforthewhales.it\/fr\/"},{"@type":"ListItem","position":2,"name":"Semi Marathon","item":"https:\/\/runforthewhales.it\/fr\/semi-marathon\/"},{"@type":"ListItem","position":3,"name":"Parcours de la semi Marathon"}]},{"@type":"WebSite","@id":"https:\/\/runforthewhales.it\/#website","url":"https:\/\/runforthewhales.it\/","name":"RUN FOR THE WHALES 2026 Sanremo","description":"21K Semi Marathon | 10K Run | 3K Family Run | 20.06.2026","potentialAction":[{"@type":"SearchAction","target":{"@type":"EntryPoint","urlTemplate":"https:\/\/runforthewhales.it\/?s={search_term_string}"},"query-input":{"@type":"PropertyValueSpecification","valueRequired":true,"valueName":"search_term_string"}}],"inLanguage":"fr-FR"}]}},"_links":{"self":[{"href":"https:\/\/runforthewhales.it\/fr\/wp-json\/wp\/v2\/pages\/458","targetHints":{"allow":["GET"]}}],"collection":[{"href":"https:\/\/runforthewhales.it\/fr\/wp-json\/wp\/v2\/pages"}],"about":[{"href":"https:\/\/runforthewhales.it\/fr\/wp-json\/wp\/v2\/types\/page"}],"author":[{"embeddable":true,"href":"https:\/\/runforthewhales.it\/fr\/wp-json\/wp\/v2\/users\/1"}],"replies":[{"embeddable":true,"href":"https:\/\/runforthewhales.it\/fr\/wp-json\/wp\/v2\/comments?post=458"}],"version-history":[{"count":53,"href":"https:\/\/runforthewhales.it\/fr\/wp-json\/wp\/v2\/pages\/458\/revisions"}],"predecessor-version":[{"id":9248,"href":"https:\/\/runforthewhales.it\/fr\/wp-json\/wp\/v2\/pages\/458\/revisions\/9248"}],"up":[{"embeddable":true,"href":"https:\/\/runforthewhales.it\/fr\/wp-json\/wp\/v2\/pages\/7039"}],"wp:attachment":[{"href":"https:\/\/runforthewhales.it\/fr\/wp-json\/wp\/v2\/media?parent=458"}],"curies":[{"name":"wp","href":"https:\/\/api.w.org\/{rel}","templated":true}]}}