{"id":2798,"date":"2018-01-10T14:49:33","date_gmt":"2018-01-10T14:49:33","guid":{"rendered":"http:\/\/runforthewhales.it\/wp\/reglement-10-km-san-remo\/"},"modified":"2026-04-15T12:27:19","modified_gmt":"2026-04-15T12:27:19","slug":"reglement-10-km-san-remo","status":"publish","type":"page","link":"https:\/\/runforthewhales.it\/fr\/10-km\/reglement-10-km-san-remo\/","title":{"rendered":"R\u00e8glement 10 km San Remo"},"content":{"rendered":"<p>[et_pb_section fb_built=\u00a0\u00bb1&Prime; admin_label=\u00a0\u00bbsection\u00a0\u00bb _builder_version=\u00a0\u00bb4.16&Prime; global_colors_info=\u00a0\u00bb{}\u00a0\u00bb][et_pb_row admin_label=\u00a0\u00bbrow\u00a0\u00bb _builder_version=\u00a0\u00bb4.16&Prime; background_size=\u00a0\u00bbinitial\u00a0\u00bb background_position=\u00a0\u00bbtop_left\u00a0\u00bb background_repeat=\u00a0\u00bbrepeat\u00a0\u00bb global_colors_info=\u00a0\u00bb{}\u00a0\u00bb][et_pb_column type=\u00a0\u00bb4_4&Prime; _builder_version=\u00a0\u00bb4.16&Prime; custom_padding=\u00a0\u00bb|||\u00a0\u00bb global_colors_info=\u00a0\u00bb{}\u00a0\u00bb custom_padding__hover=\u00a0\u00bb|||\u00a0\u00bb][et_pb_text admin_label=\u00a0\u00bbText\u00a0\u00bb _builder_version=\u00a0\u00bb4.27.5&Prime; background_size=\u00a0\u00bbinitial\u00a0\u00bb background_position=\u00a0\u00bbtop_left\u00a0\u00bb background_repeat=\u00a0\u00bbrepeat\u00a0\u00bb hover_enabled=\u00a0\u00bb0&Prime; global_colors_info=\u00a0\u00bb{}\u00a0\u00bb sticky_enabled=\u00a0\u00bb0&Prime;]<\/p>\n<p>Le\u00a0<strong>Comit\u00e9 organisateur du marathon de San Remo<\/strong>, sous la supervision de l&rsquo;Institut Tethys et gr\u00e2ce \u00e0 l&rsquo;organisation technique de l&rsquo;Association Sportive Pro San Pietro, organise la <strong>10 km non-comp\u00e9titifs San Remo &#8211; Run for the Whales<\/strong> \u00e0 San Remo le samedi 20 JUIN 2026.<\/p>\n<ul>\n<li><strong>Ev\u00e9nement\u00a0<\/strong>: <strong>10 km de San Remo &#8211; Run for the Whales<\/strong><\/li>\n<li><strong>Organisation sportive\u00a0<\/strong>: Pro San Pietro San Remo<\/li>\n<li><strong>Date :<\/strong> 20 JUIN 2026 &#8211; 17h45<\/li>\n<li><strong>D\u00e9part : Impekabile bar &amp; grill\u00a0 &#8211; Bussana di Sanremo<\/strong><strong><br \/><\/strong><\/li>\n<li><strong>Parcours\u00a0<\/strong>: <strong>Piste cyclable<\/strong> du parc c\u00f4tier de la <strong>Riviera des fleurs<\/strong><\/li>\n<li><strong>Arriv\u00e9e :\u00a0<\/strong>San Remo<\/li>\n<li><strong>Distance\u00a0<\/strong>: 10 km<\/li>\n<li><strong>Temps maximum :<\/strong>\u00a02 heures<\/li>\n<li><strong>Nombre maximum d&rsquo;athl\u00e8tes :\u00a0<\/strong>500<\/li>\n<li><strong>Point logistique de l&rsquo;\u00e9v\u00e9nement (collecte des dossards de course)\u00a0<\/strong>: champ d\u2019athl\u00e9tisme, Pian di Poma \u2013\u00a0San Remo<\/li>\n<\/ul>\n<h3>CRIT\u00c8RES DE PARTICIPATION<\/h3>\n<p>Toute personne \u00e2g\u00e9e de 16 ans ou plus au 20 juin 2026 peut participer \u00e0 la course des 10 km.<\/p>\n<h3>MODALIT\u00c9S D\u2019INSCRIPTION<\/h3>\n<p><strong>a) en ligne jusqu\u2019au 31 Mai 2026 sur le site web officiel de l\u2019\u00e9preuve, en r\u00e9glant par virement bancaire, carte de cr\u00e9dit Visa ou Mastercard, Paypal.<\/strong><\/p>\n<p><strong>b) en ligne jusqu\u2019au 18 Juin 2026 sur le site web officiel de l\u2019\u00e9preuve, en r\u00e9glant par carte de cr\u00e9dit Visa ou Mastercard, Paypal.<\/strong><\/p>\n<p><strong>b) inscription directe au bureau de l\u2019organisation, ouvert pendant le jours indiqu\u00e9s \u00e0 la page <a href=\"https:\/\/runforthewhales.it\/fr\/la-course\/programme-de-la-course\/\" target=\"_blank\" rel=\"noopener noreferrer\">Programme des courses<\/a><\/strong><\/p>\n<h3>FRAIS\u00a0D\u2019INSCRIPTION ET CL\u00d4TURE DES INSCRIPTIONS<\/h3>\n<p>&nbsp;<\/p>\n<table style=\"width: 402px;\" width=\"519\">\n<thead>\n<tr>\n<td style=\"width: 186px;\">\u00a0<\/td>\n<td style=\"text-align: center; width: 83px;\"><strong>Inscritpion individuelle<\/strong><\/td>\n<td style=\"width: 133px;\"><strong>T-shirt technique<br \/><\/strong><\/td>\n<\/tr>\n<\/thead>\n<tbody>\n<tr>\n<td style=\"width: 186px;\"><strong>\u00a0<\/strong><\/td>\n<td style=\"width: 83px;\"><strong>\u00a0<\/strong><\/td>\n<td style=\"width: 133px;\">\u00a0<\/td>\n<\/tr>\n<tr>\n<td style=\"width: 186px;\"><strong>inscription en ligne jusqu&rsquo;au 28 Fevrier<br \/><\/strong><\/td>\n<td style=\"width: 83px;\">\n<p><b>\u20ac 25,00<\/b><\/p>\n<\/td>\n<td style=\"width: 133px;\"><strong>comprise<\/strong><\/td>\n<\/tr>\n<tr>\n<td style=\"width: 186px;\"><strong>inscription en ligne jusqu&rsquo;au 31 Mai<br \/><\/strong><\/td>\n<td style=\"width: 83px;\">\n<p><b>\u20ac 27,50<\/b><\/p>\n<\/td>\n<td style=\"width: 133px;\"><strong>comprise<\/strong><\/td>\n<\/tr>\n<tr>\n<td style=\"width: 186px;\"><strong>inscription en ligne jusqu&rsquo;au 18 Juin<br \/><\/strong><\/td>\n<td style=\"width: 83px;\">\n<p><b>\u20ac 30,00<\/b><\/p>\n<\/td>\n<td style=\"width: 133px;\">NON comprise<\/td>\n<\/tr>\n<tr>\n<td style=\"width: 186px;\"><strong>inscription directe<br \/><\/strong><\/td>\n<td style=\"width: 83px;\">\n<p><b>\u20ac 30,00<\/b><\/p>\n<\/td>\n<td style=\"width: 133px;\">NON comprise<\/td>\n<\/tr>\n<\/tbody>\n<\/table>\n<p>Les frais de transactions\u00a0bancaires et de cartes de cr\u00e9dit sont \u00e0 la charge de l\u2019athl\u00e8te.<\/p>\n<p>Frais de secr\u00e9tariat: 5%<\/p>\n<h3>Inscription au club<\/h3>\n<p>L&rsquo;inscription \u00e0 la course en tant que club sportif offre un certain nombre d&rsquo;avantages exclusifs :<\/p>\n<ul>\n<li><strong>1 entr\u00e9e gratuite par tranche de 10 participants de m\u00eame distance<\/strong><\/li>\n<li>prix bloqu\u00e9 jusqu&rsquo;au 31 mai lorsque les frais des 10 premiers participants sont confirm\u00e9s et pay\u00e9s<\/li>\n<li>remplacement gratuit de 20% des participants avant le 31 mai<\/li>\n<li>gestion assist\u00e9e par le secr\u00e9tariat \u00e0 l&rsquo;aide d&rsquo;un simple formulaire Excel<\/li>\n<li>service d\u00e9di\u00e9 aux r\u00e9servations d&rsquo;h\u00f4tels, de restaurants et de services touristiques<\/li>\n<\/ul>\n<p><strong>L&rsquo;inscription doit \u00eatre effectu\u00e9e avant le 31 mai pour acc\u00e9der aux avantages r\u00e9serv\u00e9s aux entreprises.<\/strong><\/p>\n<h3>INCAPACIT\u00c9 A PARTICIPER<\/h3>\n<p>L\u2019inscription est personnelle et ne peut \u00eatre transf\u00e9r\u00e9e \u00e0 un autre athl\u00e8te. Elle ne sera rembours\u00e9e sous aucun motif.<\/p>\n<h3>LES\u00a0FRAIS\u00a0D\u2019INSCRIPTION COMPRENNENT LES SERVICES SUIVANTS:<\/h3>\n<ul>\n<li>assistance m\u00e9dicale;<\/li>\n<li>assurance;<\/li>\n<li>m\u00e9daille\u00a0officielle de participation;<\/li>\n<li>t-shirt technique limit\u00e9e aux personnes inscrites avant le 31 mai, avec la possibilit\u00e9 de choisir la taille, jusqu\u2019\u00e0 \u00e9puisement des stocks de chaque taille.<\/li>\n<li>dossard de course;<\/li>\n<li>service de chronom\u00e9trage;<\/li>\n<li>consigne pour bagage;<\/li>\n<li>transport des bagages du d\u00e9part \u00e0 l\u2019arriv\u00e9e;<\/li>\n<\/ul>\n<p><strong>Pour des raisons de production, le t-shirt technique sera disponibile aux personnes inscrites et confirm\u00e9es avant le 31 mai. Il sera possible d\u2019acheter le t-shirt sur place, \u00e0 un prix 10.00 \u20ac , au lieu de 20.00 \u20ac, jusqu\u2019\u00e0 \u00e9puisement des stocks<\/strong><\/p>\n<p>&nbsp;<\/p>\n<h3>COLLECTE DE L\u2019ENVELOPPE TECHNIQUE ET DE LA TROUSSE DE\u00a0COURSE<\/h3>\n<p>L\u2019enveloppe\u00a0technique contenant le dossard et la puce, ainsi que la trousse de course des 10 km, pourront \u00eatre r\u00e9cup\u00e9r\u00e9s au point logistique organisationnel de l&rsquo;\u00e9v\u00e8nement, \u00e0\u00a0San Remo dans les horaires indiqu\u00e9s \u00e0 la page <a href=\"https:\/\/runforthewhales.it\/fr\/la-course\/programme-de-la-course\/\" target=\"_blank\" rel=\"noopener noreferrer\">Programme des courses<\/a><\/p>\n<p>Retrait par procuration \u00e9galement possible, sur\u00a0pr\u00e9sentation de la lettre de confirmation d\u2019inscription et de tous les documents demand\u00e9s dans cette derni\u00e8re.<\/p>\n<h3>LIMITE DE TEMPS<\/h3>\n<p>Le\u00a0temps limite pour terminer la course est fix\u00e9 \u00e0\u00a0<strong>2\u00a0heures<\/strong>.<\/p>\n<h3>SERVICE DE NAVETTE<\/h3>\n<p>Pour ceux ayant besoin d&rsquo;un service de transport entre le point d&rsquo;arriv\u00e9e et le point de d\u00e9part, un service de navette sera disponible, \u00e0 r\u00e9server\u00a0obligatoirement \u00e0 l\u2019avance, directement sur le site web officiel.<\/p>\n<table width=\"519\">\n<tbody>\n<tr>\n<td>\u00a0<\/td>\n<td>Inscription individuelle<\/td>\n<\/tr>\n<tr>\n<td><strong>Reservation en ligne avant le 31 mars<\/strong><\/td>\n<td><strong>\u20ac 3,00<\/strong><\/td>\n<\/tr>\n<tr>\n<td><strong>Reservation en ligne apr\u00e8s le 1\u00b0 avril, jusqu&rsquo;\u00e0 l&rsquo;\u00e9puisement de places<br \/><\/strong><\/td>\n<td><strong>\u20ac 5,00<\/strong><\/td>\n<\/tr>\n<tr>\n<td><strong>Reservation directe, jusqu&rsquo;\u00e0 l&rsquo;\u00e9puisement de places<br \/><\/strong><\/td>\n<td><strong>\u20ac 5,00<\/strong><\/td>\n<\/tr>\n<\/tbody>\n<\/table>\n<p>&nbsp;<\/p>\n<h3>SERVICE\u00a0DE CONSIGNE DE V\u00caTEMENTS<\/h3>\n<p>Les participants pourront d\u00e9poser leurs v\u00eatements \u00e0 la consigne 45 minutes avant le d\u00e9but de la course au stand mis \u00e0 disposition par l\u2019organisation dans la zone d\u2019arriv\u00e9e, ou bien dans la zone de d\u00e9part pour les transferts vers San Remo. L\u2019organisation d\u00e9cline toute responsabilit\u00e9 en cas de perte \u00e9ventuelle de vos effets personnels.<\/p>\n<h3>REMISE DES PRIX<\/h3>\n<p style=\"text-align: center;\"><span style=\"color: #ff0000;\"><strong>La remise des prix de la Run of the Whales aura lieu<\/strong><\/span><br \/><strong><span style=\"color: #ff0000;\">\u00e0 21h00 pr\u00e8s du champs d&rsquo;athl\u00e9tisme de San Remo<\/span><br \/><\/strong><\/p>\n<p>Les 3 premiers aux classements Hommes et Femmes recevront un prix,\u00a0les trois premiers finisseurs dans les cat\u00e9gories Fidal.<\/p>\n<p>&nbsp;<\/p>\n<h3>H\u00d4TELS AFFILI\u00c9S<\/h3>\n<p>Les\u00a0h\u00f4tels affili\u00e9s peuvent \u00eatre r\u00e9serv\u00e9s directement sur le site officiel de l\u2019\u00e9preuve, en utilisant le syst\u00e8me d\u2019inscription.<\/p>\n<p>&nbsp;<\/p>\n<h3>NOTES FINALES<\/h3>\n<p>L\u2019Organisation se r\u00e9serve le droit de modifier le pr\u00e9sent r\u00e8glement \u00e0 tout moment, afin de garantir une meilleure organisation de l\u2019\u00e9preuve.<\/p>\n<p>Tout changement de service, location et temps sera communiqu\u00e9 aux athl\u00e8tes inscrits ou indiqu\u00e9 sur le site\u00a0www.runforthewhales.it. La documentation contenant les informations essentielles \u00e0 la participation \u00e0 la course sera remise\u00a0par l\u2019organisation en m\u00eame temps que le dossard de course.<\/p>\n<h3>Vie priv\u00e9e<\/h3>\n<p>En s\u2019inscrivant \u00e0 la\u00a0course San Remo Semi-Marathon \u2013 Run for the Whales, les participants autorisent l\u2019organisation au traitement de leurs donn\u00e9es personnelles dans le cadre de la gestion des inscriptions et des services annexes tels que le\u00a0chronom\u00e9trage, les classements, le service photographique, ainsi que\u00a0la\u00a0communication\u00a0p\u00e9riodique\u00a0d\u2019informations concernant l\u2019\u00e9preuve, la r\u00e9gion organisatrice, et d\u2019autres \u00e9v\u00e9nements similaires.<\/p>\n<h3>Droit \u00e0 l\u2019image<\/h3>\n<p>En s\u2019inscrivant \u00e0 la\u00a0course San Remo Semi-Marathon \u2013 Run for the Whales, les participants autorisent express\u00e9ment l\u2019organisation, ainsi que les sponsors\u00a0et partenaires m\u00e9diatiques, \u00e0 b\u00e9n\u00e9ficier du droit \u00e0\u00a0utiliser les images fixes ou en mouvement sur lesquelles ils pourront\u00a0appara\u00eetre, sur tous les supports, y compris les mat\u00e9riels promotionnels et\/ou publicitaires, dans le monde entier et dans les d\u00e9lais maximum pr\u00e9vus par les lois, les\u00a0r\u00e8glements\u00a0et les trait\u00e9s en vigueur, y compris toute prolongation\u00a0\u00e9ventuelle\u00a0qui pourrait \u00eatre\u00a0apport\u00e9e \u00e0 la\u00a0p\u00e9riode\u00a0initialement\u00a0pr\u00e9vue.<\/p>\n<h3>Organisation<\/h3>\n<p>L\u2019organisation et la titularit\u00e9 de la manifestation sont du<br \/><strong>Comit\u00e9 Organisationnel San Remo Marathon<\/strong><br \/>adresse l\u00e9gale \u00e0 Sanremo chez le bureau Corrent Forghieri \u2013\u00a0corso Garibaldi 131<br \/>avec l\u2019aval de l\u2019<strong>Institut Tethys<\/strong> et l\u2019organisation sportive de la <strong>Asd Pro San Pietro<br \/><\/strong>avec la collaboration de Nyala Wonder Travel d.m.c.<\/p>\n<p>&nbsp;<\/p>\n<p>[\/et_pb_text][\/et_pb_column][\/et_pb_row][\/et_pb_section]<\/p>\n","protected":false},"excerpt":{"rendered":"<p>Le\u00a0Comit\u00e9 organisateur du marathon de San Remo, sous la supervision de l&rsquo;Institut Tethys et gr\u00e2ce \u00e0 l&rsquo;organisation technique de l&rsquo;Association Sportive Pro San Pietro, organise la 10 km non-comp\u00e9titifs San Remo &#8211; Run for the Whales \u00e0 San Remo le samedi 20 JUIN 2026. Ev\u00e9nement\u00a0: 10 km de San Remo &#8211; Run for the Whales [&hellip;]<\/p>\n","protected":false},"author":1,"featured_media":0,"parent":7018,"menu_order":3,"comment_status":"closed","ping_status":"closed","template":"","meta":{"_et_pb_use_builder":"on","_et_pb_old_content":"","_et_gb_content_width":"","footnotes":""},"class_list":["post-2798","page","type-page","status-publish","hentry"],"yoast_head":"<!-- This site is optimized with the Yoast SEO plugin v26.5 - https:\/\/yoast.com\/wordpress\/plugins\/seo\/ -->\n<title>R\u00e8glement 10 km San Remo RUN FOR THE WHALES 2026 Sanremo<\/title>\n<meta name=\"description\" content=\"10 km Sanremo, Reglement de la course. Pour tous les passionn\u00e9s de running. Inscriptions en ligne ouvertes sur le site Run for the Whales\" \/>\n<meta name=\"robots\" content=\"index, follow, max-snippet:-1, max-image-preview:large, max-video-preview:-1\" \/>\n<link rel=\"canonical\" href=\"https:\/\/runforthewhales.it\/fr\/10-km\/reglement-10-km-san-remo\/\" \/>\n<meta property=\"og:locale\" content=\"fr_FR\" \/>\n<meta property=\"og:type\" content=\"article\" \/>\n<meta property=\"og:title\" content=\"R\u00e8glement 10 km San Remo RUN FOR THE WHALES 2026 Sanremo\" \/>\n<meta property=\"og:description\" content=\"10 km Sanremo, Reglement de la course. Pour tous les passionn\u00e9s de running. Inscriptions en ligne ouvertes sur le site Run for the Whales\" \/>\n<meta property=\"og:url\" content=\"https:\/\/runforthewhales.it\/fr\/10-km\/reglement-10-km-san-remo\/\" \/>\n<meta property=\"og:site_name\" content=\"RUN FOR THE WHALES 2026 Sanremo\" \/>\n<meta property=\"article:modified_time\" content=\"2026-04-15T12:27:19+00:00\" \/>\n<meta name=\"twitter:label1\" content=\"Dur\u00e9e de lecture estim\u00e9e\" \/>\n\t<meta name=\"twitter:data1\" content=\"6 minutes\" \/>\n<script type=\"application\/ld+json\" class=\"yoast-schema-graph\">{\"@context\":\"https:\/\/schema.org\",\"@graph\":[{\"@type\":\"WebPage\",\"@id\":\"https:\/\/runforthewhales.it\/fr\/10-km\/reglement-10-km-san-remo\/\",\"url\":\"https:\/\/runforthewhales.it\/fr\/10-km\/reglement-10-km-san-remo\/\",\"name\":\"R\u00e8glement 10 km San Remo RUN FOR THE WHALES 2026 Sanremo\",\"isPartOf\":{\"@id\":\"https:\/\/runforthewhales.it\/#website\"},\"datePublished\":\"2018-01-10T14:49:33+00:00\",\"dateModified\":\"2026-04-15T12:27:19+00:00\",\"description\":\"10 km Sanremo, Reglement de la course. Pour tous les passionn\u00e9s de running. Inscriptions en ligne ouvertes sur le site Run for the Whales\",\"breadcrumb\":{\"@id\":\"https:\/\/runforthewhales.it\/fr\/10-km\/reglement-10-km-san-remo\/#breadcrumb\"},\"inLanguage\":\"fr-FR\",\"potentialAction\":[{\"@type\":\"ReadAction\",\"target\":[\"https:\/\/runforthewhales.it\/fr\/10-km\/reglement-10-km-san-remo\/\"]}]},{\"@type\":\"BreadcrumbList\",\"@id\":\"https:\/\/runforthewhales.it\/fr\/10-km\/reglement-10-km-san-remo\/#breadcrumb\",\"itemListElement\":[{\"@type\":\"ListItem\",\"position\":1,\"name\":\"Home\",\"item\":\"https:\/\/runforthewhales.it\/fr\/\"},{\"@type\":\"ListItem\",\"position\":2,\"name\":\"10 km\",\"item\":\"https:\/\/runforthewhales.it\/fr\/10-km\/\"},{\"@type\":\"ListItem\",\"position\":3,\"name\":\"R\u00e8glement 10 km San Remo\"}]},{\"@type\":\"WebSite\",\"@id\":\"https:\/\/runforthewhales.it\/#website\",\"url\":\"https:\/\/runforthewhales.it\/\",\"name\":\"RUN FOR THE WHALES 2026 Sanremo\",\"description\":\"21K Semi Marathon | 10K Run | 3K Family Run | 20.06.2026\",\"potentialAction\":[{\"@type\":\"SearchAction\",\"target\":{\"@type\":\"EntryPoint\",\"urlTemplate\":\"https:\/\/runforthewhales.it\/?s={search_term_string}\"},\"query-input\":{\"@type\":\"PropertyValueSpecification\",\"valueRequired\":true,\"valueName\":\"search_term_string\"}}],\"inLanguage\":\"fr-FR\"}]}<\/script>\n<!-- \/ Yoast SEO plugin. -->","yoast_head_json":{"title":"R\u00e8glement 10 km San Remo RUN FOR THE WHALES 2026 Sanremo","description":"10 km Sanremo, Reglement de la course. Pour tous les passionn\u00e9s de running. Inscriptions en ligne ouvertes sur le site Run for the Whales","robots":{"index":"index","follow":"follow","max-snippet":"max-snippet:-1","max-image-preview":"max-image-preview:large","max-video-preview":"max-video-preview:-1"},"canonical":"https:\/\/runforthewhales.it\/fr\/10-km\/reglement-10-km-san-remo\/","og_locale":"fr_FR","og_type":"article","og_title":"R\u00e8glement 10 km San Remo RUN FOR THE WHALES 2026 Sanremo","og_description":"10 km Sanremo, Reglement de la course. Pour tous les passionn\u00e9s de running. Inscriptions en ligne ouvertes sur le site Run for the Whales","og_url":"https:\/\/runforthewhales.it\/fr\/10-km\/reglement-10-km-san-remo\/","og_site_name":"RUN FOR THE WHALES 2026 Sanremo","article_modified_time":"2026-04-15T12:27:19+00:00","twitter_misc":{"Dur\u00e9e de lecture estim\u00e9e":"6 minutes"},"schema":{"@context":"https:\/\/schema.org","@graph":[{"@type":"WebPage","@id":"https:\/\/runforthewhales.it\/fr\/10-km\/reglement-10-km-san-remo\/","url":"https:\/\/runforthewhales.it\/fr\/10-km\/reglement-10-km-san-remo\/","name":"R\u00e8glement 10 km San Remo RUN FOR THE WHALES 2026 Sanremo","isPartOf":{"@id":"https:\/\/runforthewhales.it\/#website"},"datePublished":"2018-01-10T14:49:33+00:00","dateModified":"2026-04-15T12:27:19+00:00","description":"10 km Sanremo, Reglement de la course. Pour tous les passionn\u00e9s de running. Inscriptions en ligne ouvertes sur le site Run for the Whales","breadcrumb":{"@id":"https:\/\/runforthewhales.it\/fr\/10-km\/reglement-10-km-san-remo\/#breadcrumb"},"inLanguage":"fr-FR","potentialAction":[{"@type":"ReadAction","target":["https:\/\/runforthewhales.it\/fr\/10-km\/reglement-10-km-san-remo\/"]}]},{"@type":"BreadcrumbList","@id":"https:\/\/runforthewhales.it\/fr\/10-km\/reglement-10-km-san-remo\/#breadcrumb","itemListElement":[{"@type":"ListItem","position":1,"name":"Home","item":"https:\/\/runforthewhales.it\/fr\/"},{"@type":"ListItem","position":2,"name":"10 km","item":"https:\/\/runforthewhales.it\/fr\/10-km\/"},{"@type":"ListItem","position":3,"name":"R\u00e8glement 10 km San Remo"}]},{"@type":"WebSite","@id":"https:\/\/runforthewhales.it\/#website","url":"https:\/\/runforthewhales.it\/","name":"RUN FOR THE WHALES 2026 Sanremo","description":"21K Semi Marathon | 10K Run | 3K Family Run | 20.06.2026","potentialAction":[{"@type":"SearchAction","target":{"@type":"EntryPoint","urlTemplate":"https:\/\/runforthewhales.it\/?s={search_term_string}"},"query-input":{"@type":"PropertyValueSpecification","valueRequired":true,"valueName":"search_term_string"}}],"inLanguage":"fr-FR"}]}},"_links":{"self":[{"href":"https:\/\/runforthewhales.it\/fr\/wp-json\/wp\/v2\/pages\/2798","targetHints":{"allow":["GET"]}}],"collection":[{"href":"https:\/\/runforthewhales.it\/fr\/wp-json\/wp\/v2\/pages"}],"about":[{"href":"https:\/\/runforthewhales.it\/fr\/wp-json\/wp\/v2\/types\/page"}],"author":[{"embeddable":true,"href":"https:\/\/runforthewhales.it\/fr\/wp-json\/wp\/v2\/users\/1"}],"replies":[{"embeddable":true,"href":"https:\/\/runforthewhales.it\/fr\/wp-json\/wp\/v2\/comments?post=2798"}],"version-history":[{"count":29,"href":"https:\/\/runforthewhales.it\/fr\/wp-json\/wp\/v2\/pages\/2798\/revisions"}],"predecessor-version":[{"id":9320,"href":"https:\/\/runforthewhales.it\/fr\/wp-json\/wp\/v2\/pages\/2798\/revisions\/9320"}],"up":[{"embeddable":true,"href":"https:\/\/runforthewhales.it\/fr\/wp-json\/wp\/v2\/pages\/7018"}],"wp:attachment":[{"href":"https:\/\/runforthewhales.it\/fr\/wp-json\/wp\/v2\/media?parent=2798"}],"curies":[{"name":"wp","href":"https:\/\/api.w.org\/{rel}","templated":true}]}}