{"id":2314,"date":"2017-03-29T21:19:43","date_gmt":"2017-03-29T21:19:43","guid":{"rendered":"http:\/\/runforthewhales.it\/wp\/parours\/"},"modified":"2023-05-17T09:40:32","modified_gmt":"2023-05-17T09:40:32","slug":"parours","status":"publish","type":"page","link":"https:\/\/runforthewhales.it\/fr\/10-km\/parours\/","title":{"rendered":"Parcours 10 KM"},"content":{"rendered":"<h2>Le parcours des <strong>10 km de <\/strong><strong>San Remo &#8211; Run for the Whales <\/strong>s&rsquo;\u00e9tend tout le long de la piste pi\u00e9tonne et cycliste du parc c\u00f4tier de la Riviera des Fleurs \u00e0 partir de San Remo \u00e0 San Remo<\/h2>\n<p><img loading=\"lazy\" decoding=\"async\" class=\"aligncenter size-full wp-image-6307\" src=\"https:\/\/runforthewhales.it\/wp-content\/uploads\/2022\/05\/RunfortheWhales-10K-1.jpeg\" alt=\"\" width=\"1600\" height=\"900\" srcset=\"https:\/\/runforthewhales.it\/wp-content\/uploads\/2022\/05\/RunfortheWhales-10K-1.jpeg 1600w, https:\/\/runforthewhales.it\/wp-content\/uploads\/2022\/05\/RunfortheWhales-10K-1-1280x720.jpeg 1280w, https:\/\/runforthewhales.it\/wp-content\/uploads\/2022\/05\/RunfortheWhales-10K-1-980x551.jpeg 980w, https:\/\/runforthewhales.it\/wp-content\/uploads\/2022\/05\/RunfortheWhales-10K-1-480x270.jpeg 480w\" sizes=\"(min-width: 0px) and (max-width: 480px) 480px, (min-width: 481px) and (max-width: 980px) 980px, (min-width: 981px) and (max-width: 1280px) 1280px, (min-width: 1281px) 1600px, 100vw\" \/><\/p>\n<p><strong>La route des 10 km de San Remo &#8211; Run for the Whales est absolument pittoresque, puisqu&rsquo;elle suit l&rsquo;ancien trajet de la ligne de chemin de fer le long de la c\u00f4te, donnant sur la mer \u00e0 perte de vue. C&rsquo;est une course rapide, qui s&rsquo;\u00e9tend presque enti\u00e8rement en ligne droite, avec peu de d\u00e9nivel\u00e9. Le seul inconv\u00e9nient pourrait \u00eatre le vent.<\/strong><\/p>\n<ul>\n<li><strong>D\u00e9but des 10 km : <\/strong>piste\u00a0d&rsquo;athl\u00e9tisme, Pian di Poma,\u00a0San Remo<\/li>\n<li><strong>Parcours : Piste pi\u00e9tonne et cycliste<\/strong> du parc c\u00f4tier de la Riviera des Fleurs<strong>, <\/strong>vers l&rsquo;Est<strong><br \/>\n<\/strong><\/li>\n<li><strong>Retournement de la course\u00a0<\/strong>: Tre Ponti, San Remo<\/li>\n<li><strong>Arriv\u00e9e :\u00a0<\/strong>piste\u00a0d&rsquo;athl\u00e9tisme, Pian di Poma,\u00a0San Remo<\/li>\n<li><strong>Distance\u00a0<\/strong>: quasi 10\u00a0Km, \u00a0distance non homologu\u00e9e<\/li>\n<\/ul>\n<p>&nbsp;<\/p>\n<p><strong>Bureau d&rsquo;accueil &#8211;<\/strong> <strong>Welcome desk<\/strong><br \/>\nPorta della Valle del San Lorenzo<br \/>\nTourist Infopoint<br \/>\nVia Aurelia &#8211; San Lorenzo al Mare<\/p>\n<p>Livraison des sacs :<br \/>\nle v\u00e9hicule de l&rsquo;organisation sera positionn\u00e9 sur Via della Chiesa \u00e0 l&rsquo;angle avec Via Orti \u00e0 partir de 17h30 environ.<\/p>\n<p><strong>D\u00e9part <\/strong>: 18:50<br \/>\nPiste cyclable de San Lorenzo al Mare, ancienne gare ferroviaire<\/p>\n<p><img loading=\"lazy\" decoding=\"async\" class=\"aligncenter wp-image-6462 size-large\" src=\"https:\/\/runforthewhales.it\/wp-content\/uploads\/2022\/06\/RunfortheWhales-21K-partenza-1024x576.jpeg\" alt=\"\" width=\"1024\" height=\"576\" srcset=\"https:\/\/runforthewhales.it\/wp-content\/uploads\/2022\/06\/RunfortheWhales-21K-partenza-980x551.jpeg 980w, https:\/\/runforthewhales.it\/wp-content\/uploads\/2022\/06\/RunfortheWhales-21K-partenza-480x270.jpeg 480w\" sizes=\"(min-width: 0px) and (max-width: 480px) 480px, (min-width: 481px) and (max-width: 980px) 980px, (min-width: 981px) 1024px, 100vw\" \/><\/p>\n","protected":false},"excerpt":{"rendered":"<p>Le parcours des 10 km de San Remo &#8211; Run for the Whales s&rsquo;\u00e9tend tout le long de la piste pi\u00e9tonne et cycliste du parc c\u00f4tier de la Riviera des Fleurs \u00e0 partir de San Remo \u00e0 San Remo La route des 10 km de San Remo &#8211; Run for the Whales est absolument pittoresque, [&hellip;]<\/p>\n","protected":false},"author":1,"featured_media":0,"parent":7018,"menu_order":2,"comment_status":"closed","ping_status":"closed","template":"","meta":{"_et_pb_use_builder":"on","_et_pb_old_content":"","_et_gb_content_width":"","footnotes":""},"class_list":["post-2314","page","type-page","status-publish","hentry"],"yoast_head":"<!-- This site is optimized with the Yoast SEO plugin v27.6 - https:\/\/yoast.com\/product\/yoast-seo-wordpress\/ -->\n<title>Parcours 10 KM RUN FOR THE WHALES 2026 Sanremo<\/title>\n<meta name=\"description\" content=\"Le parcours 10 km de San Remo course \u00e0 San Remo dans la piste du parc c\u00f4tier de la Riviera des Fleurs\" \/>\n<meta name=\"robots\" content=\"index, follow, max-snippet:-1, max-image-preview:large, max-video-preview:-1\" \/>\n<link rel=\"canonical\" href=\"https:\/\/runforthewhales.it\/fr\/10-km\/parours\/\" \/>\n<meta property=\"og:locale\" content=\"fr_FR\" \/>\n<meta property=\"og:type\" content=\"article\" \/>\n<meta property=\"og:title\" content=\"Parcours 10 KM RUN FOR THE WHALES 2026 Sanremo\" \/>\n<meta property=\"og:description\" content=\"Le parcours 10 km de San Remo course \u00e0 San Remo dans la piste du parc c\u00f4tier de la Riviera des Fleurs\" \/>\n<meta property=\"og:url\" content=\"https:\/\/runforthewhales.it\/fr\/10-km\/parours\/\" \/>\n<meta property=\"og:site_name\" content=\"RUN FOR THE WHALES 2026 Sanremo\" \/>\n<meta property=\"article:modified_time\" content=\"2023-05-17T09:40:32+00:00\" \/>\n<meta property=\"og:image\" content=\"https:\/\/runforthewhales.it\/wp-content\/uploads\/2022\/05\/RunfortheWhales-10K-1.jpeg\" \/>\n<meta name=\"twitter:label1\" content=\"Dur\u00e9e de lecture estim\u00e9e\" \/>\n\t<meta name=\"twitter:data1\" content=\"2 minutes\" \/>\n<script type=\"application\/ld+json\" class=\"yoast-schema-graph\">{\"@context\":\"https:\\\/\\\/schema.org\",\"@graph\":[{\"@type\":\"WebPage\",\"@id\":\"https:\\\/\\\/runforthewhales.it\\\/fr\\\/10-km\\\/parours\\\/\",\"url\":\"https:\\\/\\\/runforthewhales.it\\\/fr\\\/10-km\\\/parours\\\/\",\"name\":\"Parcours 10 KM RUN FOR THE WHALES 2026 Sanremo\",\"isPartOf\":{\"@id\":\"https:\\\/\\\/runforthewhales.it\\\/#website\"},\"primaryImageOfPage\":{\"@id\":\"https:\\\/\\\/runforthewhales.it\\\/fr\\\/10-km\\\/parours\\\/#primaryimage\"},\"image\":{\"@id\":\"https:\\\/\\\/runforthewhales.it\\\/fr\\\/10-km\\\/parours\\\/#primaryimage\"},\"thumbnailUrl\":\"https:\\\/\\\/runforthewhales.it\\\/wp-content\\\/uploads\\\/2022\\\/05\\\/RunfortheWhales-10K-1.jpeg\",\"datePublished\":\"2017-03-29T21:19:43+00:00\",\"dateModified\":\"2023-05-17T09:40:32+00:00\",\"description\":\"Le parcours 10 km de San Remo course \u00e0 San Remo dans la piste du parc c\u00f4tier de la Riviera des Fleurs\",\"breadcrumb\":{\"@id\":\"https:\\\/\\\/runforthewhales.it\\\/fr\\\/10-km\\\/parours\\\/#breadcrumb\"},\"inLanguage\":\"fr-FR\",\"potentialAction\":[{\"@type\":\"ReadAction\",\"target\":[\"https:\\\/\\\/runforthewhales.it\\\/fr\\\/10-km\\\/parours\\\/\"]}]},{\"@type\":\"ImageObject\",\"inLanguage\":\"fr-FR\",\"@id\":\"https:\\\/\\\/runforthewhales.it\\\/fr\\\/10-km\\\/parours\\\/#primaryimage\",\"url\":\"https:\\\/\\\/runforthewhales.it\\\/wp-content\\\/uploads\\\/2022\\\/05\\\/RunfortheWhales-10K-1.jpeg\",\"contentUrl\":\"https:\\\/\\\/runforthewhales.it\\\/wp-content\\\/uploads\\\/2022\\\/05\\\/RunfortheWhales-10K-1.jpeg\"},{\"@type\":\"BreadcrumbList\",\"@id\":\"https:\\\/\\\/runforthewhales.it\\\/fr\\\/10-km\\\/parours\\\/#breadcrumb\",\"itemListElement\":[{\"@type\":\"ListItem\",\"position\":1,\"name\":\"Home\",\"item\":\"https:\\\/\\\/runforthewhales.it\\\/fr\\\/\"},{\"@type\":\"ListItem\",\"position\":2,\"name\":\"10 km\",\"item\":\"https:\\\/\\\/runforthewhales.it\\\/fr\\\/10-km\\\/\"},{\"@type\":\"ListItem\",\"position\":3,\"name\":\"Parcours 10 KM\"}]},{\"@type\":\"WebSite\",\"@id\":\"https:\\\/\\\/runforthewhales.it\\\/#website\",\"url\":\"https:\\\/\\\/runforthewhales.it\\\/\",\"name\":\"RUN FOR THE WHALES 2026 Sanremo\",\"description\":\"21K Semi Marathon | 10K Run | 3K Family Run | 20.06.2026\",\"potentialAction\":[{\"@type\":\"SearchAction\",\"target\":{\"@type\":\"EntryPoint\",\"urlTemplate\":\"https:\\\/\\\/runforthewhales.it\\\/?s={search_term_string}\"},\"query-input\":{\"@type\":\"PropertyValueSpecification\",\"valueRequired\":true,\"valueName\":\"search_term_string\"}}],\"inLanguage\":\"fr-FR\"}]}<\/script>\n<!-- \/ Yoast SEO plugin. -->","yoast_head_json":{"title":"Parcours 10 KM RUN FOR THE WHALES 2026 Sanremo","description":"Le parcours 10 km de San Remo course \u00e0 San Remo dans la piste du parc c\u00f4tier de la Riviera des Fleurs","robots":{"index":"index","follow":"follow","max-snippet":"max-snippet:-1","max-image-preview":"max-image-preview:large","max-video-preview":"max-video-preview:-1"},"canonical":"https:\/\/runforthewhales.it\/fr\/10-km\/parours\/","og_locale":"fr_FR","og_type":"article","og_title":"Parcours 10 KM RUN FOR THE WHALES 2026 Sanremo","og_description":"Le parcours 10 km de San Remo course \u00e0 San Remo dans la piste du parc c\u00f4tier de la Riviera des Fleurs","og_url":"https:\/\/runforthewhales.it\/fr\/10-km\/parours\/","og_site_name":"RUN FOR THE WHALES 2026 Sanremo","article_modified_time":"2023-05-17T09:40:32+00:00","og_image":[{"url":"https:\/\/runforthewhales.it\/wp-content\/uploads\/2022\/05\/RunfortheWhales-10K-1.jpeg","type":"","width":"","height":""}],"twitter_misc":{"Dur\u00e9e de lecture estim\u00e9e":"2 minutes"},"schema":{"@context":"https:\/\/schema.org","@graph":[{"@type":"WebPage","@id":"https:\/\/runforthewhales.it\/fr\/10-km\/parours\/","url":"https:\/\/runforthewhales.it\/fr\/10-km\/parours\/","name":"Parcours 10 KM RUN FOR THE WHALES 2026 Sanremo","isPartOf":{"@id":"https:\/\/runforthewhales.it\/#website"},"primaryImageOfPage":{"@id":"https:\/\/runforthewhales.it\/fr\/10-km\/parours\/#primaryimage"},"image":{"@id":"https:\/\/runforthewhales.it\/fr\/10-km\/parours\/#primaryimage"},"thumbnailUrl":"https:\/\/runforthewhales.it\/wp-content\/uploads\/2022\/05\/RunfortheWhales-10K-1.jpeg","datePublished":"2017-03-29T21:19:43+00:00","dateModified":"2023-05-17T09:40:32+00:00","description":"Le parcours 10 km de San Remo course \u00e0 San Remo dans la piste du parc c\u00f4tier de la Riviera des Fleurs","breadcrumb":{"@id":"https:\/\/runforthewhales.it\/fr\/10-km\/parours\/#breadcrumb"},"inLanguage":"fr-FR","potentialAction":[{"@type":"ReadAction","target":["https:\/\/runforthewhales.it\/fr\/10-km\/parours\/"]}]},{"@type":"ImageObject","inLanguage":"fr-FR","@id":"https:\/\/runforthewhales.it\/fr\/10-km\/parours\/#primaryimage","url":"https:\/\/runforthewhales.it\/wp-content\/uploads\/2022\/05\/RunfortheWhales-10K-1.jpeg","contentUrl":"https:\/\/runforthewhales.it\/wp-content\/uploads\/2022\/05\/RunfortheWhales-10K-1.jpeg"},{"@type":"BreadcrumbList","@id":"https:\/\/runforthewhales.it\/fr\/10-km\/parours\/#breadcrumb","itemListElement":[{"@type":"ListItem","position":1,"name":"Home","item":"https:\/\/runforthewhales.it\/fr\/"},{"@type":"ListItem","position":2,"name":"10 km","item":"https:\/\/runforthewhales.it\/fr\/10-km\/"},{"@type":"ListItem","position":3,"name":"Parcours 10 KM"}]},{"@type":"WebSite","@id":"https:\/\/runforthewhales.it\/#website","url":"https:\/\/runforthewhales.it\/","name":"RUN FOR THE WHALES 2026 Sanremo","description":"21K Semi Marathon | 10K Run | 3K Family Run | 20.06.2026","potentialAction":[{"@type":"SearchAction","target":{"@type":"EntryPoint","urlTemplate":"https:\/\/runforthewhales.it\/?s={search_term_string}"},"query-input":{"@type":"PropertyValueSpecification","valueRequired":true,"valueName":"search_term_string"}}],"inLanguage":"fr-FR"}]}},"_links":{"self":[{"href":"https:\/\/runforthewhales.it\/fr\/wp-json\/wp\/v2\/pages\/2314","targetHints":{"allow":["GET"]}}],"collection":[{"href":"https:\/\/runforthewhales.it\/fr\/wp-json\/wp\/v2\/pages"}],"about":[{"href":"https:\/\/runforthewhales.it\/fr\/wp-json\/wp\/v2\/types\/page"}],"author":[{"embeddable":true,"href":"https:\/\/runforthewhales.it\/fr\/wp-json\/wp\/v2\/users\/1"}],"replies":[{"embeddable":true,"href":"https:\/\/runforthewhales.it\/fr\/wp-json\/wp\/v2\/comments?post=2314"}],"version-history":[{"count":15,"href":"https:\/\/runforthewhales.it\/fr\/wp-json\/wp\/v2\/pages\/2314\/revisions"}],"predecessor-version":[{"id":7228,"href":"https:\/\/runforthewhales.it\/fr\/wp-json\/wp\/v2\/pages\/2314\/revisions\/7228"}],"up":[{"embeddable":true,"href":"https:\/\/runforthewhales.it\/fr\/wp-json\/wp\/v2\/pages\/7018"}],"wp:attachment":[{"href":"https:\/\/runforthewhales.it\/fr\/wp-json\/wp\/v2\/media?parent=2314"}],"curies":[{"name":"wp","href":"https:\/\/api.w.org\/{rel}","templated":true}]}}