{"id":1878,"date":"2016-04-21T04:58:12","date_gmt":"2016-04-21T04:58:12","guid":{"rendered":"http:\/\/runforthewhales.it\/wp\/fr\/la-course\/programme-de-la-course\/"},"modified":"2025-06-12T10:45:30","modified_gmt":"2025-06-12T10:45:30","slug":"programme-de-la-course","status":"publish","type":"page","link":"https:\/\/runforthewhales.it\/fr\/run\/programme-de-la-course\/","title":{"rendered":"Programme des courses"},"content":{"rendered":"<p>[et_pb_section fb_built=\u00a0\u00bb1&Prime; admin_label=\u00a0\u00bbsection\u00a0\u00bb _builder_version=\u00a0\u00bb4.16&Prime; global_colors_info=\u00a0\u00bb{}\u00a0\u00bb][et_pb_row admin_label=\u00a0\u00bbrow\u00a0\u00bb _builder_version=\u00a0\u00bb4.16&Prime; background_size=\u00a0\u00bbinitial\u00a0\u00bb background_position=\u00a0\u00bbtop_left\u00a0\u00bb background_repeat=\u00a0\u00bbrepeat\u00a0\u00bb global_colors_info=\u00a0\u00bb{}\u00a0\u00bb][et_pb_column type=\u00a0\u00bb4_4&Prime; _builder_version=\u00a0\u00bb4.16&Prime; custom_padding=\u00a0\u00bb|||\u00a0\u00bb global_colors_info=\u00a0\u00bb{}\u00a0\u00bb custom_padding__hover=\u00a0\u00bb|||\u00a0\u00bb][et_pb_text admin_label=\u00a0\u00bbText\u00a0\u00bb _builder_version=\u00a0\u00bb4.27.4&Prime; background_size=\u00a0\u00bbinitial\u00a0\u00bb background_position=\u00a0\u00bbtop_left\u00a0\u00bb background_repeat=\u00a0\u00bbrepeat\u00a0\u00bb global_colors_info=\u00a0\u00bb{}\u00a0\u00bb]<\/p>\n<h1>Le programme des courses<br \/>RUN FOR THE WHALES 2025<\/h1>\n<p>[\/et_pb_text][et_pb_text _builder_version=\u00a0\u00bb4.27.4&Prime; _module_preset=\u00a0\u00bbdefault\u00a0\u00bb text_text_color=\u00a0\u00bb#EDF000&Prime; header_3_text_color=\u00a0\u00bb#EDF000&Prime; background_color=\u00a0\u00bb#E02B20&Prime; locked=\u00a0\u00bboff\u00a0\u00bb global_colors_info=\u00a0\u00bb{}\u00a0\u00bb]<\/p>\n<h3 style=\"text-align: center;\"><strong>ATTENTION<\/strong><\/h3>\n<h3 style=\"text-align: center;\"><strong>MODIFICATION DU PARCOURS DU SEMI-MARATHON 21 KM<\/strong><\/h3>\n<p style=\"text-align: center;\">La r\u00e9gion Ligurie a annonc\u00e9 que les travaux de d\u00e9molition et de reconstruction du pont sur le torrent Argentina commenceront le 3 juin, entra\u00eenant l\u2019interruption de la piste cyclable entre Taggia et Riva Ligure.<br data-start=\"2600\" data-end=\"2603\" \/>Le Comit\u00e9 Organisateur de la Sanremo Marathon travaille actuellement \u00e0 l\u2019\u00e9laboration d\u2019un parcours alternatif et a d\u00e9j\u00e0 demand\u00e9 l\u2019homologation officielle \u00e0 la F\u00e9d\u00e9ration Italienne d\u2019Athl\u00e9tisme.<\/p>\n<p style=\"text-align: center;\"><strong>Le nouveau parcours du semi-marathon pr\u00e9voit :<\/strong><\/p>\n<p style=\"text-align: center;\" data-start=\"2850\" data-end=\"2947\">D\u00e9part du Stade d\u2019Athl\u00e9tisme de Sanremo \u2013 Strada Grande Torino (au lieu de San Lorenzo al Mare)<\/p>\n<p style=\"text-align: center;\" data-start=\"2950\" data-end=\"3009\">Trac\u00e9 le long de la piste cyclable jusqu\u2019\u00e0 Arma di Taggia<\/p>\n<p style=\"text-align: center;\" data-start=\"3012\" data-end=\"3023\">Demi-tour<\/p>\n<p style=\"text-align: center;\" data-start=\"3026\" data-end=\"3086\">Retour sur la piste cyclable jusqu\u2019au tunnel d\u2019Ospedaletti<\/p>\n<p style=\"text-align: center;\" data-start=\"3089\" data-end=\"3100\">Demi-tour<\/p>\n<p style=\"text-align: center;\" data-start=\"3103\" data-end=\"3143\">Arriv\u00e9e au Stade d\u2019Athl\u00e9tisme de Sanremo<\/p>\n<p>[\/et_pb_text][et_pb_text admin_label=\u00a0\u00bbText\u00a0\u00bb _builder_version=\u00a0\u00bb4.27.4&Prime; background_size=\u00a0\u00bbinitial\u00a0\u00bb background_position=\u00a0\u00bbtop_left\u00a0\u00bb background_repeat=\u00a0\u00bbrepeat\u00a0\u00bb global_colors_info=\u00a0\u00bb{}\u00a0\u00bb]<\/p>\n<h1><img loading=\"lazy\" decoding=\"async\" class=\"aligncenter size-full wp-image-6549\" src=\"https:\/\/runforthewhales.it\/wp-content\/uploads\/2022\/06\/RFTW-Campo-di-atletica_Mod.jpg\" alt=\"\" width=\"1600\" height=\"900\" srcset=\"https:\/\/runforthewhales.it\/wp-content\/uploads\/2022\/06\/RFTW-Campo-di-atletica_Mod.jpg 1600w, https:\/\/runforthewhales.it\/wp-content\/uploads\/2022\/06\/RFTW-Campo-di-atletica_Mod-1280x720.jpg 1280w, https:\/\/runforthewhales.it\/wp-content\/uploads\/2022\/06\/RFTW-Campo-di-atletica_Mod-980x551.jpg 980w, https:\/\/runforthewhales.it\/wp-content\/uploads\/2022\/06\/RFTW-Campo-di-atletica_Mod-480x270.jpg 480w\" sizes=\"(min-width: 0px) and (max-width: 480px) 480px, (min-width: 481px) and (max-width: 980px) 980px, (min-width: 981px) and (max-width: 1280px) 1280px, (min-width: 1281px) 1600px, 100vw\" \/><\/h1>\n<h3>Vendredi 20 juin 2025<\/h3>\n<p>de 14h30 \u00e0 18h<br \/><span style=\"font-size: 14pt; color: #0000ff;\">Sanremo, champs d&rsquo;athl\u00e9tisme Pian di Poma<\/span><br \/><strong>Inscription (Semi Marathon, 10km et Family run)<br \/>Ramassage des dossards de course<br \/>Distribution des trousses de course<\/strong><\/p>\n<h3>Samedi 21 JUIN 2025<\/h3>\n<p>de 10h \u00e0 13h<br \/><span style=\"font-size: 14pt; color: #0000ff;\">Sanremo, champs d&rsquo;athl\u00e9tisme Pian di Poma<\/span><br \/><strong>Inscription (10km et Family run) <\/strong>Il ne sera pas possible de s&rsquo;inscrire au Semi Marathon<strong><br \/><strong>Ramassage des dossards de course<br \/>Distribution des trousses de course<\/strong><\/strong><\/p>\n<p>de 14:00 \u00e0 16:00<br \/><span style=\"font-size: 14pt; color: #0000ff;\">Sanremo, champs d&rsquo;athl\u00e9tisme Pian di Poma<\/span><strong><br \/>Ramassage des dossards de course<br \/>Distribution des trousses de course<\/strong><\/p>\n<p>17h45 \u2013 Sanremo, champs d&rsquo;athl\u00e9tisme Pian di Poma<br \/><span style=\"color: #3366ff; font-size: 14pt;\"><strong>D\u00e9part de la Run for the Whales Sanremo 10 km &amp; Family Run<\/strong><\/span><span style=\"color: #3366ff; font-size: 14pt;\"><strong><\/strong><\/span><\/p>\n<p>19h15 \u2013 San Lorenzo al Mare, ancienne Gare de Trains<br \/><span style=\"color: #3366ff; font-size: 14pt;\"><strong>D\u00e9part de la Run for the Whales Sanremo Half Marathon<\/strong><\/span><\/p>\n<p>21h00 \u2013 Sanremo, champs d&rsquo;athl\u00e9tisme Pian di Poma<br \/><strong>Remise des prix<\/strong><br \/>La c\u00e9r\u00e9monie de remise des prix aux vainqueurs des trois courses aura lieu \u00e0 l&rsquo;issue du podium du semi-marathon hommes et femmes.<\/p>\n<p>Il sera possible de retirer le dipl\u00f4me de podium de la cat\u00e9gorie semi-marathon et de prendre une photo souvenir pr\u00e8s de la remise des prix jusqu&rsquo;\u00e0 ce que le temps limite de la course soit atteint.<\/p>\n<p>[\/et_pb_text][\/et_pb_column][\/et_pb_row][\/et_pb_section]<\/p>\n","protected":false},"excerpt":{"rendered":"<p>Le programme des coursesRUN FOR THE WHALES 2025ATTENTION MODIFICATION DU PARCOURS DU SEMI-MARATHON 21 KM La r\u00e9gion Ligurie a annonc\u00e9 que les travaux de d\u00e9molition et de reconstruction du pont sur le torrent Argentina commenceront le 3 juin, entra\u00eenant l\u2019interruption de la piste cyclable entre Taggia et Riva Ligure.Le Comit\u00e9 Organisateur de la Sanremo Marathon [&hellip;]<\/p>\n","protected":false},"author":1,"featured_media":0,"parent":467,"menu_order":0,"comment_status":"closed","ping_status":"closed","template":"","meta":{"_et_pb_use_builder":"on","_et_pb_old_content":"<h2>Programma gare podistiche<\/h2>\r\n<h4><\/h4>\r\n<h4>Venerdi, 22 giugno 2018<\/h4>\r\nSanremo - luogo da definire\r\ndalle 09 alle 19\r\n<strong>Iscrizioni\u00a0(Half Marathon, 10 km e Family Run)\r\nRitiro pettorali e consegna pacchi gara\u00a0(Half Marathon, 10 km e Family Run)<\/strong>\r\n<h4>Sabato, 23 giugno 2018<\/h4>\r\nSanremo - luogo da definire\r\ndalle 09 alle 13.00\r\n<strong>Iscrizioni sul posto\u00a0(Family Run)\r\nRitiro pettorali\u00a0(Half Marathon, 10 km fino alle 13.00)<\/strong>\r\n<strong>Consegna pacchi gara\u00a0(Half Marathon, 10 km e Family Run)<\/strong>\r\n\r\nPresso Marina di San Lorenzo: Sanremo Half Marathon - Run for the Whales\r\ndalle 14 alle 17.30\r\n<strong>Ritiro pettorali (Half Marathon)<\/strong>\r\n\r\nPresso Arma (Taggia): Sanremo 10 km - Run for the Whales\r\ndalle 14 alle 17.30\r\n<strong>Iscrizioni sul posto (10 km)\r\nRitiro pettorali (10 km)<\/strong>\r\n\r\n18.30\u00a0\u2013 Sanremo,\u00a0Bar Sud Est\r\n<strong>Partenza Sanremo Family Run - Run for the Whales \u00a0 \u00a0 \u00a0\u00a0<\/strong>\r\n\r\n18.30 \u2013 Arma (Taggia),\u00a0Via Queirolo\r\n<strong>Partenza Sanremo 10 km - Run for the Whales\r\n<\/strong>\r\n\r\n18.30\u00a0\u2013\u00a0Marina di San Lorenzo\r\n<strong>Partenza Sanremo Half Marathon\u00a0- Run for the Whales \u00a0<\/strong>\r\n\r\n21.00\u00a0\u2013 Sanremo\r\n<strong>Premiazione<\/strong>","_et_gb_content_width":"","footnotes":""},"class_list":["post-1878","page","type-page","status-publish","hentry"],"yoast_head":"<!-- This site is optimized with the Yoast SEO plugin v27.6 - https:\/\/yoast.com\/product\/yoast-seo-wordpress\/ -->\n<title>Programme des courses RUN FOR THE WHALES 2026 Sanremo<\/title>\n<meta name=\"description\" content=\"Programme des courses RUN FOR THE WHALES 2026 Sanremo r\u00e9coltant des fonds destin\u00e9s \u00e0 leur protection et \u00e0 la recherche scientifique du Sanctuaire Pelagos\" \/>\n<meta name=\"robots\" content=\"index, follow, max-snippet:-1, max-image-preview:large, max-video-preview:-1\" \/>\n<link rel=\"canonical\" href=\"https:\/\/runforthewhales.it\/fr\/run\/programme-de-la-course\/\" \/>\n<meta property=\"og:locale\" content=\"fr_FR\" \/>\n<meta property=\"og:type\" content=\"article\" \/>\n<meta property=\"og:title\" content=\"Programme des courses RUN FOR THE WHALES 2026 Sanremo\" \/>\n<meta property=\"og:description\" content=\"Programme des courses RUN FOR THE WHALES 2026 Sanremo r\u00e9coltant des fonds destin\u00e9s \u00e0 leur protection et \u00e0 la recherche scientifique du Sanctuaire Pelagos\" \/>\n<meta property=\"og:url\" content=\"https:\/\/runforthewhales.it\/fr\/run\/programme-de-la-course\/\" \/>\n<meta property=\"og:site_name\" content=\"RUN FOR THE WHALES 2026 Sanremo\" \/>\n<meta property=\"article:modified_time\" content=\"2025-06-12T10:45:30+00:00\" \/>\n<meta property=\"og:image\" content=\"https:\/\/runforthewhales.it\/wp-content\/uploads\/2022\/06\/RFTW-Campo-di-atletica_Mod.jpg\" \/>\n\t<meta property=\"og:image:width\" content=\"1600\" \/>\n\t<meta property=\"og:image:height\" content=\"900\" \/>\n\t<meta property=\"og:image:type\" content=\"image\/jpeg\" \/>\n<meta name=\"twitter:label1\" content=\"Dur\u00e9e de lecture estim\u00e9e\" \/>\n\t<meta name=\"twitter:data1\" content=\"2 minutes\" \/>\n<script type=\"application\/ld+json\" class=\"yoast-schema-graph\">{\"@context\":\"https:\\\/\\\/schema.org\",\"@graph\":[{\"@type\":\"WebPage\",\"@id\":\"https:\\\/\\\/runforthewhales.it\\\/fr\\\/run\\\/programme-de-la-course\\\/\",\"url\":\"https:\\\/\\\/runforthewhales.it\\\/fr\\\/run\\\/programme-de-la-course\\\/\",\"name\":\"Programme des courses RUN FOR THE WHALES 2026 Sanremo\",\"isPartOf\":{\"@id\":\"https:\\\/\\\/runforthewhales.it\\\/#website\"},\"primaryImageOfPage\":{\"@id\":\"https:\\\/\\\/runforthewhales.it\\\/fr\\\/run\\\/programme-de-la-course\\\/#primaryimage\"},\"image\":{\"@id\":\"https:\\\/\\\/runforthewhales.it\\\/fr\\\/run\\\/programme-de-la-course\\\/#primaryimage\"},\"thumbnailUrl\":\"https:\\\/\\\/runforthewhales.it\\\/wp-content\\\/uploads\\\/2022\\\/06\\\/RFTW-Campo-di-atletica_Mod.jpg\",\"datePublished\":\"2016-04-21T04:58:12+00:00\",\"dateModified\":\"2025-06-12T10:45:30+00:00\",\"description\":\"Programme des courses RUN FOR THE WHALES 2026 Sanremo r\u00e9coltant des fonds destin\u00e9s \u00e0 leur protection et \u00e0 la recherche scientifique du Sanctuaire Pelagos\",\"breadcrumb\":{\"@id\":\"https:\\\/\\\/runforthewhales.it\\\/fr\\\/run\\\/programme-de-la-course\\\/#breadcrumb\"},\"inLanguage\":\"fr-FR\",\"potentialAction\":[{\"@type\":\"ReadAction\",\"target\":[\"https:\\\/\\\/runforthewhales.it\\\/fr\\\/run\\\/programme-de-la-course\\\/\"]}]},{\"@type\":\"ImageObject\",\"inLanguage\":\"fr-FR\",\"@id\":\"https:\\\/\\\/runforthewhales.it\\\/fr\\\/run\\\/programme-de-la-course\\\/#primaryimage\",\"url\":\"https:\\\/\\\/runforthewhales.it\\\/wp-content\\\/uploads\\\/2022\\\/06\\\/RFTW-Campo-di-atletica_Mod.jpg\",\"contentUrl\":\"https:\\\/\\\/runforthewhales.it\\\/wp-content\\\/uploads\\\/2022\\\/06\\\/RFTW-Campo-di-atletica_Mod.jpg\"},{\"@type\":\"BreadcrumbList\",\"@id\":\"https:\\\/\\\/runforthewhales.it\\\/fr\\\/run\\\/programme-de-la-course\\\/#breadcrumb\",\"itemListElement\":[{\"@type\":\"ListItem\",\"position\":1,\"name\":\"Home\",\"item\":\"https:\\\/\\\/runforthewhales.it\\\/fr\\\/\"},{\"@type\":\"ListItem\",\"position\":2,\"name\":\"Run for the Whales\",\"item\":\"https:\\\/\\\/runforthewhales.it\\\/fr\\\/run\\\/\"},{\"@type\":\"ListItem\",\"position\":3,\"name\":\"Programme des courses\"}]},{\"@type\":\"WebSite\",\"@id\":\"https:\\\/\\\/runforthewhales.it\\\/#website\",\"url\":\"https:\\\/\\\/runforthewhales.it\\\/\",\"name\":\"RUN FOR THE WHALES 2026 Sanremo\",\"description\":\"21K Semi Marathon | 10K Run | 3K Family Run | 20.06.2026\",\"potentialAction\":[{\"@type\":\"SearchAction\",\"target\":{\"@type\":\"EntryPoint\",\"urlTemplate\":\"https:\\\/\\\/runforthewhales.it\\\/?s={search_term_string}\"},\"query-input\":{\"@type\":\"PropertyValueSpecification\",\"valueRequired\":true,\"valueName\":\"search_term_string\"}}],\"inLanguage\":\"fr-FR\"}]}<\/script>\n<!-- \/ Yoast SEO plugin. -->","yoast_head_json":{"title":"Programme des courses RUN FOR THE WHALES 2026 Sanremo","description":"Programme des courses RUN FOR THE WHALES 2026 Sanremo r\u00e9coltant des fonds destin\u00e9s \u00e0 leur protection et \u00e0 la recherche scientifique du Sanctuaire Pelagos","robots":{"index":"index","follow":"follow","max-snippet":"max-snippet:-1","max-image-preview":"max-image-preview:large","max-video-preview":"max-video-preview:-1"},"canonical":"https:\/\/runforthewhales.it\/fr\/run\/programme-de-la-course\/","og_locale":"fr_FR","og_type":"article","og_title":"Programme des courses RUN FOR THE WHALES 2026 Sanremo","og_description":"Programme des courses RUN FOR THE WHALES 2026 Sanremo r\u00e9coltant des fonds destin\u00e9s \u00e0 leur protection et \u00e0 la recherche scientifique du Sanctuaire Pelagos","og_url":"https:\/\/runforthewhales.it\/fr\/run\/programme-de-la-course\/","og_site_name":"RUN FOR THE WHALES 2026 Sanremo","article_modified_time":"2025-06-12T10:45:30+00:00","og_image":[{"width":1600,"height":900,"url":"https:\/\/runforthewhales.it\/wp-content\/uploads\/2022\/06\/RFTW-Campo-di-atletica_Mod.jpg","type":"image\/jpeg"}],"twitter_misc":{"Dur\u00e9e de lecture estim\u00e9e":"2 minutes"},"schema":{"@context":"https:\/\/schema.org","@graph":[{"@type":"WebPage","@id":"https:\/\/runforthewhales.it\/fr\/run\/programme-de-la-course\/","url":"https:\/\/runforthewhales.it\/fr\/run\/programme-de-la-course\/","name":"Programme des courses RUN FOR THE WHALES 2026 Sanremo","isPartOf":{"@id":"https:\/\/runforthewhales.it\/#website"},"primaryImageOfPage":{"@id":"https:\/\/runforthewhales.it\/fr\/run\/programme-de-la-course\/#primaryimage"},"image":{"@id":"https:\/\/runforthewhales.it\/fr\/run\/programme-de-la-course\/#primaryimage"},"thumbnailUrl":"https:\/\/runforthewhales.it\/wp-content\/uploads\/2022\/06\/RFTW-Campo-di-atletica_Mod.jpg","datePublished":"2016-04-21T04:58:12+00:00","dateModified":"2025-06-12T10:45:30+00:00","description":"Programme des courses RUN FOR THE WHALES 2026 Sanremo r\u00e9coltant des fonds destin\u00e9s \u00e0 leur protection et \u00e0 la recherche scientifique du Sanctuaire Pelagos","breadcrumb":{"@id":"https:\/\/runforthewhales.it\/fr\/run\/programme-de-la-course\/#breadcrumb"},"inLanguage":"fr-FR","potentialAction":[{"@type":"ReadAction","target":["https:\/\/runforthewhales.it\/fr\/run\/programme-de-la-course\/"]}]},{"@type":"ImageObject","inLanguage":"fr-FR","@id":"https:\/\/runforthewhales.it\/fr\/run\/programme-de-la-course\/#primaryimage","url":"https:\/\/runforthewhales.it\/wp-content\/uploads\/2022\/06\/RFTW-Campo-di-atletica_Mod.jpg","contentUrl":"https:\/\/runforthewhales.it\/wp-content\/uploads\/2022\/06\/RFTW-Campo-di-atletica_Mod.jpg"},{"@type":"BreadcrumbList","@id":"https:\/\/runforthewhales.it\/fr\/run\/programme-de-la-course\/#breadcrumb","itemListElement":[{"@type":"ListItem","position":1,"name":"Home","item":"https:\/\/runforthewhales.it\/fr\/"},{"@type":"ListItem","position":2,"name":"Run for the Whales","item":"https:\/\/runforthewhales.it\/fr\/run\/"},{"@type":"ListItem","position":3,"name":"Programme des courses"}]},{"@type":"WebSite","@id":"https:\/\/runforthewhales.it\/#website","url":"https:\/\/runforthewhales.it\/","name":"RUN FOR THE WHALES 2026 Sanremo","description":"21K Semi Marathon | 10K Run | 3K Family Run | 20.06.2026","potentialAction":[{"@type":"SearchAction","target":{"@type":"EntryPoint","urlTemplate":"https:\/\/runforthewhales.it\/?s={search_term_string}"},"query-input":{"@type":"PropertyValueSpecification","valueRequired":true,"valueName":"search_term_string"}}],"inLanguage":"fr-FR"}]}},"_links":{"self":[{"href":"https:\/\/runforthewhales.it\/fr\/wp-json\/wp\/v2\/pages\/1878","targetHints":{"allow":["GET"]}}],"collection":[{"href":"https:\/\/runforthewhales.it\/fr\/wp-json\/wp\/v2\/pages"}],"about":[{"href":"https:\/\/runforthewhales.it\/fr\/wp-json\/wp\/v2\/types\/page"}],"author":[{"embeddable":true,"href":"https:\/\/runforthewhales.it\/fr\/wp-json\/wp\/v2\/users\/1"}],"replies":[{"embeddable":true,"href":"https:\/\/runforthewhales.it\/fr\/wp-json\/wp\/v2\/comments?post=1878"}],"version-history":[{"count":50,"href":"https:\/\/runforthewhales.it\/fr\/wp-json\/wp\/v2\/pages\/1878\/revisions"}],"predecessor-version":[{"id":8920,"href":"https:\/\/runforthewhales.it\/fr\/wp-json\/wp\/v2\/pages\/1878\/revisions\/8920"}],"up":[{"embeddable":true,"href":"https:\/\/runforthewhales.it\/fr\/wp-json\/wp\/v2\/pages\/467"}],"wp:attachment":[{"href":"https:\/\/runforthewhales.it\/fr\/wp-json\/wp\/v2\/media?parent=1878"}],"curies":[{"name":"wp","href":"https:\/\/api.w.org\/{rel}","templated":true}]}}