{"id":1806,"date":"2016-04-08T13:28:41","date_gmt":"2016-04-08T13:28:41","guid":{"rendered":"http:\/\/runforthewhales.it\/wp\/fr\/?page_id=1806"},"modified":"2021-05-05T15:14:58","modified_gmt":"2021-05-05T15:14:58","slug":"1806-2","status":"publish","type":"page","link":"https:\/\/runforthewhales.it\/fr\/1806-2\/","title":{"rendered":"Tethys"},"content":{"rendered":"<p><img loading=\"lazy\" decoding=\"async\" class=\"size-thumbnail wp-image-2301 aligncenter\" src=\"https:\/\/runforthewhales.it\/wp-content\/uploads\/2016\/02\/logo-tethys-150x150.jpg\" alt=\"\" width=\"150\" height=\"150\" \/><\/p>\n<p><a href=\"https:\/\/www.tethys.org\" target=\"_blank\" rel=\"noopener\">Tethys<\/a> est une organisation \u00e0 but non-lucratif d\u00e9di\u00e9 \u00e0 la protection de l\u2019environnement marin \u00e0 travers la recherche scientifique et a sensibilisation du grand public. L\u2019Institut fut fond\u00e9 en 1986 par Giuseppe Notarbartolo di Sciara et Egidio Gavazzi, et son si\u00e8ge social se trouve actuellement \u00e0 l\u2019Aquarium Civique de Milan.<\/p>\n<p>D\u00e8s sa cr\u00e9ation, Tethys ha promu des activit\u00e9s de recherche et de protection des mammif\u00e8res marins, en particulier des c\u00e9tac\u00e9s (baleines et dauphins) et du phoque moine de la M\u00e9diterran\u00e9e, une esp\u00e8ce en danger critique d\u2019extinction, ainsi que des raies et des tortues. Les activit\u00e9s de recherche se d\u00e9roulent en grande partie en M\u00e9diterran\u00e9e, mais elles ont \u00e9galement \u00e9t\u00e9 men\u00e9es en Mer Noire, dans l\u2019Atlantique Nord, dans les Cara\u00efbes, en Mer Rouge et en Antarctique. En presque trente ans de travail, Tethys a produit une des plus grandes bases de donn\u00e9es sur les c\u00e9tac\u00e9s de M\u00e9diterran\u00e9e (<a href=\"https:\/\/seamap.env.duke.edu\/\" target=\"_blank\" rel=\"noopener\">disponible en ligne<\/a>), communiquant ainsi les r\u00e9sultats de ses recherches dans le cadre d\u2019une vaste gamme de congr\u00e8s, conf\u00e9rences et s\u00e9minaires, en plus des centaines de publications scientifiques \u00e0 son actif.<\/p>\n<p>De par son statut, l\u2019objectif principal de Tethys est la protection de l\u2019environnement marin en apportant des connaissances scientifiques aux politiques et aux mesures de gestion de l\u2019environnement et de protection des esp\u00e8ces, et en participant au processus international de conservation en apportant son soutien \u00e0 des organisations telles que la Convention sur la Diversit\u00e9 Biologique (CBD), la Convention sur la conservation des Esp\u00e8ces Migratoires (<a href=\"https:\/\/www.cms.int\/\" target=\"_blank\" rel=\"noopener\">CMS<\/a>), la <a href=\"https:\/\/www.unepmap.org\/index.php?module=content2&amp;catid=001001004\" target=\"_blank\" rel=\"noopener\">Convention de Barcelone<\/a> pour la Protection de la M\u00e9diterran\u00e9e, l\u2019Accord sur la Conservation des C\u00e9tac\u00e9s de la Mer Noire, de la Mer M\u00e9diterran\u00e9e et de la zone Atlantique adjacente (<a href=\"https:\/\/accobams.org\/\" target=\"_blank\" rel=\"noopener\">ACCOBAMS<\/a>), l\u2019Union Internationale pour la Conservation de la Nature (<a href=\"https:\/\/www.iucn.org\/\">UICN<\/a>) et la Commission Baleini\u00e8re Internationale (CBI). Conform\u00e9ment \u00e0 ces objectifs politiques, Tethys fut le premier \u00e0 proposer en 1991 au sein du bassin Corso-Liguro-Proven\u00e7al la cr\u00e9ation d\u2019une aire prot\u00e9g\u00e9e embl\u00e9matique\u00a0: le <a href=\"https:\/\/www.sanctuaire-pelagos.org\/en\/home\/66-anglais\/uncategorised\/254-presentation-of-the-pelagos-sanctuary\" target=\"_blank\" rel=\"noopener\">Sanctuaire Pelagos<\/a> pour les Mammif\u00e8res Marins en M\u00e9diterran\u00e9e, le premier au monde \u00e0 \u00eatre institu\u00e9 au-del\u00e0 des juridictions nationales. Tethys assure le suivi des huit esp\u00e8ces de c\u00e9tac\u00e9s qui peuplent ses eaux depuis 1990.<\/p>\n<p>Une autre contribution importante de Tethys \u00e0 la conservation du milieu marin est la sensibilisation du public au travers d\u2019une pr\u00e9sence sur les m\u00e9dias sociaux, dans les journaux et \u00e0 la t\u00e9l\u00e9vision, en plus de l\u2019implication de milliers de personnes en provenance du monde entier au sein de ses activit\u00e9s, en tant que b\u00e9n\u00e9voles pour la recherche. Ayant d\u00e9but\u00e9 en 1987, la <a href=\"https:\/\/www.tethys.org\/\" target=\"_blank\" rel=\"noopener\">collaboration entre Tethys et les b\u00e9n\u00e9voles<\/a> rel\u00e8ve de l\u2019implication dans la recherche (croisi\u00e8res sur le terrain), ainsi que de programmes de \u00ab\u00a0science\u00a0citoyenne \u00bb des plus anciens au monde.<\/p>\n<p>Le financement des activit\u00e9s de Tethys provient de sources gouvernementales, de dons priv\u00e9s, de programmes de financements de la Commission Europ\u00e9enne, et de la contribution des b\u00e9n\u00e9voles de recherche. L\u2019institut op\u00e8re gr\u00e2ce \u00e0 une trentaine de collaborateurs.<\/p>\n","protected":false},"excerpt":{"rendered":"<p>Tethys est une organisation \u00e0 but non-lucratif d\u00e9di\u00e9 \u00e0 la protection de l\u2019environnement marin \u00e0 travers la recherche scientifique et a sensibilisation du grand public. L\u2019Institut fut fond\u00e9 en 1986 par Giuseppe Notarbartolo di Sciara et Egidio Gavazzi, et son si\u00e8ge social se trouve actuellement \u00e0 l\u2019Aquarium Civique de Milan. D\u00e8s sa cr\u00e9ation, Tethys ha [&hellip;]<\/p>\n","protected":false},"author":1,"featured_media":0,"parent":0,"menu_order":0,"comment_status":"closed","ping_status":"closed","template":"","meta":{"_et_pb_use_builder":"","_et_pb_old_content":"","_et_gb_content_width":"","footnotes":""},"class_list":["post-1806","page","type-page","status-publish","hentry"],"yoast_head":"<!-- This site is optimized with the Yoast SEO plugin v26.5 - https:\/\/yoast.com\/wordpress\/plugins\/seo\/ -->\n<title>Tethys RUN FOR THE WHALES 2026 Sanremo<\/title>\n<meta name=\"robots\" content=\"index, follow, max-snippet:-1, max-image-preview:large, max-video-preview:-1\" \/>\n<link rel=\"canonical\" href=\"https:\/\/runforthewhales.it\/partners\/istituto-tethys\/\" \/>\n<meta property=\"og:locale\" content=\"fr_FR\" \/>\n<meta property=\"og:type\" content=\"article\" \/>\n<meta property=\"og:title\" content=\"Tethys RUN FOR THE WHALES 2026 Sanremo\" \/>\n<meta property=\"og:description\" content=\"Tethys est une organisation \u00e0 but non-lucratif d\u00e9di\u00e9 \u00e0 la protection de l\u2019environnement marin \u00e0 travers la recherche scientifique et a sensibilisation du grand public. L\u2019Institut fut fond\u00e9 en 1986 par Giuseppe Notarbartolo di Sciara et Egidio Gavazzi, et son si\u00e8ge social se trouve actuellement \u00e0 l\u2019Aquarium Civique de Milan. D\u00e8s sa cr\u00e9ation, Tethys ha [&hellip;]\" \/>\n<meta property=\"og:url\" content=\"https:\/\/runforthewhales.it\/partners\/istituto-tethys\/\" \/>\n<meta property=\"og:site_name\" content=\"RUN FOR THE WHALES 2026 Sanremo\" \/>\n<meta property=\"article:modified_time\" content=\"2021-05-05T15:14:58+00:00\" \/>\n<meta property=\"og:image\" content=\"https:\/\/runforthewhales.it\/wp-content\/uploads\/2016\/02\/logo-tethys-150x150.jpg\" \/>\n<meta name=\"twitter:label1\" content=\"Dur\u00e9e de lecture estim\u00e9e\" \/>\n\t<meta name=\"twitter:data1\" content=\"3 minutes\" \/>\n<script type=\"application\/ld+json\" class=\"yoast-schema-graph\">{\"@context\":\"https:\/\/schema.org\",\"@graph\":[{\"@type\":\"WebPage\",\"@id\":\"https:\/\/runforthewhales.it\/partners\/istituto-tethys\/\",\"url\":\"https:\/\/runforthewhales.it\/partners\/istituto-tethys\/\",\"name\":\"Tethys RUN FOR THE WHALES 2026 Sanremo\",\"isPartOf\":{\"@id\":\"https:\/\/runforthewhales.it\/#website\"},\"primaryImageOfPage\":{\"@id\":\"https:\/\/runforthewhales.it\/partners\/istituto-tethys\/#primaryimage\"},\"image\":{\"@id\":\"https:\/\/runforthewhales.it\/partners\/istituto-tethys\/#primaryimage\"},\"thumbnailUrl\":\"https:\/\/runforthewhales.it\/wp-content\/uploads\/2016\/02\/logo-tethys-150x150.jpg\",\"datePublished\":\"2016-04-08T13:28:41+00:00\",\"dateModified\":\"2021-05-05T15:14:58+00:00\",\"breadcrumb\":{\"@id\":\"https:\/\/runforthewhales.it\/partners\/istituto-tethys\/#breadcrumb\"},\"inLanguage\":\"fr-FR\",\"potentialAction\":[{\"@type\":\"ReadAction\",\"target\":[\"https:\/\/runforthewhales.it\/partners\/istituto-tethys\/\"]}]},{\"@type\":\"ImageObject\",\"inLanguage\":\"fr-FR\",\"@id\":\"https:\/\/runforthewhales.it\/partners\/istituto-tethys\/#primaryimage\",\"url\":\"https:\/\/runforthewhales.it\/wp-content\/uploads\/2016\/02\/logo-tethys-150x150.jpg\",\"contentUrl\":\"https:\/\/runforthewhales.it\/wp-content\/uploads\/2016\/02\/logo-tethys-150x150.jpg\"},{\"@type\":\"BreadcrumbList\",\"@id\":\"https:\/\/runforthewhales.it\/partners\/istituto-tethys\/#breadcrumb\",\"itemListElement\":[{\"@type\":\"ListItem\",\"position\":1,\"name\":\"Home\",\"item\":\"https:\/\/runforthewhales.it\/fr\/\"},{\"@type\":\"ListItem\",\"position\":2,\"name\":\"Tethys\"}]},{\"@type\":\"WebSite\",\"@id\":\"https:\/\/runforthewhales.it\/#website\",\"url\":\"https:\/\/runforthewhales.it\/\",\"name\":\"RUN FOR THE WHALES 2026 Sanremo\",\"description\":\"21K Semi Marathon | 10K Run | 3K Family Run | 20.06.2026\",\"potentialAction\":[{\"@type\":\"SearchAction\",\"target\":{\"@type\":\"EntryPoint\",\"urlTemplate\":\"https:\/\/runforthewhales.it\/?s={search_term_string}\"},\"query-input\":{\"@type\":\"PropertyValueSpecification\",\"valueRequired\":true,\"valueName\":\"search_term_string\"}}],\"inLanguage\":\"fr-FR\"}]}<\/script>\n<!-- \/ Yoast SEO plugin. -->","yoast_head_json":{"title":"Tethys RUN FOR THE WHALES 2026 Sanremo","robots":{"index":"index","follow":"follow","max-snippet":"max-snippet:-1","max-image-preview":"max-image-preview:large","max-video-preview":"max-video-preview:-1"},"canonical":"https:\/\/runforthewhales.it\/partners\/istituto-tethys\/","og_locale":"fr_FR","og_type":"article","og_title":"Tethys RUN FOR THE WHALES 2026 Sanremo","og_description":"Tethys est une organisation \u00e0 but non-lucratif d\u00e9di\u00e9 \u00e0 la protection de l\u2019environnement marin \u00e0 travers la recherche scientifique et a sensibilisation du grand public. L\u2019Institut fut fond\u00e9 en 1986 par Giuseppe Notarbartolo di Sciara et Egidio Gavazzi, et son si\u00e8ge social se trouve actuellement \u00e0 l\u2019Aquarium Civique de Milan. D\u00e8s sa cr\u00e9ation, Tethys ha [&hellip;]","og_url":"https:\/\/runforthewhales.it\/partners\/istituto-tethys\/","og_site_name":"RUN FOR THE WHALES 2026 Sanremo","article_modified_time":"2021-05-05T15:14:58+00:00","og_image":[{"url":"https:\/\/runforthewhales.it\/wp-content\/uploads\/2016\/02\/logo-tethys-150x150.jpg","type":"","width":"","height":""}],"twitter_misc":{"Dur\u00e9e de lecture estim\u00e9e":"3 minutes"},"schema":{"@context":"https:\/\/schema.org","@graph":[{"@type":"WebPage","@id":"https:\/\/runforthewhales.it\/partners\/istituto-tethys\/","url":"https:\/\/runforthewhales.it\/partners\/istituto-tethys\/","name":"Tethys RUN FOR THE WHALES 2026 Sanremo","isPartOf":{"@id":"https:\/\/runforthewhales.it\/#website"},"primaryImageOfPage":{"@id":"https:\/\/runforthewhales.it\/partners\/istituto-tethys\/#primaryimage"},"image":{"@id":"https:\/\/runforthewhales.it\/partners\/istituto-tethys\/#primaryimage"},"thumbnailUrl":"https:\/\/runforthewhales.it\/wp-content\/uploads\/2016\/02\/logo-tethys-150x150.jpg","datePublished":"2016-04-08T13:28:41+00:00","dateModified":"2021-05-05T15:14:58+00:00","breadcrumb":{"@id":"https:\/\/runforthewhales.it\/partners\/istituto-tethys\/#breadcrumb"},"inLanguage":"fr-FR","potentialAction":[{"@type":"ReadAction","target":["https:\/\/runforthewhales.it\/partners\/istituto-tethys\/"]}]},{"@type":"ImageObject","inLanguage":"fr-FR","@id":"https:\/\/runforthewhales.it\/partners\/istituto-tethys\/#primaryimage","url":"https:\/\/runforthewhales.it\/wp-content\/uploads\/2016\/02\/logo-tethys-150x150.jpg","contentUrl":"https:\/\/runforthewhales.it\/wp-content\/uploads\/2016\/02\/logo-tethys-150x150.jpg"},{"@type":"BreadcrumbList","@id":"https:\/\/runforthewhales.it\/partners\/istituto-tethys\/#breadcrumb","itemListElement":[{"@type":"ListItem","position":1,"name":"Home","item":"https:\/\/runforthewhales.it\/fr\/"},{"@type":"ListItem","position":2,"name":"Tethys"}]},{"@type":"WebSite","@id":"https:\/\/runforthewhales.it\/#website","url":"https:\/\/runforthewhales.it\/","name":"RUN FOR THE WHALES 2026 Sanremo","description":"21K Semi Marathon | 10K Run | 3K Family Run | 20.06.2026","potentialAction":[{"@type":"SearchAction","target":{"@type":"EntryPoint","urlTemplate":"https:\/\/runforthewhales.it\/?s={search_term_string}"},"query-input":{"@type":"PropertyValueSpecification","valueRequired":true,"valueName":"search_term_string"}}],"inLanguage":"fr-FR"}]}},"_links":{"self":[{"href":"https:\/\/runforthewhales.it\/fr\/wp-json\/wp\/v2\/pages\/1806","targetHints":{"allow":["GET"]}}],"collection":[{"href":"https:\/\/runforthewhales.it\/fr\/wp-json\/wp\/v2\/pages"}],"about":[{"href":"https:\/\/runforthewhales.it\/fr\/wp-json\/wp\/v2\/types\/page"}],"author":[{"embeddable":true,"href":"https:\/\/runforthewhales.it\/fr\/wp-json\/wp\/v2\/users\/1"}],"replies":[{"embeddable":true,"href":"https:\/\/runforthewhales.it\/fr\/wp-json\/wp\/v2\/comments?post=1806"}],"version-history":[{"count":4,"href":"https:\/\/runforthewhales.it\/fr\/wp-json\/wp\/v2\/pages\/1806\/revisions"}],"predecessor-version":[{"id":5363,"href":"https:\/\/runforthewhales.it\/fr\/wp-json\/wp\/v2\/pages\/1806\/revisions\/5363"}],"wp:attachment":[{"href":"https:\/\/runforthewhales.it\/fr\/wp-json\/wp\/v2\/media?parent=1806"}],"curies":[{"name":"wp","href":"https:\/\/api.w.org\/{rel}","templated":true}]}}