{"id":7066,"date":"2022-12-13T10:41:31","date_gmt":"2022-12-13T10:41:31","guid":{"rendered":"http:\/\/runforthewhales.it\/familienrennens\/"},"modified":"2025-06-18T10:38:11","modified_gmt":"2025-06-18T10:38:11","slug":"familienrennens","status":"publish","type":"page","link":"https:\/\/runforthewhales.it\/de\/familienrennens\/","title":{"rendered":"Familienrennens"},"content":{"rendered":"<p>[et_pb_section fb_built=&#8220;1&#8243; _builder_version=&#8220;4.16&#8243; background_color=&#8220;#f9f9f9&#8243; background_image=&#8220;https:\/\/runforthewhales.it\/wp-content\/uploads\/2018\/02\/drow_bg_whales.png&#8220; global_colors_info=&#8220;{}&#8220;][et_pb_row _builder_version=&#8220;4.16&#8243; background_size=&#8220;initial&#8220; background_position=&#8220;top_left&#8220; background_repeat=&#8220;repeat&#8220; global_colors_info=&#8220;{}&#8220;][et_pb_column type=&#8220;4_4&#8243; _builder_version=&#8220;4.16&#8243; custom_padding=&#8220;|||&#8220; global_colors_info=&#8220;{}&#8220; custom_padding__hover=&#8220;|||&#8220;][et_pb_image src=&#8220;https:\/\/runforthewhales.it\/wp-content\/uploads\/2025\/06\/sportivi-per-natura-300&#215;89.jpg&#8220; alt=&#8220;sportivi per natura&#8220; title_text=&#8220;sportivi per natura&#8220; _builder_version=&#8220;4.27.4&#8243; _module_preset=&#8220;default&#8220; global_colors_info=&#8220;{}&#8220; locked=&#8220;off&#8220;][\/et_pb_image][et_pb_text _builder_version=&#8220;4.16&#8243; vertical_offset_tablet=&#8220;0&#8243; horizontal_offset_tablet=&#8220;0&#8243; z_index_tablet=&#8220;0&#8243; text_text_shadow_horizontal_length_tablet=&#8220;0px&#8220; text_text_shadow_vertical_length_tablet=&#8220;0px&#8220; text_text_shadow_blur_strength_tablet=&#8220;1px&#8220; link_text_shadow_horizontal_length_tablet=&#8220;0px&#8220; link_text_shadow_vertical_length_tablet=&#8220;0px&#8220; link_text_shadow_blur_strength_tablet=&#8220;1px&#8220; ul_text_shadow_horizontal_length_tablet=&#8220;0px&#8220; ul_text_shadow_vertical_length_tablet=&#8220;0px&#8220; ul_text_shadow_blur_strength_tablet=&#8220;1px&#8220; ol_text_shadow_horizontal_length_tablet=&#8220;0px&#8220; ol_text_shadow_vertical_length_tablet=&#8220;0px&#8220; ol_text_shadow_blur_strength_tablet=&#8220;1px&#8220; quote_text_shadow_horizontal_length_tablet=&#8220;0px&#8220; quote_text_shadow_vertical_length_tablet=&#8220;0px&#8220; quote_text_shadow_blur_strength_tablet=&#8220;1px&#8220; header_text_shadow_horizontal_length_tablet=&#8220;0px&#8220; header_text_shadow_vertical_length_tablet=&#8220;0px&#8220; header_text_shadow_blur_strength_tablet=&#8220;1px&#8220; header_2_text_shadow_horizontal_length_tablet=&#8220;0px&#8220; header_2_text_shadow_vertical_length_tablet=&#8220;0px&#8220; header_2_text_shadow_blur_strength_tablet=&#8220;1px&#8220; header_3_text_shadow_horizontal_length_tablet=&#8220;0px&#8220; header_3_text_shadow_vertical_length_tablet=&#8220;0px&#8220; header_3_text_shadow_blur_strength_tablet=&#8220;1px&#8220; header_4_text_shadow_horizontal_length_tablet=&#8220;0px&#8220; header_4_text_shadow_vertical_length_tablet=&#8220;0px&#8220; header_4_text_shadow_blur_strength_tablet=&#8220;1px&#8220; header_5_text_shadow_horizontal_length_tablet=&#8220;0px&#8220; header_5_text_shadow_vertical_length_tablet=&#8220;0px&#8220; header_5_text_shadow_blur_strength_tablet=&#8220;1px&#8220; header_6_text_shadow_horizontal_length_tablet=&#8220;0px&#8220; header_6_text_shadow_vertical_length_tablet=&#8220;0px&#8220; header_6_text_shadow_blur_strength_tablet=&#8220;1px&#8220; box_shadow_horizontal_tablet=&#8220;0px&#8220; box_shadow_vertical_tablet=&#8220;0px&#8220; box_shadow_blur_tablet=&#8220;40px&#8220; box_shadow_spread_tablet=&#8220;0px&#8220; global_colors_info=&#8220;{}&#8220;]Jedes Jahr findet der Lauf f\u00fcr die Wale auf einer atemberaubenden Strecke entlang des Meeres statt, n\u00e4mlich dem Rad- und Fu\u00dfg\u00e4ngerweg des K\u00fcstenparks Riviera dei Fiori. Es gibt drei L\u00e4ufe, f\u00fcr die man sich anmelden kann: den 21-km-Halbmarathon, den 10-km-Lauf ohne Wettbewerbscharakter und den 3,5-km-Familienlauf. <\/p>\n<p>Mit Ihrer Teilnahme am <strong>Familienrennens <\/strong>leisten Sie einen Beitrag zur wissenschaftlichen Forschung und zum Schutz der Wale im Ligurischen Meer, die vom Institut Tethys durchgef\u00fchrt wird.<br \/>\n[\/et_pb_text][et_pb_text module_class=&#8220;participants&#8220; _builder_version=&#8220;4.16&#8243; background_image=&#8220;https:\/\/runforthewhales.it\/wp-content\/uploads\/2018\/02\/family-e1521329492779.png&#8220; background_size=&#8220;initial&#8220; background_position=&#8220;top_left&#8220; vertical_offset_tablet=&#8220;0&#8243; horizontal_offset_tablet=&#8220;0&#8243; custom_margin=&#8220;||70px|&#8220; custom_margin_tablet=&#8220;&#8220; custom_margin_phone=&#8220;||80px|&#8220; custom_margin_last_edited=&#8220;on|desktop&#8220; custom_padding=&#8220;||10px|200px&#8220; custom_padding_tablet=&#8220;|||&#8220; custom_padding_phone=&#8220;230px|||0px&#8220; custom_padding_last_edited=&#8220;on|phone&#8220; z_index_tablet=&#8220;0&#8243; text_text_shadow_horizontal_length_tablet=&#8220;0px&#8220; text_text_shadow_vertical_length_tablet=&#8220;0px&#8220; text_text_shadow_blur_strength_tablet=&#8220;1px&#8220; link_text_shadow_horizontal_length_tablet=&#8220;0px&#8220; link_text_shadow_vertical_length_tablet=&#8220;0px&#8220; link_text_shadow_blur_strength_tablet=&#8220;1px&#8220; ul_text_shadow_horizontal_length_tablet=&#8220;0px&#8220; ul_text_shadow_vertical_length_tablet=&#8220;0px&#8220; ul_text_shadow_blur_strength_tablet=&#8220;1px&#8220; ol_text_shadow_horizontal_length_tablet=&#8220;0px&#8220; ol_text_shadow_vertical_length_tablet=&#8220;0px&#8220; ol_text_shadow_blur_strength_tablet=&#8220;1px&#8220; quote_text_shadow_horizontal_length_tablet=&#8220;0px&#8220; quote_text_shadow_vertical_length_tablet=&#8220;0px&#8220; quote_text_shadow_blur_strength_tablet=&#8220;1px&#8220; header_text_shadow_horizontal_length_tablet=&#8220;0px&#8220; header_text_shadow_vertical_length_tablet=&#8220;0px&#8220; header_text_shadow_blur_strength_tablet=&#8220;1px&#8220; header_2_text_shadow_horizontal_length_tablet=&#8220;0px&#8220; header_2_text_shadow_vertical_length_tablet=&#8220;0px&#8220; header_2_text_shadow_blur_strength_tablet=&#8220;1px&#8220; header_3_text_shadow_horizontal_length_tablet=&#8220;0px&#8220; header_3_text_shadow_vertical_length_tablet=&#8220;0px&#8220; header_3_text_shadow_blur_strength_tablet=&#8220;1px&#8220; header_4_text_shadow_horizontal_length_tablet=&#8220;0px&#8220; header_4_text_shadow_vertical_length_tablet=&#8220;0px&#8220; header_4_text_shadow_blur_strength_tablet=&#8220;1px&#8220; header_5_text_shadow_horizontal_length_tablet=&#8220;0px&#8220; header_5_text_shadow_vertical_length_tablet=&#8220;0px&#8220; header_5_text_shadow_blur_strength_tablet=&#8220;1px&#8220; header_6_text_shadow_horizontal_length_tablet=&#8220;0px&#8220; header_6_text_shadow_vertical_length_tablet=&#8220;0px&#8220; header_6_text_shadow_blur_strength_tablet=&#8220;1px&#8220; box_shadow_horizontal_tablet=&#8220;0px&#8220; box_shadow_vertical_tablet=&#8220;0px&#8220; box_shadow_blur_tablet=&#8220;40px&#8220; box_shadow_spread_tablet=&#8220;0px&#8220; global_colors_info=&#8220;{}&#8220;]<\/p>\n<h2><strong>Familienrennen<\/strong><\/h2>\n<h5><span class=\"selest_text\">Distanz:<\/span>Etwa 3 km<\/h5>\n<h5><span class=\"selest_text\">Geeignet for:<\/span>Erwachsene und Kinder<\/h5>\n<p>Jeder, der nicht rennen m\u00f6chte, oder lieber bei einem nicht wettbewerbsorientierte Lauf mitzumachen, kann am rennen\/laufen der etwa 3 km entlang des Weges zwischen Corso Salvo D\u2019Acquisto und San Remo teilnehmen. Die Strecke ist geeignet f\u00fcr alle, Kinder und betagte Menschen eingeschlossen, und ist f\u00fcr Hunde ge\u00f6ffnet.<\/p>\n<p><a href=\"https:\/\/www.runtosanremo.it\/en\/run-for-the-whales-en\/\" target=\"_blank\" rel=\"noopener\"><strong><span style=\"font-size: 18pt;\">ANMELDEN<\/span><\/strong><\/a><\/p>\n<p><a href=\"https:\/\/runforthewhales.it\/de\/rennprogramm\/\" target=\"_blank\" rel=\"noopener\">&nbsp;\u2022 RENNPROGRAMM \u2192<\/a><\/p>\n<p><a href=\"https:\/\/runforthewhales.it\/de\/regelungen-familienrennen-rennen-fur-die-wale\/\" target=\"_blank\" rel=\"noopener\">&nbsp;\u2022&nbsp;RENNORDNUNG \u2192<\/a><br \/>\n[\/et_pb_text][\/et_pb_column][\/et_pb_row][\/et_pb_section]<\/p>\n","protected":false},"excerpt":{"rendered":"<p>Jedes Jahr findet der Lauf f\u00fcr die Wale auf einer atemberaubenden Strecke entlang des Meeres statt, n\u00e4mlich dem Rad- und Fu\u00dfg\u00e4ngerweg des K\u00fcstenparks Riviera dei Fiori. Es gibt drei L\u00e4ufe, f\u00fcr die man sich anmelden kann: den 21-km-Halbmarathon, den 10-km-Lauf ohne Wettbewerbscharakter und den 3,5-km-Familienlauf. Mit Ihrer Teilnahme am Familienrennens leisten Sie einen Beitrag zur [&hellip;]<\/p>\n","protected":false},"author":1,"featured_media":0,"parent":0,"menu_order":3,"comment_status":"closed","ping_status":"closed","template":"","meta":{"_et_pb_use_builder":"on","_et_pb_old_content":"","_et_gb_content_width":"","footnotes":""},"class_list":["post-7066","page","type-page","status-publish","hentry"],"yoast_head":"<!-- This site is optimized with the Yoast SEO plugin v26.5 - https:\/\/yoast.com\/wordpress\/plugins\/seo\/ -->\n<title>Familienrennens RUN FOR THE WHALES 2026 Sanremo<\/title>\n<meta name=\"description\" content=\"Ein aufregender Familientag mit dem Family Run RUN FOR THE WHALES 2026 Sanremo. Ein Spa\u00dflauf f\u00fcr Jung und Alt zugunsten der Wale.\" \/>\n<meta name=\"robots\" content=\"index, follow, max-snippet:-1, max-image-preview:large, max-video-preview:-1\" \/>\n<link rel=\"canonical\" href=\"https:\/\/runforthewhales.it\/de\/familienrennens\/\" \/>\n<meta property=\"og:locale\" content=\"de_DE\" \/>\n<meta property=\"og:type\" content=\"article\" \/>\n<meta property=\"og:title\" content=\"Familienrennens RUN FOR THE WHALES 2026 Sanremo\" \/>\n<meta property=\"og:description\" content=\"Ein aufregender Familientag mit dem Family Run RUN FOR THE WHALES 2026 Sanremo. Ein Spa\u00dflauf f\u00fcr Jung und Alt zugunsten der Wale.\" \/>\n<meta property=\"og:url\" content=\"https:\/\/runforthewhales.it\/de\/familienrennens\/\" \/>\n<meta property=\"og:site_name\" content=\"RUN FOR THE WHALES 2026 Sanremo\" \/>\n<meta property=\"article:modified_time\" content=\"2025-06-18T10:38:11+00:00\" \/>\n<meta name=\"twitter:label1\" content=\"Gesch\u00e4tzte Lesezeit\" \/>\n\t<meta name=\"twitter:data1\" content=\"1\u00a0Minute\" \/>\n<script type=\"application\/ld+json\" class=\"yoast-schema-graph\">{\"@context\":\"https:\/\/schema.org\",\"@graph\":[{\"@type\":\"WebPage\",\"@id\":\"https:\/\/runforthewhales.it\/de\/familienrennens\/\",\"url\":\"https:\/\/runforthewhales.it\/de\/familienrennens\/\",\"name\":\"Familienrennens RUN FOR THE WHALES 2026 Sanremo\",\"isPartOf\":{\"@id\":\"https:\/\/runforthewhales.it\/#website\"},\"datePublished\":\"2022-12-13T10:41:31+00:00\",\"dateModified\":\"2025-06-18T10:38:11+00:00\",\"description\":\"Ein aufregender Familientag mit dem Family Run RUN FOR THE WHALES 2026 Sanremo. Ein Spa\u00dflauf f\u00fcr Jung und Alt zugunsten der Wale.\",\"breadcrumb\":{\"@id\":\"https:\/\/runforthewhales.it\/de\/familienrennens\/#breadcrumb\"},\"inLanguage\":\"de\",\"potentialAction\":[{\"@type\":\"ReadAction\",\"target\":[\"https:\/\/runforthewhales.it\/de\/familienrennens\/\"]}]},{\"@type\":\"BreadcrumbList\",\"@id\":\"https:\/\/runforthewhales.it\/de\/familienrennens\/#breadcrumb\",\"itemListElement\":[{\"@type\":\"ListItem\",\"position\":1,\"name\":\"Home\",\"item\":\"https:\/\/runforthewhales.it\/de\/\"},{\"@type\":\"ListItem\",\"position\":2,\"name\":\"Familienrennens\"}]},{\"@type\":\"WebSite\",\"@id\":\"https:\/\/runforthewhales.it\/#website\",\"url\":\"https:\/\/runforthewhales.it\/\",\"name\":\"RUN FOR THE WHALES 2026 Sanremo\",\"description\":\"21K Halb Marathon | 10K Run | 3K Family Run | 20.06.2026\",\"potentialAction\":[{\"@type\":\"SearchAction\",\"target\":{\"@type\":\"EntryPoint\",\"urlTemplate\":\"https:\/\/runforthewhales.it\/?s={search_term_string}\"},\"query-input\":{\"@type\":\"PropertyValueSpecification\",\"valueRequired\":true,\"valueName\":\"search_term_string\"}}],\"inLanguage\":\"de\"}]}<\/script>\n<!-- \/ Yoast SEO plugin. -->","yoast_head_json":{"title":"Familienrennens RUN FOR THE WHALES 2026 Sanremo","description":"Ein aufregender Familientag mit dem Family Run RUN FOR THE WHALES 2026 Sanremo. Ein Spa\u00dflauf f\u00fcr Jung und Alt zugunsten der Wale.","robots":{"index":"index","follow":"follow","max-snippet":"max-snippet:-1","max-image-preview":"max-image-preview:large","max-video-preview":"max-video-preview:-1"},"canonical":"https:\/\/runforthewhales.it\/de\/familienrennens\/","og_locale":"de_DE","og_type":"article","og_title":"Familienrennens RUN FOR THE WHALES 2026 Sanremo","og_description":"Ein aufregender Familientag mit dem Family Run RUN FOR THE WHALES 2026 Sanremo. Ein Spa\u00dflauf f\u00fcr Jung und Alt zugunsten der Wale.","og_url":"https:\/\/runforthewhales.it\/de\/familienrennens\/","og_site_name":"RUN FOR THE WHALES 2026 Sanremo","article_modified_time":"2025-06-18T10:38:11+00:00","twitter_misc":{"Gesch\u00e4tzte Lesezeit":"1\u00a0Minute"},"schema":{"@context":"https:\/\/schema.org","@graph":[{"@type":"WebPage","@id":"https:\/\/runforthewhales.it\/de\/familienrennens\/","url":"https:\/\/runforthewhales.it\/de\/familienrennens\/","name":"Familienrennens RUN FOR THE WHALES 2026 Sanremo","isPartOf":{"@id":"https:\/\/runforthewhales.it\/#website"},"datePublished":"2022-12-13T10:41:31+00:00","dateModified":"2025-06-18T10:38:11+00:00","description":"Ein aufregender Familientag mit dem Family Run RUN FOR THE WHALES 2026 Sanremo. Ein Spa\u00dflauf f\u00fcr Jung und Alt zugunsten der Wale.","breadcrumb":{"@id":"https:\/\/runforthewhales.it\/de\/familienrennens\/#breadcrumb"},"inLanguage":"de","potentialAction":[{"@type":"ReadAction","target":["https:\/\/runforthewhales.it\/de\/familienrennens\/"]}]},{"@type":"BreadcrumbList","@id":"https:\/\/runforthewhales.it\/de\/familienrennens\/#breadcrumb","itemListElement":[{"@type":"ListItem","position":1,"name":"Home","item":"https:\/\/runforthewhales.it\/de\/"},{"@type":"ListItem","position":2,"name":"Familienrennens"}]},{"@type":"WebSite","@id":"https:\/\/runforthewhales.it\/#website","url":"https:\/\/runforthewhales.it\/","name":"RUN FOR THE WHALES 2026 Sanremo","description":"21K Halb Marathon | 10K Run | 3K Family Run | 20.06.2026","potentialAction":[{"@type":"SearchAction","target":{"@type":"EntryPoint","urlTemplate":"https:\/\/runforthewhales.it\/?s={search_term_string}"},"query-input":{"@type":"PropertyValueSpecification","valueRequired":true,"valueName":"search_term_string"}}],"inLanguage":"de"}]}},"_links":{"self":[{"href":"https:\/\/runforthewhales.it\/de\/wp-json\/wp\/v2\/pages\/7066","targetHints":{"allow":["GET"]}}],"collection":[{"href":"https:\/\/runforthewhales.it\/de\/wp-json\/wp\/v2\/pages"}],"about":[{"href":"https:\/\/runforthewhales.it\/de\/wp-json\/wp\/v2\/types\/page"}],"author":[{"embeddable":true,"href":"https:\/\/runforthewhales.it\/de\/wp-json\/wp\/v2\/users\/1"}],"replies":[{"embeddable":true,"href":"https:\/\/runforthewhales.it\/de\/wp-json\/wp\/v2\/comments?post=7066"}],"version-history":[{"count":5,"href":"https:\/\/runforthewhales.it\/de\/wp-json\/wp\/v2\/pages\/7066\/revisions"}],"predecessor-version":[{"id":9016,"href":"https:\/\/runforthewhales.it\/de\/wp-json\/wp\/v2\/pages\/7066\/revisions\/9016"}],"wp:attachment":[{"href":"https:\/\/runforthewhales.it\/de\/wp-json\/wp\/v2\/media?parent=7066"}],"curies":[{"name":"wp","href":"https:\/\/api.w.org\/{rel}","templated":true}]}}