{"id":7056,"date":"2022-12-13T10:19:12","date_gmt":"2022-12-13T10:19:12","guid":{"rendered":"http:\/\/runforthewhales.it\/halbmarathon\/"},"modified":"2022-12-13T10:22:49","modified_gmt":"2022-12-13T10:22:49","slug":"halbmarathon","status":"publish","type":"page","link":"https:\/\/runforthewhales.it\/de\/halbmarathon\/","title":{"rendered":"Halbmarathon"},"content":{"rendered":"<p>[et_pb_section bb_built=&#8220;1&#8243; _builder_version=&#8220;3.22&#8243; background_color=&#8220;#f9f9f9&#8243; background_image=&#8220;https:\/\/runforthewhales.it\/wp-content\/uploads\/2018\/02\/drow_bg_whales.png&#8220; da_disable_devices=&#8220;off|off|off&#8220; global_colors_info=&#8220;{}&#8220; da_is_popup=&#8220;off&#8220; da_exit_intent=&#8220;off&#8220; da_has_close=&#8220;on&#8220; da_alt_close=&#8220;off&#8220; da_dark_close=&#8220;off&#8220; da_not_modal=&#8220;on&#8220; da_is_singular=&#8220;off&#8220; da_with_loader=&#8220;off&#8220; da_has_shadow=&#8220;on&#8220;][et_pb_row][et_pb_column type=&#8220;4_4&#8243; custom_padding__hover=&#8220;|||&#8220; custom_padding=&#8220;|||&#8220;][et_pb_text _builder_version=&#8220;4.14.9&#8243; text_text_shadow_horizontal_length=&#8220;text_text_shadow_style,%91object Object%93&#8243; text_text_shadow_horizontal_length_tablet=&#8220;0px&#8220; text_text_shadow_vertical_length=&#8220;text_text_shadow_style,%91object Object%93&#8243; text_text_shadow_vertical_length_tablet=&#8220;0px&#8220; text_text_shadow_blur_strength=&#8220;text_text_shadow_style,%91object Object%93&#8243; text_text_shadow_blur_strength_tablet=&#8220;1px&#8220; link_text_shadow_horizontal_length=&#8220;link_text_shadow_style,%91object Object%93&#8243; link_text_shadow_horizontal_length_tablet=&#8220;0px&#8220; link_text_shadow_vertical_length=&#8220;link_text_shadow_style,%91object Object%93&#8243; link_text_shadow_vertical_length_tablet=&#8220;0px&#8220; link_text_shadow_blur_strength=&#8220;link_text_shadow_style,%91object Object%93&#8243; link_text_shadow_blur_strength_tablet=&#8220;1px&#8220; ul_text_shadow_horizontal_length=&#8220;ul_text_shadow_style,%91object Object%93&#8243; ul_text_shadow_horizontal_length_tablet=&#8220;0px&#8220; ul_text_shadow_vertical_length=&#8220;ul_text_shadow_style,%91object Object%93&#8243; ul_text_shadow_vertical_length_tablet=&#8220;0px&#8220; ul_text_shadow_blur_strength=&#8220;ul_text_shadow_style,%91object Object%93&#8243; ul_text_shadow_blur_strength_tablet=&#8220;1px&#8220; ol_text_shadow_horizontal_length=&#8220;ol_text_shadow_style,%91object Object%93&#8243; ol_text_shadow_horizontal_length_tablet=&#8220;0px&#8220; ol_text_shadow_vertical_length=&#8220;ol_text_shadow_style,%91object Object%93&#8243; ol_text_shadow_vertical_length_tablet=&#8220;0px&#8220; ol_text_shadow_blur_strength=&#8220;ol_text_shadow_style,%91object Object%93&#8243; ol_text_shadow_blur_strength_tablet=&#8220;1px&#8220; quote_text_shadow_horizontal_length=&#8220;quote_text_shadow_style,%91object Object%93&#8243; quote_text_shadow_horizontal_length_tablet=&#8220;0px&#8220; quote_text_shadow_vertical_length=&#8220;quote_text_shadow_style,%91object Object%93&#8243; quote_text_shadow_vertical_length_tablet=&#8220;0px&#8220; quote_text_shadow_blur_strength=&#8220;quote_text_shadow_style,%91object Object%93&#8243; quote_text_shadow_blur_strength_tablet=&#8220;1px&#8220; header_text_shadow_horizontal_length=&#8220;header_text_shadow_style,%91object Object%93&#8243; header_text_shadow_horizontal_length_tablet=&#8220;0px&#8220; header_text_shadow_vertical_length=&#8220;header_text_shadow_style,%91object Object%93&#8243; header_text_shadow_vertical_length_tablet=&#8220;0px&#8220; header_text_shadow_blur_strength=&#8220;header_text_shadow_style,%91object Object%93&#8243; header_text_shadow_blur_strength_tablet=&#8220;1px&#8220; header_2_text_shadow_horizontal_length=&#8220;header_2_text_shadow_style,%91object Object%93&#8243; header_2_text_shadow_horizontal_length_tablet=&#8220;0px&#8220; header_2_text_shadow_vertical_length=&#8220;header_2_text_shadow_style,%91object Object%93&#8243; header_2_text_shadow_vertical_length_tablet=&#8220;0px&#8220; header_2_text_shadow_blur_strength=&#8220;header_2_text_shadow_style,%91object Object%93&#8243; header_2_text_shadow_blur_strength_tablet=&#8220;1px&#8220; header_3_text_shadow_horizontal_length=&#8220;header_3_text_shadow_style,%91object Object%93&#8243; header_3_text_shadow_horizontal_length_tablet=&#8220;0px&#8220; header_3_text_shadow_vertical_length=&#8220;header_3_text_shadow_style,%91object Object%93&#8243; header_3_text_shadow_vertical_length_tablet=&#8220;0px&#8220; header_3_text_shadow_blur_strength=&#8220;header_3_text_shadow_style,%91object Object%93&#8243; header_3_text_shadow_blur_strength_tablet=&#8220;1px&#8220; header_4_text_shadow_horizontal_length=&#8220;header_4_text_shadow_style,%91object Object%93&#8243; header_4_text_shadow_horizontal_length_tablet=&#8220;0px&#8220; header_4_text_shadow_vertical_length=&#8220;header_4_text_shadow_style,%91object Object%93&#8243; header_4_text_shadow_vertical_length_tablet=&#8220;0px&#8220; header_4_text_shadow_blur_strength=&#8220;header_4_text_shadow_style,%91object Object%93&#8243; header_4_text_shadow_blur_strength_tablet=&#8220;1px&#8220; header_5_text_shadow_horizontal_length=&#8220;header_5_text_shadow_style,%91object Object%93&#8243; header_5_text_shadow_horizontal_length_tablet=&#8220;0px&#8220; header_5_text_shadow_vertical_length=&#8220;header_5_text_shadow_style,%91object Object%93&#8243; header_5_text_shadow_vertical_length_tablet=&#8220;0px&#8220; header_5_text_shadow_blur_strength=&#8220;header_5_text_shadow_style,%91object Object%93&#8243; header_5_text_shadow_blur_strength_tablet=&#8220;1px&#8220; header_6_text_shadow_horizontal_length=&#8220;header_6_text_shadow_style,%91object Object%93&#8243; header_6_text_shadow_horizontal_length_tablet=&#8220;0px&#8220; header_6_text_shadow_vertical_length=&#8220;header_6_text_shadow_style,%91object Object%93&#8243; header_6_text_shadow_vertical_length_tablet=&#8220;0px&#8220; header_6_text_shadow_blur_strength=&#8220;header_6_text_shadow_style,%91object Object%93&#8243; header_6_text_shadow_blur_strength_tablet=&#8220;1px&#8220; box_shadow_horizontal_tablet=&#8220;0px&#8220; box_shadow_vertical_tablet=&#8220;0px&#8220; box_shadow_blur_tablet=&#8220;40px&#8220; box_shadow_spread_tablet=&#8220;0px&#8220; vertical_offset_tablet=&#8220;0&#8243; horizontal_offset_tablet=&#8220;0&#8243; z_index_tablet=&#8220;0&#8243;]<\/p>\n<p>Jedes Jahr findet der Lauf f\u00fcr die Wale auf einer atemberaubenden Strecke entlang des Meeres statt, n\u00e4mlich dem Rad- und Fu\u00dfg\u00e4ngerweg des K\u00fcstenparks Riviera dei Fiori. Es gibt drei L\u00e4ufe, f\u00fcr die man sich anmelden kann: den 21-km-Halbmarathon, den 10-km-Lauf ohne Wettbewerbscharakter und den 3,5-km-Familienlauf. <\/p>\n<p>Mit Ihrer Teilnahme am <strong>Halbmarathon <\/strong>leisten Sie einen Beitrag zur wissenschaftlichen Forschung und zum Schutz der Wale im Ligurischen Meer, die vom Institut Tethys durchgef\u00fchrt wird.<\/p>\n<p>[\/et_pb_text][et_pb_text module_class=&#8220;participants&#8220; _builder_version=&#8220;4.14.9&#8243; background_image=&#8220;https:\/\/runforthewhales.it\/wp-content\/uploads\/2018\/02\/athlete-e1521329510603.png&#8220; background_size=&#8220;initial&#8220; background_position=&#8220;top_left&#8220; custom_margin=&#8220;||70px|&#8220; custom_margin_phone=&#8220;||80px|&#8220; custom_margin_last_edited=&#8220;on|tablet&#8220; custom_padding=&#8220;||10px|200px&#8220; custom_padding_tablet=&#8220;|||&#8220; custom_padding_phone=&#8220;230px|||0px&#8220; custom_padding_last_edited=&#8220;on|phone&#8220; global_colors_info=&#8220;{}&#8220; text_text_shadow_horizontal_length=&#8220;text_text_shadow_style,%91object Object%93&#8243; text_text_shadow_horizontal_length_tablet=&#8220;0px&#8220; text_text_shadow_vertical_length=&#8220;text_text_shadow_style,%91object Object%93&#8243; text_text_shadow_vertical_length_tablet=&#8220;0px&#8220; text_text_shadow_blur_strength=&#8220;text_text_shadow_style,%91object Object%93&#8243; text_text_shadow_blur_strength_tablet=&#8220;1px&#8220; link_text_shadow_horizontal_length=&#8220;link_text_shadow_style,%91object Object%93&#8243; link_text_shadow_horizontal_length_tablet=&#8220;0px&#8220; link_text_shadow_vertical_length=&#8220;link_text_shadow_style,%91object Object%93&#8243; link_text_shadow_vertical_length_tablet=&#8220;0px&#8220; link_text_shadow_blur_strength=&#8220;link_text_shadow_style,%91object Object%93&#8243; link_text_shadow_blur_strength_tablet=&#8220;1px&#8220; ul_text_shadow_horizontal_length=&#8220;ul_text_shadow_style,%91object Object%93&#8243; ul_text_shadow_horizontal_length_tablet=&#8220;0px&#8220; ul_text_shadow_vertical_length=&#8220;ul_text_shadow_style,%91object Object%93&#8243; ul_text_shadow_vertical_length_tablet=&#8220;0px&#8220; ul_text_shadow_blur_strength=&#8220;ul_text_shadow_style,%91object Object%93&#8243; ul_text_shadow_blur_strength_tablet=&#8220;1px&#8220; ol_text_shadow_horizontal_length=&#8220;ol_text_shadow_style,%91object Object%93&#8243; ol_text_shadow_horizontal_length_tablet=&#8220;0px&#8220; ol_text_shadow_vertical_length=&#8220;ol_text_shadow_style,%91object Object%93&#8243; ol_text_shadow_vertical_length_tablet=&#8220;0px&#8220; ol_text_shadow_blur_strength=&#8220;ol_text_shadow_style,%91object Object%93&#8243; ol_text_shadow_blur_strength_tablet=&#8220;1px&#8220; quote_text_shadow_horizontal_length=&#8220;quote_text_shadow_style,%91object Object%93&#8243; quote_text_shadow_horizontal_length_tablet=&#8220;0px&#8220; quote_text_shadow_vertical_length=&#8220;quote_text_shadow_style,%91object Object%93&#8243; quote_text_shadow_vertical_length_tablet=&#8220;0px&#8220; quote_text_shadow_blur_strength=&#8220;quote_text_shadow_style,%91object Object%93&#8243; quote_text_shadow_blur_strength_tablet=&#8220;1px&#8220; header_text_shadow_horizontal_length=&#8220;header_text_shadow_style,%91object Object%93&#8243; header_text_shadow_horizontal_length_tablet=&#8220;0px&#8220; header_text_shadow_vertical_length=&#8220;header_text_shadow_style,%91object Object%93&#8243; header_text_shadow_vertical_length_tablet=&#8220;0px&#8220; header_text_shadow_blur_strength=&#8220;header_text_shadow_style,%91object Object%93&#8243; header_text_shadow_blur_strength_tablet=&#8220;1px&#8220; header_2_text_shadow_horizontal_length=&#8220;header_2_text_shadow_style,%91object Object%93&#8243; header_2_text_shadow_horizontal_length_tablet=&#8220;0px&#8220; header_2_text_shadow_vertical_length=&#8220;header_2_text_shadow_style,%91object Object%93&#8243; header_2_text_shadow_vertical_length_tablet=&#8220;0px&#8220; header_2_text_shadow_blur_strength=&#8220;header_2_text_shadow_style,%91object Object%93&#8243; header_2_text_shadow_blur_strength_tablet=&#8220;1px&#8220; header_3_text_shadow_horizontal_length=&#8220;header_3_text_shadow_style,%91object Object%93&#8243; header_3_text_shadow_horizontal_length_tablet=&#8220;0px&#8220; header_3_text_shadow_vertical_length=&#8220;header_3_text_shadow_style,%91object Object%93&#8243; header_3_text_shadow_vertical_length_tablet=&#8220;0px&#8220; header_3_text_shadow_blur_strength=&#8220;header_3_text_shadow_style,%91object Object%93&#8243; header_3_text_shadow_blur_strength_tablet=&#8220;1px&#8220; header_4_text_shadow_horizontal_length=&#8220;header_4_text_shadow_style,%91object Object%93&#8243; header_4_text_shadow_horizontal_length_tablet=&#8220;0px&#8220; header_4_text_shadow_vertical_length=&#8220;header_4_text_shadow_style,%91object Object%93&#8243; header_4_text_shadow_vertical_length_tablet=&#8220;0px&#8220; header_4_text_shadow_blur_strength=&#8220;header_4_text_shadow_style,%91object Object%93&#8243; header_4_text_shadow_blur_strength_tablet=&#8220;1px&#8220; header_5_text_shadow_horizontal_length=&#8220;header_5_text_shadow_style,%91object Object%93&#8243; header_5_text_shadow_horizontal_length_tablet=&#8220;0px&#8220; header_5_text_shadow_vertical_length=&#8220;header_5_text_shadow_style,%91object Object%93&#8243; header_5_text_shadow_vertical_length_tablet=&#8220;0px&#8220; header_5_text_shadow_blur_strength=&#8220;header_5_text_shadow_style,%91object Object%93&#8243; header_5_text_shadow_blur_strength_tablet=&#8220;1px&#8220; header_6_text_shadow_horizontal_length=&#8220;header_6_text_shadow_style,%91object Object%93&#8243; header_6_text_shadow_horizontal_length_tablet=&#8220;0px&#8220; header_6_text_shadow_vertical_length=&#8220;header_6_text_shadow_style,%91object Object%93&#8243; header_6_text_shadow_vertical_length_tablet=&#8220;0px&#8220; header_6_text_shadow_blur_strength=&#8220;header_6_text_shadow_style,%91object Object%93&#8243; header_6_text_shadow_blur_strength_tablet=&#8220;1px&#8220; box_shadow_horizontal_tablet=&#8220;0px&#8220; box_shadow_vertical_tablet=&#8220;0px&#8220; box_shadow_blur_tablet=&#8220;40px&#8220; box_shadow_spread_tablet=&#8220;0px&#8220; vertical_offset_tablet=&#8220;0&#8243; horizontal_offset_tablet=&#8220;0&#8243; z_index_tablet=&#8220;0&#8243;]<\/p>\n<h2><strong>Halbmarathon \u2013 kompetitiv<\/strong><\/h2>\n<h5><span class=\"selest_text\">Distanz:<\/span>21.097km<\/h5>\n<h5><span class=\"selest_text\">Geeignet for:<\/span>Athletes and amateurs<\/h5>\n<p>Der San Remo Halbmarathon \u2013 Rennen f\u00fcr die Wale wird den Rad-\/Fu\u00dfg\u00e4ngerweg vom K\u00fcstenpark der Riviera f\u00fcr 21.097 km von Marina di San Lorenzo nach in San Remo entlang f\u00fchren.<\/p>\n<p><a href=\"https:\/\/www.runtosanremo.it\/en\/run-for-the-whales-en\/\" target=\"_blank\" rel=\"noopener\"><strong><span style=\"font-size: 18pt;\">ANMELDEN<\/span><\/strong><\/a><\/p>\n<p><a href=\"https:\/\/runforthewhales.it\/de\/rennprogramm\/\" target=\"_blank\" rel=\"noopener\">&nbsp;\u2022 RENNPROGRAMM \u2192<\/a><\/p>\n<p><a href=\"https:\/\/runforthewhales.it\/de\/regelungen-run-for-the-whales-sanremo-halbmarathon\/\" target=\"_blank\" rel=\"noopener\">&nbsp;\u2022&nbsp;RENNORDNUNG \u2192<\/a><\/p>\n<p>[\/et_pb_text][\/et_pb_column][\/et_pb_row][\/et_pb_section]<\/p>\n","protected":false},"excerpt":{"rendered":"<p><div class=\"et_pb_row et_pb_row_0 et_pb_row_empty\">\n\t\t\t\t\n\t\t\t\t\n\t\t\t\t\n\t\t\t\t\n\t\t\t\t\n\t\t\t<\/div> Jedes Jahr findet der Lauf f\u00fcr die Wale auf einer atemberaubenden Strecke entlang des Meeres statt, n\u00e4mlich dem Rad- und Fu\u00dfg\u00e4ngerweg des K\u00fcstenparks Riviera dei Fiori. Es gibt drei L\u00e4ufe, f\u00fcr die man sich anmelden kann: den 21-km-Halbmarathon, den 10-km-Lauf ohne Wettbewerbscharakter und den 3,5-km-Familienlauf. Mit Ihrer Teilnahme am Halbmarathon leisten Sie einen Beitrag [&hellip;]<\/p>\n","protected":false},"author":1,"featured_media":0,"parent":0,"menu_order":1,"comment_status":"closed","ping_status":"closed","template":"","meta":{"_et_pb_use_builder":"on","_et_pb_old_content":"","_et_gb_content_width":"","footnotes":""},"class_list":["post-7056","page","type-page","status-publish","hentry"],"yoast_head":"<!-- This site is optimized with the Yoast SEO plugin v27.6 - https:\/\/yoast.com\/product\/yoast-seo-wordpress\/ -->\n<title>Halbmarathon RUN FOR THE WHALES 2026 Sanremo<\/title>\n<meta name=\"description\" content=\"Mit Ihrer Teilnahme am 21 km langen Halbmarathon leisten Sie einen Beitrag zur wissenschaftlichen Forschung des Tethys-Instituts \u00fcber Wale und Delfine im Ligurischen Meer.\" \/>\n<meta name=\"robots\" content=\"index, follow, max-snippet:-1, max-image-preview:large, max-video-preview:-1\" \/>\n<link rel=\"canonical\" href=\"https:\/\/runforthewhales.it\/de\/halbmarathon\/\" \/>\n<meta property=\"og:locale\" content=\"de_DE\" \/>\n<meta property=\"og:type\" content=\"article\" \/>\n<meta property=\"og:title\" content=\"Halbmarathon RUN FOR THE WHALES 2026 Sanremo\" \/>\n<meta property=\"og:description\" content=\"Mit Ihrer Teilnahme am 21 km langen Halbmarathon leisten Sie einen Beitrag zur wissenschaftlichen Forschung des Tethys-Instituts \u00fcber Wale und Delfine im Ligurischen Meer.\" \/>\n<meta property=\"og:url\" content=\"https:\/\/runforthewhales.it\/de\/halbmarathon\/\" \/>\n<meta property=\"og:site_name\" content=\"RUN FOR THE WHALES 2026 Sanremo\" \/>\n<meta property=\"article:modified_time\" content=\"2022-12-13T10:22:49+00:00\" \/>\n<meta name=\"twitter:label1\" content=\"Gesch\u00e4tzte Lesezeit\" \/>\n\t<meta name=\"twitter:data1\" content=\"2\u00a0Minuten\" \/>\n<script type=\"application\/ld+json\" class=\"yoast-schema-graph\">{\"@context\":\"https:\\\/\\\/schema.org\",\"@graph\":[{\"@type\":\"WebPage\",\"@id\":\"https:\\\/\\\/runforthewhales.it\\\/de\\\/halbmarathon\\\/\",\"url\":\"https:\\\/\\\/runforthewhales.it\\\/de\\\/halbmarathon\\\/\",\"name\":\"Halbmarathon RUN FOR THE WHALES 2026 Sanremo\",\"isPartOf\":{\"@id\":\"https:\\\/\\\/runforthewhales.it\\\/#website\"},\"datePublished\":\"2022-12-13T10:19:12+00:00\",\"dateModified\":\"2022-12-13T10:22:49+00:00\",\"description\":\"Mit Ihrer Teilnahme am 21 km langen Halbmarathon leisten Sie einen Beitrag zur wissenschaftlichen Forschung des Tethys-Instituts \u00fcber Wale und Delfine im Ligurischen Meer.\",\"breadcrumb\":{\"@id\":\"https:\\\/\\\/runforthewhales.it\\\/de\\\/halbmarathon\\\/#breadcrumb\"},\"inLanguage\":\"de\",\"potentialAction\":[{\"@type\":\"ReadAction\",\"target\":[\"https:\\\/\\\/runforthewhales.it\\\/de\\\/halbmarathon\\\/\"]}]},{\"@type\":\"BreadcrumbList\",\"@id\":\"https:\\\/\\\/runforthewhales.it\\\/de\\\/halbmarathon\\\/#breadcrumb\",\"itemListElement\":[{\"@type\":\"ListItem\",\"position\":1,\"name\":\"Home\",\"item\":\"https:\\\/\\\/runforthewhales.it\\\/de\\\/\"},{\"@type\":\"ListItem\",\"position\":2,\"name\":\"Halbmarathon\"}]},{\"@type\":\"WebSite\",\"@id\":\"https:\\\/\\\/runforthewhales.it\\\/#website\",\"url\":\"https:\\\/\\\/runforthewhales.it\\\/\",\"name\":\"RUN FOR THE WHALES 2026 Sanremo\",\"description\":\"21K Halb Marathon | 10K Run | 3K Family Run | 20.06.2026\",\"potentialAction\":[{\"@type\":\"SearchAction\",\"target\":{\"@type\":\"EntryPoint\",\"urlTemplate\":\"https:\\\/\\\/runforthewhales.it\\\/?s={search_term_string}\"},\"query-input\":{\"@type\":\"PropertyValueSpecification\",\"valueRequired\":true,\"valueName\":\"search_term_string\"}}],\"inLanguage\":\"de\"}]}<\/script>\n<!-- \/ Yoast SEO plugin. -->","yoast_head_json":{"title":"Halbmarathon RUN FOR THE WHALES 2026 Sanremo","description":"Mit Ihrer Teilnahme am 21 km langen Halbmarathon leisten Sie einen Beitrag zur wissenschaftlichen Forschung des Tethys-Instituts \u00fcber Wale und Delfine im Ligurischen Meer.","robots":{"index":"index","follow":"follow","max-snippet":"max-snippet:-1","max-image-preview":"max-image-preview:large","max-video-preview":"max-video-preview:-1"},"canonical":"https:\/\/runforthewhales.it\/de\/halbmarathon\/","og_locale":"de_DE","og_type":"article","og_title":"Halbmarathon RUN FOR THE WHALES 2026 Sanremo","og_description":"Mit Ihrer Teilnahme am 21 km langen Halbmarathon leisten Sie einen Beitrag zur wissenschaftlichen Forschung des Tethys-Instituts \u00fcber Wale und Delfine im Ligurischen Meer.","og_url":"https:\/\/runforthewhales.it\/de\/halbmarathon\/","og_site_name":"RUN FOR THE WHALES 2026 Sanremo","article_modified_time":"2022-12-13T10:22:49+00:00","twitter_misc":{"Gesch\u00e4tzte Lesezeit":"2\u00a0Minuten"},"schema":{"@context":"https:\/\/schema.org","@graph":[{"@type":"WebPage","@id":"https:\/\/runforthewhales.it\/de\/halbmarathon\/","url":"https:\/\/runforthewhales.it\/de\/halbmarathon\/","name":"Halbmarathon RUN FOR THE WHALES 2026 Sanremo","isPartOf":{"@id":"https:\/\/runforthewhales.it\/#website"},"datePublished":"2022-12-13T10:19:12+00:00","dateModified":"2022-12-13T10:22:49+00:00","description":"Mit Ihrer Teilnahme am 21 km langen Halbmarathon leisten Sie einen Beitrag zur wissenschaftlichen Forschung des Tethys-Instituts \u00fcber Wale und Delfine im Ligurischen Meer.","breadcrumb":{"@id":"https:\/\/runforthewhales.it\/de\/halbmarathon\/#breadcrumb"},"inLanguage":"de","potentialAction":[{"@type":"ReadAction","target":["https:\/\/runforthewhales.it\/de\/halbmarathon\/"]}]},{"@type":"BreadcrumbList","@id":"https:\/\/runforthewhales.it\/de\/halbmarathon\/#breadcrumb","itemListElement":[{"@type":"ListItem","position":1,"name":"Home","item":"https:\/\/runforthewhales.it\/de\/"},{"@type":"ListItem","position":2,"name":"Halbmarathon"}]},{"@type":"WebSite","@id":"https:\/\/runforthewhales.it\/#website","url":"https:\/\/runforthewhales.it\/","name":"RUN FOR THE WHALES 2026 Sanremo","description":"21K Halb Marathon | 10K Run | 3K Family Run | 20.06.2026","potentialAction":[{"@type":"SearchAction","target":{"@type":"EntryPoint","urlTemplate":"https:\/\/runforthewhales.it\/?s={search_term_string}"},"query-input":{"@type":"PropertyValueSpecification","valueRequired":true,"valueName":"search_term_string"}}],"inLanguage":"de"}]}},"_links":{"self":[{"href":"https:\/\/runforthewhales.it\/de\/wp-json\/wp\/v2\/pages\/7056","targetHints":{"allow":["GET"]}}],"collection":[{"href":"https:\/\/runforthewhales.it\/de\/wp-json\/wp\/v2\/pages"}],"about":[{"href":"https:\/\/runforthewhales.it\/de\/wp-json\/wp\/v2\/types\/page"}],"author":[{"embeddable":true,"href":"https:\/\/runforthewhales.it\/de\/wp-json\/wp\/v2\/users\/1"}],"replies":[{"embeddable":true,"href":"https:\/\/runforthewhales.it\/de\/wp-json\/wp\/v2\/comments?post=7056"}],"version-history":[{"count":4,"href":"https:\/\/runforthewhales.it\/de\/wp-json\/wp\/v2\/pages\/7056\/revisions"}],"predecessor-version":[{"id":7060,"href":"https:\/\/runforthewhales.it\/de\/wp-json\/wp\/v2\/pages\/7056\/revisions\/7060"}],"wp:attachment":[{"href":"https:\/\/runforthewhales.it\/de\/wp-json\/wp\/v2\/media?parent=7056"}],"curies":[{"name":"wp","href":"https:\/\/api.w.org\/{rel}","templated":true}]}}