{"id":6013,"date":"2022-04-21T16:45:17","date_gmt":"2022-04-21T16:45:17","guid":{"rendered":"http:\/\/runforthewhales.it\/rennen-fur-die-wale\/shuttle-dienst\/"},"modified":"2025-04-07T09:40:01","modified_gmt":"2025-04-07T09:40:01","slug":"shuttle-dienst","status":"publish","type":"page","link":"https:\/\/runforthewhales.it\/de\/run\/shuttle-dienst\/","title":{"rendered":"Shuttle-Dienst"},"content":{"rendered":"<h2>Die Organisation organisiert einen Bus-Shuttle-Service, um den Transfer zu vereinfachen, aber es ist auch m\u00f6glich, \u00f6ffentliche Verkehrsmittel oder Ihr eigenes Verkehrsmittel zu benutzen.<\/h2>\n<p>Der Bus-Shuttle-Service kann direkt \u00fcber unser <a href=\"http:\/\/www.runtosanremo.it\/en\" target=\"_blank\" rel=\"noopener\">Online-Anmeldesystem<\/a> gebucht werden.<\/p>\n<p>[table caption=&#8220;Shuttle-Fahrplan&#8220; width=&#8220;700&#8243; colwidth=&#8220;100|100|100|100|100|100&#8243; colalign=&#8220;center|center|center|center|center|center&#8220;]<br \/>\n,Abfahrtszeit, Abfahrtszeit von, Ankunftszeit um, R\u00fcckkehrort, Kosten<br \/>\nA &#8211; 1\u00b0 Busfahrt,14:45 Uhr,Sanremo (Ankunftszone),San Lorenzo al Mare, Sanremo, 6 \u20ac<br \/>\nB &#8211; 2\u00b0 Busfahrt, 17.00 Uhr,Sanremo (Ankunftszone),San Lorenzo al Mare, Sanremo,10 \u20ac.<br \/>\n[\/table]<\/p>\n<p><strong>BITTE BEACHTEN!<\/strong><br \/>\nDie Verf\u00fcgbarkeit ist begrenzt.<br \/>\nDer einmal gebuchte Shuttleservice ist ein Produkt, das nicht zur\u00fcckerstattet werden kann.<\/p>\n<p><strong>\u00d6FFENTLICHE VERKEHRSMITTEL<\/strong><\/p>\n<p>Es gibt eine Busverbindung zwischen San Remo &#8211; Arma di Taggie &#8211; Riva Ligure &#8211; San Lorenzo al mare, die von Riviera Transport betrieben wird.<\/p>\n<p><strong>EMPFOHLENE BUSVERBINDUNG F\u00dcR DIE TEILNEHMER DES HALBMARATHONS<\/strong><\/p>\n<p>Strecke: San Remo &#8211; Andora<br \/>\nAbfahrt: Busbahnhof an der Piazza Colombo in San Remo<br \/>\nHaltestelle: San Lorenzo al Mare (Halbmarathon)<br \/>\nFahrkarte: 1,50 \u20ac.<\/p>\n<p><strong>FAHRPLAN<\/strong><\/p>\n<p>Der Fahrplan ist auf der offiziellen Website von <a href=\"https:\/\/www.rivieratrasporti.it\/Upload\/Orari\/2022-2023\/Tascabile_Andora.pdf\" target=\"_blank\" rel=\"noopener\">Riviera Trasporti<\/a> verf\u00fcgbar.<\/p>\n<h3>EMPFOHLENE PARKM\u00d6GLICHKEITEN<\/h3>\n<ul>\n<li>Ankunftszone: Pian di Poma, San Remo (kostenloser Parkplatz, reserviert f\u00fcr Athleten)<\/li>\n<li>Startzone Halbmarathon: San Lorenzo al Mare (geb\u00fchrenpflichtig, nur sehr begrenzt verf\u00fcgbar).<\/li>\n<\/ul>\n<p>F\u00fcr diejenigen, die mit \u00f6ffentlichen Verkehrsmitteln anreisen, empfehlen wir die folgenden Parkpl\u00e4tze in der N\u00e4he des Busbahnhofs:<\/p>\n<ul>\n<li>Tiefgarage am Palafiori (gegen Geb\u00fchr)<\/li>\n<li>Tiefgarage an der Piazza Colombo (geb\u00fchrenpflichtig)<\/li>\n<\/ul>\n","protected":false},"excerpt":{"rendered":"<p>Die Organisation organisiert einen Bus-Shuttle-Service, um den Transfer zu vereinfachen, aber es ist auch m\u00f6glich, \u00f6ffentliche Verkehrsmittel oder Ihr eigenes Verkehrsmittel zu benutzen. Der Bus-Shuttle-Service kann direkt \u00fcber unser Online-Anmeldesystem gebucht werden. [table caption=&#8220;Shuttle-Fahrplan&#8220; width=&#8220;700&#8243; colwidth=&#8220;100|100|100|100|100|100&#8243; colalign=&#8220;center|center|center|center|center|center&#8220;] ,Abfahrtszeit, Abfahrtszeit von, Ankunftszeit um, R\u00fcckkehrort, Kosten A &#8211; 1\u00b0 Busfahrt,14:45 Uhr,Sanremo (Ankunftszone),San Lorenzo al Mare, Sanremo, 6 [&hellip;]<\/p>\n","protected":false},"author":1,"featured_media":0,"parent":2510,"menu_order":6,"comment_status":"closed","ping_status":"closed","template":"","meta":{"_et_pb_use_builder":"","_et_pb_old_content":"","_et_gb_content_width":"","footnotes":""},"class_list":["post-6013","page","type-page","status-publish","hentry"],"yoast_head":"<!-- This site is optimized with the Yoast SEO plugin v26.5 - https:\/\/yoast.com\/wordpress\/plugins\/seo\/ -->\n<title>Shuttle-Dienst RUN FOR THE WHALES 2026 Sanremo<\/title>\n<meta name=\"description\" content=\"Die Organisation arrangiert einen Bus-Shuttle-Service, um die Transfers der Athleten zum Zielbereich des Rennens zu erleichtern.\" \/>\n<meta name=\"robots\" content=\"index, follow, max-snippet:-1, max-image-preview:large, max-video-preview:-1\" \/>\n<link rel=\"canonical\" href=\"https:\/\/runforthewhales.it\/de\/run\/shuttle-dienst\/\" \/>\n<meta property=\"og:locale\" content=\"de_DE\" \/>\n<meta property=\"og:type\" content=\"article\" \/>\n<meta property=\"og:title\" content=\"Shuttle-Dienst RUN FOR THE WHALES 2026 Sanremo\" \/>\n<meta property=\"og:description\" content=\"Die Organisation arrangiert einen Bus-Shuttle-Service, um die Transfers der Athleten zum Zielbereich des Rennens zu erleichtern.\" \/>\n<meta property=\"og:url\" content=\"https:\/\/runforthewhales.it\/de\/run\/shuttle-dienst\/\" \/>\n<meta property=\"og:site_name\" content=\"RUN FOR THE WHALES 2026 Sanremo\" \/>\n<meta property=\"article:modified_time\" content=\"2025-04-07T09:40:01+00:00\" \/>\n<meta name=\"twitter:label1\" content=\"Gesch\u00e4tzte Lesezeit\" \/>\n\t<meta name=\"twitter:data1\" content=\"2\u00a0Minuten\" \/>\n<script type=\"application\/ld+json\" class=\"yoast-schema-graph\">{\"@context\":\"https:\/\/schema.org\",\"@graph\":[{\"@type\":\"WebPage\",\"@id\":\"https:\/\/runforthewhales.it\/de\/run\/shuttle-dienst\/\",\"url\":\"https:\/\/runforthewhales.it\/de\/run\/shuttle-dienst\/\",\"name\":\"Shuttle-Dienst RUN FOR THE WHALES 2026 Sanremo\",\"isPartOf\":{\"@id\":\"https:\/\/runforthewhales.it\/#website\"},\"datePublished\":\"2022-04-21T16:45:17+00:00\",\"dateModified\":\"2025-04-07T09:40:01+00:00\",\"description\":\"Die Organisation arrangiert einen Bus-Shuttle-Service, um die Transfers der Athleten zum Zielbereich des Rennens zu erleichtern.\",\"breadcrumb\":{\"@id\":\"https:\/\/runforthewhales.it\/de\/run\/shuttle-dienst\/#breadcrumb\"},\"inLanguage\":\"de\",\"potentialAction\":[{\"@type\":\"ReadAction\",\"target\":[\"https:\/\/runforthewhales.it\/de\/run\/shuttle-dienst\/\"]}]},{\"@type\":\"BreadcrumbList\",\"@id\":\"https:\/\/runforthewhales.it\/de\/run\/shuttle-dienst\/#breadcrumb\",\"itemListElement\":[{\"@type\":\"ListItem\",\"position\":1,\"name\":\"Home\",\"item\":\"https:\/\/runforthewhales.it\/de\/\"},{\"@type\":\"ListItem\",\"position\":2,\"name\":\"Run for the Whales\",\"item\":\"https:\/\/runforthewhales.it\/de\/run\/\"},{\"@type\":\"ListItem\",\"position\":3,\"name\":\"Shuttle-Dienst\"}]},{\"@type\":\"WebSite\",\"@id\":\"https:\/\/runforthewhales.it\/#website\",\"url\":\"https:\/\/runforthewhales.it\/\",\"name\":\"RUN FOR THE WHALES 2026 Sanremo\",\"description\":\"21K Halb Marathon | 10K Run | 3K Family Run | 20.06.2026\",\"potentialAction\":[{\"@type\":\"SearchAction\",\"target\":{\"@type\":\"EntryPoint\",\"urlTemplate\":\"https:\/\/runforthewhales.it\/?s={search_term_string}\"},\"query-input\":{\"@type\":\"PropertyValueSpecification\",\"valueRequired\":true,\"valueName\":\"search_term_string\"}}],\"inLanguage\":\"de\"}]}<\/script>\n<!-- \/ Yoast SEO plugin. -->","yoast_head_json":{"title":"Shuttle-Dienst RUN FOR THE WHALES 2026 Sanremo","description":"Die Organisation arrangiert einen Bus-Shuttle-Service, um die Transfers der Athleten zum Zielbereich des Rennens zu erleichtern.","robots":{"index":"index","follow":"follow","max-snippet":"max-snippet:-1","max-image-preview":"max-image-preview:large","max-video-preview":"max-video-preview:-1"},"canonical":"https:\/\/runforthewhales.it\/de\/run\/shuttle-dienst\/","og_locale":"de_DE","og_type":"article","og_title":"Shuttle-Dienst RUN FOR THE WHALES 2026 Sanremo","og_description":"Die Organisation arrangiert einen Bus-Shuttle-Service, um die Transfers der Athleten zum Zielbereich des Rennens zu erleichtern.","og_url":"https:\/\/runforthewhales.it\/de\/run\/shuttle-dienst\/","og_site_name":"RUN FOR THE WHALES 2026 Sanremo","article_modified_time":"2025-04-07T09:40:01+00:00","twitter_misc":{"Gesch\u00e4tzte Lesezeit":"2\u00a0Minuten"},"schema":{"@context":"https:\/\/schema.org","@graph":[{"@type":"WebPage","@id":"https:\/\/runforthewhales.it\/de\/run\/shuttle-dienst\/","url":"https:\/\/runforthewhales.it\/de\/run\/shuttle-dienst\/","name":"Shuttle-Dienst RUN FOR THE WHALES 2026 Sanremo","isPartOf":{"@id":"https:\/\/runforthewhales.it\/#website"},"datePublished":"2022-04-21T16:45:17+00:00","dateModified":"2025-04-07T09:40:01+00:00","description":"Die Organisation arrangiert einen Bus-Shuttle-Service, um die Transfers der Athleten zum Zielbereich des Rennens zu erleichtern.","breadcrumb":{"@id":"https:\/\/runforthewhales.it\/de\/run\/shuttle-dienst\/#breadcrumb"},"inLanguage":"de","potentialAction":[{"@type":"ReadAction","target":["https:\/\/runforthewhales.it\/de\/run\/shuttle-dienst\/"]}]},{"@type":"BreadcrumbList","@id":"https:\/\/runforthewhales.it\/de\/run\/shuttle-dienst\/#breadcrumb","itemListElement":[{"@type":"ListItem","position":1,"name":"Home","item":"https:\/\/runforthewhales.it\/de\/"},{"@type":"ListItem","position":2,"name":"Run for the Whales","item":"https:\/\/runforthewhales.it\/de\/run\/"},{"@type":"ListItem","position":3,"name":"Shuttle-Dienst"}]},{"@type":"WebSite","@id":"https:\/\/runforthewhales.it\/#website","url":"https:\/\/runforthewhales.it\/","name":"RUN FOR THE WHALES 2026 Sanremo","description":"21K Halb Marathon | 10K Run | 3K Family Run | 20.06.2026","potentialAction":[{"@type":"SearchAction","target":{"@type":"EntryPoint","urlTemplate":"https:\/\/runforthewhales.it\/?s={search_term_string}"},"query-input":{"@type":"PropertyValueSpecification","valueRequired":true,"valueName":"search_term_string"}}],"inLanguage":"de"}]}},"_links":{"self":[{"href":"https:\/\/runforthewhales.it\/de\/wp-json\/wp\/v2\/pages\/6013","targetHints":{"allow":["GET"]}}],"collection":[{"href":"https:\/\/runforthewhales.it\/de\/wp-json\/wp\/v2\/pages"}],"about":[{"href":"https:\/\/runforthewhales.it\/de\/wp-json\/wp\/v2\/types\/page"}],"author":[{"embeddable":true,"href":"https:\/\/runforthewhales.it\/de\/wp-json\/wp\/v2\/users\/1"}],"replies":[{"embeddable":true,"href":"https:\/\/runforthewhales.it\/de\/wp-json\/wp\/v2\/comments?post=6013"}],"version-history":[{"count":7,"href":"https:\/\/runforthewhales.it\/de\/wp-json\/wp\/v2\/pages\/6013\/revisions"}],"predecessor-version":[{"id":8714,"href":"https:\/\/runforthewhales.it\/de\/wp-json\/wp\/v2\/pages\/6013\/revisions\/8714"}],"up":[{"embeddable":true,"href":"https:\/\/runforthewhales.it\/de\/wp-json\/wp\/v2\/pages\/2510"}],"wp:attachment":[{"href":"https:\/\/runforthewhales.it\/de\/wp-json\/wp\/v2\/media?parent=6013"}],"curies":[{"name":"wp","href":"https:\/\/api.w.org\/{rel}","templated":true}]}}