{"id":2565,"date":"2017-05-10T15:18:47","date_gmt":"2017-05-10T15:18:47","guid":{"rendered":"http:\/\/runforthewhales.it\/wp\/fidal-runcard\/"},"modified":"2021-05-05T15:15:25","modified_gmt":"2021-05-05T15:15:25","slug":"fidal-runcard","status":"publish","type":"page","link":"https:\/\/runforthewhales.it\/de\/fidal-runcard\/","title":{"rendered":"FIDAL RunCard"},"content":{"rendered":"<p>Wenn Sie ein italienischer Athlet sind und weder lizenziert, noch im Besitz einer FIDAL RunCard sind,<\/p>\n<p>oder<\/p>\n<p>wenn Sie ein ausl\u00e4ndischer Athlet sind und nicht von einem Verband lizenziert sind, der vom IAAF anerkannt ist, oder nicht im Besitz der Fidal RunCard sind,<\/p>\n<p>k\u00f6nnen Sie sich \u00fcber uns anmelden.<\/p>\n<p><a href=\"https:\/\/runforthewhales.it\/iscrizioni\/\" target=\"_blank\" rel=\"noopener\">Melden Sie sich f\u00fcr die Fidal RunCard an<\/a><\/p>\n<p>NB: F\u00fcr die Anmeldung f\u00fcr die Fidal RunCard wird es n\u00f6tig sein, eine \u00e4rztliche Bescheinigung f\u00fcr nicht wettbewerblichen Sport f\u00fcr Leichtathletik vorzuzeigen.<\/p>\n","protected":false},"excerpt":{"rendered":"<p>Wenn Sie ein italienischer Athlet sind und weder lizenziert, noch im Besitz einer FIDAL RunCard sind, oder wenn Sie ein ausl\u00e4ndischer Athlet sind und nicht von einem Verband lizenziert sind, der vom IAAF anerkannt ist, oder nicht im Besitz der Fidal RunCard sind, k\u00f6nnen Sie sich \u00fcber uns anmelden. Melden Sie sich f\u00fcr die Fidal [&hellip;]<\/p>\n","protected":false},"author":1,"featured_media":0,"parent":0,"menu_order":4,"comment_status":"closed","ping_status":"closed","template":"","meta":{"_et_pb_use_builder":"","_et_pb_old_content":"","_et_gb_content_width":"","footnotes":""},"class_list":["post-2565","page","type-page","status-publish","hentry"],"yoast_head":"<!-- This site is optimized with the Yoast SEO plugin v26.5 - https:\/\/yoast.com\/wordpress\/plugins\/seo\/ -->\n<title>FIDAL RunCard RUN FOR THE WHALES 2026 Sanremo<\/title>\n<meta name=\"robots\" content=\"index, follow, max-snippet:-1, max-image-preview:large, max-video-preview:-1\" \/>\n<link rel=\"canonical\" href=\"https:\/\/runforthewhales.it\/de\/fidal-runcard\/\" \/>\n<meta property=\"og:locale\" content=\"de_DE\" \/>\n<meta property=\"og:type\" content=\"article\" \/>\n<meta property=\"og:title\" content=\"FIDAL RunCard RUN FOR THE WHALES 2026 Sanremo\" \/>\n<meta property=\"og:description\" content=\"Wenn Sie ein italienischer Athlet sind und weder lizenziert, noch im Besitz einer FIDAL RunCard sind, oder wenn Sie ein ausl\u00e4ndischer Athlet sind und nicht von einem Verband lizenziert sind, der vom IAAF anerkannt ist, oder nicht im Besitz der Fidal RunCard sind, k\u00f6nnen Sie sich \u00fcber uns anmelden. Melden Sie sich f\u00fcr die Fidal [&hellip;]\" \/>\n<meta property=\"og:url\" content=\"https:\/\/runforthewhales.it\/de\/fidal-runcard\/\" \/>\n<meta property=\"og:site_name\" content=\"RUN FOR THE WHALES 2026 Sanremo\" \/>\n<meta property=\"article:modified_time\" content=\"2021-05-05T15:15:25+00:00\" \/>\n<script type=\"application\/ld+json\" class=\"yoast-schema-graph\">{\"@context\":\"https:\/\/schema.org\",\"@graph\":[{\"@type\":\"WebPage\",\"@id\":\"https:\/\/runforthewhales.it\/de\/fidal-runcard\/\",\"url\":\"https:\/\/runforthewhales.it\/de\/fidal-runcard\/\",\"name\":\"FIDAL RunCard RUN FOR THE WHALES 2026 Sanremo\",\"isPartOf\":{\"@id\":\"https:\/\/runforthewhales.it\/#website\"},\"datePublished\":\"2017-05-10T15:18:47+00:00\",\"dateModified\":\"2021-05-05T15:15:25+00:00\",\"breadcrumb\":{\"@id\":\"https:\/\/runforthewhales.it\/de\/fidal-runcard\/#breadcrumb\"},\"inLanguage\":\"de\",\"potentialAction\":[{\"@type\":\"ReadAction\",\"target\":[\"https:\/\/runforthewhales.it\/de\/fidal-runcard\/\"]}]},{\"@type\":\"BreadcrumbList\",\"@id\":\"https:\/\/runforthewhales.it\/de\/fidal-runcard\/#breadcrumb\",\"itemListElement\":[{\"@type\":\"ListItem\",\"position\":1,\"name\":\"Home\",\"item\":\"https:\/\/runforthewhales.it\/de\/\"},{\"@type\":\"ListItem\",\"position\":2,\"name\":\"FIDAL RunCard\"}]},{\"@type\":\"WebSite\",\"@id\":\"https:\/\/runforthewhales.it\/#website\",\"url\":\"https:\/\/runforthewhales.it\/\",\"name\":\"RUN FOR THE WHALES 2026 Sanremo\",\"description\":\"21K Halb Marathon | 10K Run | 3K Family Run | 20.06.2026\",\"potentialAction\":[{\"@type\":\"SearchAction\",\"target\":{\"@type\":\"EntryPoint\",\"urlTemplate\":\"https:\/\/runforthewhales.it\/?s={search_term_string}\"},\"query-input\":{\"@type\":\"PropertyValueSpecification\",\"valueRequired\":true,\"valueName\":\"search_term_string\"}}],\"inLanguage\":\"de\"}]}<\/script>\n<!-- \/ Yoast SEO plugin. -->","yoast_head_json":{"title":"FIDAL RunCard RUN FOR THE WHALES 2026 Sanremo","robots":{"index":"index","follow":"follow","max-snippet":"max-snippet:-1","max-image-preview":"max-image-preview:large","max-video-preview":"max-video-preview:-1"},"canonical":"https:\/\/runforthewhales.it\/de\/fidal-runcard\/","og_locale":"de_DE","og_type":"article","og_title":"FIDAL RunCard RUN FOR THE WHALES 2026 Sanremo","og_description":"Wenn Sie ein italienischer Athlet sind und weder lizenziert, noch im Besitz einer FIDAL RunCard sind, oder wenn Sie ein ausl\u00e4ndischer Athlet sind und nicht von einem Verband lizenziert sind, der vom IAAF anerkannt ist, oder nicht im Besitz der Fidal RunCard sind, k\u00f6nnen Sie sich \u00fcber uns anmelden. Melden Sie sich f\u00fcr die Fidal [&hellip;]","og_url":"https:\/\/runforthewhales.it\/de\/fidal-runcard\/","og_site_name":"RUN FOR THE WHALES 2026 Sanremo","article_modified_time":"2021-05-05T15:15:25+00:00","schema":{"@context":"https:\/\/schema.org","@graph":[{"@type":"WebPage","@id":"https:\/\/runforthewhales.it\/de\/fidal-runcard\/","url":"https:\/\/runforthewhales.it\/de\/fidal-runcard\/","name":"FIDAL RunCard RUN FOR THE WHALES 2026 Sanremo","isPartOf":{"@id":"https:\/\/runforthewhales.it\/#website"},"datePublished":"2017-05-10T15:18:47+00:00","dateModified":"2021-05-05T15:15:25+00:00","breadcrumb":{"@id":"https:\/\/runforthewhales.it\/de\/fidal-runcard\/#breadcrumb"},"inLanguage":"de","potentialAction":[{"@type":"ReadAction","target":["https:\/\/runforthewhales.it\/de\/fidal-runcard\/"]}]},{"@type":"BreadcrumbList","@id":"https:\/\/runforthewhales.it\/de\/fidal-runcard\/#breadcrumb","itemListElement":[{"@type":"ListItem","position":1,"name":"Home","item":"https:\/\/runforthewhales.it\/de\/"},{"@type":"ListItem","position":2,"name":"FIDAL RunCard"}]},{"@type":"WebSite","@id":"https:\/\/runforthewhales.it\/#website","url":"https:\/\/runforthewhales.it\/","name":"RUN FOR THE WHALES 2026 Sanremo","description":"21K Halb Marathon | 10K Run | 3K Family Run | 20.06.2026","potentialAction":[{"@type":"SearchAction","target":{"@type":"EntryPoint","urlTemplate":"https:\/\/runforthewhales.it\/?s={search_term_string}"},"query-input":{"@type":"PropertyValueSpecification","valueRequired":true,"valueName":"search_term_string"}}],"inLanguage":"de"}]}},"_links":{"self":[{"href":"https:\/\/runforthewhales.it\/de\/wp-json\/wp\/v2\/pages\/2565","targetHints":{"allow":["GET"]}}],"collection":[{"href":"https:\/\/runforthewhales.it\/de\/wp-json\/wp\/v2\/pages"}],"about":[{"href":"https:\/\/runforthewhales.it\/de\/wp-json\/wp\/v2\/types\/page"}],"author":[{"embeddable":true,"href":"https:\/\/runforthewhales.it\/de\/wp-json\/wp\/v2\/users\/1"}],"replies":[{"embeddable":true,"href":"https:\/\/runforthewhales.it\/de\/wp-json\/wp\/v2\/comments?post=2565"}],"version-history":[{"count":2,"href":"https:\/\/runforthewhales.it\/de\/wp-json\/wp\/v2\/pages\/2565\/revisions"}],"predecessor-version":[{"id":5368,"href":"https:\/\/runforthewhales.it\/de\/wp-json\/wp\/v2\/pages\/2565\/revisions\/5368"}],"wp:attachment":[{"href":"https:\/\/runforthewhales.it\/de\/wp-json\/wp\/v2\/media?parent=2565"}],"curies":[{"name":"wp","href":"https:\/\/api.w.org\/{rel}","templated":true}]}}