{"id":2546,"date":"2017-05-09T18:14:29","date_gmt":"2017-05-09T18:14:29","guid":{"rendered":"http:\/\/runforthewhales.it\/wp\/regelungen-familienrennen-rennen-fur-die-wale\/"},"modified":"2026-03-30T08:41:56","modified_gmt":"2026-03-30T08:41:56","slug":"regelungen-familienrennen-rennen-fur-die-wale","status":"publish","type":"page","link":"https:\/\/runforthewhales.it\/de\/familienrennens\/regelungen-familienrennen-rennen-fur-die-wale\/","title":{"rendered":"Regelungen San Remo Familienrennen &#8211; RENNEN F\u00dcR DIE WALE"},"content":{"rendered":"<p>[et_pb_section fb_built=&#8220;1&#8243; admin_label=&#8220;section&#8220; _builder_version=&#8220;4.16&#8243; global_colors_info=&#8220;{}&#8220;][et_pb_row admin_label=&#8220;row&#8220; _builder_version=&#8220;4.16&#8243; background_size=&#8220;initial&#8220; background_position=&#8220;top_left&#8220; background_repeat=&#8220;repeat&#8220; global_colors_info=&#8220;{}&#8220;][et_pb_column type=&#8220;4_4&#8243; _builder_version=&#8220;4.16&#8243; custom_padding=&#8220;|||&#8220; global_colors_info=&#8220;{}&#8220; custom_padding__hover=&#8220;|||&#8220;][et_pb_image src=&#8220;https:\/\/runforthewhales.it\/wp-content\/uploads\/2025\/06\/sportivi-per-natura-300&#215;89.jpg&#8220; alt=&#8220;sportivi per natura&#8220; title_text=&#8220;sportivi per natura&#8220; _builder_version=&#8220;4.27.4&#8243; _module_preset=&#8220;default&#8220; locked=&#8220;off&#8220; global_colors_info=&#8220;{}&#8220;][\/et_pb_image][et_pb_text admin_label=&#8220;Text&#8220; _builder_version=&#8220;4.25.1&#8243; background_size=&#8220;initial&#8220; background_position=&#8220;top_left&#8220; background_repeat=&#8220;repeat&#8220; global_colors_info=&#8220;{}&#8220;]<\/p>\n<ul>\n<li>\n<p align=\"LEFT\"><b>Veranstaltung<\/b>: FAMILIENRENNEN &#8211; RENNEN F\u00dcR DIE WALE<\/p>\n<\/li>\n<li>\n<p align=\"LEFT\"><strong>Sportvereinigung<\/strong>: Pro San Pietro<\/p>\n<\/li>\n<li>\n<p align=\"LEFT\"><strong>Datum<\/strong>:\u00a0 20. Juni 2026 &#8211; 17:45 Uhr<\/p>\n<\/li>\n<li>\n<p align=\"LEFT\"><strong>Start<\/strong>: Pian di Poma, San Remo<\/p>\n<\/li>\n<li>\n<p align=\"LEFT\"><b>Strecke<\/b>: <strong>Radweg des K\u00fcstenparks der Blumen Riviera<\/strong><\/p>\n<\/li>\n<li>\n<p align=\"LEFT\"><b>Ziel<\/b>:\u00a0San Remo<\/p>\n<\/li>\n<li>\n<p align=\"LEFT\"><strong>Distanz<\/strong>: circa\u00a03 Km<\/p>\n<\/li>\n<li><strong>Logistische Basis der Veranstaltung (Abholung der Startnummern)<\/strong>: Sanremo<\/li>\n<\/ul>\n<ul>\n<li style=\"list-style-type: none;\">\n<ul>\n<li><strong>Freitag, 19. Juni, 14.30 Uhr bis 18.00 Uhr<\/strong><\/li>\n<li><strong>Samstag, 20. Juni, 10.00 bis 13.00 Uhr und 14.00 bis 16.00 Uhr<\/strong><\/li>\n<\/ul>\n<\/li>\n<\/ul>\n<h3 align=\"LEFT\">\u00a0<\/h3>\n<h3 align=\"LEFT\">KRITERIEN F\u00dcR DIE TEILNAHME<\/h3>\n<p align=\"LEFT\">Jedermann kann am\u00a0<strong>Familienrennen<\/strong>\u00a0teilnehmen<strong>,<\/strong>\u00a0jung und alt, jeder der wirklich Spa\u00df haben will. Der Amateur-Charakter der Veranstaltung bedeutet, dass das Vorzeigen einer \u00e4rztlichen Bescheinigung nicht erforderlich ist (mit der Anmeldung befreit der Teilnehmer die Organisation von jeder Verantwortung).<\/p>\n<h3 align=\"LEFT\">WIE MAN SICH ANMELDET<\/h3>\n<p>a)<strong> Online bis zum 31. Mai 2026 \u00fcber die offizielle Webseite der Veranstaltung <\/strong>f\u00fcr Bezahlung mit \u00dcberweisung, Kreditkarte Visa, Mastercard, \u00a0Amex oder Paypal.<\/p>\n<p>b) <strong>Online bis zum 18. juni 2026 \u00fcber die offizielle Webseite der Veranstaltung <\/strong>f\u00fcr Bezahlung mit Kreditkarte Visa, Mastercard, Amex oder Paypal.<\/p>\n<p align=\"LEFT\">c) <strong>am Schalter der Organisation.<\/strong> Das Programm des Wettbewerbs finden Sie <a href=\"https:\/\/runforthewhales.it\/de\/rennprogramm\/\" target=\"_blank\" rel=\"noopener\">hier<\/a>.<\/p>\n<h3 align=\"LEFT\">ANMELDEGEB\u00dcHR UND ANMELDE-DEADLINE<\/h3>\n<table style=\"height: 129px; width: 66.6137%;\" width=\"519\">\n<thead>\n<tr style=\"height: 46px;\">\n<td style=\"height: 46px; width: 39.5437%;\"><strong>\u00a0<\/strong><\/td>\n<td style=\"width: 14.8289%; height: 46px;\">Einzelne Anmeldung unter 14<\/td>\n<td style=\"height: 46px; width: 15.7795%;\">Quota d&#8217;iscrizione over 14<\/td>\n<td style=\"height: 46px; width: 27.7567%;\">Technisches T-Shirt<\/td>\n<\/tr>\n<\/thead>\n<tbody>\n<tr style=\"height: 23px;\">\n<td style=\"width: 39.5437%; height: 23px;\"><strong>Onlineanmeldung bis zum 31. Mai <\/strong><\/td>\n<td style=\"width: 14.8289%; height: 23px;\"><strong>kostenlos<\/strong><\/td>\n<td style=\"width: 15.7795%; height: 23px;\"><strong>\u20ac 10,00<\/strong><\/td>\n<td style=\"width: 27.7567%; height: 23px;\">NICHT Inkl. Sie k\u00f6nnen es online kaufen unter<\/td>\n<\/tr>\n<tr style=\"height: 23px;\">\n<td style=\"height: 23px; width: 39.5437%;\"><strong>Onlineanmeldung bis zum 18. Juni \u2013 18:00 Uhr <\/strong><\/td>\n<td style=\"width: 14.8289%; height: 23px;\"><strong>kostenlos <\/strong><\/td>\n<td style=\"height: 23px; width: 15.7795%;\"><strong>\u20ac 10,00<\/strong><\/td>\n<td style=\"height: 23px; width: 27.7567%;\">NICHT Inkl. Sie k\u00f6nnen es online kaufen unter<\/td>\n<\/tr>\n<tr style=\"height: 37px;\">\n<td style=\"height: 37px; width: 39.5437%;\"><strong>Registrierung vor Ort<\/strong><\/td>\n<td style=\"width: 14.8289%; height: 37px;\"><strong>kostenlos<\/strong><\/td>\n<td style=\"height: 37px; width: 15.7795%;\"><strong>\u20ac 10,00<\/strong><\/td>\n<td style=\"height: 37px; width: 27.7567%;\">NICHT Inkl.<\/td>\n<\/tr>\n<\/tbody>\n<\/table>\n<p><span class=\"text\" lang=\"de\">Sekretariatskosten f\u00fcr die Verwaltung von Online-Registrierungen: 5%<\/span> <span style=\"color: #3366ff;\"><strong>Ein Beitrag von 1,50 \u20ac der Registrierungsgeb\u00fchr wird geleistet, um die Forschung und den Erhalt von Walen im Schutzgebiet Pelagos zu unterst\u00fctzen.<\/strong><\/span><\/p>\n<h3 align=\"LEFT\">DIE ANMELDEGEB\u00dcHR ENTH\u00c4LT DIE FOLGENDEN SERVICES:<\/h3>\n<ul>\n<li>medizinische Hilfe;<\/li>\n<li>offizielle Teilnahme-Medaille<\/li>\n<li>Versicherung;<\/li>\n<li>Rennpaket<\/li>\n<\/ul>\n<h3 align=\"LEFT\">FOTOS VON TEILNEHMERN<\/h3>\n<p align=\"LEFT\">Es wird ein das Rennen begleitendes Fotoshooting geben,<\/p>\n<p>Fotos werden in den Tagen nach der Veranstaltung kostenlos auf unserer Facebook-Seite ver\u00f6ffentlicht.<\/p>\n<h3 align=\"LEFT\">LETZTE HINWEISE<\/h3>\n<p align=\"LEFT\">Die Organisation beh\u00e4lt sich das Recht vor, diese Regelungen jederzeit zu \u00e4ndern, um eine bessere Organisation des Rennens zu gew\u00e4hrleisten.<strong>\u00a0<\/strong><\/p>\n<p>Alle \u00c4nderungen zu Services, Orten oder Zeitpl\u00e4nen werden unverz\u00fcglich den registrierten Sportlern mitgeteilt oder werden auf der Internetseite www.runforthewhales.it vermeldet. Zus\u00e4tzlich werden Dokumente, die erforderliche\u00a0Informationen f\u00fcr die Teilnahme am Rennen\u00a0enthalten, zusammen mit den Startnummern von der Organisation versandt. <strong>Datenschutz<\/strong> Mit der Anmeldung am San Remo <strong>Familienrennen &#8211; Rennen f\u00fcr die Wale\u00a0<\/strong>berechtigt der Teilnehmer die Organisation, seine\/ihre pers\u00f6nlichen Daten zum Zweck der Verwaltung von\u00a0Anmeldung und zugeh\u00f6rigen Services wie Timing, Rangliste, sowie die regelm\u00e4\u00dfige Mitteilung von Neuigkeiten \u00fcber das Rennen, die Region, die das Event beherbergt oder \u00e4hnlichen Events betreffend, zu bearbeiten. <strong>Bildrechte<\/strong> Mit der Anmeldung am San Remo <strong>Familienrennen &#8211; Rennen f\u00fcr die Wale<\/strong>\u00a0berechtigt der Teilnehmer die Organisation, samt Sponsoren und Medienpartnern, ausdr\u00fccklich mit dem Erwerb des Rechtes, stehende oder bewegte Bilder, auf denen die Teilnehmer auftauchen k\u00f6nnen, in allen Medien zu nutzen, einschlie\u00dflich Werbungs- und \u00d6ffentlichkeitsmaterialien, \u00fcberall auf der Welt, und f\u00fcr die maximale von geltenden Gesetzen, Vorschriften und Vereinbarungen vorgeschriebene Zeit, einschlie\u00dflich aller Verl\u00e4ngerung, die m\u00f6glicherweise im geplanten Zeitraum gemacht werden.<\/p>\n<p align=\"LEFT\">Organisationskomitee\u00a0San Remo Marathon mit der Beteiligung von, Pro San Pietro, Tethys Institut<\/p>\n<p>[\/et_pb_text][\/et_pb_column][\/et_pb_row][\/et_pb_section]<\/p>\n","protected":false},"excerpt":{"rendered":"<p>Veranstaltung: FAMILIENRENNEN &#8211; RENNEN F\u00dcR DIE WALE Sportvereinigung: Pro San Pietro Datum:\u00a0 20. Juni 2026 &#8211; 17:45 Uhr Start: Pian di Poma, San Remo Strecke: Radweg des K\u00fcstenparks der Blumen Riviera Ziel:\u00a0San Remo Distanz: circa\u00a03 Km Logistische Basis der Veranstaltung (Abholung der Startnummern): Sanremo Freitag, 19. Juni, 14.30 Uhr bis 18.00 Uhr Samstag, 20. Juni, [&hellip;]<\/p>\n","protected":false},"author":1,"featured_media":0,"parent":7066,"menu_order":3,"comment_status":"closed","ping_status":"closed","template":"","meta":{"_et_pb_use_builder":"on","_et_pb_old_content":"","_et_gb_content_width":"","footnotes":""},"class_list":["post-2546","page","type-page","status-publish","hentry"],"yoast_head":"<!-- This site is optimized with the Yoast SEO plugin v27.6 - https:\/\/yoast.com\/product\/yoast-seo-wordpress\/ -->\n<title>San Remo Familienrennen, RENNEN F\u00dcR DIE WALE 2025<\/title>\n<meta name=\"description\" content=\"San Remo Familienrennen : Jung und Alt wird an diesem Rennen teilnehmen, um die Wale des Mittelmeers zu unterst\u00fctzen RENNEN F\u00dcR DIE WALE\" \/>\n<meta name=\"robots\" content=\"index, follow, max-snippet:-1, max-image-preview:large, max-video-preview:-1\" \/>\n<link rel=\"canonical\" href=\"https:\/\/runforthewhales.it\/de\/familienrennens\/regelungen-familienrennen-rennen-fur-die-wale\/\" \/>\n<meta property=\"og:locale\" content=\"de_DE\" \/>\n<meta property=\"og:type\" content=\"article\" \/>\n<meta property=\"og:title\" content=\"San Remo Familienrennen, RENNEN F\u00dcR DIE WALE 2025\" \/>\n<meta property=\"og:description\" content=\"San Remo Familienrennen : Jung und Alt wird an diesem Rennen teilnehmen, um die Wale des Mittelmeers zu unterst\u00fctzen RENNEN F\u00dcR DIE WALE\" \/>\n<meta property=\"og:url\" content=\"https:\/\/runforthewhales.it\/de\/familienrennens\/regelungen-familienrennen-rennen-fur-die-wale\/\" \/>\n<meta property=\"og:site_name\" content=\"RUN FOR THE WHALES 2026 Sanremo\" \/>\n<meta property=\"article:modified_time\" content=\"2026-03-30T08:41:56+00:00\" \/>\n<meta name=\"twitter:label1\" content=\"Gesch\u00e4tzte Lesezeit\" \/>\n\t<meta name=\"twitter:data1\" content=\"3\u00a0Minuten\" \/>\n<script type=\"application\/ld+json\" class=\"yoast-schema-graph\">{\"@context\":\"https:\\\/\\\/schema.org\",\"@graph\":[{\"@type\":\"WebPage\",\"@id\":\"https:\\\/\\\/runforthewhales.it\\\/de\\\/familienrennens\\\/regelungen-familienrennen-rennen-fur-die-wale\\\/\",\"url\":\"https:\\\/\\\/runforthewhales.it\\\/de\\\/familienrennens\\\/regelungen-familienrennen-rennen-fur-die-wale\\\/\",\"name\":\"San Remo Familienrennen, RENNEN F\u00dcR DIE WALE 2025\",\"isPartOf\":{\"@id\":\"https:\\\/\\\/runforthewhales.it\\\/#website\"},\"datePublished\":\"2017-05-09T18:14:29+00:00\",\"dateModified\":\"2026-03-30T08:41:56+00:00\",\"description\":\"San Remo Familienrennen : Jung und Alt wird an diesem Rennen teilnehmen, um die Wale des Mittelmeers zu unterst\u00fctzen RENNEN F\u00dcR DIE WALE\",\"breadcrumb\":{\"@id\":\"https:\\\/\\\/runforthewhales.it\\\/de\\\/familienrennens\\\/regelungen-familienrennen-rennen-fur-die-wale\\\/#breadcrumb\"},\"inLanguage\":\"de\",\"potentialAction\":[{\"@type\":\"ReadAction\",\"target\":[\"https:\\\/\\\/runforthewhales.it\\\/de\\\/familienrennens\\\/regelungen-familienrennen-rennen-fur-die-wale\\\/\"]}]},{\"@type\":\"BreadcrumbList\",\"@id\":\"https:\\\/\\\/runforthewhales.it\\\/de\\\/familienrennens\\\/regelungen-familienrennen-rennen-fur-die-wale\\\/#breadcrumb\",\"itemListElement\":[{\"@type\":\"ListItem\",\"position\":1,\"name\":\"Home\",\"item\":\"https:\\\/\\\/runforthewhales.it\\\/de\\\/\"},{\"@type\":\"ListItem\",\"position\":2,\"name\":\"Familienrennens\",\"item\":\"https:\\\/\\\/runforthewhales.it\\\/de\\\/familienrennens\\\/\"},{\"@type\":\"ListItem\",\"position\":3,\"name\":\"Regelungen San Remo Familienrennen &#8211; RENNEN F\u00dcR DIE WALE\"}]},{\"@type\":\"WebSite\",\"@id\":\"https:\\\/\\\/runforthewhales.it\\\/#website\",\"url\":\"https:\\\/\\\/runforthewhales.it\\\/\",\"name\":\"RUN FOR THE WHALES 2026 Sanremo\",\"description\":\"21K Halb Marathon | 10K Run | 3K Family Run | 20.06.2026\",\"potentialAction\":[{\"@type\":\"SearchAction\",\"target\":{\"@type\":\"EntryPoint\",\"urlTemplate\":\"https:\\\/\\\/runforthewhales.it\\\/?s={search_term_string}\"},\"query-input\":{\"@type\":\"PropertyValueSpecification\",\"valueRequired\":true,\"valueName\":\"search_term_string\"}}],\"inLanguage\":\"de\"}]}<\/script>\n<!-- \/ Yoast SEO plugin. -->","yoast_head_json":{"title":"San Remo Familienrennen, RENNEN F\u00dcR DIE WALE 2025","description":"San Remo Familienrennen : Jung und Alt wird an diesem Rennen teilnehmen, um die Wale des Mittelmeers zu unterst\u00fctzen RENNEN F\u00dcR DIE WALE","robots":{"index":"index","follow":"follow","max-snippet":"max-snippet:-1","max-image-preview":"max-image-preview:large","max-video-preview":"max-video-preview:-1"},"canonical":"https:\/\/runforthewhales.it\/de\/familienrennens\/regelungen-familienrennen-rennen-fur-die-wale\/","og_locale":"de_DE","og_type":"article","og_title":"San Remo Familienrennen, RENNEN F\u00dcR DIE WALE 2025","og_description":"San Remo Familienrennen : Jung und Alt wird an diesem Rennen teilnehmen, um die Wale des Mittelmeers zu unterst\u00fctzen RENNEN F\u00dcR DIE WALE","og_url":"https:\/\/runforthewhales.it\/de\/familienrennens\/regelungen-familienrennen-rennen-fur-die-wale\/","og_site_name":"RUN FOR THE WHALES 2026 Sanremo","article_modified_time":"2026-03-30T08:41:56+00:00","twitter_misc":{"Gesch\u00e4tzte Lesezeit":"3\u00a0Minuten"},"schema":{"@context":"https:\/\/schema.org","@graph":[{"@type":"WebPage","@id":"https:\/\/runforthewhales.it\/de\/familienrennens\/regelungen-familienrennen-rennen-fur-die-wale\/","url":"https:\/\/runforthewhales.it\/de\/familienrennens\/regelungen-familienrennen-rennen-fur-die-wale\/","name":"San Remo Familienrennen, RENNEN F\u00dcR DIE WALE 2025","isPartOf":{"@id":"https:\/\/runforthewhales.it\/#website"},"datePublished":"2017-05-09T18:14:29+00:00","dateModified":"2026-03-30T08:41:56+00:00","description":"San Remo Familienrennen : Jung und Alt wird an diesem Rennen teilnehmen, um die Wale des Mittelmeers zu unterst\u00fctzen RENNEN F\u00dcR DIE WALE","breadcrumb":{"@id":"https:\/\/runforthewhales.it\/de\/familienrennens\/regelungen-familienrennen-rennen-fur-die-wale\/#breadcrumb"},"inLanguage":"de","potentialAction":[{"@type":"ReadAction","target":["https:\/\/runforthewhales.it\/de\/familienrennens\/regelungen-familienrennen-rennen-fur-die-wale\/"]}]},{"@type":"BreadcrumbList","@id":"https:\/\/runforthewhales.it\/de\/familienrennens\/regelungen-familienrennen-rennen-fur-die-wale\/#breadcrumb","itemListElement":[{"@type":"ListItem","position":1,"name":"Home","item":"https:\/\/runforthewhales.it\/de\/"},{"@type":"ListItem","position":2,"name":"Familienrennens","item":"https:\/\/runforthewhales.it\/de\/familienrennens\/"},{"@type":"ListItem","position":3,"name":"Regelungen San Remo Familienrennen &#8211; RENNEN F\u00dcR DIE WALE"}]},{"@type":"WebSite","@id":"https:\/\/runforthewhales.it\/#website","url":"https:\/\/runforthewhales.it\/","name":"RUN FOR THE WHALES 2026 Sanremo","description":"21K Halb Marathon | 10K Run | 3K Family Run | 20.06.2026","potentialAction":[{"@type":"SearchAction","target":{"@type":"EntryPoint","urlTemplate":"https:\/\/runforthewhales.it\/?s={search_term_string}"},"query-input":{"@type":"PropertyValueSpecification","valueRequired":true,"valueName":"search_term_string"}}],"inLanguage":"de"}]}},"_links":{"self":[{"href":"https:\/\/runforthewhales.it\/de\/wp-json\/wp\/v2\/pages\/2546","targetHints":{"allow":["GET"]}}],"collection":[{"href":"https:\/\/runforthewhales.it\/de\/wp-json\/wp\/v2\/pages"}],"about":[{"href":"https:\/\/runforthewhales.it\/de\/wp-json\/wp\/v2\/types\/page"}],"author":[{"embeddable":true,"href":"https:\/\/runforthewhales.it\/de\/wp-json\/wp\/v2\/users\/1"}],"replies":[{"embeddable":true,"href":"https:\/\/runforthewhales.it\/de\/wp-json\/wp\/v2\/comments?post=2546"}],"version-history":[{"count":24,"href":"https:\/\/runforthewhales.it\/de\/wp-json\/wp\/v2\/pages\/2546\/revisions"}],"predecessor-version":[{"id":9309,"href":"https:\/\/runforthewhales.it\/de\/wp-json\/wp\/v2\/pages\/2546\/revisions\/9309"}],"up":[{"embeddable":true,"href":"https:\/\/runforthewhales.it\/de\/wp-json\/wp\/v2\/pages\/7066"}],"wp:attachment":[{"href":"https:\/\/runforthewhales.it\/de\/wp-json\/wp\/v2\/media?parent=2546"}],"curies":[{"name":"wp","href":"https:\/\/api.w.org\/{rel}","templated":true}]}}