{"id":2535,"date":"2017-05-08T10:50:42","date_gmt":"2017-05-08T10:50:42","guid":{"rendered":"http:\/\/runforthewhales.it\/wp\/radfahren-an-der-riviera\/"},"modified":"2017-05-08T10:50:42","modified_gmt":"2017-05-08T10:50:42","slug":"radfahren-an-der-riviera","status":"publish","type":"page","link":"https:\/\/runforthewhales.it\/de\/radfahren-an-der-riviera\/","title":{"rendered":"Radfahren an der Riviera"},"content":{"rendered":"<p><a href=\"https:\/\/runforthewhales.it\/wp-content\/uploads\/2014\/08\/images.jpeg\"><img loading=\"lazy\" decoding=\"async\" class=\"size-full wp-image-63 aligncenter\" src=\"https:\/\/runforthewhales.it\/wp-content\/uploads\/2014\/08\/images.jpeg\" alt=\"images\" width=\"280\" height=\"118\" \/><\/a><\/p>\n<h2>RADFAHREN IM RIVIERA K\u00dcSTENPARK DER BLUMEN-RIVIERA<\/h2>\n<p>Im Jahr 2000 wurde die Blumen-Riviera Geburtsort einer epochalen Arbeit, nach einem Jahrhundert Wartezeit fertig war: die Aufw\u00e4rtsstrecke\u00a0und die Verdopplung der Eisenbahnstrecken. Die Befahrung der Z\u00fcge durch das Hinterland gab eine \u00e4u\u00dferst kostbare Gegend mit direktem Kontakt zum Meer frei, wo einst im Jahr 1870 eine Eisenbahn Italien mit Frankreich verband. Die Institutionen entschieden, aus dieser unglaublichen Gelegenheit einen Vorteil zu ziehen, indem sie ein Unternehmen gr\u00fcndeten, das Area 24 SpA, mit der Aufgabe, die alte und verschlissene Eisenbahnlinie in einen nat\u00fcrlichen K\u00fcstenpark umzuwandeln, durchkreuzt von einem 24 km langen Radweg. <strong>Das ist die Fahrradstrecke Riviera, wo all die dem San Remo Halbmarathon \u2013 Radstrecke Riviera zugeh\u00f6rigen Rennen stattfinden<\/strong><strong>.\u00a0<\/strong><\/p>\n<div align=\"center\"><iframe loading=\"lazy\" src=\"\/\/player.vimeo.com\/video\/110583572\" width=\"500\" height=\"281\" frameborder=\"0\" allowfullscreen=\"allowfullscreen\"><\/iframe><\/div>\n","protected":false},"excerpt":{"rendered":"<p>RADFAHREN IM RIVIERA K\u00dcSTENPARK DER BLUMEN-RIVIERA Im Jahr 2000 wurde die Blumen-Riviera Geburtsort einer epochalen Arbeit, nach einem Jahrhundert Wartezeit fertig war: die Aufw\u00e4rtsstrecke\u00a0und die Verdopplung der Eisenbahnstrecken. Die Befahrung der Z\u00fcge durch das Hinterland gab eine \u00e4u\u00dferst kostbare Gegend mit direktem Kontakt zum Meer frei, wo einst im Jahr 1870 eine Eisenbahn Italien mit [&hellip;]<\/p>\n","protected":false},"author":1,"featured_media":0,"parent":0,"menu_order":2,"comment_status":"open","ping_status":"closed","template":"","meta":{"_et_pb_use_builder":"","_et_pb_old_content":"","_et_gb_content_width":"","footnotes":""},"class_list":["post-2535","page","type-page","status-publish","hentry"],"yoast_head":"<!-- This site is optimized with the Yoast SEO plugin v27.6 - https:\/\/yoast.com\/product\/yoast-seo-wordpress\/ -->\n<title>Radfahren an der Riviera RUN FOR THE WHALES 2026 Sanremo<\/title>\n<meta name=\"description\" content=\"Der Riviera Radweg ist ein Fahrradweg, an dem Natur und Sport, Land und Meer sich treffen und eine gro\u00dfartige Kulisse erzeugen\" \/>\n<meta name=\"robots\" content=\"index, follow, max-snippet:-1, max-image-preview:large, max-video-preview:-1\" \/>\n<link rel=\"canonical\" href=\"https:\/\/runforthewhales.it\/partners\/cycling-riviera\/\" \/>\n<meta property=\"og:locale\" content=\"de_DE\" \/>\n<meta property=\"og:type\" content=\"article\" \/>\n<meta property=\"og:title\" content=\"Radfahren an der Riviera RUN FOR THE WHALES 2026 Sanremo\" \/>\n<meta property=\"og:description\" content=\"Der Riviera Radweg ist ein Fahrradweg, an dem Natur und Sport, Land und Meer sich treffen und eine gro\u00dfartige Kulisse erzeugen\" \/>\n<meta property=\"og:url\" content=\"https:\/\/runforthewhales.it\/partners\/cycling-riviera\/\" \/>\n<meta property=\"og:site_name\" content=\"RUN FOR THE WHALES 2026 Sanremo\" \/>\n<meta property=\"og:image\" content=\"https:\/\/runforthewhales.it\/wp-content\/uploads\/2014\/08\/images.jpeg\" \/>\n<meta name=\"twitter:label1\" content=\"Gesch\u00e4tzte Lesezeit\" \/>\n\t<meta name=\"twitter:data1\" content=\"1\u00a0Minute\" \/>\n<script type=\"application\/ld+json\" class=\"yoast-schema-graph\">{\"@context\":\"https:\\\/\\\/schema.org\",\"@graph\":[{\"@type\":\"WebPage\",\"@id\":\"https:\\\/\\\/runforthewhales.it\\\/partners\\\/cycling-riviera\\\/\",\"url\":\"https:\\\/\\\/runforthewhales.it\\\/partners\\\/cycling-riviera\\\/\",\"name\":\"Radfahren an der Riviera RUN FOR THE WHALES 2026 Sanremo\",\"isPartOf\":{\"@id\":\"https:\\\/\\\/runforthewhales.it\\\/#website\"},\"primaryImageOfPage\":{\"@id\":\"https:\\\/\\\/runforthewhales.it\\\/partners\\\/cycling-riviera\\\/#primaryimage\"},\"image\":{\"@id\":\"https:\\\/\\\/runforthewhales.it\\\/partners\\\/cycling-riviera\\\/#primaryimage\"},\"thumbnailUrl\":\"https:\\\/\\\/runforthewhales.it\\\/wp-content\\\/uploads\\\/2014\\\/08\\\/images.jpeg\",\"datePublished\":\"2017-05-08T10:50:42+00:00\",\"description\":\"Der Riviera Radweg ist ein Fahrradweg, an dem Natur und Sport, Land und Meer sich treffen und eine gro\u00dfartige Kulisse erzeugen\",\"breadcrumb\":{\"@id\":\"https:\\\/\\\/runforthewhales.it\\\/partners\\\/cycling-riviera\\\/#breadcrumb\"},\"inLanguage\":\"de\",\"potentialAction\":[{\"@type\":\"ReadAction\",\"target\":[\"https:\\\/\\\/runforthewhales.it\\\/partners\\\/cycling-riviera\\\/\"]}]},{\"@type\":\"ImageObject\",\"inLanguage\":\"de\",\"@id\":\"https:\\\/\\\/runforthewhales.it\\\/partners\\\/cycling-riviera\\\/#primaryimage\",\"url\":\"https:\\\/\\\/runforthewhales.it\\\/wp-content\\\/uploads\\\/2014\\\/08\\\/images.jpeg\",\"contentUrl\":\"https:\\\/\\\/runforthewhales.it\\\/wp-content\\\/uploads\\\/2014\\\/08\\\/images.jpeg\"},{\"@type\":\"BreadcrumbList\",\"@id\":\"https:\\\/\\\/runforthewhales.it\\\/partners\\\/cycling-riviera\\\/#breadcrumb\",\"itemListElement\":[{\"@type\":\"ListItem\",\"position\":1,\"name\":\"Home\",\"item\":\"https:\\\/\\\/runforthewhales.it\\\/de\\\/\"},{\"@type\":\"ListItem\",\"position\":2,\"name\":\"Radfahren an der Riviera\"}]},{\"@type\":\"WebSite\",\"@id\":\"https:\\\/\\\/runforthewhales.it\\\/#website\",\"url\":\"https:\\\/\\\/runforthewhales.it\\\/\",\"name\":\"RUN FOR THE WHALES 2026 Sanremo\",\"description\":\"21K Halb Marathon | 10K Run | 3K Family Run | 20.06.2026\",\"potentialAction\":[{\"@type\":\"SearchAction\",\"target\":{\"@type\":\"EntryPoint\",\"urlTemplate\":\"https:\\\/\\\/runforthewhales.it\\\/?s={search_term_string}\"},\"query-input\":{\"@type\":\"PropertyValueSpecification\",\"valueRequired\":true,\"valueName\":\"search_term_string\"}}],\"inLanguage\":\"de\"}]}<\/script>\n<!-- \/ Yoast SEO plugin. -->","yoast_head_json":{"title":"Radfahren an der Riviera RUN FOR THE WHALES 2026 Sanremo","description":"Der Riviera Radweg ist ein Fahrradweg, an dem Natur und Sport, Land und Meer sich treffen und eine gro\u00dfartige Kulisse erzeugen","robots":{"index":"index","follow":"follow","max-snippet":"max-snippet:-1","max-image-preview":"max-image-preview:large","max-video-preview":"max-video-preview:-1"},"canonical":"https:\/\/runforthewhales.it\/partners\/cycling-riviera\/","og_locale":"de_DE","og_type":"article","og_title":"Radfahren an der Riviera RUN FOR THE WHALES 2026 Sanremo","og_description":"Der Riviera Radweg ist ein Fahrradweg, an dem Natur und Sport, Land und Meer sich treffen und eine gro\u00dfartige Kulisse erzeugen","og_url":"https:\/\/runforthewhales.it\/partners\/cycling-riviera\/","og_site_name":"RUN FOR THE WHALES 2026 Sanremo","og_image":[{"url":"https:\/\/runforthewhales.it\/wp-content\/uploads\/2014\/08\/images.jpeg","type":"","width":"","height":""}],"twitter_misc":{"Gesch\u00e4tzte Lesezeit":"1\u00a0Minute"},"schema":{"@context":"https:\/\/schema.org","@graph":[{"@type":"WebPage","@id":"https:\/\/runforthewhales.it\/partners\/cycling-riviera\/","url":"https:\/\/runforthewhales.it\/partners\/cycling-riviera\/","name":"Radfahren an der Riviera RUN FOR THE WHALES 2026 Sanremo","isPartOf":{"@id":"https:\/\/runforthewhales.it\/#website"},"primaryImageOfPage":{"@id":"https:\/\/runforthewhales.it\/partners\/cycling-riviera\/#primaryimage"},"image":{"@id":"https:\/\/runforthewhales.it\/partners\/cycling-riviera\/#primaryimage"},"thumbnailUrl":"https:\/\/runforthewhales.it\/wp-content\/uploads\/2014\/08\/images.jpeg","datePublished":"2017-05-08T10:50:42+00:00","description":"Der Riviera Radweg ist ein Fahrradweg, an dem Natur und Sport, Land und Meer sich treffen und eine gro\u00dfartige Kulisse erzeugen","breadcrumb":{"@id":"https:\/\/runforthewhales.it\/partners\/cycling-riviera\/#breadcrumb"},"inLanguage":"de","potentialAction":[{"@type":"ReadAction","target":["https:\/\/runforthewhales.it\/partners\/cycling-riviera\/"]}]},{"@type":"ImageObject","inLanguage":"de","@id":"https:\/\/runforthewhales.it\/partners\/cycling-riviera\/#primaryimage","url":"https:\/\/runforthewhales.it\/wp-content\/uploads\/2014\/08\/images.jpeg","contentUrl":"https:\/\/runforthewhales.it\/wp-content\/uploads\/2014\/08\/images.jpeg"},{"@type":"BreadcrumbList","@id":"https:\/\/runforthewhales.it\/partners\/cycling-riviera\/#breadcrumb","itemListElement":[{"@type":"ListItem","position":1,"name":"Home","item":"https:\/\/runforthewhales.it\/de\/"},{"@type":"ListItem","position":2,"name":"Radfahren an der Riviera"}]},{"@type":"WebSite","@id":"https:\/\/runforthewhales.it\/#website","url":"https:\/\/runforthewhales.it\/","name":"RUN FOR THE WHALES 2026 Sanremo","description":"21K Halb Marathon | 10K Run | 3K Family Run | 20.06.2026","potentialAction":[{"@type":"SearchAction","target":{"@type":"EntryPoint","urlTemplate":"https:\/\/runforthewhales.it\/?s={search_term_string}"},"query-input":{"@type":"PropertyValueSpecification","valueRequired":true,"valueName":"search_term_string"}}],"inLanguage":"de"}]}},"_links":{"self":[{"href":"https:\/\/runforthewhales.it\/de\/wp-json\/wp\/v2\/pages\/2535","targetHints":{"allow":["GET"]}}],"collection":[{"href":"https:\/\/runforthewhales.it\/de\/wp-json\/wp\/v2\/pages"}],"about":[{"href":"https:\/\/runforthewhales.it\/de\/wp-json\/wp\/v2\/types\/page"}],"author":[{"embeddable":true,"href":"https:\/\/runforthewhales.it\/de\/wp-json\/wp\/v2\/users\/1"}],"replies":[{"embeddable":true,"href":"https:\/\/runforthewhales.it\/de\/wp-json\/wp\/v2\/comments?post=2535"}],"version-history":[{"count":0,"href":"https:\/\/runforthewhales.it\/de\/wp-json\/wp\/v2\/pages\/2535\/revisions"}],"wp:attachment":[{"href":"https:\/\/runforthewhales.it\/de\/wp-json\/wp\/v2\/media?parent=2535"}],"curies":[{"name":"wp","href":"https:\/\/api.w.org\/{rel}","templated":true}]}}