{"id":2514,"date":"2017-05-06T18:48:50","date_gmt":"2017-05-06T18:48:50","guid":{"rendered":"http:\/\/runforthewhales.it\/wp\/rennen-fur-die-wale\/faq\/"},"modified":"2018-03-16T11:17:35","modified_gmt":"2018-03-16T11:17:35","slug":"faq","status":"publish","type":"page","link":"https:\/\/runforthewhales.it\/de\/halbmarathon\/faq\/","title":{"rendered":"FAQ"},"content":{"rendered":"<h2>Hier finden sie Antworten auf h\u00e4ufig gestellte Fragen zu dem San Remo Halbmarathon Rennen f\u00fcr die Wale.<\/h2>\n<h4><\/h4>\n<h3>REGISTRIERUNG<\/h3>\n<h4>Gibt es irgendeine zugeh\u00f6rige Anmeldestelle?<\/h4>\n<p>Die Anmeldung ist nur online m\u00f6glich, aber Sie k\u00f6nnen mit Kreditkarte, Paypal oder \u00dcberweisung zahlen.<br \/>\n&nbsp;<\/p>\n<h3>TRANSFERS<\/h3>\n<h4>Wird es einen Shuttlebus-Service geben, um die Ziellinie zu erreichen?<\/h4>\n<p>Ja, es wird einen Shuttlebus-Service in San Remo am Start von sowohl dem Halbmarathon, als auch dem 10 km Rennen geben. Dieser Service ist kostenpflichtig und Sie k\u00f6nnen Ihr Ticket online kaufen.<br \/>\n&nbsp;<\/p>\n<h3>TAGESLINZENZ<\/h3>\n<h4>Wird es m\u00f6glich sein, eine Tagesmitgliedskarte durch direkte Registrierung vor Ort zu erhalten?<\/h4>\n<p>Um an dem Halbmarathon teilzunehmen, ist es zwingend notwendig von der FIDAL zugelassen, im Besitz entweder einer FIDAL Rennkarte, oder der Rennkarten-EPS zu sein. Es ist nicht m\u00f6glich, eine Tageszulassung freizuschalten.<\/p>\n<h4>Kann man sich am Tag des Rennens anmelden?<\/h4>\n<p>Es ist nicht m\u00f6glich sich vor Ort am Tag des Rennens f\u00fcr den Halbmarathon anzumelden. Jedoch k\u00f6nnen Sie sich f\u00fcr die 10 km und das Familienrennen am Tag des Rennens registrieren. F\u00fcr weitere Informationen sehen Sie bitte unsere Richtlinie ein.<\/p>\n","protected":false},"excerpt":{"rendered":"<p>Hier finden sie Antworten auf h\u00e4ufig gestellte Fragen zu dem San Remo Halbmarathon Rennen f\u00fcr die Wale. REGISTRIERUNG Gibt es irgendeine zugeh\u00f6rige Anmeldestelle? Die Anmeldung ist nur online m\u00f6glich, aber Sie k\u00f6nnen mit Kreditkarte, Paypal oder \u00dcberweisung zahlen. &nbsp; TRANSFERS Wird es einen Shuttlebus-Service geben, um die Ziellinie zu erreichen? Ja, es wird einen Shuttlebus-Service [&hellip;]<\/p>\n","protected":false},"author":1,"featured_media":0,"parent":7056,"menu_order":7,"comment_status":"closed","ping_status":"closed","template":"","meta":{"_et_pb_use_builder":"","_et_pb_old_content":"","_et_gb_content_width":"","footnotes":""},"class_list":["post-2514","page","type-page","status-publish","hentry"],"yoast_head":"<!-- This site is optimized with the Yoast SEO plugin v26.5 - https:\/\/yoast.com\/wordpress\/plugins\/seo\/ -->\n<title>FAQ RUN FOR THE WHALES 2026 Sanremo<\/title>\n<meta name=\"description\" content=\"FAQ Erhalten Sie mehr Informationen zu dem Rennen f\u00fcr die Wale, um die Erforschung von im Pelagos Schutzgebiet im Mittelmeer lebenden Walen zu unterst\u00fctzen\" \/>\n<meta name=\"robots\" content=\"index, follow, max-snippet:-1, max-image-preview:large, max-video-preview:-1\" \/>\n<link rel=\"canonical\" href=\"https:\/\/runforthewhales.it\/de\/run\/faq\/\" \/>\n<meta property=\"og:locale\" content=\"de_DE\" \/>\n<meta property=\"og:type\" content=\"article\" \/>\n<meta property=\"og:title\" content=\"FAQ RUN FOR THE WHALES 2026 Sanremo\" \/>\n<meta property=\"og:description\" content=\"FAQ Erhalten Sie mehr Informationen zu dem Rennen f\u00fcr die Wale, um die Erforschung von im Pelagos Schutzgebiet im Mittelmeer lebenden Walen zu unterst\u00fctzen\" \/>\n<meta property=\"og:url\" content=\"https:\/\/runforthewhales.it\/de\/run\/faq\/\" \/>\n<meta property=\"og:site_name\" content=\"RUN FOR THE WHALES 2026 Sanremo\" \/>\n<meta property=\"article:modified_time\" content=\"2018-03-16T11:17:35+00:00\" \/>\n<meta name=\"twitter:label1\" content=\"Gesch\u00e4tzte Lesezeit\" \/>\n\t<meta name=\"twitter:data1\" content=\"1\u00a0Minute\" \/>\n<script type=\"application\/ld+json\" class=\"yoast-schema-graph\">{\"@context\":\"https:\/\/schema.org\",\"@graph\":[{\"@type\":\"WebPage\",\"@id\":\"https:\/\/runforthewhales.it\/de\/run\/faq\/\",\"url\":\"https:\/\/runforthewhales.it\/de\/run\/faq\/\",\"name\":\"FAQ RUN FOR THE WHALES 2026 Sanremo\",\"isPartOf\":{\"@id\":\"https:\/\/runforthewhales.it\/#website\"},\"datePublished\":\"2017-05-06T18:48:50+00:00\",\"dateModified\":\"2018-03-16T11:17:35+00:00\",\"description\":\"FAQ Erhalten Sie mehr Informationen zu dem Rennen f\u00fcr die Wale, um die Erforschung von im Pelagos Schutzgebiet im Mittelmeer lebenden Walen zu unterst\u00fctzen\",\"breadcrumb\":{\"@id\":\"https:\/\/runforthewhales.it\/de\/run\/faq\/#breadcrumb\"},\"inLanguage\":\"de\",\"potentialAction\":[{\"@type\":\"ReadAction\",\"target\":[\"https:\/\/runforthewhales.it\/de\/run\/faq\/\"]}]},{\"@type\":\"BreadcrumbList\",\"@id\":\"https:\/\/runforthewhales.it\/de\/run\/faq\/#breadcrumb\",\"itemListElement\":[{\"@type\":\"ListItem\",\"position\":1,\"name\":\"Home\",\"item\":\"https:\/\/runforthewhales.it\/de\/\"},{\"@type\":\"ListItem\",\"position\":2,\"name\":\"Run for the Whales\",\"item\":\"https:\/\/runforthewhales.it\/de\/run\/\"},{\"@type\":\"ListItem\",\"position\":3,\"name\":\"FAQ\"}]},{\"@type\":\"WebSite\",\"@id\":\"https:\/\/runforthewhales.it\/#website\",\"url\":\"https:\/\/runforthewhales.it\/\",\"name\":\"RUN FOR THE WHALES 2026 Sanremo\",\"description\":\"21K Halb Marathon | 10K Run | 3K Family Run | 20.06.2026\",\"potentialAction\":[{\"@type\":\"SearchAction\",\"target\":{\"@type\":\"EntryPoint\",\"urlTemplate\":\"https:\/\/runforthewhales.it\/?s={search_term_string}\"},\"query-input\":{\"@type\":\"PropertyValueSpecification\",\"valueRequired\":true,\"valueName\":\"search_term_string\"}}],\"inLanguage\":\"de\"}]}<\/script>\n<!-- \/ Yoast SEO plugin. -->","yoast_head_json":{"title":"FAQ RUN FOR THE WHALES 2026 Sanremo","description":"FAQ Erhalten Sie mehr Informationen zu dem Rennen f\u00fcr die Wale, um die Erforschung von im Pelagos Schutzgebiet im Mittelmeer lebenden Walen zu unterst\u00fctzen","robots":{"index":"index","follow":"follow","max-snippet":"max-snippet:-1","max-image-preview":"max-image-preview:large","max-video-preview":"max-video-preview:-1"},"canonical":"https:\/\/runforthewhales.it\/de\/run\/faq\/","og_locale":"de_DE","og_type":"article","og_title":"FAQ RUN FOR THE WHALES 2026 Sanremo","og_description":"FAQ Erhalten Sie mehr Informationen zu dem Rennen f\u00fcr die Wale, um die Erforschung von im Pelagos Schutzgebiet im Mittelmeer lebenden Walen zu unterst\u00fctzen","og_url":"https:\/\/runforthewhales.it\/de\/run\/faq\/","og_site_name":"RUN FOR THE WHALES 2026 Sanremo","article_modified_time":"2018-03-16T11:17:35+00:00","twitter_misc":{"Gesch\u00e4tzte Lesezeit":"1\u00a0Minute"},"schema":{"@context":"https:\/\/schema.org","@graph":[{"@type":"WebPage","@id":"https:\/\/runforthewhales.it\/de\/run\/faq\/","url":"https:\/\/runforthewhales.it\/de\/run\/faq\/","name":"FAQ RUN FOR THE WHALES 2026 Sanremo","isPartOf":{"@id":"https:\/\/runforthewhales.it\/#website"},"datePublished":"2017-05-06T18:48:50+00:00","dateModified":"2018-03-16T11:17:35+00:00","description":"FAQ Erhalten Sie mehr Informationen zu dem Rennen f\u00fcr die Wale, um die Erforschung von im Pelagos Schutzgebiet im Mittelmeer lebenden Walen zu unterst\u00fctzen","breadcrumb":{"@id":"https:\/\/runforthewhales.it\/de\/run\/faq\/#breadcrumb"},"inLanguage":"de","potentialAction":[{"@type":"ReadAction","target":["https:\/\/runforthewhales.it\/de\/run\/faq\/"]}]},{"@type":"BreadcrumbList","@id":"https:\/\/runforthewhales.it\/de\/run\/faq\/#breadcrumb","itemListElement":[{"@type":"ListItem","position":1,"name":"Home","item":"https:\/\/runforthewhales.it\/de\/"},{"@type":"ListItem","position":2,"name":"Run for the Whales","item":"https:\/\/runforthewhales.it\/de\/run\/"},{"@type":"ListItem","position":3,"name":"FAQ"}]},{"@type":"WebSite","@id":"https:\/\/runforthewhales.it\/#website","url":"https:\/\/runforthewhales.it\/","name":"RUN FOR THE WHALES 2026 Sanremo","description":"21K Halb Marathon | 10K Run | 3K Family Run | 20.06.2026","potentialAction":[{"@type":"SearchAction","target":{"@type":"EntryPoint","urlTemplate":"https:\/\/runforthewhales.it\/?s={search_term_string}"},"query-input":{"@type":"PropertyValueSpecification","valueRequired":true,"valueName":"search_term_string"}}],"inLanguage":"de"}]}},"_links":{"self":[{"href":"https:\/\/runforthewhales.it\/de\/wp-json\/wp\/v2\/pages\/2514","targetHints":{"allow":["GET"]}}],"collection":[{"href":"https:\/\/runforthewhales.it\/de\/wp-json\/wp\/v2\/pages"}],"about":[{"href":"https:\/\/runforthewhales.it\/de\/wp-json\/wp\/v2\/types\/page"}],"author":[{"embeddable":true,"href":"https:\/\/runforthewhales.it\/de\/wp-json\/wp\/v2\/users\/1"}],"replies":[{"embeddable":true,"href":"https:\/\/runforthewhales.it\/de\/wp-json\/wp\/v2\/comments?post=2514"}],"version-history":[{"count":2,"href":"https:\/\/runforthewhales.it\/de\/wp-json\/wp\/v2\/pages\/2514\/revisions"}],"predecessor-version":[{"id":3868,"href":"https:\/\/runforthewhales.it\/de\/wp-json\/wp\/v2\/pages\/2514\/revisions\/3868"}],"up":[{"embeddable":true,"href":"https:\/\/runforthewhales.it\/de\/wp-json\/wp\/v2\/pages\/7056"}],"wp:attachment":[{"href":"https:\/\/runforthewhales.it\/de\/wp-json\/wp\/v2\/media?parent=2514"}],"curies":[{"name":"wp","href":"https:\/\/api.w.org\/{rel}","templated":true}]}}