{"id":2510,"date":"2014-08-03T13:00:57","date_gmt":"2014-08-03T13:00:57","guid":{"rendered":"http:\/\/runforthewhales.it\/wp\/rennen-fur-die-wale\/"},"modified":"2026-05-06T11:17:08","modified_gmt":"2026-05-06T11:17:08","slug":"run","status":"publish","type":"page","link":"https:\/\/runforthewhales.it\/de\/run\/","title":{"rendered":"Run for the Whales"},"content":{"rendered":"<p>[et_pb_section fb_built=&#8220;1&#8243; fullwidth=&#8220;on&#8220; _builder_version=&#8220;4.16&#8243; global_colors_info=&#8220;{}&#8220;][et_pb_fullwidth_code _builder_version=&#8220;4.16&#8243; vertical_offset_tablet=&#8220;0&#8243; horizontal_offset_tablet=&#8220;0&#8243; box_shadow_horizontal_tablet=&#8220;0px&#8220; box_shadow_vertical_tablet=&#8220;0px&#8220; box_shadow_blur_tablet=&#8220;40px&#8220; box_shadow_spread_tablet=&#8220;0px&#8220; global_colors_info=&#8220;{}&#8220;]<iframe loading=\"lazy\" title=\"vimeo-player\" src=\"https:\/\/player.vimeo.com\/video\/156967161?h=13bc0bb27d\" width=\"640\" height=\"360\" frameborder=\"0\" allowfullscreen><\/iframe>[\/et_pb_fullwidth_code][\/et_pb_section][et_pb_section fb_built=&#8220;1&#8243; admin_label=&#8220;section&#8220; _builder_version=&#8220;4.16&#8243; custom_margin=&#8220;||7px|||&#8220; global_colors_info=&#8220;{}&#8220;][et_pb_row _builder_version=&#8220;4.16&#8243; background_size=&#8220;initial&#8220; background_position=&#8220;top_left&#8220; background_repeat=&#8220;repeat&#8220; global_colors_info=&#8220;{}&#8220;][et_pb_column type=&#8220;4_4&#8243; _builder_version=&#8220;4.16&#8243; custom_padding=&#8220;|||&#8220; global_colors_info=&#8220;{}&#8220; custom_padding__hover=&#8220;|||&#8220;][et_pb_text admin_label=&#8220;Text&#8220; _builder_version=&#8220;4.27.6&#8243; background_size=&#8220;initial&#8220; background_position=&#8220;top_left&#8220; background_repeat=&#8220;repeat&#8220; vertical_offset_tablet=&#8220;0&#8243; horizontal_offset_tablet=&#8220;0&#8243; hover_enabled=&#8220;0&#8243; z_index_tablet=&#8220;0&#8243; text_text_shadow_horizontal_length_tablet=&#8220;0px&#8220; text_text_shadow_vertical_length_tablet=&#8220;0px&#8220; text_text_shadow_blur_strength_tablet=&#8220;1px&#8220; link_text_shadow_horizontal_length_tablet=&#8220;0px&#8220; link_text_shadow_vertical_length_tablet=&#8220;0px&#8220; link_text_shadow_blur_strength_tablet=&#8220;1px&#8220; ul_text_shadow_horizontal_length_tablet=&#8220;0px&#8220; ul_text_shadow_vertical_length_tablet=&#8220;0px&#8220; ul_text_shadow_blur_strength_tablet=&#8220;1px&#8220; ol_text_shadow_horizontal_length_tablet=&#8220;0px&#8220; ol_text_shadow_vertical_length_tablet=&#8220;0px&#8220; ol_text_shadow_blur_strength_tablet=&#8220;1px&#8220; quote_text_shadow_horizontal_length_tablet=&#8220;0px&#8220; quote_text_shadow_vertical_length_tablet=&#8220;0px&#8220; quote_text_shadow_blur_strength_tablet=&#8220;1px&#8220; header_text_shadow_horizontal_length_tablet=&#8220;0px&#8220; header_text_shadow_vertical_length_tablet=&#8220;0px&#8220; header_text_shadow_blur_strength_tablet=&#8220;1px&#8220; header_2_text_shadow_horizontal_length_tablet=&#8220;0px&#8220; header_2_text_shadow_vertical_length_tablet=&#8220;0px&#8220; header_2_text_shadow_blur_strength_tablet=&#8220;1px&#8220; header_3_text_shadow_horizontal_length_tablet=&#8220;0px&#8220; header_3_text_shadow_vertical_length_tablet=&#8220;0px&#8220; header_3_text_shadow_blur_strength_tablet=&#8220;1px&#8220; header_4_text_shadow_horizontal_length_tablet=&#8220;0px&#8220; header_4_text_shadow_vertical_length_tablet=&#8220;0px&#8220; header_4_text_shadow_blur_strength_tablet=&#8220;1px&#8220; header_5_text_shadow_horizontal_length_tablet=&#8220;0px&#8220; header_5_text_shadow_vertical_length_tablet=&#8220;0px&#8220; header_5_text_shadow_blur_strength_tablet=&#8220;1px&#8220; header_6_text_shadow_horizontal_length_tablet=&#8220;0px&#8220; header_6_text_shadow_vertical_length_tablet=&#8220;0px&#8220; header_6_text_shadow_blur_strength_tablet=&#8220;1px&#8220; box_shadow_horizontal_tablet=&#8220;0px&#8220; box_shadow_vertical_tablet=&#8220;0px&#8220; box_shadow_blur_tablet=&#8220;40px&#8220; box_shadow_spread_tablet=&#8220;0px&#8220; global_colors_info=&#8220;{}&#8220; sticky_enabled=&#8220;0&#8243;]<\/p>\n<h1>RUN FOR THE WHALES SANREMO<\/h1>\n<p>Die alten R\u00f6mer pflegten sie die <strong>\u201cCosta Balenae\u201d<\/strong> (\u00fcbersetzt: \u201cDie Wal-K\u00fcste\u201d) zu nennen. Heute ist die ligurische K\u00fcstenlinie, die sich von Andora bis Ventimiglia erstreckt, als die \u201cRiviera dei Fiori\u201d \u2013 Die Blumen Riviera bekannt. Die der westlichen ligurischen K\u00fcste gegen\u00fcberliegenden Gew\u00e4sser werden noch immer von Walen und Delfinen bewohnt, darunter auch der Finnwal, die zweitgr\u00f6\u00dfte Tierart des Planeten; der Pottwal, das gr\u00f6\u00dfte jemals auf der Erde lebende Raubtier; und 5 andere regelm\u00e4\u00dfig gesichtete Cetaceen-Arten.<\/p>\n<p><strong>Jedes Jahr am Juni,<\/strong>\u00a0das\u00a0<a href=\"https:\/\/www.tethys.org\/\" target=\"_blank\" rel=\"noopener noreferrer\">Tethys <\/a><a href=\"https:\/\/www.tethys.org\/\" target=\"_blank\" rel=\"noopener noreferrer\">ONLUS<\/a><a href=\"https:\/\/www.tethys.org\/\" target=\"_blank\" rel=\"noopener noreferrer\"> Institut<\/a>\u00a0wird mit der technischen Organisation des\u00a0<a href=\"https:\/\/www.sanremomarathon.it\/\" target=\"_blank\" rel=\"noopener noreferrer\">San Remo Marathon<\/a>\u00a0den SAN REMO HALBMARATHON \u2013 RENNEN F\u00dcR DIE WALE organisieren. Dieser Wohlt\u00e4tigkeits-Marathon wird entlang des \u201csch\u00f6nsten Fahrrad- und Fu\u00dfg\u00e4ngerwegs in Europa\u201d stattfinden, welcher sich 24 km entlang der K\u00fcste erstreckt. Ein von der FIDAL zertifizierter\u00a0<strong>Halbmarathon<\/strong>\u00a0wird L\u00e4ufer aus aller Welt zum Rennen von San Lorenzo al Mare nach San Remo anziehen; ein nicht kompetitives\u00a0<strong>10 km Rennen <\/strong>wird angehenden L\u00e4ufern erm\u00f6glichen, mit einer \u00fcberschaubaren Distanz anzufangen; w\u00e4hrend solche, die schlichtweg Bef\u00fcrworter, Kinder mit ihren Eltern, Gro\u00dfeltern und mit Hunden sind, k\u00f6nnen sich mit einem Lauf \u00fcber ungef\u00e4hr <strong>3 km <\/strong>herausfordern.<\/p>\n<p>Zu Ehren seines drei\u00dfigsten Jahrestages wird das Tethys\u00a0Forschungsinstitut der Hauptorganisator der Veranstaltung sein. Zus\u00e4tzlich zu dem Forschen zu Cetaceen in der ligurischen See f\u00fcr \u00fcber ein Viertel Jahrhundert, war das Tethys der Erste, der die Erstellung des <strong>Pelagos Schutzgebietes<\/strong>\u00a0der Regierung Italiens, Frankreichs und dem F\u00fcrstentum von Monaco vorgeschlagen hat. Es ist ein au\u00dfergew\u00f6hnliches Erbe, \u00fcber das ungl\u00fccklicherweise nur wenige Bescheid wissen. Der Gro\u00dfteil der Italiener wissen tats\u00e4chlich nicht einmal von der blo\u00dfen Existenz des Schutzgebietes und der dort lebenden Cetaceen.<\/p>\n<p>Die hohe Konzentration von Walen und Delfinen und ihre ganzj\u00e4hrige Pr\u00e4senz sind eine Quelle gro\u00dfer Bedeutung, welche die Attraktivit\u00e4t dieser Region wesentlich steigern k\u00f6nnte und somit den Touristenzustrom durch nachhaltiges touristisches Management deutlich erh\u00f6hen k\u00f6nnte.<\/p>\n<p><strong>Wie in den jeweiligen Wettkampfbestimmungen angegeben, wird ein Teil der Anmeldegeb\u00fchr an das <span class=\"hover:entity-accent entity-underline inline cursor-pointer align-baseline\"><span class=\"whitespace-normal\">Tethys Institut ONLUS<\/span><\/span> gespendet, die gemeinn\u00fctzige Organisation, die sich dem Studium und dem Schutz der Meeress\u00e4ugetiere des Mittelmeers widmet und in den vergangenen drei\u00dfig Jahren bedeutende Erfolge im Bereich des Naturschutzes erzielt hat.<\/strong><\/p>\n<p>[\/et_pb_text][et_pb_button button_url=&#8220;https:\/\/www.runtosanremo.it\/en\/run-for-the-whales-en\/&#8220; url_new_window=&#8220;on&#8220; button_text=&#8220;JETZT ANMELDEN UND MIT UNS F\u00dcR DIE WALE LAUFEN!&#8220; button_alignment=&#8220;center&#8220; admin_label=&#8220; JETZT ANMELDEN&#8220; _builder_version=&#8220;4.16&#8243; custom_button=&#8220;on&#8220; button_text_color=&#8220;#0c71c3&#8243; button_icon=&#8220;%%32%%&#8220; vertical_offset_tablet=&#8220;0&#8243; horizontal_offset_tablet=&#8220;0&#8243; z_index_tablet=&#8220;0&#8243; button_text_shadow_horizontal_length_tablet=&#8220;0px&#8220; button_text_shadow_vertical_length_tablet=&#8220;0px&#8220; button_text_shadow_blur_strength_tablet=&#8220;1px&#8220; box_shadow_horizontal_tablet=&#8220;0px&#8220; box_shadow_vertical_tablet=&#8220;0px&#8220; box_shadow_blur_tablet=&#8220;40px&#8220; box_shadow_spread_tablet=&#8220;0px&#8220; global_colors_info=&#8220;{}&#8220;]<\/p>\n<p>[\/et_pb_button][\/et_pb_column][\/et_pb_row][et_pb_row _builder_version=&#8220;4.16&#8243; background_size=&#8220;initial&#8220; background_position=&#8220;top_left&#8220; background_repeat=&#8220;repeat&#8220; custom_margin=&#8220;|auto|-3px|auto||&#8220; custom_padding=&#8220;2px|||||&#8220; global_colors_info=&#8220;{}&#8220;][et_pb_column type=&#8220;4_4&#8243; _builder_version=&#8220;4.16&#8243; custom_padding=&#8220;|||&#8220; global_colors_info=&#8220;{}&#8220; custom_padding__hover=&#8220;|||&#8220;][et_pb_video src=&#8220;https:\/\/vimeo.com\/107260257&#8243; _builder_version=&#8220;4.16&#8243; _module_preset=&#8220;default&#8220; vertical_offset_tablet=&#8220;0&#8243; horizontal_offset_tablet=&#8220;0&#8243; custom_margin=&#8220;60px|||||&#8220; z_index_tablet=&#8220;0&#8243; box_shadow_horizontal_tablet=&#8220;0px&#8220; box_shadow_vertical_tablet=&#8220;0px&#8220; box_shadow_blur_tablet=&#8220;40px&#8220; box_shadow_spread_tablet=&#8220;0px&#8220; global_colors_info=&#8220;{}&#8220;]<\/p>\n<p>[\/et_pb_video][\/et_pb_column][\/et_pb_row][\/et_pb_section]<\/p>\n","protected":false},"excerpt":{"rendered":"<p>RUN FOR THE WHALES SANREMO Die alten R\u00f6mer pflegten sie die \u201cCosta Balenae\u201d (\u00fcbersetzt: \u201cDie Wal-K\u00fcste\u201d) zu nennen. Heute ist die ligurische K\u00fcstenlinie, die sich von Andora bis Ventimiglia erstreckt, als die \u201cRiviera dei Fiori\u201d \u2013 Die Blumen Riviera bekannt. Die der westlichen ligurischen K\u00fcste gegen\u00fcberliegenden Gew\u00e4sser werden noch immer von Walen und Delfinen bewohnt, [&hellip;]<\/p>\n","protected":false},"author":1,"featured_media":6241,"parent":0,"menu_order":1,"comment_status":"closed","ping_status":"closed","template":"","meta":{"_et_pb_use_builder":"on","_et_pb_old_content":"Gli antichi Romani lo chiamavano \u201c<strong>Costa Balenae<\/strong>\u201d, oggi il tratto della Liguria che va da Andora a Ventimiglia \u00e8 pi\u00f9 noto come \u201cRiviera dei Fiori\u201d. Le acque antistanti il Ponente ligure sono per\u00f2 ancora popolate dalle balene e per l\u2019esattezza dalla seconda specie pi\u00f9 grande al mondo, la balenottera comune, dal pi\u00f9 grande predatore mai esistito sulla Terra, il capodoglio, e da altre 5 specie di cetacei che vengono regolarmente avvistate.\r\n\r\n<strong>Sabato 18 giugno<\/strong>,\u00a0<a href=\"https:\/\/www.tethys.org\" target=\"_blank\" rel=\"noopener noreferrer\">Istituto Tethys ONLUS<\/a>, con l'organizzazione tecnica di <a href=\"https:\/\/www.sanremomarathon.it\" target=\"_blank\" rel=\"noopener noreferrer\">Sanremo Marathon<\/a>, organizzeranno la SANREMO HALF MARATHON - RUN FOR THE WHALES, una charity marathon che si svolger\u00e0 sulla pista ciclo-pedonale \"pi\u00f9 bella d\u2019Europa\u201d, che si estende parallela al mare per 24 km. Una <strong>mezza maratona<\/strong> certificata FIDAL vedr\u00e0 runners provenienti da tutto il mondo\u00a0correre da San Lorenzo al Mare\u00a0fino a Sanremo; una <strong>10 km<\/strong> non competitiva permetter\u00e0 agli aspiranti runners di iniziare con una distanza abbordabile; semplici appassionati, bambini con genitori, nonni e cani al seguito potranno cimentarsi in una camminata di circa <strong>3\u00a0km<\/strong>.\r\n\r\nA organizzare la manifestazione, in occasione del suo trentesimo anniversario, sara l\u2019Istituto Tethys ONLUS, che da oltre un quarto di secolo conduce ricerche sui cetacei del Mar Ligure ed \u00e8 stato il primo a proporre l\u2019istituzione del <strong>Santuario Pelagos<\/strong> ai governi di Italia, Francia e Principato di Monaco.\r\n\r\nSi tratta di un patrimonio straordinario, che per\u00f2 sono in pochi a conoscere. La stragrande maggioranza degli italiani, infatti, \u00e8 all\u2019oscuro dell\u2019esistenza sia del Santuario, sia dei cetacei che lo popolano.\r\n\r\nL'elevata concentrazione di balene e delfini e la loro presenza durante tutto l'anno rappresenta inoltre un'importante risorsa, che aumenterebbe notevolmente l'attrattivit\u00e0 del territorio e, attraverso una fruizione sostenibile, porterebbe una significativa ricaduta sull'affluenza turistica.\r\n\r\n[ylwm_vimeo]156967161[\/ylwm_vimeo]\r\n\r\n\u00a0\r\n\r\nUna parte del costo dell'iscrizione alle corse sar\u00e0 devoluto all\u2019Istituto Tethys ONLUS, l\u2019associazione\u00a0 senza fini di lucro dedicata allo studio e alla tutela dei mammiferi marini del Mediterraneo, che in trent\u2019anni ha ottenuto importanti risultati nell\u2019ambito della conservazione.\r\n\r\n\u00a0\r\n\r\n[ylwm_vimeo]107260257[\/ylwm_vimeo]","_et_gb_content_width":"","footnotes":""},"class_list":["post-2510","page","type-page","status-publish","has-post-thumbnail","hentry"],"yoast_head":"<!-- This site is optimized with the Yoast SEO plugin v27.6 - https:\/\/yoast.com\/product\/yoast-seo-wordpress\/ -->\n<title>Run for the Whales RUN FOR THE WHALES 2026 Sanremo<\/title>\n<meta name=\"description\" content=\"Run for the Whales Sanremo corsa 10 k competitiva e Family Run lungo la pista ciclabile della Riviera dei Fiori a favore della la ricerca sulla balene\" \/>\n<meta name=\"robots\" content=\"index, follow, max-snippet:-1, max-image-preview:large, max-video-preview:-1\" \/>\n<link rel=\"canonical\" href=\"https:\/\/runforthewhales.it\/de\/run\/\" \/>\n<meta property=\"og:locale\" content=\"de_DE\" \/>\n<meta property=\"og:type\" content=\"article\" \/>\n<meta property=\"og:title\" content=\"Run for the Whales RUN FOR THE WHALES 2026 Sanremo\" \/>\n<meta property=\"og:description\" content=\"Run for the Whales Sanremo corsa 10 k competitiva e Family Run lungo la pista ciclabile della Riviera dei Fiori a favore della la ricerca sulla balene\" \/>\n<meta property=\"og:url\" content=\"https:\/\/runforthewhales.it\/de\/run\/\" \/>\n<meta property=\"og:site_name\" content=\"RUN FOR THE WHALES 2026 Sanremo\" \/>\n<meta property=\"article:modified_time\" content=\"2026-05-06T11:17:08+00:00\" \/>\n<meta property=\"og:image\" content=\"https:\/\/runforthewhales.it\/wp-content\/uploads\/2014\/08\/mezza-maratona.jpg\" \/>\n\t<meta property=\"og:image:width\" content=\"900\" \/>\n\t<meta property=\"og:image:height\" content=\"506\" \/>\n\t<meta property=\"og:image:type\" content=\"image\/jpeg\" \/>\n<meta name=\"twitter:label1\" content=\"Gesch\u00e4tzte Lesezeit\" \/>\n\t<meta name=\"twitter:data1\" content=\"3\u00a0Minuten\" \/>\n<script type=\"application\/ld+json\" class=\"yoast-schema-graph\">{\"@context\":\"https:\\\/\\\/schema.org\",\"@graph\":[{\"@type\":\"WebPage\",\"@id\":\"https:\\\/\\\/runforthewhales.it\\\/de\\\/run\\\/\",\"url\":\"https:\\\/\\\/runforthewhales.it\\\/de\\\/run\\\/\",\"name\":\"Run for the Whales RUN FOR THE WHALES 2026 Sanremo\",\"isPartOf\":{\"@id\":\"https:\\\/\\\/runforthewhales.it\\\/#website\"},\"primaryImageOfPage\":{\"@id\":\"https:\\\/\\\/runforthewhales.it\\\/de\\\/run\\\/#primaryimage\"},\"image\":{\"@id\":\"https:\\\/\\\/runforthewhales.it\\\/de\\\/run\\\/#primaryimage\"},\"thumbnailUrl\":\"https:\\\/\\\/runforthewhales.it\\\/wp-content\\\/uploads\\\/2014\\\/08\\\/mezza-maratona.jpg\",\"datePublished\":\"2014-08-03T13:00:57+00:00\",\"dateModified\":\"2026-05-06T11:17:08+00:00\",\"description\":\"Run for the Whales Sanremo corsa 10 k competitiva e Family Run lungo la pista ciclabile della Riviera dei Fiori a favore della la ricerca sulla balene\",\"breadcrumb\":{\"@id\":\"https:\\\/\\\/runforthewhales.it\\\/de\\\/run\\\/#breadcrumb\"},\"inLanguage\":\"de\",\"potentialAction\":[{\"@type\":\"ReadAction\",\"target\":[\"https:\\\/\\\/runforthewhales.it\\\/de\\\/run\\\/\"]}]},{\"@type\":\"ImageObject\",\"inLanguage\":\"de\",\"@id\":\"https:\\\/\\\/runforthewhales.it\\\/de\\\/run\\\/#primaryimage\",\"url\":\"https:\\\/\\\/runforthewhales.it\\\/wp-content\\\/uploads\\\/2014\\\/08\\\/mezza-maratona.jpg\",\"contentUrl\":\"https:\\\/\\\/runforthewhales.it\\\/wp-content\\\/uploads\\\/2014\\\/08\\\/mezza-maratona.jpg\",\"width\":900,\"height\":506},{\"@type\":\"BreadcrumbList\",\"@id\":\"https:\\\/\\\/runforthewhales.it\\\/de\\\/run\\\/#breadcrumb\",\"itemListElement\":[{\"@type\":\"ListItem\",\"position\":1,\"name\":\"Home\",\"item\":\"https:\\\/\\\/runforthewhales.it\\\/de\\\/\"},{\"@type\":\"ListItem\",\"position\":2,\"name\":\"Run for the Whales\"}]},{\"@type\":\"WebSite\",\"@id\":\"https:\\\/\\\/runforthewhales.it\\\/#website\",\"url\":\"https:\\\/\\\/runforthewhales.it\\\/\",\"name\":\"RUN FOR THE WHALES 2026 Sanremo\",\"description\":\"21K Halb Marathon | 10K Run | 3K Family Run | 20.06.2026\",\"potentialAction\":[{\"@type\":\"SearchAction\",\"target\":{\"@type\":\"EntryPoint\",\"urlTemplate\":\"https:\\\/\\\/runforthewhales.it\\\/?s={search_term_string}\"},\"query-input\":{\"@type\":\"PropertyValueSpecification\",\"valueRequired\":true,\"valueName\":\"search_term_string\"}}],\"inLanguage\":\"de\"}]}<\/script>\n<!-- \/ Yoast SEO plugin. -->","yoast_head_json":{"title":"Run for the Whales RUN FOR THE WHALES 2026 Sanremo","description":"Run for the Whales Sanremo corsa 10 k competitiva e Family Run lungo la pista ciclabile della Riviera dei Fiori a favore della la ricerca sulla balene","robots":{"index":"index","follow":"follow","max-snippet":"max-snippet:-1","max-image-preview":"max-image-preview:large","max-video-preview":"max-video-preview:-1"},"canonical":"https:\/\/runforthewhales.it\/de\/run\/","og_locale":"de_DE","og_type":"article","og_title":"Run for the Whales RUN FOR THE WHALES 2026 Sanremo","og_description":"Run for the Whales Sanremo corsa 10 k competitiva e Family Run lungo la pista ciclabile della Riviera dei Fiori a favore della la ricerca sulla balene","og_url":"https:\/\/runforthewhales.it\/de\/run\/","og_site_name":"RUN FOR THE WHALES 2026 Sanremo","article_modified_time":"2026-05-06T11:17:08+00:00","og_image":[{"width":900,"height":506,"url":"https:\/\/runforthewhales.it\/wp-content\/uploads\/2014\/08\/mezza-maratona.jpg","type":"image\/jpeg"}],"twitter_misc":{"Gesch\u00e4tzte Lesezeit":"3\u00a0Minuten"},"schema":{"@context":"https:\/\/schema.org","@graph":[{"@type":"WebPage","@id":"https:\/\/runforthewhales.it\/de\/run\/","url":"https:\/\/runforthewhales.it\/de\/run\/","name":"Run for the Whales RUN FOR THE WHALES 2026 Sanremo","isPartOf":{"@id":"https:\/\/runforthewhales.it\/#website"},"primaryImageOfPage":{"@id":"https:\/\/runforthewhales.it\/de\/run\/#primaryimage"},"image":{"@id":"https:\/\/runforthewhales.it\/de\/run\/#primaryimage"},"thumbnailUrl":"https:\/\/runforthewhales.it\/wp-content\/uploads\/2014\/08\/mezza-maratona.jpg","datePublished":"2014-08-03T13:00:57+00:00","dateModified":"2026-05-06T11:17:08+00:00","description":"Run for the Whales Sanremo corsa 10 k competitiva e Family Run lungo la pista ciclabile della Riviera dei Fiori a favore della la ricerca sulla balene","breadcrumb":{"@id":"https:\/\/runforthewhales.it\/de\/run\/#breadcrumb"},"inLanguage":"de","potentialAction":[{"@type":"ReadAction","target":["https:\/\/runforthewhales.it\/de\/run\/"]}]},{"@type":"ImageObject","inLanguage":"de","@id":"https:\/\/runforthewhales.it\/de\/run\/#primaryimage","url":"https:\/\/runforthewhales.it\/wp-content\/uploads\/2014\/08\/mezza-maratona.jpg","contentUrl":"https:\/\/runforthewhales.it\/wp-content\/uploads\/2014\/08\/mezza-maratona.jpg","width":900,"height":506},{"@type":"BreadcrumbList","@id":"https:\/\/runforthewhales.it\/de\/run\/#breadcrumb","itemListElement":[{"@type":"ListItem","position":1,"name":"Home","item":"https:\/\/runforthewhales.it\/de\/"},{"@type":"ListItem","position":2,"name":"Run for the Whales"}]},{"@type":"WebSite","@id":"https:\/\/runforthewhales.it\/#website","url":"https:\/\/runforthewhales.it\/","name":"RUN FOR THE WHALES 2026 Sanremo","description":"21K Halb Marathon | 10K Run | 3K Family Run | 20.06.2026","potentialAction":[{"@type":"SearchAction","target":{"@type":"EntryPoint","urlTemplate":"https:\/\/runforthewhales.it\/?s={search_term_string}"},"query-input":{"@type":"PropertyValueSpecification","valueRequired":true,"valueName":"search_term_string"}}],"inLanguage":"de"}]}},"_links":{"self":[{"href":"https:\/\/runforthewhales.it\/de\/wp-json\/wp\/v2\/pages\/2510","targetHints":{"allow":["GET"]}}],"collection":[{"href":"https:\/\/runforthewhales.it\/de\/wp-json\/wp\/v2\/pages"}],"about":[{"href":"https:\/\/runforthewhales.it\/de\/wp-json\/wp\/v2\/types\/page"}],"author":[{"embeddable":true,"href":"https:\/\/runforthewhales.it\/de\/wp-json\/wp\/v2\/users\/1"}],"replies":[{"embeddable":true,"href":"https:\/\/runforthewhales.it\/de\/wp-json\/wp\/v2\/comments?post=2510"}],"version-history":[{"count":10,"href":"https:\/\/runforthewhales.it\/de\/wp-json\/wp\/v2\/pages\/2510\/revisions"}],"predecessor-version":[{"id":9355,"href":"https:\/\/runforthewhales.it\/de\/wp-json\/wp\/v2\/pages\/2510\/revisions\/9355"}],"wp:featuredmedia":[{"embeddable":true,"href":"https:\/\/runforthewhales.it\/de\/wp-json\/wp\/v2\/media\/6241"}],"wp:attachment":[{"href":"https:\/\/runforthewhales.it\/de\/wp-json\/wp\/v2\/media?parent=2510"}],"curies":[{"name":"wp","href":"https:\/\/api.w.org\/{rel}","templated":true}]}}