{"id":2508,"date":"2017-05-04T21:52:00","date_gmt":"2017-05-04T21:52:00","guid":{"rendered":"http:\/\/runforthewhales.it\/wp\/strecke-des-familienrennens\/"},"modified":"2025-06-18T10:44:47","modified_gmt":"2025-06-18T10:44:47","slug":"strecke-des-familienrennens","status":"publish","type":"page","link":"https:\/\/runforthewhales.it\/de\/familienrennens\/strecke-des-familienrennens\/","title":{"rendered":"Strecke des Familienrennens"},"content":{"rendered":"<h2><a href=\"https:\/\/runforthewhales.it\/wp-content\/uploads\/2025\/06\/sportivi-per-natura.jpg\"><img loading=\"lazy\" decoding=\"async\" class=\"alignleft size-medium wp-image-9004\" src=\"https:\/\/runforthewhales.it\/wp-content\/uploads\/2025\/06\/sportivi-per-natura-300x89.jpg\" alt=\"sportivi per natura\" width=\"300\" height=\"89\" \/><\/a><\/h2>\n<p>&nbsp;<\/p>\n<h2><\/h2>\n<h2><\/h2>\n<h2>Das San Remo Familienrennen f\u00fcr die Wale wird entlang der traumhaften Landschaft der Pista di Atletica &#8211; Pian di Poma<\/h2>\n<h1><img loading=\"lazy\" decoding=\"async\" class=\"aligncenter size-full wp-image-6312\" src=\"https:\/\/runforthewhales.it\/wp-content\/uploads\/2022\/05\/RunfortheWhales-FamilyRun.jpeg\" alt=\"\" width=\"1600\" height=\"900\" srcset=\"https:\/\/runforthewhales.it\/wp-content\/uploads\/2022\/05\/RunfortheWhales-FamilyRun.jpeg 1600w, https:\/\/runforthewhales.it\/wp-content\/uploads\/2022\/05\/RunfortheWhales-FamilyRun-1280x720.jpeg 1280w, https:\/\/runforthewhales.it\/wp-content\/uploads\/2022\/05\/RunfortheWhales-FamilyRun-980x551.jpeg 980w, https:\/\/runforthewhales.it\/wp-content\/uploads\/2022\/05\/RunfortheWhales-FamilyRun-480x270.jpeg 480w\" sizes=\"(min-width: 0px) and (max-width: 480px) 480px, (min-width: 481px) and (max-width: 980px) 980px, (min-width: 981px) and (max-width: 1280px) 1280px, (min-width: 1281px) 1600px, 100vw\" \/><\/h1>\n<p><strong>Start des\u00a0Familienrennens f\u00fcr die Wale<\/strong>: San Remo, Pista di Atletica<br \/>\n<strong>Strecke<\/strong>:\u00a0 Fu\u00dfg\u00e4nger- und Fahrradstrecke des\u00a0<strong>Riviera dei Fiori <\/strong>Coastal Parks<br \/>\n<strong>Ziel:<\/strong> San Remo<br \/>\n<strong>L\u00e4nge:<\/strong>\u00a0circa 3000 m<br \/>\n<strong>Form des Rennens:\u00a0nicht wettbewerbliches Familienrennen<\/strong><\/p>\n<p><strong>STARTLOGISTIK<\/strong><\/p>\n<p>Empfangsschalter <strong>&#8211; Welcome desk<\/strong><br \/>\nPorta della Valle del San Lorenzo<br \/>\nTourist Infopoint<br \/>\nVia Aurelia &#8211; San Lorenzo al Mare<\/p>\n<p>Anlieferung der Taschen:<br \/>\nDas Fahrzeug der Organisation steht ab ca. 17:30 Uhr in der Via della Chiesa an der Ecke zur Via Orti.<\/p>\n<p>Start: 18:50 Uhr<br \/>\nRadweg von San Lorenzo al Mare, alter Bahnhof<\/p>\n<p><img loading=\"lazy\" decoding=\"async\" class=\"aligncenter wp-image-6462 size-large\" src=\"https:\/\/runforthewhales.it\/wp-content\/uploads\/2022\/06\/RunfortheWhales-21K-partenza-1024x576.jpeg\" alt=\"\" width=\"1024\" height=\"576\" srcset=\"https:\/\/runforthewhales.it\/wp-content\/uploads\/2022\/06\/RunfortheWhales-21K-partenza-980x551.jpeg 980w, https:\/\/runforthewhales.it\/wp-content\/uploads\/2022\/06\/RunfortheWhales-21K-partenza-480x270.jpeg 480w\" sizes=\"(min-width: 0px) and (max-width: 480px) 480px, (min-width: 481px) and (max-width: 980px) 980px, (min-width: 981px) 1024px, 100vw\" \/><\/p>\n","protected":false},"excerpt":{"rendered":"<p>&nbsp; Das San Remo Familienrennen f\u00fcr die Wale wird entlang der traumhaften Landschaft der Pista di Atletica &#8211; Pian di Poma Start des\u00a0Familienrennens f\u00fcr die Wale: San Remo, Pista di Atletica Strecke:\u00a0 Fu\u00dfg\u00e4nger- und Fahrradstrecke des\u00a0Riviera dei Fiori Coastal Parks Ziel: San Remo L\u00e4nge:\u00a0circa 3000 m Form des Rennens:\u00a0nicht wettbewerbliches Familienrennen STARTLOGISTIK Empfangsschalter &#8211; Welcome [&hellip;]<\/p>\n","protected":false},"author":1,"featured_media":0,"parent":7066,"menu_order":2,"comment_status":"closed","ping_status":"closed","template":"","meta":{"_et_pb_use_builder":"on","_et_pb_old_content":"","_et_gb_content_width":"","footnotes":""},"class_list":["post-2508","page","type-page","status-publish","hentry"],"yoast_head":"<!-- This site is optimized with the Yoast SEO plugin v27.6 - https:\/\/yoast.com\/product\/yoast-seo-wordpress\/ -->\n<title>Strecke des Familienrennens RUN FOR THE WHALES 2026 Sanremo<\/title>\n<meta name=\"description\" content=\"Strecke des Familienrennens f\u00fcr die Wale, ein Rennen f\u00fcr Jung und Alt, um die Forschung zu Walen im Pelagos-Schutzgebiet zu unterst\u00fctzen\" \/>\n<meta name=\"robots\" content=\"index, follow, max-snippet:-1, max-image-preview:large, max-video-preview:-1\" \/>\n<link rel=\"canonical\" href=\"https:\/\/runforthewhales.it\/de\/familienrennens\/strecke-des-familienrennens\/\" \/>\n<meta property=\"og:locale\" content=\"de_DE\" \/>\n<meta property=\"og:type\" content=\"article\" \/>\n<meta property=\"og:title\" content=\"Strecke des Familienrennens RUN FOR THE WHALES 2026 Sanremo\" \/>\n<meta property=\"og:description\" content=\"Strecke des Familienrennens f\u00fcr die Wale, ein Rennen f\u00fcr Jung und Alt, um die Forschung zu Walen im Pelagos-Schutzgebiet zu unterst\u00fctzen\" \/>\n<meta property=\"og:url\" content=\"https:\/\/runforthewhales.it\/de\/familienrennens\/strecke-des-familienrennens\/\" \/>\n<meta property=\"og:site_name\" content=\"RUN FOR THE WHALES 2026 Sanremo\" \/>\n<meta property=\"article:modified_time\" content=\"2025-06-18T10:44:47+00:00\" \/>\n<meta property=\"og:image\" content=\"https:\/\/runforthewhales.it\/wp-content\/uploads\/2025\/06\/sportivi-per-natura.jpg\" \/>\n\t<meta property=\"og:image:width\" content=\"1200\" \/>\n\t<meta property=\"og:image:height\" content=\"356\" \/>\n\t<meta property=\"og:image:type\" content=\"image\/jpeg\" \/>\n<meta name=\"twitter:label1\" content=\"Gesch\u00e4tzte Lesezeit\" \/>\n\t<meta name=\"twitter:data1\" content=\"1\u00a0Minute\" \/>\n<script type=\"application\/ld+json\" class=\"yoast-schema-graph\">{\"@context\":\"https:\\\/\\\/schema.org\",\"@graph\":[{\"@type\":\"WebPage\",\"@id\":\"https:\\\/\\\/runforthewhales.it\\\/de\\\/familienrennens\\\/strecke-des-familienrennens\\\/\",\"url\":\"https:\\\/\\\/runforthewhales.it\\\/de\\\/familienrennens\\\/strecke-des-familienrennens\\\/\",\"name\":\"Strecke des Familienrennens RUN FOR THE WHALES 2026 Sanremo\",\"isPartOf\":{\"@id\":\"https:\\\/\\\/runforthewhales.it\\\/#website\"},\"primaryImageOfPage\":{\"@id\":\"https:\\\/\\\/runforthewhales.it\\\/de\\\/familienrennens\\\/strecke-des-familienrennens\\\/#primaryimage\"},\"image\":{\"@id\":\"https:\\\/\\\/runforthewhales.it\\\/de\\\/familienrennens\\\/strecke-des-familienrennens\\\/#primaryimage\"},\"thumbnailUrl\":\"https:\\\/\\\/runforthewhales.it\\\/wp-content\\\/uploads\\\/2025\\\/06\\\/sportivi-per-natura-300x89.jpg\",\"datePublished\":\"2017-05-04T21:52:00+00:00\",\"dateModified\":\"2025-06-18T10:44:47+00:00\",\"description\":\"Strecke des Familienrennens f\u00fcr die Wale, ein Rennen f\u00fcr Jung und Alt, um die Forschung zu Walen im Pelagos-Schutzgebiet zu unterst\u00fctzen\",\"breadcrumb\":{\"@id\":\"https:\\\/\\\/runforthewhales.it\\\/de\\\/familienrennens\\\/strecke-des-familienrennens\\\/#breadcrumb\"},\"inLanguage\":\"de\",\"potentialAction\":[{\"@type\":\"ReadAction\",\"target\":[\"https:\\\/\\\/runforthewhales.it\\\/de\\\/familienrennens\\\/strecke-des-familienrennens\\\/\"]}]},{\"@type\":\"ImageObject\",\"inLanguage\":\"de\",\"@id\":\"https:\\\/\\\/runforthewhales.it\\\/de\\\/familienrennens\\\/strecke-des-familienrennens\\\/#primaryimage\",\"url\":\"https:\\\/\\\/runforthewhales.it\\\/wp-content\\\/uploads\\\/2025\\\/06\\\/sportivi-per-natura-300x89.jpg\",\"contentUrl\":\"https:\\\/\\\/runforthewhales.it\\\/wp-content\\\/uploads\\\/2025\\\/06\\\/sportivi-per-natura-300x89.jpg\"},{\"@type\":\"BreadcrumbList\",\"@id\":\"https:\\\/\\\/runforthewhales.it\\\/de\\\/familienrennens\\\/strecke-des-familienrennens\\\/#breadcrumb\",\"itemListElement\":[{\"@type\":\"ListItem\",\"position\":1,\"name\":\"Home\",\"item\":\"https:\\\/\\\/runforthewhales.it\\\/de\\\/\"},{\"@type\":\"ListItem\",\"position\":2,\"name\":\"Familienrennens\",\"item\":\"https:\\\/\\\/runforthewhales.it\\\/de\\\/familienrennens\\\/\"},{\"@type\":\"ListItem\",\"position\":3,\"name\":\"Strecke des Familienrennens\"}]},{\"@type\":\"WebSite\",\"@id\":\"https:\\\/\\\/runforthewhales.it\\\/#website\",\"url\":\"https:\\\/\\\/runforthewhales.it\\\/\",\"name\":\"RUN FOR THE WHALES 2026 Sanremo\",\"description\":\"21K Halb Marathon | 10K Run | 3K Family Run | 20.06.2026\",\"potentialAction\":[{\"@type\":\"SearchAction\",\"target\":{\"@type\":\"EntryPoint\",\"urlTemplate\":\"https:\\\/\\\/runforthewhales.it\\\/?s={search_term_string}\"},\"query-input\":{\"@type\":\"PropertyValueSpecification\",\"valueRequired\":true,\"valueName\":\"search_term_string\"}}],\"inLanguage\":\"de\"}]}<\/script>\n<!-- \/ Yoast SEO plugin. -->","yoast_head_json":{"title":"Strecke des Familienrennens RUN FOR THE WHALES 2026 Sanremo","description":"Strecke des Familienrennens f\u00fcr die Wale, ein Rennen f\u00fcr Jung und Alt, um die Forschung zu Walen im Pelagos-Schutzgebiet zu unterst\u00fctzen","robots":{"index":"index","follow":"follow","max-snippet":"max-snippet:-1","max-image-preview":"max-image-preview:large","max-video-preview":"max-video-preview:-1"},"canonical":"https:\/\/runforthewhales.it\/de\/familienrennens\/strecke-des-familienrennens\/","og_locale":"de_DE","og_type":"article","og_title":"Strecke des Familienrennens RUN FOR THE WHALES 2026 Sanremo","og_description":"Strecke des Familienrennens f\u00fcr die Wale, ein Rennen f\u00fcr Jung und Alt, um die Forschung zu Walen im Pelagos-Schutzgebiet zu unterst\u00fctzen","og_url":"https:\/\/runforthewhales.it\/de\/familienrennens\/strecke-des-familienrennens\/","og_site_name":"RUN FOR THE WHALES 2026 Sanremo","article_modified_time":"2025-06-18T10:44:47+00:00","og_image":[{"width":1200,"height":356,"url":"https:\/\/runforthewhales.it\/wp-content\/uploads\/2025\/06\/sportivi-per-natura.jpg","type":"image\/jpeg"}],"twitter_misc":{"Gesch\u00e4tzte Lesezeit":"1\u00a0Minute"},"schema":{"@context":"https:\/\/schema.org","@graph":[{"@type":"WebPage","@id":"https:\/\/runforthewhales.it\/de\/familienrennens\/strecke-des-familienrennens\/","url":"https:\/\/runforthewhales.it\/de\/familienrennens\/strecke-des-familienrennens\/","name":"Strecke des Familienrennens RUN FOR THE WHALES 2026 Sanremo","isPartOf":{"@id":"https:\/\/runforthewhales.it\/#website"},"primaryImageOfPage":{"@id":"https:\/\/runforthewhales.it\/de\/familienrennens\/strecke-des-familienrennens\/#primaryimage"},"image":{"@id":"https:\/\/runforthewhales.it\/de\/familienrennens\/strecke-des-familienrennens\/#primaryimage"},"thumbnailUrl":"https:\/\/runforthewhales.it\/wp-content\/uploads\/2025\/06\/sportivi-per-natura-300x89.jpg","datePublished":"2017-05-04T21:52:00+00:00","dateModified":"2025-06-18T10:44:47+00:00","description":"Strecke des Familienrennens f\u00fcr die Wale, ein Rennen f\u00fcr Jung und Alt, um die Forschung zu Walen im Pelagos-Schutzgebiet zu unterst\u00fctzen","breadcrumb":{"@id":"https:\/\/runforthewhales.it\/de\/familienrennens\/strecke-des-familienrennens\/#breadcrumb"},"inLanguage":"de","potentialAction":[{"@type":"ReadAction","target":["https:\/\/runforthewhales.it\/de\/familienrennens\/strecke-des-familienrennens\/"]}]},{"@type":"ImageObject","inLanguage":"de","@id":"https:\/\/runforthewhales.it\/de\/familienrennens\/strecke-des-familienrennens\/#primaryimage","url":"https:\/\/runforthewhales.it\/wp-content\/uploads\/2025\/06\/sportivi-per-natura-300x89.jpg","contentUrl":"https:\/\/runforthewhales.it\/wp-content\/uploads\/2025\/06\/sportivi-per-natura-300x89.jpg"},{"@type":"BreadcrumbList","@id":"https:\/\/runforthewhales.it\/de\/familienrennens\/strecke-des-familienrennens\/#breadcrumb","itemListElement":[{"@type":"ListItem","position":1,"name":"Home","item":"https:\/\/runforthewhales.it\/de\/"},{"@type":"ListItem","position":2,"name":"Familienrennens","item":"https:\/\/runforthewhales.it\/de\/familienrennens\/"},{"@type":"ListItem","position":3,"name":"Strecke des Familienrennens"}]},{"@type":"WebSite","@id":"https:\/\/runforthewhales.it\/#website","url":"https:\/\/runforthewhales.it\/","name":"RUN FOR THE WHALES 2026 Sanremo","description":"21K Halb Marathon | 10K Run | 3K Family Run | 20.06.2026","potentialAction":[{"@type":"SearchAction","target":{"@type":"EntryPoint","urlTemplate":"https:\/\/runforthewhales.it\/?s={search_term_string}"},"query-input":{"@type":"PropertyValueSpecification","valueRequired":true,"valueName":"search_term_string"}}],"inLanguage":"de"}]}},"_links":{"self":[{"href":"https:\/\/runforthewhales.it\/de\/wp-json\/wp\/v2\/pages\/2508","targetHints":{"allow":["GET"]}}],"collection":[{"href":"https:\/\/runforthewhales.it\/de\/wp-json\/wp\/v2\/pages"}],"about":[{"href":"https:\/\/runforthewhales.it\/de\/wp-json\/wp\/v2\/types\/page"}],"author":[{"embeddable":true,"href":"https:\/\/runforthewhales.it\/de\/wp-json\/wp\/v2\/users\/1"}],"replies":[{"embeddable":true,"href":"https:\/\/runforthewhales.it\/de\/wp-json\/wp\/v2\/comments?post=2508"}],"version-history":[{"count":8,"href":"https:\/\/runforthewhales.it\/de\/wp-json\/wp\/v2\/pages\/2508\/revisions"}],"predecessor-version":[{"id":9027,"href":"https:\/\/runforthewhales.it\/de\/wp-json\/wp\/v2\/pages\/2508\/revisions\/9027"}],"up":[{"embeddable":true,"href":"https:\/\/runforthewhales.it\/de\/wp-json\/wp\/v2\/pages\/7066"}],"wp:attachment":[{"href":"https:\/\/runforthewhales.it\/de\/wp-json\/wp\/v2\/media?parent=2508"}],"curies":[{"name":"wp","href":"https:\/\/api.w.org\/{rel}","templated":true}]}}