{"id":2335,"date":"2017-04-02T15:17:50","date_gmt":"2017-04-02T15:17:50","guid":{"rendered":"http:\/\/runforthewhales.it\/wp\/das-tethys-forschungsinstitut\/"},"modified":"2021-05-05T15:14:58","modified_gmt":"2021-05-05T15:14:58","slug":"das-tethys-forschungsinstitut","status":"publish","type":"page","link":"https:\/\/runforthewhales.it\/de\/das-tethys-forschungsinstitut\/","title":{"rendered":"Das Tethys Forschungsinstitut"},"content":{"rendered":"<p><img loading=\"lazy\" decoding=\"async\" class=\"size-thumbnail wp-image-2301 aligncenter\" src=\"https:\/\/runforthewhales.it\/wp-content\/uploads\/2016\/02\/logo-tethys-150x150.jpg\" alt=\"\" width=\"150\" height=\"150\" \/>Das\u00a0<a href=\"https:\/\/www.tethys.org\/\" target=\"_blank\" rel=\"noopener\">Tethys Forschungsinstitut<\/a>\u00a0ist eine gemeinn\u00fctzige Forschungseinrichtung, welche den Meeresschutz durch Wissenschaft und \u00f6ffentliches Bewusstsein unterst\u00fctzt. Das Institut wurde 1986 von Giuseppe Notarbartolo di Sciara und Egidio Gavazzi gegr\u00fcndet, und ist zur Zeit im st\u00e4dtischen Aquarium von Milano in Italien untergebracht. Seit seinen Anf\u00e4ngen hat Tethys Forschungs- und Naturschutzaktivit\u00e4ten zu Meeress\u00e4ugern gef\u00f6rdert, insbesondere zu Cetaceen (Wale und Delfine) und den kritische gef\u00e4hrdeten mediterranen M\u00f6nchsrobben, obwohl Untersuchungen auf Mobula Mantas und Meeresschildkr\u00f6ten ausgeweitet wurden. Forschungsaktivit\u00e4ten fanden gr\u00f6\u00dftenteils im Mittelmeer statt, aber auch im schwarzen Meer, dem Nordatlantik, der Karibik, dem roten Meer und der Antarktis. \u00dcber fast drei Dekaden Arbeit hat Tethys eines der gr\u00f6\u00dften Datens\u00e4tze \u00fcber mediterrane Cetaceen (<a href=\"https:\/\/seamap.env.duke.edu\">online verf\u00fcgbar<\/a>) erstellt, und vermittelte die Ergebnisse seiner Forschungsaktivit\u00e4ten w\u00e4hrend einer breiten Reihe an Meetings, Workshops und Konferenzen, ebenso in Hunderten von wissenschaftlichen Publikationen. Genutzte Forschungsmethoden umfassen Populationsstudien basierend auf Distanzstichproben (vom Flugzeug und der Oberfl\u00e4che) und fotografischen\u00a0Capture-Recapture-Methoden, Fernerkundung, bioakustischen Untersuchungen, Verhaltensuntersuchungen, Fernerfassung von Biopsieproben f\u00fcr genetische und toxikologische Analysen, das kombinierte Nutzen von Laser-Entfernungsmessungs-Ferngl\u00e4sern und GPS um die Bewegungen der Wale aufzunehmen, und historische Studien. Basierend auf seinen Statuten, ist das Hauptziel von Tethys der Schutz der Meeresumwelt, erreicht durch die Bereitstellung wissenschaftlicher Erkenntnisse f\u00fcr die Naturschutzpolitik, und die Teilnahme am internationalen Prozess des Naturschutzes, wie das Verkn\u00fcpfen und Zusammenarbeiten mit Organisationen wie der Biodiversit\u00e4ts-Konvention\u00a0(<a href=\"https:\/\/www.cbd.int\">CBD<\/a>), der Konvention zur Erhaltung wandernder Tiere\u00a0(<a href=\"https:\/\/www.cms.int\">CMS<\/a>), der\u00a0<a href=\"https:\/\/www.unepmap.org\/index.php?module=content2&amp;catid=001001004\">Barcelona Konvention<\/a>\u00a0zum Schutz des Mittelmeeres gegen Verschmutzung, das Abkommen zur Erhaltung von Cetaceen im schwarzen Meer, dem Mittelmeer und der angrenzenden atlantischen Zone (<a href=\"https:\/\/accobams.org\">ACCOBAMS<\/a>), und der internationalen Union zum Schutz der Natur (<a href=\"https:\/\/www.iucn.org\">IUCN<\/a>), der internationalen Walfangkommission (<a href=\"https:\/\/iwc.int\/home\">IWC<\/a>). Dementsprechend hat Tethys erstmals die Erstellung eines symboltr\u00e4chtigen gesch\u00fctzten Areals erdacht und vorgeschlagen, dem\u00a0<a href=\"https:\/\/www.sanctuaire-pelagos.org\/en\/home\/66-anglais\/uncategorised\/254-presentation-of-the-pelagos-sanctuary\">Pelagos Schutzgebiet zur Erhaltung von mediterranen Meeress\u00e4ugern<\/a>\u00a0(1991), welches auch das erste maritime Schutzgebiet weltweit war, welches \u00fcber nationale Gerichtsbarkeit hinaus gegr\u00fcndet wurde. Seit 1990 widmet sich Tethys der \u00dcberwachung der 8 Arten von Cetaceen, welche es bewohnen. Ein weiterer wichtiger Bestandteil von Tethys Beitrag zum Meeresschutz ist \u00f6ffentliche Aufmerksamkeit, erreicht durch die Pr\u00e4senz des Institutes in den sozialen Medien, in bekannten Medien und \u00f6ffentlichem Fernsehen, au\u00dferdem durch die Beteiligung von Tausenden von Menschen aus aller Welt als freiwillige Forschende an seinen Erhaltungsaktivit\u00e4ten (Schiffsreisen und Feldversuche).\u00a0Im Jahr 1987 initiiert, ist\u00a0<a href=\"https:\/\/www.tethys.org\/\" target=\"_blank\" rel=\"noopener\">Tethys Beteiligung von Freiwilligen an seinen Forschungen<\/a>\u00a0das \u00a0weltweit am l\u00e4ngsten bestehende Programm von b\u00fcrgernaher Wissenschaft. F\u00f6rderungen erlangt Tethys \u00a0von staatlichen Zusch\u00fcssen, privaten Spendern, Programmen der europ\u00e4ischen Kommission, und Beitr\u00e4gen von freiwilligen Forschungshelfern. Die Arbeit von Tethys basiert auf der Zusammenarbeit von ungef\u00e4hr 30 Verb\u00e4nden und Mitarbeitern.<\/p>\n","protected":false},"excerpt":{"rendered":"<p>Das\u00a0Tethys Forschungsinstitut\u00a0ist eine gemeinn\u00fctzige Forschungseinrichtung, welche den Meeresschutz durch Wissenschaft und \u00f6ffentliches Bewusstsein unterst\u00fctzt. Das Institut wurde 1986 von Giuseppe Notarbartolo di Sciara und Egidio Gavazzi gegr\u00fcndet, und ist zur Zeit im st\u00e4dtischen Aquarium von Milano in Italien untergebracht. Seit seinen Anf\u00e4ngen hat Tethys Forschungs- und Naturschutzaktivit\u00e4ten zu Meeress\u00e4ugern gef\u00f6rdert, insbesondere zu Cetaceen (Wale und [&hellip;]<\/p>\n","protected":false},"author":1,"featured_media":0,"parent":0,"menu_order":0,"comment_status":"closed","ping_status":"closed","template":"","meta":{"_et_pb_use_builder":"","_et_pb_old_content":"","_et_gb_content_width":"","footnotes":""},"class_list":["post-2335","page","type-page","status-publish","hentry"],"yoast_head":"<!-- This site is optimized with the Yoast SEO plugin v27.6 - https:\/\/yoast.com\/product\/yoast-seo-wordpress\/ -->\n<title>Das Tethys Forschungsinstitut RUN FOR THE WHALES 2026 Sanremo<\/title>\n<meta name=\"robots\" content=\"index, follow, max-snippet:-1, max-image-preview:large, max-video-preview:-1\" \/>\n<link rel=\"canonical\" href=\"https:\/\/runforthewhales.it\/partners\/istituto-tethys\/\" \/>\n<meta property=\"og:locale\" content=\"de_DE\" \/>\n<meta property=\"og:type\" content=\"article\" \/>\n<meta property=\"og:title\" content=\"Das Tethys Forschungsinstitut RUN FOR THE WHALES 2026 Sanremo\" \/>\n<meta property=\"og:description\" content=\"Das\u00a0Tethys Forschungsinstitut\u00a0ist eine gemeinn\u00fctzige Forschungseinrichtung, welche den Meeresschutz durch Wissenschaft und \u00f6ffentliches Bewusstsein unterst\u00fctzt. Das Institut wurde 1986 von Giuseppe Notarbartolo di Sciara und Egidio Gavazzi gegr\u00fcndet, und ist zur Zeit im st\u00e4dtischen Aquarium von Milano in Italien untergebracht. Seit seinen Anf\u00e4ngen hat Tethys Forschungs- und Naturschutzaktivit\u00e4ten zu Meeress\u00e4ugern gef\u00f6rdert, insbesondere zu Cetaceen (Wale und [&hellip;]\" \/>\n<meta property=\"og:url\" content=\"https:\/\/runforthewhales.it\/partners\/istituto-tethys\/\" \/>\n<meta property=\"og:site_name\" content=\"RUN FOR THE WHALES 2026 Sanremo\" \/>\n<meta property=\"article:modified_time\" content=\"2021-05-05T15:14:58+00:00\" \/>\n<meta property=\"og:image\" content=\"https:\/\/runforthewhales.it\/wp-content\/uploads\/2016\/02\/logo-tethys-150x150.jpg\" \/>\n<meta name=\"twitter:label1\" content=\"Gesch\u00e4tzte Lesezeit\" \/>\n\t<meta name=\"twitter:data1\" content=\"2\u00a0Minuten\" \/>\n<script type=\"application\/ld+json\" class=\"yoast-schema-graph\">{\"@context\":\"https:\\\/\\\/schema.org\",\"@graph\":[{\"@type\":\"WebPage\",\"@id\":\"https:\\\/\\\/runforthewhales.it\\\/partners\\\/istituto-tethys\\\/\",\"url\":\"https:\\\/\\\/runforthewhales.it\\\/partners\\\/istituto-tethys\\\/\",\"name\":\"Das Tethys Forschungsinstitut RUN FOR THE WHALES 2026 Sanremo\",\"isPartOf\":{\"@id\":\"https:\\\/\\\/runforthewhales.it\\\/#website\"},\"primaryImageOfPage\":{\"@id\":\"https:\\\/\\\/runforthewhales.it\\\/partners\\\/istituto-tethys\\\/#primaryimage\"},\"image\":{\"@id\":\"https:\\\/\\\/runforthewhales.it\\\/partners\\\/istituto-tethys\\\/#primaryimage\"},\"thumbnailUrl\":\"https:\\\/\\\/runforthewhales.it\\\/wp-content\\\/uploads\\\/2016\\\/02\\\/logo-tethys-150x150.jpg\",\"datePublished\":\"2017-04-02T15:17:50+00:00\",\"dateModified\":\"2021-05-05T15:14:58+00:00\",\"breadcrumb\":{\"@id\":\"https:\\\/\\\/runforthewhales.it\\\/partners\\\/istituto-tethys\\\/#breadcrumb\"},\"inLanguage\":\"de\",\"potentialAction\":[{\"@type\":\"ReadAction\",\"target\":[\"https:\\\/\\\/runforthewhales.it\\\/partners\\\/istituto-tethys\\\/\"]}]},{\"@type\":\"ImageObject\",\"inLanguage\":\"de\",\"@id\":\"https:\\\/\\\/runforthewhales.it\\\/partners\\\/istituto-tethys\\\/#primaryimage\",\"url\":\"https:\\\/\\\/runforthewhales.it\\\/wp-content\\\/uploads\\\/2016\\\/02\\\/logo-tethys-150x150.jpg\",\"contentUrl\":\"https:\\\/\\\/runforthewhales.it\\\/wp-content\\\/uploads\\\/2016\\\/02\\\/logo-tethys-150x150.jpg\"},{\"@type\":\"BreadcrumbList\",\"@id\":\"https:\\\/\\\/runforthewhales.it\\\/partners\\\/istituto-tethys\\\/#breadcrumb\",\"itemListElement\":[{\"@type\":\"ListItem\",\"position\":1,\"name\":\"Home\",\"item\":\"https:\\\/\\\/runforthewhales.it\\\/de\\\/\"},{\"@type\":\"ListItem\",\"position\":2,\"name\":\"Das Tethys Forschungsinstitut\"}]},{\"@type\":\"WebSite\",\"@id\":\"https:\\\/\\\/runforthewhales.it\\\/#website\",\"url\":\"https:\\\/\\\/runforthewhales.it\\\/\",\"name\":\"RUN FOR THE WHALES 2026 Sanremo\",\"description\":\"21K Halb Marathon | 10K Run | 3K Family Run | 20.06.2026\",\"potentialAction\":[{\"@type\":\"SearchAction\",\"target\":{\"@type\":\"EntryPoint\",\"urlTemplate\":\"https:\\\/\\\/runforthewhales.it\\\/?s={search_term_string}\"},\"query-input\":{\"@type\":\"PropertyValueSpecification\",\"valueRequired\":true,\"valueName\":\"search_term_string\"}}],\"inLanguage\":\"de\"}]}<\/script>\n<!-- \/ Yoast SEO plugin. -->","yoast_head_json":{"title":"Das Tethys Forschungsinstitut RUN FOR THE WHALES 2026 Sanremo","robots":{"index":"index","follow":"follow","max-snippet":"max-snippet:-1","max-image-preview":"max-image-preview:large","max-video-preview":"max-video-preview:-1"},"canonical":"https:\/\/runforthewhales.it\/partners\/istituto-tethys\/","og_locale":"de_DE","og_type":"article","og_title":"Das Tethys Forschungsinstitut RUN FOR THE WHALES 2026 Sanremo","og_description":"Das\u00a0Tethys Forschungsinstitut\u00a0ist eine gemeinn\u00fctzige Forschungseinrichtung, welche den Meeresschutz durch Wissenschaft und \u00f6ffentliches Bewusstsein unterst\u00fctzt. Das Institut wurde 1986 von Giuseppe Notarbartolo di Sciara und Egidio Gavazzi gegr\u00fcndet, und ist zur Zeit im st\u00e4dtischen Aquarium von Milano in Italien untergebracht. Seit seinen Anf\u00e4ngen hat Tethys Forschungs- und Naturschutzaktivit\u00e4ten zu Meeress\u00e4ugern gef\u00f6rdert, insbesondere zu Cetaceen (Wale und [&hellip;]","og_url":"https:\/\/runforthewhales.it\/partners\/istituto-tethys\/","og_site_name":"RUN FOR THE WHALES 2026 Sanremo","article_modified_time":"2021-05-05T15:14:58+00:00","og_image":[{"url":"https:\/\/runforthewhales.it\/wp-content\/uploads\/2016\/02\/logo-tethys-150x150.jpg","type":"","width":"","height":""}],"twitter_misc":{"Gesch\u00e4tzte Lesezeit":"2\u00a0Minuten"},"schema":{"@context":"https:\/\/schema.org","@graph":[{"@type":"WebPage","@id":"https:\/\/runforthewhales.it\/partners\/istituto-tethys\/","url":"https:\/\/runforthewhales.it\/partners\/istituto-tethys\/","name":"Das Tethys Forschungsinstitut RUN FOR THE WHALES 2026 Sanremo","isPartOf":{"@id":"https:\/\/runforthewhales.it\/#website"},"primaryImageOfPage":{"@id":"https:\/\/runforthewhales.it\/partners\/istituto-tethys\/#primaryimage"},"image":{"@id":"https:\/\/runforthewhales.it\/partners\/istituto-tethys\/#primaryimage"},"thumbnailUrl":"https:\/\/runforthewhales.it\/wp-content\/uploads\/2016\/02\/logo-tethys-150x150.jpg","datePublished":"2017-04-02T15:17:50+00:00","dateModified":"2021-05-05T15:14:58+00:00","breadcrumb":{"@id":"https:\/\/runforthewhales.it\/partners\/istituto-tethys\/#breadcrumb"},"inLanguage":"de","potentialAction":[{"@type":"ReadAction","target":["https:\/\/runforthewhales.it\/partners\/istituto-tethys\/"]}]},{"@type":"ImageObject","inLanguage":"de","@id":"https:\/\/runforthewhales.it\/partners\/istituto-tethys\/#primaryimage","url":"https:\/\/runforthewhales.it\/wp-content\/uploads\/2016\/02\/logo-tethys-150x150.jpg","contentUrl":"https:\/\/runforthewhales.it\/wp-content\/uploads\/2016\/02\/logo-tethys-150x150.jpg"},{"@type":"BreadcrumbList","@id":"https:\/\/runforthewhales.it\/partners\/istituto-tethys\/#breadcrumb","itemListElement":[{"@type":"ListItem","position":1,"name":"Home","item":"https:\/\/runforthewhales.it\/de\/"},{"@type":"ListItem","position":2,"name":"Das Tethys Forschungsinstitut"}]},{"@type":"WebSite","@id":"https:\/\/runforthewhales.it\/#website","url":"https:\/\/runforthewhales.it\/","name":"RUN FOR THE WHALES 2026 Sanremo","description":"21K Halb Marathon | 10K Run | 3K Family Run | 20.06.2026","potentialAction":[{"@type":"SearchAction","target":{"@type":"EntryPoint","urlTemplate":"https:\/\/runforthewhales.it\/?s={search_term_string}"},"query-input":{"@type":"PropertyValueSpecification","valueRequired":true,"valueName":"search_term_string"}}],"inLanguage":"de"}]}},"_links":{"self":[{"href":"https:\/\/runforthewhales.it\/de\/wp-json\/wp\/v2\/pages\/2335","targetHints":{"allow":["GET"]}}],"collection":[{"href":"https:\/\/runforthewhales.it\/de\/wp-json\/wp\/v2\/pages"}],"about":[{"href":"https:\/\/runforthewhales.it\/de\/wp-json\/wp\/v2\/types\/page"}],"author":[{"embeddable":true,"href":"https:\/\/runforthewhales.it\/de\/wp-json\/wp\/v2\/users\/1"}],"replies":[{"embeddable":true,"href":"https:\/\/runforthewhales.it\/de\/wp-json\/wp\/v2\/comments?post=2335"}],"version-history":[{"count":2,"href":"https:\/\/runforthewhales.it\/de\/wp-json\/wp\/v2\/pages\/2335\/revisions"}],"predecessor-version":[{"id":5366,"href":"https:\/\/runforthewhales.it\/de\/wp-json\/wp\/v2\/pages\/2335\/revisions\/5366"}],"wp:attachment":[{"href":"https:\/\/runforthewhales.it\/de\/wp-json\/wp\/v2\/media?parent=2335"}],"curies":[{"name":"wp","href":"https:\/\/api.w.org\/{rel}","templated":true}]}}