{"id":2334,"date":"2017-04-02T14:07:21","date_gmt":"2017-04-02T14:07:21","guid":{"rendered":"http:\/\/runforthewhales.it\/wp\/rennprogramm\/"},"modified":"2025-06-12T10:48:14","modified_gmt":"2025-06-12T10:48:14","slug":"rennprogramm","status":"publish","type":"page","link":"https:\/\/runforthewhales.it\/de\/rennprogramm\/","title":{"rendered":"Rennprogramm"},"content":{"rendered":"<p>[et_pb_section fb_built=&#8220;1&#8243; admin_label=&#8220;section&#8220; _builder_version=&#8220;4.16&#8243; global_colors_info=&#8220;{}&#8220;][et_pb_row admin_label=&#8220;row&#8220; _builder_version=&#8220;4.16&#8243; background_size=&#8220;initial&#8220; background_position=&#8220;top_left&#8220; background_repeat=&#8220;repeat&#8220; global_colors_info=&#8220;{}&#8220;][et_pb_column type=&#8220;4_4&#8243; _builder_version=&#8220;4.16&#8243; custom_padding=&#8220;|||&#8220; global_colors_info=&#8220;{}&#8220; custom_padding__hover=&#8220;|||&#8220;][et_pb_text admin_label=&#8220;Text&#8220; _builder_version=&#8220;4.27.4&#8243; background_size=&#8220;initial&#8220; background_position=&#8220;top_left&#8220; background_repeat=&#8220;repeat&#8220; global_colors_info=&#8220;{}&#8220;]<\/p>\n<h1>Das Programm des Rennens<br \/>RUN FOR THE WHALES 2025<\/h1>\n<p>[\/et_pb_text][et_pb_text _builder_version=&#8220;4.27.4&#8243; _module_preset=&#8220;default&#8220; text_text_color=&#8220;#EDF000&#8243; header_3_text_color=&#8220;#EDF000&#8243; background_color=&#8220;#E02B20&#8243; locked=&#8220;off&#8220; global_colors_info=&#8220;{}&#8220;]<\/p>\n<h3 style=\"text-align: center;\"><strong data-start=\"4213\" data-end=\"4265\">ACHTUNG <\/strong><\/h3>\n<h3 style=\"text-align: center;\"><strong data-start=\"4213\" data-end=\"4265\">STRECKEN\u00c4NDERUNG DES 21K-HALBMARATHONS<\/strong><\/h3>\n<p style=\"text-align: center;\">Die Region Ligurien hat angek\u00fcndigt, dass am 3. Juni die Arbeiten zum Abriss und Wiederaufbau der Br\u00fccke \u00fcber den Fluss Argentina beginnen, was zur Unterbrechung des Radwegs zwischen Taggia und Riva Ligure f\u00fchren wird.<br data-start=\"4486\" data-end=\"4489\" \/>Das Organisationskomitee der Sanremo-Marathon arbeitet derzeit an einer alternativen Route und hat bereits die neue offizielle Genehmigung beim Leichtathletikverband beantragt.<\/p>\n<p style=\"text-align: center;\"><strong>Die neue Halbmarathon-Strecke sieht vor:<\/strong><\/p>\n<p style=\"text-align: center;\" data-start=\"4713\" data-end=\"4806\">Start auf der Leichtathletikbahn Sanremo \u2013 Strada Grande Torino (statt San Lorenzo al Mare)<\/p>\n<p style=\"text-align: center;\" data-start=\"4809\" data-end=\"4857\">Strecke entlang des Radwegs bis Arma di Taggia<\/p>\n<p style=\"text-align: center;\" data-start=\"4860\" data-end=\"4872\">Wendepunkt<\/p>\n<p style=\"text-align: center;\" data-start=\"4875\" data-end=\"4935\">R\u00fcckweg entlang des Radwegs bis zum Tunnel von Ospedaletti<\/p>\n<p style=\"text-align: center;\" data-start=\"4938\" data-end=\"4950\">Wendepunkt<\/p>\n<p style=\"text-align: center;\" data-start=\"4953\" data-end=\"4995\">Ziel auf der Leichtathletikbahn in Sanremo<\/p>\n<p>[\/et_pb_text][et_pb_text admin_label=&#8220;Text&#8220; _builder_version=&#8220;4.27.4&#8243; background_size=&#8220;initial&#8220; background_position=&#8220;top_left&#8220; background_repeat=&#8220;repeat&#8220; global_colors_info=&#8220;{}&#8220;]<\/p>\n<p><img loading=\"lazy\" decoding=\"async\" class=\"aligncenter size-full wp-image-6550\" src=\"https:\/\/runforthewhales.it\/wp-content\/uploads\/2022\/06\/RFTW-Campo-di-atletica_Mod.jpg\" alt=\"\" width=\"1600\" height=\"900\" srcset=\"https:\/\/runforthewhales.it\/wp-content\/uploads\/2022\/06\/RFTW-Campo-di-atletica_Mod.jpg 1600w, https:\/\/runforthewhales.it\/wp-content\/uploads\/2022\/06\/RFTW-Campo-di-atletica_Mod-1280x720.jpg 1280w, https:\/\/runforthewhales.it\/wp-content\/uploads\/2022\/06\/RFTW-Campo-di-atletica_Mod-980x551.jpg 980w, https:\/\/runforthewhales.it\/wp-content\/uploads\/2022\/06\/RFTW-Campo-di-atletica_Mod-480x270.jpg 480w\" sizes=\"(min-width: 0px) and (max-width: 480px) 480px, (min-width: 481px) and (max-width: 980px) 980px, (min-width: 981px) and (max-width: 1280px) 1280px, (min-width: 1281px) 1600px, 100vw\" \/><\/p>\n<h3>Freitag, 20. Juni 2025<\/h3>\n<p>14.30 bis 18.00 Uhr<br \/><span style=\"color: #0000ff; font-size: 14pt;\">San Remo, Sportplatz Pian di Poma<\/span><br \/><strong>Registrierung (Halbmarathon, 10 km, Familienrennen)<br \/>Abholung der Startnummern<br \/>Verteilung von Rennpaketen<\/strong><\/p>\n<h3>Samstag, 21. Juni 2025<\/h3>\n<p>von 10:00 Uhr bis 13:00 Uhr<br \/><span style=\"color: #0000ff; font-size: 14pt;\">San Remo, Sportplatz Pian di Poma<\/span><br \/><strong>Registrierung am Stand (10km, Familienrennen)<\/strong> Es wird nicht m\u00f6glich sein, sich vor Ort am Tag des Rennens anzumelden<br \/><strong>Abholung der Startnummern<\/strong><br \/><strong>Verteilung der Rennpakete<\/strong><\/p>\n<p>17:30<br \/>Lieferung der Taschen an das Organisationsfahrzeug<br \/>an der Ecke von Via Orti und Via Della Chiesa<\/p>\n<p>von 14:00 Uhr bis 16:00 Uhr<br \/><span style=\"color: #0000ff; font-size: 14pt;\">San Remo, Sportplatz Pian di Poma<\/span><br \/><strong>Abholung der Startnummern<\/strong><br \/><strong>Verteilung der Rennpakete<\/strong><\/p>\n<p>17:45 Uhr \u2013 San Remo, Sportplatz Pian di Poma<br \/><span style=\"font-size: 14pt; color: #33cccc;\"><strong>Start Rennen f\u00fcr die Wale San Remo 10 K &amp; <\/strong><\/span><span style=\"font-size: 14pt; color: #33cccc;\"><strong>Start Rennen f\u00fcr die Wale San Remo Familienrennen<br \/><\/strong><\/span><\/p>\n<p>19:15 Uhr \u2013 San Lorenzo al Mare, alter Bahnhof<br \/><span style=\"font-size: 14pt; color: #33cccc;\"><strong>Start San Remo Rennen f\u00fcr die Wale Halbmarathon<\/strong><\/span><\/p>\n<p>21:00 Uhr \u2013 San Remo, Sportplatz Pian di Poma<br \/><strong>Siegerehrung<\/strong><\/p>\n<p>Die Siegerehrung f\u00fcr die Gesamtsieger aller drei Rennen findet im Anschluss an das Halbmarathon-Podium der M\u00e4nner und Frauen statt.<\/p>\n<p>Bis zum Erreichen des Zeitlimits besteht die M\u00f6glichkeit, die Podiumsurkunde der Kategorie Halbmarathon abzuholen und ein Erinnerungsfoto in der N\u00e4he der Siegerehrung zu machen.<\/p>\n<p>[\/et_pb_text][\/et_pb_column][\/et_pb_row][\/et_pb_section]<\/p>\n","protected":false},"excerpt":{"rendered":"<p>Das Programm des RennensRUN FOR THE WHALES 2025ACHTUNG STRECKEN\u00c4NDERUNG DES 21K-HALBMARATHONS Die Region Ligurien hat angek\u00fcndigt, dass am 3. Juni die Arbeiten zum Abriss und Wiederaufbau der Br\u00fccke \u00fcber den Fluss Argentina beginnen, was zur Unterbrechung des Radwegs zwischen Taggia und Riva Ligure f\u00fchren wird.Das Organisationskomitee der Sanremo-Marathon arbeitet derzeit an einer alternativen Route und [&hellip;]<\/p>\n","protected":false},"author":1,"featured_media":0,"parent":0,"menu_order":0,"comment_status":"closed","ping_status":"closed","template":"","meta":{"_et_pb_use_builder":"on","_et_pb_old_content":"<h2>Programma gare podistiche<\/h2>\r\n<h4><\/h4>\r\n<h4>Venerdi, 22 giugno 2018<\/h4>\r\nSanremo - luogo da definire\r\ndalle 09 alle 19\r\n<strong>Iscrizioni\u00a0(Half Marathon, 10 km e Family Run)\r\nRitiro pettorali e consegna pacchi gara\u00a0(Half Marathon, 10 km e Family Run)<\/strong>\r\n<h4>Sabato, 23 giugno 2018<\/h4>\r\nSanremo - luogo da definire\r\ndalle 09 alle 13.00\r\n<strong>Iscrizioni sul posto\u00a0(Family Run)\r\nRitiro pettorali\u00a0(Half Marathon, 10 km fino alle 13.00)<\/strong>\r\n<strong>Consegna pacchi gara\u00a0(Half Marathon, 10 km e Family Run)<\/strong>\r\n\r\nPresso Marina di San Lorenzo: Sanremo Half Marathon - Run for the Whales\r\ndalle 14 alle 17.30\r\n<strong>Ritiro pettorali (Half Marathon)<\/strong>\r\n\r\nPresso Arma (Taggia): Sanremo 10 km - Run for the Whales\r\ndalle 14 alle 17.30\r\n<strong>Iscrizioni sul posto (10 km)\r\nRitiro pettorali (10 km)<\/strong>\r\n\r\n18.30\u00a0\u2013 Sanremo,\u00a0Bar Sud Est\r\n<strong>Partenza Sanremo Family Run - Run for the Whales \u00a0 \u00a0 \u00a0\u00a0<\/strong>\r\n\r\n18.30 \u2013 Arma (Taggia),\u00a0Via Queirolo\r\n<strong>Partenza Sanremo 10 km - Run for the Whales\r\n<\/strong>\r\n\r\n18.30\u00a0\u2013\u00a0Marina di San Lorenzo\r\n<strong>Partenza Sanremo Half Marathon\u00a0- Run for the Whales \u00a0<\/strong>\r\n\r\n21.00\u00a0\u2013 Sanremo\r\n<strong>Premiazione<\/strong>","_et_gb_content_width":"","footnotes":""},"class_list":["post-2334","page","type-page","status-publish","hentry"],"yoast_head":"<!-- This site is optimized with the Yoast SEO plugin v27.6 - https:\/\/yoast.com\/product\/yoast-seo-wordpress\/ -->\n<title>Rennprogramm RUN FOR THE WHALES 2026 Sanremo<\/title>\n<meta name=\"description\" content=\"GeldRennprogramm RUN FOR THE WHALES 2026 Sanremo f\u00fcr ihren Schutz und ihre wissenschaftliche Erforschung sammelt f\u00fcr Wale und Delfine\" \/>\n<meta name=\"robots\" content=\"index, follow, max-snippet:-1, max-image-preview:large, max-video-preview:-1\" \/>\n<link rel=\"canonical\" href=\"https:\/\/runforthewhales.it\/fr\/run\/programme-de-la-course\/\" \/>\n<meta property=\"og:locale\" content=\"de_DE\" \/>\n<meta property=\"og:type\" content=\"article\" \/>\n<meta property=\"og:title\" content=\"Rennprogramm RUN FOR THE WHALES 2026 Sanremo\" \/>\n<meta property=\"og:description\" content=\"GeldRennprogramm RUN FOR THE WHALES 2026 Sanremo f\u00fcr ihren Schutz und ihre wissenschaftliche Erforschung sammelt f\u00fcr Wale und Delfine\" \/>\n<meta property=\"og:url\" content=\"https:\/\/runforthewhales.it\/fr\/run\/programme-de-la-course\/\" \/>\n<meta property=\"og:site_name\" content=\"RUN FOR THE WHALES 2026 Sanremo\" \/>\n<meta property=\"article:modified_time\" content=\"2025-06-12T10:48:14+00:00\" \/>\n<meta property=\"og:image\" content=\"https:\/\/runforthewhales.it\/wp-content\/uploads\/2022\/06\/RFTW-Campo-di-atletica_Mod.jpg\" \/>\n\t<meta property=\"og:image:width\" content=\"1600\" \/>\n\t<meta property=\"og:image:height\" content=\"900\" \/>\n\t<meta property=\"og:image:type\" content=\"image\/jpeg\" \/>\n<meta name=\"twitter:label1\" content=\"Gesch\u00e4tzte Lesezeit\" \/>\n\t<meta name=\"twitter:data1\" content=\"2\u00a0Minuten\" \/>\n<script type=\"application\/ld+json\" class=\"yoast-schema-graph\">{\"@context\":\"https:\\\/\\\/schema.org\",\"@graph\":[{\"@type\":\"WebPage\",\"@id\":\"https:\\\/\\\/runforthewhales.it\\\/fr\\\/run\\\/programme-de-la-course\\\/\",\"url\":\"https:\\\/\\\/runforthewhales.it\\\/fr\\\/run\\\/programme-de-la-course\\\/\",\"name\":\"Rennprogramm RUN FOR THE WHALES 2026 Sanremo\",\"isPartOf\":{\"@id\":\"https:\\\/\\\/runforthewhales.it\\\/#website\"},\"primaryImageOfPage\":{\"@id\":\"https:\\\/\\\/runforthewhales.it\\\/fr\\\/run\\\/programme-de-la-course\\\/#primaryimage\"},\"image\":{\"@id\":\"https:\\\/\\\/runforthewhales.it\\\/fr\\\/run\\\/programme-de-la-course\\\/#primaryimage\"},\"thumbnailUrl\":\"https:\\\/\\\/runforthewhales.it\\\/wp-content\\\/uploads\\\/2022\\\/06\\\/RFTW-Campo-di-atletica_Mod.jpg\",\"datePublished\":\"2017-04-02T14:07:21+00:00\",\"dateModified\":\"2025-06-12T10:48:14+00:00\",\"description\":\"GeldRennprogramm RUN FOR THE WHALES 2026 Sanremo f\u00fcr ihren Schutz und ihre wissenschaftliche Erforschung sammelt f\u00fcr Wale und Delfine\",\"breadcrumb\":{\"@id\":\"https:\\\/\\\/runforthewhales.it\\\/fr\\\/run\\\/programme-de-la-course\\\/#breadcrumb\"},\"inLanguage\":\"de\",\"potentialAction\":[{\"@type\":\"ReadAction\",\"target\":[\"https:\\\/\\\/runforthewhales.it\\\/fr\\\/run\\\/programme-de-la-course\\\/\"]}]},{\"@type\":\"ImageObject\",\"inLanguage\":\"de\",\"@id\":\"https:\\\/\\\/runforthewhales.it\\\/fr\\\/run\\\/programme-de-la-course\\\/#primaryimage\",\"url\":\"https:\\\/\\\/runforthewhales.it\\\/wp-content\\\/uploads\\\/2022\\\/06\\\/RFTW-Campo-di-atletica_Mod.jpg\",\"contentUrl\":\"https:\\\/\\\/runforthewhales.it\\\/wp-content\\\/uploads\\\/2022\\\/06\\\/RFTW-Campo-di-atletica_Mod.jpg\"},{\"@type\":\"BreadcrumbList\",\"@id\":\"https:\\\/\\\/runforthewhales.it\\\/fr\\\/run\\\/programme-de-la-course\\\/#breadcrumb\",\"itemListElement\":[{\"@type\":\"ListItem\",\"position\":1,\"name\":\"Home\",\"item\":\"https:\\\/\\\/runforthewhales.it\\\/de\\\/\"},{\"@type\":\"ListItem\",\"position\":2,\"name\":\"Rennprogramm\"}]},{\"@type\":\"WebSite\",\"@id\":\"https:\\\/\\\/runforthewhales.it\\\/#website\",\"url\":\"https:\\\/\\\/runforthewhales.it\\\/\",\"name\":\"RUN FOR THE WHALES 2026 Sanremo\",\"description\":\"21K Halb Marathon | 10K Run | 3K Family Run | 20.06.2026\",\"potentialAction\":[{\"@type\":\"SearchAction\",\"target\":{\"@type\":\"EntryPoint\",\"urlTemplate\":\"https:\\\/\\\/runforthewhales.it\\\/?s={search_term_string}\"},\"query-input\":{\"@type\":\"PropertyValueSpecification\",\"valueRequired\":true,\"valueName\":\"search_term_string\"}}],\"inLanguage\":\"de\"}]}<\/script>\n<!-- \/ Yoast SEO plugin. -->","yoast_head_json":{"title":"Rennprogramm RUN FOR THE WHALES 2026 Sanremo","description":"GeldRennprogramm RUN FOR THE WHALES 2026 Sanremo f\u00fcr ihren Schutz und ihre wissenschaftliche Erforschung sammelt f\u00fcr Wale und Delfine","robots":{"index":"index","follow":"follow","max-snippet":"max-snippet:-1","max-image-preview":"max-image-preview:large","max-video-preview":"max-video-preview:-1"},"canonical":"https:\/\/runforthewhales.it\/fr\/run\/programme-de-la-course\/","og_locale":"de_DE","og_type":"article","og_title":"Rennprogramm RUN FOR THE WHALES 2026 Sanremo","og_description":"GeldRennprogramm RUN FOR THE WHALES 2026 Sanremo f\u00fcr ihren Schutz und ihre wissenschaftliche Erforschung sammelt f\u00fcr Wale und Delfine","og_url":"https:\/\/runforthewhales.it\/fr\/run\/programme-de-la-course\/","og_site_name":"RUN FOR THE WHALES 2026 Sanremo","article_modified_time":"2025-06-12T10:48:14+00:00","og_image":[{"width":1600,"height":900,"url":"https:\/\/runforthewhales.it\/wp-content\/uploads\/2022\/06\/RFTW-Campo-di-atletica_Mod.jpg","type":"image\/jpeg"}],"twitter_misc":{"Gesch\u00e4tzte Lesezeit":"2\u00a0Minuten"},"schema":{"@context":"https:\/\/schema.org","@graph":[{"@type":"WebPage","@id":"https:\/\/runforthewhales.it\/fr\/run\/programme-de-la-course\/","url":"https:\/\/runforthewhales.it\/fr\/run\/programme-de-la-course\/","name":"Rennprogramm RUN FOR THE WHALES 2026 Sanremo","isPartOf":{"@id":"https:\/\/runforthewhales.it\/#website"},"primaryImageOfPage":{"@id":"https:\/\/runforthewhales.it\/fr\/run\/programme-de-la-course\/#primaryimage"},"image":{"@id":"https:\/\/runforthewhales.it\/fr\/run\/programme-de-la-course\/#primaryimage"},"thumbnailUrl":"https:\/\/runforthewhales.it\/wp-content\/uploads\/2022\/06\/RFTW-Campo-di-atletica_Mod.jpg","datePublished":"2017-04-02T14:07:21+00:00","dateModified":"2025-06-12T10:48:14+00:00","description":"GeldRennprogramm RUN FOR THE WHALES 2026 Sanremo f\u00fcr ihren Schutz und ihre wissenschaftliche Erforschung sammelt f\u00fcr Wale und Delfine","breadcrumb":{"@id":"https:\/\/runforthewhales.it\/fr\/run\/programme-de-la-course\/#breadcrumb"},"inLanguage":"de","potentialAction":[{"@type":"ReadAction","target":["https:\/\/runforthewhales.it\/fr\/run\/programme-de-la-course\/"]}]},{"@type":"ImageObject","inLanguage":"de","@id":"https:\/\/runforthewhales.it\/fr\/run\/programme-de-la-course\/#primaryimage","url":"https:\/\/runforthewhales.it\/wp-content\/uploads\/2022\/06\/RFTW-Campo-di-atletica_Mod.jpg","contentUrl":"https:\/\/runforthewhales.it\/wp-content\/uploads\/2022\/06\/RFTW-Campo-di-atletica_Mod.jpg"},{"@type":"BreadcrumbList","@id":"https:\/\/runforthewhales.it\/fr\/run\/programme-de-la-course\/#breadcrumb","itemListElement":[{"@type":"ListItem","position":1,"name":"Home","item":"https:\/\/runforthewhales.it\/de\/"},{"@type":"ListItem","position":2,"name":"Rennprogramm"}]},{"@type":"WebSite","@id":"https:\/\/runforthewhales.it\/#website","url":"https:\/\/runforthewhales.it\/","name":"RUN FOR THE WHALES 2026 Sanremo","description":"21K Halb Marathon | 10K Run | 3K Family Run | 20.06.2026","potentialAction":[{"@type":"SearchAction","target":{"@type":"EntryPoint","urlTemplate":"https:\/\/runforthewhales.it\/?s={search_term_string}"},"query-input":{"@type":"PropertyValueSpecification","valueRequired":true,"valueName":"search_term_string"}}],"inLanguage":"de"}]}},"_links":{"self":[{"href":"https:\/\/runforthewhales.it\/de\/wp-json\/wp\/v2\/pages\/2334","targetHints":{"allow":["GET"]}}],"collection":[{"href":"https:\/\/runforthewhales.it\/de\/wp-json\/wp\/v2\/pages"}],"about":[{"href":"https:\/\/runforthewhales.it\/de\/wp-json\/wp\/v2\/types\/page"}],"author":[{"embeddable":true,"href":"https:\/\/runforthewhales.it\/de\/wp-json\/wp\/v2\/users\/1"}],"replies":[{"embeddable":true,"href":"https:\/\/runforthewhales.it\/de\/wp-json\/wp\/v2\/comments?post=2334"}],"version-history":[{"count":37,"href":"https:\/\/runforthewhales.it\/de\/wp-json\/wp\/v2\/pages\/2334\/revisions"}],"predecessor-version":[{"id":8923,"href":"https:\/\/runforthewhales.it\/de\/wp-json\/wp\/v2\/pages\/2334\/revisions\/8923"}],"wp:attachment":[{"href":"https:\/\/runforthewhales.it\/de\/wp-json\/wp\/v2\/media?parent=2334"}],"curies":[{"name":"wp","href":"https:\/\/api.w.org\/{rel}","templated":true}]}}