{"id":2332,"date":"2017-04-02T13:21:32","date_gmt":"2017-04-02T13:21:32","guid":{"rendered":"http:\/\/runforthewhales.it\/wp\/vorschriften-10-km\/"},"modified":"2026-04-15T12:28:25","modified_gmt":"2026-04-15T12:28:25","slug":"vorschriften-10-km","status":"publish","type":"page","link":"https:\/\/runforthewhales.it\/de\/10-km\/vorschriften-10-km\/","title":{"rendered":"Vorschriften 10 km"},"content":{"rendered":"<p>[et_pb_section fb_built=&#8220;1&#8243; admin_label=&#8220;section&#8220; _builder_version=&#8220;4.16&#8243; global_colors_info=&#8220;{}&#8220;][et_pb_row admin_label=&#8220;row&#8220; _builder_version=&#8220;4.16&#8243; background_size=&#8220;initial&#8220; background_position=&#8220;top_left&#8220; background_repeat=&#8220;repeat&#8220; global_colors_info=&#8220;{}&#8220;][et_pb_column type=&#8220;4_4&#8243; _builder_version=&#8220;4.16&#8243; custom_padding=&#8220;|||&#8220; global_colors_info=&#8220;{}&#8220; custom_padding__hover=&#8220;|||&#8220;][et_pb_text admin_label=&#8220;Text&#8220; _builder_version=&#8220;4.27.5&#8243; background_size=&#8220;initial&#8220; background_position=&#8220;top_left&#8220; background_repeat=&#8220;repeat&#8220; global_colors_info=&#8220;{}&#8220;]<\/p>\n<p>Das\u00a0<strong>Organisationskomitee des San Remo Marathons, <\/strong> unter der Schirmherrschaft des\u00a0Tethys Institut und mit der technischen Organisation\u00a0der Sportverbandes Pro San Pietro, organisiert des\u00a0<strong>nicht wettbewerblichen San Remo 10 km &#8211; Rennen f\u00fcr die Wale\u00a0<\/strong>in San Remo am Samstag, den 20. Juni 2026.<\/p>\n<ul>\n<li><b>Veranstaltung<\/b>: <strong>SAN REMO 10 KM\u00a0&#8211;\u00a0RENNEN F\u00dcR DIE WALE<\/strong><\/li>\n<li><strong>Sportvereinigung<\/strong>: Pro San Pietro San Remo<\/li>\n<li><strong>Datum: 20<\/strong>.<strong> Juni 2026<\/strong> -17:45 Uhr<\/li>\n<li><strong>Start: Sanremo \u2013 Bussana Mare \u2013\u00a0presso imPEKabile bar &amp; grill<br \/><\/strong><\/li>\n<li><strong>Route<\/strong>: <strong>Radstrecke<\/strong>\u00a0des\u00a0K\u00fcstenparks\u00a0der\u00a0<strong>Riviera\u00a0der Blumen<\/strong><\/li>\n<li><strong>Ziel: <\/strong>San Remo<\/li>\n<li><strong>Distanz<\/strong>: 10 Km<\/li>\n<li><strong>Maximales Zeitlimit:<\/strong> 2 Stunden<\/li>\n<li><strong>Maximale Anzahl von Athleten<\/strong>: 500<\/li>\n<li><strong>Logistische Basis f\u00fcr die Veranstaltung\u00a0(Abholung der Startnummern): <\/strong>Sportplatz, Pian di Poma, San Remo<\/li>\n<\/ul>\n<h3>\u00a0<\/h3>\n<h3>KRITERIEN F\u00dcR DIE TEILNAHME<\/h3>\n<p>Jeder, der am 20. Juni 2026 \u00e4lter als 16 Jahre ist, kann an den 10 Km teilnehmen.<\/p>\n<h3>WIE MAN SICH F\u00dcR DIE 10 KM ANMELDET<\/h3>\n<p><strong>a)<strong> Online bis zum 31. Mai 2026 \u00fcber die offizielle Webseite der Veranstaltung bei Bezahlungen mit Bankverbindung, Kreditkarte<\/strong>\u00a0Visa, Mastercard, \u00a0Amex oder Paypal.<\/strong><\/p>\n<p><strong>b) Online bis zum 18<\/strong><strong>. Juni 2026 <\/strong><strong>\u00fcber die offizielle Webseite der Veranstaltung f\u00fcr Bezahlungen mit Kreditkarte Visa, Mastercard, \u00a0Amex oder Paypal.\u00a0<\/strong><\/p>\n<p><strong>c)<\/strong> <strong>Direkte Anmeldung am Schalter der Organisation<\/strong>, ge\u00f6ffnet zu der auf der <a href=\"https:\/\/runforthewhales.it\/de\/rennprogramm\/\" target=\"_blank\" rel=\"noopener noreferrer\">Seite Rennprogramm<\/a> angegebenen Zeit.<\/p>\n<p>&nbsp;<\/p>\n<h3>ANMELDEGEB\u00dcHR UND ANMELDE-DEADLINE<\/h3>\n<p>&nbsp;<\/p>\n<table style=\"height: 302px; width: 65.8848%;\" width=\"519\">\n<thead>\n<tr style=\"height: 47px;\">\n<td style=\"width: 52.7027%; height: 47px;\">\u00a0<\/td>\n<td style=\"width: 19.6911%; text-align: center; height: 47px;\"><strong>Einzelne Anmeldung<\/strong><\/td>\n<td style=\"width: 25.8687%; height: 47px;\"><strong>Technical T-shirt<\/strong><\/td>\n<\/tr>\n<\/thead>\n<tbody>\n<tr style=\"height: 23px;\">\n<td style=\"width: 52.7027%; height: 23px;\">\u00a0<\/td>\n<td style=\"width: 19.6911%; height: 23px;\"><strong>\u00a0<\/strong><\/td>\n<td style=\"width: 25.8687%; height: 23px;\">\u00a0<\/td>\n<\/tr>\n<tr style=\"height: 47px;\">\n<td style=\"width: 52.7027%; height: 47px;\"><strong>Online-Registrierung bis zum 28. Februar<\/strong><\/td>\n<td style=\"width: 19.6911%;\">\n<p><b>\u20ac 25,00<\/b><\/p>\n<\/td>\n<td style=\"width: 25.8687%; height: 47px;\"><strong>inkl.<\/strong><\/td>\n<\/tr>\n<tr style=\"height: 23px;\">\n<td style=\"width: 52.7027%; height: 23px;\"><strong>Online-Registrierung bis zum 31. Mai<br \/><\/strong><\/td>\n<td style=\"width: 19.6911%;\">\n<p><b>\u20ac 27,50<\/b><\/p>\n<\/td>\n<td style=\"width: 25.8687%; height: 23px;\"><strong>inkl.<\/strong><\/td>\n<\/tr>\n<tr style=\"height: 21px;\">\n<td style=\"width: 52.7027%; height: 21px;\"><strong>Online-Registrierung bis zum 18. Juni<br \/><\/strong><\/td>\n<td style=\"width: 19.6911%;\">\n<p><b>\u20ac 30,00<\/b><\/p>\n<\/td>\n<td style=\"width: 25.8687%; height: 21px;\">NICHT inkl.<\/td>\n<\/tr>\n<tr style=\"height: 47px;\">\n<td style=\"width: 52.7027%; height: 47px;\"><strong>Direkte Anmeldung<br \/><\/strong><\/td>\n<td style=\"width: 19.6911%;\">\n<p><b>\u20ac 30,00<\/b><\/p>\n<\/td>\n<td style=\"width: 25.8687%; height: 47px;\">NICHT inkl.<\/td>\n<\/tr>\n<\/tbody>\n<\/table>\n<p>Sekretariatsgeb\u00fchren f\u00fcr die Verwaltung der Online-Registrierung: 5%.<\/p>\n<p><strong><br \/><\/strong><span style=\"color: #3366ff;\"><strong>F\u00fcr die Erforschung und Erhaltung von Walen im Pelagos-Schutzgebiet wird dem Tethys-Institut eine Geb\u00fchr von 2,00 \u20ac gespendet.<\/strong><\/span><\/p>\n<h3>Anmeldung zum Club<\/h3>\n<p>Die Anmeldung zum Rennen als Sportverein bietet eine Reihe von exklusiven Vorteilen:<\/p>\n<ul>\n<li><strong>1 freier Eintritt f\u00fcr je 10 Teilnehmer der gleichen Distanz<\/strong><\/li>\n<li>Blockpreis bis zum 31. Mai, wenn die Geb\u00fchren der ersten 10 Teilnehmer best\u00e4tigt und bezahlt sind<\/li>\n<li>kostenloser Ersatz von 20% der Teilnehmer bis zum 31. Mai<\/li>\n<li>sekretariatsunterst\u00fctzte Verwaltung mit Hilfe eines einfachen Excel-Formulars<\/li>\n<li>spezieller Service f\u00fcr die Reservierung von Hotels, Restaurants und touristischen Dienstleistungen<\/li>\n<\/ul>\n<p><strong>Die Anmeldung muss bis zum 31. Mai erfolgen, um die den Unternehmen vorbehaltenen Vorteile nutzen zu k\u00f6nnen.<\/strong><\/p>\n<h3>SCHEITERN DER TEILNAHME<\/h3>\n<p>Die Registrierung ist personenbezogen und kann nicht auf einen anderen Sportler \u00fcbertragen werden; im Falle der Nicht-Teilnahme aus irgendeinem Grund kann nichts zur\u00fcckerstattet werden.<\/p>\n<h3>DIE ANMELDEGEB\u00dcHR ENTH\u00c4LT FOLGENDE LEISTUNGEN:<\/h3>\n<ul>\n<li style=\"list-style-type: none;\">\n<ul>\n<li>medizinische Versorgung<\/li>\n<li>Versicherung<\/li>\n<li>offizielle Medaille f\u00fcr die Teilnahme<\/li>\n<li>Rennpaket<\/li>\n<li>Technisches T-Shirt nur\u00a0f\u00fcr jene,\u00a0die sich online registriert haben, basierend auf der Bestellung, in der die Teilnehmer aus einer Auswahl an Gr\u00f6\u00dfen und Startnummern ausw\u00e4hlen, bis die Best\u00e4nde leer sind.*<\/li>\n<li>Startnummer<\/li>\n<li>Zeitmessung<\/li>\n<li>Haltepunkte entlang der Route<\/li>\n<li>letzte Erfrischungen bei der Ankunft<\/li>\n<li>Gep\u00e4cklagerung<\/li>\n<li>Transport des Gep\u00e4cks vom Start zum Ziel<\/li>\n<li>Duschen<\/li>\n<\/ul>\n<\/li>\n<\/ul>\n<p>&nbsp;<\/p>\n<p>*Aus produktionstechnischen Gr\u00fcnden ist das Technische T-Shirt f\u00fcr alle, die vor dem 31. Mai als angemeldet gelten, im Rennpaket enthalten. Bei Zahlung per \u00dcberweisung ist das Datum der Gutschrift auf unserem Bankkonto der Text und nicht das Datum der \u00dcberweisung.<\/p>\n<p>&nbsp;<\/p>\n<h3>TECHNISCHE AUSR\u00dcSTUNG UND\u00a0RENNPAKET<\/h3>\n<p>Die technische Ausr\u00fcstung enth\u00e4lt die Startnummer und den Chip, zusammen mit dem Rennpaket der 10 Km, und kann an der logistischen Basis der Organisation in Portosole in San Remo abgeholt werden am:\u00a0<a href=\"https:\/\/runforthewhales.it\/de\/rennprogramm\/\" target=\"_blank\" rel=\"noopener noreferrer\">Rennprogramm<\/a><span id=\"result_box\" class=\"\" lang=\"en\"><\/span><\/p>\n<p>Die Abholung kann \u00fcber einen Stellvertreter mit der Vorlage des Briefes mit der Anmeldebest\u00e4tigung und allen ben\u00f6tigten Dokumenten durch denselben erfolgen.<\/p>\n<h3>ZEITLIMIT 10 KM<\/h3>\n<p>Das Zeitlimit f\u00fcr die Beendung des Rennens liegt bei\u00a0<strong>2 Stunden.<\/strong><\/p>\n<h3>AUSZEICHNUNGEN<\/h3>\n<p>Die Abholung kann durch einen Bevollm\u00e4chtigten gegen Vorlage des Anmeldebest\u00e4tigungsschreibens und aller darin geforderten Unterlagen erfolgen.<\/p>\n<p style=\"text-align: center;\"><span style=\"color: #ff0000;\"><strong>Die Siegerehrung wird<br \/>um 21:00 Uhr in Sportplats, Pian di Poma, <\/strong><\/span><span style=\"color: #ff0000;\"><strong>San Remo.<\/strong> <\/span><\/p>\n<p>Die ersten drei platzierten Athleten, weiblich und m\u00e4nnlich, werden mit Preisen ausgezeichnet.<\/p>\n<p>&nbsp;<\/p>\n<h3>KLEIDUNGS-LAGER SERVICE<\/h3>\n<p>Die Teilnehmer k\u00f6nnen ihre Kleidung 45 Minuten vor dem Start des Rennens auf dem von der Organisation speziell daf\u00fcr vorgesehenen Stand im Zielbereich oder im Startbereich f\u00fcr den Transfer nach San Remo abgeben. Die Organisation ist nicht f\u00fcr irgendeinen Verlust von Eigentum verantwortlich.<\/p>\n<h3>ANGEGLIEDERTE HOTELS<\/h3>\n<p>Angegliederte Hotels sind direkt \u00fcber die offizielle Webseite dieser Veranstaltung buchbar, indem Sie das Anmelde-System nutzen.<\/p>\n<h3>\u00a0FOTOS VON DEN TEILNEHMERN<\/h3>\n<p>Es wird einen Foto-Service geben, der dem Rennen folgt. Fotos werden kostenlos auf unserer Facebook-Seite in den Tagen nach der Veranstaltung zur Verf\u00fcgung gestellt.<span id=\"result_box\" class=\"\" lang=\"en\"><\/span><\/p>\n<h3>BITTE BEACHTEN SIE<\/h3>\n<p align=\"LEFT\">Die Organisation beh\u00e4lt sich das Recht vor, diese Bestimmungen zu jeder Zeit zu \u00e4ndern, um eine bessere Organisation des Rennens zu gew\u00e4hrleisten.<\/p>\n<p>Jede \u00c4nderung zu Services, Orten oder Zeitpl\u00e4nen wird sofort den angemeldeten Sportlern mitgeteilt oder wird auf der Webseite site www.runforthewhales.it bekannt gegeben. Dar\u00fcber hinaus werden Dokumente, welche wichtige Informationen zur Teilnahme am Rennen enthalten, von der Organisation zusammen mit der Startnummer zugesendet.<\/p>\n<h3>Privatsph\u00e4re<\/h3>\n<p>Mit der Anmeldung am<\/p>\n<p><strong>San Remo 10 km &#8211; Rennen f\u00fcr die Wale<\/strong>\u00a0autorisiert der Teilnehmer die Organisation f\u00fcr die Bearbeitung von pers\u00f6nlichen Daten f\u00fcr Zwecke der Verwaltung der Anmeldungen und damit verbundenen Services wie der Zeitmessung, Platzierung, und auch f\u00fcr die regelm\u00e4\u00dfige Bereitstellung von Neuigkeiten betreffend die Veranstaltung, das Gebiet und andere \u00e4hnliche Veranstaltungen.<\/p>\n<p><b>Bildrechte<\/b>\u00a0Mit der Anmeldung am <strong>Halbmarathon\u00a0<\/strong>autorisiert der Teilnehmer die Organisation, zusammen mit Sponsoren und\u00a0Medien-Partnern, f\u00fcr die \u00dcbernahme der Rechte, stille oder bewegte Bilder, in denen die Teilnehmer m\u00f6glicherweise erscheinen, in allen Medien, eingeschlossen Promotions- und\/oder Werbematerial, \u00fcberall auf der Welt und f\u00fcr so lange wie vom Gesetz erlaubt, nach Bestimmungen und geltenden Vertr\u00e4gen, jede Verl\u00e4ngerung eingeschlossen, die m\u00f6glicherweise f\u00fcr den geplanten Zeitraum gemacht wird<b>.<\/b> .<\/p>\n<p><strong>Organisation\u00a0<\/strong><\/p>\n<p>Die Organisatoren und Betreiber der Veranstaltung sind das<br \/><strong>Organisationskomitee des San Remo Marathons<\/strong><br \/>Rechtssitz in San Remo, Studio Corrent Forghieri \u2013 corso Garibaldi 131<br \/>mit der Unterst\u00fctzung des<strong> Tethys Institute<\/strong> und der Sportorganisation <strong>Asd Pro San Pietro<\/strong> und in Zusammenarbeit mit der Organisation Nyala Wonder Travel d.m.c.<\/p>\n<p>&nbsp;<\/p>\n<p>[\/et_pb_text][\/et_pb_column][\/et_pb_row][\/et_pb_section]<\/p>\n","protected":false},"excerpt":{"rendered":"<p>Das\u00a0Organisationskomitee des San Remo Marathons, unter der Schirmherrschaft des\u00a0Tethys Institut und mit der technischen Organisation\u00a0der Sportverbandes Pro San Pietro, organisiert des\u00a0nicht wettbewerblichen San Remo 10 km &#8211; Rennen f\u00fcr die Wale\u00a0in San Remo am Samstag, den 20. Juni 2026. Veranstaltung: SAN REMO 10 KM\u00a0&#8211;\u00a0RENNEN F\u00dcR DIE WALE Sportvereinigung: Pro San Pietro San Remo Datum: 20. [&hellip;]<\/p>\n","protected":false},"author":1,"featured_media":0,"parent":7062,"menu_order":3,"comment_status":"closed","ping_status":"closed","template":"","meta":{"_et_pb_use_builder":"on","_et_pb_old_content":"","_et_gb_content_width":"","footnotes":""},"class_list":["post-2332","page","type-page","status-publish","hentry"],"yoast_head":"<!-- This site is optimized with the Yoast SEO plugin v27.6 - https:\/\/yoast.com\/product\/yoast-seo-wordpress\/ -->\n<title>Vorschriften 10 km RUN FOR THE WHALES 2026 Sanremo<\/title>\n<meta name=\"description\" content=\"Vorschriften 10 km - RUN FOR THE WHALES 2026 Sanremo\" \/>\n<meta name=\"robots\" content=\"index, follow, max-snippet:-1, max-image-preview:large, max-video-preview:-1\" \/>\n<link rel=\"canonical\" href=\"https:\/\/runforthewhales.it\/de\/10-km\/vorschriften-10-km\/\" \/>\n<meta property=\"og:locale\" content=\"de_DE\" \/>\n<meta property=\"og:type\" content=\"article\" \/>\n<meta property=\"og:title\" content=\"Vorschriften 10 km RUN FOR THE WHALES 2026 Sanremo\" \/>\n<meta property=\"og:description\" content=\"Vorschriften 10 km - RUN FOR THE WHALES 2026 Sanremo\" \/>\n<meta property=\"og:url\" content=\"https:\/\/runforthewhales.it\/de\/10-km\/vorschriften-10-km\/\" \/>\n<meta property=\"og:site_name\" content=\"RUN FOR THE WHALES 2026 Sanremo\" \/>\n<meta property=\"article:modified_time\" content=\"2026-04-15T12:28:25+00:00\" \/>\n<meta name=\"twitter:label1\" content=\"Gesch\u00e4tzte Lesezeit\" \/>\n\t<meta name=\"twitter:data1\" content=\"5\u00a0Minuten\" \/>\n<script type=\"application\/ld+json\" class=\"yoast-schema-graph\">{\"@context\":\"https:\\\/\\\/schema.org\",\"@graph\":[{\"@type\":\"WebPage\",\"@id\":\"https:\\\/\\\/runforthewhales.it\\\/de\\\/10-km\\\/vorschriften-10-km\\\/\",\"url\":\"https:\\\/\\\/runforthewhales.it\\\/de\\\/10-km\\\/vorschriften-10-km\\\/\",\"name\":\"Vorschriften 10 km RUN FOR THE WHALES 2026 Sanremo\",\"isPartOf\":{\"@id\":\"https:\\\/\\\/runforthewhales.it\\\/#website\"},\"datePublished\":\"2017-04-02T13:21:32+00:00\",\"dateModified\":\"2026-04-15T12:28:25+00:00\",\"description\":\"Vorschriften 10 km - RUN FOR THE WHALES 2026 Sanremo\",\"breadcrumb\":{\"@id\":\"https:\\\/\\\/runforthewhales.it\\\/de\\\/10-km\\\/vorschriften-10-km\\\/#breadcrumb\"},\"inLanguage\":\"de\",\"potentialAction\":[{\"@type\":\"ReadAction\",\"target\":[\"https:\\\/\\\/runforthewhales.it\\\/de\\\/10-km\\\/vorschriften-10-km\\\/\"]}]},{\"@type\":\"BreadcrumbList\",\"@id\":\"https:\\\/\\\/runforthewhales.it\\\/de\\\/10-km\\\/vorschriften-10-km\\\/#breadcrumb\",\"itemListElement\":[{\"@type\":\"ListItem\",\"position\":1,\"name\":\"Home\",\"item\":\"https:\\\/\\\/runforthewhales.it\\\/de\\\/\"},{\"@type\":\"ListItem\",\"position\":2,\"name\":\"10 km\",\"item\":\"https:\\\/\\\/runforthewhales.it\\\/de\\\/10-km\\\/\"},{\"@type\":\"ListItem\",\"position\":3,\"name\":\"Vorschriften 10 km\"}]},{\"@type\":\"WebSite\",\"@id\":\"https:\\\/\\\/runforthewhales.it\\\/#website\",\"url\":\"https:\\\/\\\/runforthewhales.it\\\/\",\"name\":\"RUN FOR THE WHALES 2026 Sanremo\",\"description\":\"21K Halb Marathon | 10K Run | 3K Family Run | 20.06.2026\",\"potentialAction\":[{\"@type\":\"SearchAction\",\"target\":{\"@type\":\"EntryPoint\",\"urlTemplate\":\"https:\\\/\\\/runforthewhales.it\\\/?s={search_term_string}\"},\"query-input\":{\"@type\":\"PropertyValueSpecification\",\"valueRequired\":true,\"valueName\":\"search_term_string\"}}],\"inLanguage\":\"de\"}]}<\/script>\n<!-- \/ Yoast SEO plugin. -->","yoast_head_json":{"title":"Vorschriften 10 km RUN FOR THE WHALES 2026 Sanremo","description":"Vorschriften 10 km - RUN FOR THE WHALES 2026 Sanremo","robots":{"index":"index","follow":"follow","max-snippet":"max-snippet:-1","max-image-preview":"max-image-preview:large","max-video-preview":"max-video-preview:-1"},"canonical":"https:\/\/runforthewhales.it\/de\/10-km\/vorschriften-10-km\/","og_locale":"de_DE","og_type":"article","og_title":"Vorschriften 10 km RUN FOR THE WHALES 2026 Sanremo","og_description":"Vorschriften 10 km - RUN FOR THE WHALES 2026 Sanremo","og_url":"https:\/\/runforthewhales.it\/de\/10-km\/vorschriften-10-km\/","og_site_name":"RUN FOR THE WHALES 2026 Sanremo","article_modified_time":"2026-04-15T12:28:25+00:00","twitter_misc":{"Gesch\u00e4tzte Lesezeit":"5\u00a0Minuten"},"schema":{"@context":"https:\/\/schema.org","@graph":[{"@type":"WebPage","@id":"https:\/\/runforthewhales.it\/de\/10-km\/vorschriften-10-km\/","url":"https:\/\/runforthewhales.it\/de\/10-km\/vorschriften-10-km\/","name":"Vorschriften 10 km RUN FOR THE WHALES 2026 Sanremo","isPartOf":{"@id":"https:\/\/runforthewhales.it\/#website"},"datePublished":"2017-04-02T13:21:32+00:00","dateModified":"2026-04-15T12:28:25+00:00","description":"Vorschriften 10 km - RUN FOR THE WHALES 2026 Sanremo","breadcrumb":{"@id":"https:\/\/runforthewhales.it\/de\/10-km\/vorschriften-10-km\/#breadcrumb"},"inLanguage":"de","potentialAction":[{"@type":"ReadAction","target":["https:\/\/runforthewhales.it\/de\/10-km\/vorschriften-10-km\/"]}]},{"@type":"BreadcrumbList","@id":"https:\/\/runforthewhales.it\/de\/10-km\/vorschriften-10-km\/#breadcrumb","itemListElement":[{"@type":"ListItem","position":1,"name":"Home","item":"https:\/\/runforthewhales.it\/de\/"},{"@type":"ListItem","position":2,"name":"10 km","item":"https:\/\/runforthewhales.it\/de\/10-km\/"},{"@type":"ListItem","position":3,"name":"Vorschriften 10 km"}]},{"@type":"WebSite","@id":"https:\/\/runforthewhales.it\/#website","url":"https:\/\/runforthewhales.it\/","name":"RUN FOR THE WHALES 2026 Sanremo","description":"21K Halb Marathon | 10K Run | 3K Family Run | 20.06.2026","potentialAction":[{"@type":"SearchAction","target":{"@type":"EntryPoint","urlTemplate":"https:\/\/runforthewhales.it\/?s={search_term_string}"},"query-input":{"@type":"PropertyValueSpecification","valueRequired":true,"valueName":"search_term_string"}}],"inLanguage":"de"}]}},"_links":{"self":[{"href":"https:\/\/runforthewhales.it\/de\/wp-json\/wp\/v2\/pages\/2332","targetHints":{"allow":["GET"]}}],"collection":[{"href":"https:\/\/runforthewhales.it\/de\/wp-json\/wp\/v2\/pages"}],"about":[{"href":"https:\/\/runforthewhales.it\/de\/wp-json\/wp\/v2\/types\/page"}],"author":[{"embeddable":true,"href":"https:\/\/runforthewhales.it\/de\/wp-json\/wp\/v2\/users\/1"}],"replies":[{"embeddable":true,"href":"https:\/\/runforthewhales.it\/de\/wp-json\/wp\/v2\/comments?post=2332"}],"version-history":[{"count":32,"href":"https:\/\/runforthewhales.it\/de\/wp-json\/wp\/v2\/pages\/2332\/revisions"}],"predecessor-version":[{"id":9323,"href":"https:\/\/runforthewhales.it\/de\/wp-json\/wp\/v2\/pages\/2332\/revisions\/9323"}],"up":[{"embeddable":true,"href":"https:\/\/runforthewhales.it\/de\/wp-json\/wp\/v2\/pages\/7062"}],"wp:attachment":[{"href":"https:\/\/runforthewhales.it\/de\/wp-json\/wp\/v2\/media?parent=2332"}],"curies":[{"name":"wp","href":"https:\/\/api.w.org\/{rel}","templated":true}]}}