{"id":2331,"date":"2017-04-02T12:03:24","date_gmt":"2017-04-02T12:03:24","guid":{"rendered":"http:\/\/runforthewhales.it\/wp\/route\/"},"modified":"2023-05-17T09:46:28","modified_gmt":"2023-05-17T09:46:28","slug":"route","status":"publish","type":"page","link":"https:\/\/runforthewhales.it\/de\/10-km\/route\/","title":{"rendered":"Route 10km"},"content":{"rendered":"<h2>Die Route des <strong>San Remo 10 km\u00a0&#8211; Rennen f\u00fcr die Wale<\/strong> entfaltet sich entlang des Fu\u00dfg\u00e4nger- und Radweges des k\u00fcstennahen\u00a0Parks der Riviera der Blumen,<\/h2>\n<p><img loading=\"lazy\" decoding=\"async\" class=\"aligncenter size-full wp-image-6308\" src=\"https:\/\/runforthewhales.it\/wp-content\/uploads\/2022\/05\/RunfortheWhales-10K-1.jpeg\" alt=\"\" width=\"1600\" height=\"900\" srcset=\"https:\/\/runforthewhales.it\/wp-content\/uploads\/2022\/05\/RunfortheWhales-10K-1.jpeg 1600w, https:\/\/runforthewhales.it\/wp-content\/uploads\/2022\/05\/RunfortheWhales-10K-1-1280x720.jpeg 1280w, https:\/\/runforthewhales.it\/wp-content\/uploads\/2022\/05\/RunfortheWhales-10K-1-980x551.jpeg 980w, https:\/\/runforthewhales.it\/wp-content\/uploads\/2022\/05\/RunfortheWhales-10K-1-480x270.jpeg 480w\" sizes=\"(min-width: 0px) and (max-width: 480px) 480px, (min-width: 481px) and (max-width: 980px) 980px, (min-width: 981px) and (max-width: 1280px) 1280px, (min-width: 1281px) 1600px, 100vw\" \/><\/p>\n<p><strong>Die Route des San Remo 10 km<strong>\u00a0&#8211; Rennen f\u00fcr die Wale ist sehr malerisch, da sie einem alten Pfad der Eisenbahnlinie entlang der K\u00fcste folgt, mit Blick \u00fcber das Meer vom Start bis zum Ziel.<\/strong>\u00a0Sie besteht aus einem sehr schnellen Kurs, welcher in einer fast geraden Linie mit sehr geringen Erhebungen verl\u00e4uft. Der einzige Nachteil k\u00f6nnte der Wind sein.\u00a0<\/strong><\/p>\n<ul>\n<li><strong>Start der 10 km<\/strong>: Sanremo, Pian di Poma &#8211; Leichtathletikplatz<\/li>\n<li><strong>Route<\/strong>: Rad- und Fu\u00dfg\u00e4ngerweg im K\u00fcstenpark Riviera dei Fiori<\/li>\n<li><strong>Abzweigung<\/strong>: Ortschaft Tre Ponti, Sanremo<\/li>\n<li><strong>Ziel<\/strong>: Sanremo, Pian di Poma &#8211; Leichtathletikplatz<\/li>\n<li><strong>L\u00e4nge<\/strong>: fast 10 km, nicht homologierte Strecke<\/li>\n<\/ul>\n<p><strong>STARTLOGISTIK<\/strong><\/p>\n<p>Empfangsschalter <strong>&#8211; Welcome desk<\/strong><br \/>\nPorta della Valle del San Lorenzo<br \/>\nTourist Infopoint<br \/>\nVia Aurelia &#8211; San Lorenzo al Mare<\/p>\n<p>Anlieferung der Taschen:<br \/>\nDas Fahrzeug der Organisation steht ab ca. 17:30 Uhr in der Via della Chiesa an der Ecke zur Via Orti.<\/p>\n<p>Start: 18:50 Uhr<br \/>\nRadweg von San Lorenzo al Mare, alter Bahnhof<\/p>\n<p><img loading=\"lazy\" decoding=\"async\" class=\"aligncenter wp-image-6462 size-large\" src=\"https:\/\/runforthewhales.it\/wp-content\/uploads\/2022\/06\/RunfortheWhales-21K-partenza-1024x576.jpeg\" alt=\"\" width=\"1024\" height=\"576\" srcset=\"https:\/\/runforthewhales.it\/wp-content\/uploads\/2022\/06\/RunfortheWhales-21K-partenza-980x551.jpeg 980w, https:\/\/runforthewhales.it\/wp-content\/uploads\/2022\/06\/RunfortheWhales-21K-partenza-480x270.jpeg 480w\" sizes=\"(min-width: 0px) and (max-width: 480px) 480px, (min-width: 481px) and (max-width: 980px) 980px, (min-width: 981px) 1024px, 100vw\" \/><\/p>\n","protected":false},"excerpt":{"rendered":"<p>Die Route des San Remo 10 km\u00a0&#8211; Rennen f\u00fcr die Wale entfaltet sich entlang des Fu\u00dfg\u00e4nger- und Radweges des k\u00fcstennahen\u00a0Parks der Riviera der Blumen, Die Route des San Remo 10 km\u00a0&#8211; Rennen f\u00fcr die Wale ist sehr malerisch, da sie einem alten Pfad der Eisenbahnlinie entlang der K\u00fcste folgt, mit Blick \u00fcber das Meer vom [&hellip;]<\/p>\n","protected":false},"author":1,"featured_media":0,"parent":7062,"menu_order":2,"comment_status":"closed","ping_status":"closed","template":"","meta":{"_et_pb_use_builder":"on","_et_pb_old_content":"","_et_gb_content_width":"","footnotes":""},"class_list":["post-2331","page","type-page","status-publish","hentry"],"yoast_head":"<!-- This site is optimized with the Yoast SEO plugin v26.5 - https:\/\/yoast.com\/wordpress\/plugins\/seo\/ -->\n<title>Route 10km RUN FOR THE WHALES 2026 Sanremo<\/title>\n<meta name=\"description\" content=\"Route 10km RUN FOR THE WHALES 2026 Sanremoentfaltet sich entlang des Fu\u00dfg\u00e4nger- und Radweges des k\u00fcstennahen\u00a0Parks der Riviera der Blumen,\" \/>\n<meta name=\"robots\" content=\"index, follow, max-snippet:-1, max-image-preview:large, max-video-preview:-1\" \/>\n<link rel=\"canonical\" href=\"https:\/\/runforthewhales.it\/de\/10-km\/route\/\" \/>\n<meta property=\"og:locale\" content=\"de_DE\" \/>\n<meta property=\"og:type\" content=\"article\" \/>\n<meta property=\"og:title\" content=\"Route 10km RUN FOR THE WHALES 2026 Sanremo\" \/>\n<meta property=\"og:description\" content=\"Route 10km RUN FOR THE WHALES 2026 Sanremoentfaltet sich entlang des Fu\u00dfg\u00e4nger- und Radweges des k\u00fcstennahen\u00a0Parks der Riviera der Blumen,\" \/>\n<meta property=\"og:url\" content=\"https:\/\/runforthewhales.it\/de\/10-km\/route\/\" \/>\n<meta property=\"og:site_name\" content=\"RUN FOR THE WHALES 2026 Sanremo\" \/>\n<meta property=\"article:modified_time\" content=\"2023-05-17T09:46:28+00:00\" \/>\n<meta property=\"og:image\" content=\"https:\/\/runforthewhales.it\/wp-content\/uploads\/2022\/05\/RunfortheWhales-10K-1.jpeg\" \/>\n<meta name=\"twitter:label1\" content=\"Gesch\u00e4tzte Lesezeit\" \/>\n\t<meta name=\"twitter:data1\" content=\"2\u00a0Minuten\" \/>\n<script type=\"application\/ld+json\" class=\"yoast-schema-graph\">{\"@context\":\"https:\/\/schema.org\",\"@graph\":[{\"@type\":\"WebPage\",\"@id\":\"https:\/\/runforthewhales.it\/de\/10-km\/route\/\",\"url\":\"https:\/\/runforthewhales.it\/de\/10-km\/route\/\",\"name\":\"Route 10km RUN FOR THE WHALES 2026 Sanremo\",\"isPartOf\":{\"@id\":\"https:\/\/runforthewhales.it\/#website\"},\"primaryImageOfPage\":{\"@id\":\"https:\/\/runforthewhales.it\/de\/10-km\/route\/#primaryimage\"},\"image\":{\"@id\":\"https:\/\/runforthewhales.it\/de\/10-km\/route\/#primaryimage\"},\"thumbnailUrl\":\"https:\/\/runforthewhales.it\/wp-content\/uploads\/2022\/05\/RunfortheWhales-10K-1.jpeg\",\"datePublished\":\"2017-04-02T12:03:24+00:00\",\"dateModified\":\"2023-05-17T09:46:28+00:00\",\"description\":\"Route 10km RUN FOR THE WHALES 2026 Sanremoentfaltet sich entlang des Fu\u00dfg\u00e4nger- und Radweges des k\u00fcstennahen\u00a0Parks der Riviera der Blumen,\",\"breadcrumb\":{\"@id\":\"https:\/\/runforthewhales.it\/de\/10-km\/route\/#breadcrumb\"},\"inLanguage\":\"de\",\"potentialAction\":[{\"@type\":\"ReadAction\",\"target\":[\"https:\/\/runforthewhales.it\/de\/10-km\/route\/\"]}]},{\"@type\":\"ImageObject\",\"inLanguage\":\"de\",\"@id\":\"https:\/\/runforthewhales.it\/de\/10-km\/route\/#primaryimage\",\"url\":\"https:\/\/runforthewhales.it\/wp-content\/uploads\/2022\/05\/RunfortheWhales-10K-1.jpeg\",\"contentUrl\":\"https:\/\/runforthewhales.it\/wp-content\/uploads\/2022\/05\/RunfortheWhales-10K-1.jpeg\"},{\"@type\":\"BreadcrumbList\",\"@id\":\"https:\/\/runforthewhales.it\/de\/10-km\/route\/#breadcrumb\",\"itemListElement\":[{\"@type\":\"ListItem\",\"position\":1,\"name\":\"Home\",\"item\":\"https:\/\/runforthewhales.it\/de\/\"},{\"@type\":\"ListItem\",\"position\":2,\"name\":\"10 km\",\"item\":\"https:\/\/runforthewhales.it\/de\/10-km\/\"},{\"@type\":\"ListItem\",\"position\":3,\"name\":\"Route 10km\"}]},{\"@type\":\"WebSite\",\"@id\":\"https:\/\/runforthewhales.it\/#website\",\"url\":\"https:\/\/runforthewhales.it\/\",\"name\":\"RUN FOR THE WHALES 2026 Sanremo\",\"description\":\"21K Halb Marathon | 10K Run | 3K Family Run | 20.06.2026\",\"potentialAction\":[{\"@type\":\"SearchAction\",\"target\":{\"@type\":\"EntryPoint\",\"urlTemplate\":\"https:\/\/runforthewhales.it\/?s={search_term_string}\"},\"query-input\":{\"@type\":\"PropertyValueSpecification\",\"valueRequired\":true,\"valueName\":\"search_term_string\"}}],\"inLanguage\":\"de\"}]}<\/script>\n<!-- \/ Yoast SEO plugin. -->","yoast_head_json":{"title":"Route 10km RUN FOR THE WHALES 2026 Sanremo","description":"Route 10km RUN FOR THE WHALES 2026 Sanremoentfaltet sich entlang des Fu\u00dfg\u00e4nger- und Radweges des k\u00fcstennahen\u00a0Parks der Riviera der Blumen,","robots":{"index":"index","follow":"follow","max-snippet":"max-snippet:-1","max-image-preview":"max-image-preview:large","max-video-preview":"max-video-preview:-1"},"canonical":"https:\/\/runforthewhales.it\/de\/10-km\/route\/","og_locale":"de_DE","og_type":"article","og_title":"Route 10km RUN FOR THE WHALES 2026 Sanremo","og_description":"Route 10km RUN FOR THE WHALES 2026 Sanremoentfaltet sich entlang des Fu\u00dfg\u00e4nger- und Radweges des k\u00fcstennahen\u00a0Parks der Riviera der Blumen,","og_url":"https:\/\/runforthewhales.it\/de\/10-km\/route\/","og_site_name":"RUN FOR THE WHALES 2026 Sanremo","article_modified_time":"2023-05-17T09:46:28+00:00","og_image":[{"url":"https:\/\/runforthewhales.it\/wp-content\/uploads\/2022\/05\/RunfortheWhales-10K-1.jpeg","type":"","width":"","height":""}],"twitter_misc":{"Gesch\u00e4tzte Lesezeit":"2\u00a0Minuten"},"schema":{"@context":"https:\/\/schema.org","@graph":[{"@type":"WebPage","@id":"https:\/\/runforthewhales.it\/de\/10-km\/route\/","url":"https:\/\/runforthewhales.it\/de\/10-km\/route\/","name":"Route 10km RUN FOR THE WHALES 2026 Sanremo","isPartOf":{"@id":"https:\/\/runforthewhales.it\/#website"},"primaryImageOfPage":{"@id":"https:\/\/runforthewhales.it\/de\/10-km\/route\/#primaryimage"},"image":{"@id":"https:\/\/runforthewhales.it\/de\/10-km\/route\/#primaryimage"},"thumbnailUrl":"https:\/\/runforthewhales.it\/wp-content\/uploads\/2022\/05\/RunfortheWhales-10K-1.jpeg","datePublished":"2017-04-02T12:03:24+00:00","dateModified":"2023-05-17T09:46:28+00:00","description":"Route 10km RUN FOR THE WHALES 2026 Sanremoentfaltet sich entlang des Fu\u00dfg\u00e4nger- und Radweges des k\u00fcstennahen\u00a0Parks der Riviera der Blumen,","breadcrumb":{"@id":"https:\/\/runforthewhales.it\/de\/10-km\/route\/#breadcrumb"},"inLanguage":"de","potentialAction":[{"@type":"ReadAction","target":["https:\/\/runforthewhales.it\/de\/10-km\/route\/"]}]},{"@type":"ImageObject","inLanguage":"de","@id":"https:\/\/runforthewhales.it\/de\/10-km\/route\/#primaryimage","url":"https:\/\/runforthewhales.it\/wp-content\/uploads\/2022\/05\/RunfortheWhales-10K-1.jpeg","contentUrl":"https:\/\/runforthewhales.it\/wp-content\/uploads\/2022\/05\/RunfortheWhales-10K-1.jpeg"},{"@type":"BreadcrumbList","@id":"https:\/\/runforthewhales.it\/de\/10-km\/route\/#breadcrumb","itemListElement":[{"@type":"ListItem","position":1,"name":"Home","item":"https:\/\/runforthewhales.it\/de\/"},{"@type":"ListItem","position":2,"name":"10 km","item":"https:\/\/runforthewhales.it\/de\/10-km\/"},{"@type":"ListItem","position":3,"name":"Route 10km"}]},{"@type":"WebSite","@id":"https:\/\/runforthewhales.it\/#website","url":"https:\/\/runforthewhales.it\/","name":"RUN FOR THE WHALES 2026 Sanremo","description":"21K Halb Marathon | 10K Run | 3K Family Run | 20.06.2026","potentialAction":[{"@type":"SearchAction","target":{"@type":"EntryPoint","urlTemplate":"https:\/\/runforthewhales.it\/?s={search_term_string}"},"query-input":{"@type":"PropertyValueSpecification","valueRequired":true,"valueName":"search_term_string"}}],"inLanguage":"de"}]}},"_links":{"self":[{"href":"https:\/\/runforthewhales.it\/de\/wp-json\/wp\/v2\/pages\/2331","targetHints":{"allow":["GET"]}}],"collection":[{"href":"https:\/\/runforthewhales.it\/de\/wp-json\/wp\/v2\/pages"}],"about":[{"href":"https:\/\/runforthewhales.it\/de\/wp-json\/wp\/v2\/types\/page"}],"author":[{"embeddable":true,"href":"https:\/\/runforthewhales.it\/de\/wp-json\/wp\/v2\/users\/1"}],"replies":[{"embeddable":true,"href":"https:\/\/runforthewhales.it\/de\/wp-json\/wp\/v2\/comments?post=2331"}],"version-history":[{"count":10,"href":"https:\/\/runforthewhales.it\/de\/wp-json\/wp\/v2\/pages\/2331\/revisions"}],"predecessor-version":[{"id":7231,"href":"https:\/\/runforthewhales.it\/de\/wp-json\/wp\/v2\/pages\/2331\/revisions\/7231"}],"up":[{"embeddable":true,"href":"https:\/\/runforthewhales.it\/de\/wp-json\/wp\/v2\/pages\/7062"}],"wp:attachment":[{"href":"https:\/\/runforthewhales.it\/de\/wp-json\/wp\/v2\/media?parent=2331"}],"curies":[{"name":"wp","href":"https:\/\/api.w.org\/{rel}","templated":true}]}}