{"id":2330,"date":"2017-04-02T11:54:51","date_gmt":"2017-04-02T11:54:51","guid":{"rendered":"http:\/\/runforthewhales.it\/wp\/halbmarathon-route\/"},"modified":"2025-12-19T19:26:22","modified_gmt":"2025-12-19T19:26:22","slug":"halbmarathon-route","status":"publish","type":"page","link":"https:\/\/runforthewhales.it\/de\/halbmarathon\/halbmarathon-route\/","title":{"rendered":"Halbmarathon Route"},"content":{"rendered":"<p>[et_pb_section fb_built=&#8220;1&#8243; admin_label=&#8220;section&#8220; _builder_version=&#8220;4.16&#8243; global_colors_info=&#8220;{}&#8220;][et_pb_row admin_label=&#8220;row&#8220; _builder_version=&#8220;4.16&#8243; background_size=&#8220;initial&#8220; background_position=&#8220;top_left&#8220; background_repeat=&#8220;repeat&#8220; global_colors_info=&#8220;{}&#8220;][et_pb_column type=&#8220;4_4&#8243; _builder_version=&#8220;4.16&#8243; custom_padding=&#8220;|||&#8220; global_colors_info=&#8220;{}&#8220; custom_padding__hover=&#8220;|||&#8220;][et_pb_text _builder_version=&#8220;4.27.4&#8243; background_size=&#8220;initial&#8220; background_position=&#8220;top_left&#8220; background_repeat=&#8220;repeat&#8220; locked=&#8220;off&#8220; global_colors_info=&#8220;{}&#8220;]<\/p>\n<h2><strong data-start=\"3772\" data-end=\"3824\">Die Strecke des Run for the Whales Halbmarathons<\/strong> verl\u00e4uft entlang des Rad- und Fu\u00dfwegs von Sanremo durch die Gemeinden des K\u00fcstenparks Riviera dei Fiori.<\/h2>\n<p><strong>Die Strecke ist \u00e4u\u00dferst malerisch, da sie auf dem alten Bahngleis verl\u00e4uft und vom Start bis zum Ziel direkt am Meer entlangf\u00fchrt. Es handelt sich um eine sehr schnelle Strecke, geradlinig und nahezu ohne H\u00f6henunterschied. Die einzige echte Herausforderung kann der Wind sein.<\/strong><\/p>\n<p>[\/et_pb_text][et_pb_image src=&#8220;https:\/\/runforthewhales.it\/wp-content\/uploads\/2025\/12\/WhatsApp-Image-2025-12-12-at-17.37.54.jpeg&#8220; alt=&#8220;percorso 21K&#8220; title_text=&#8220;WhatsApp Image 2025-12-12 at 17.37.54&#8243; _builder_version=&#8220;4.27.5&#8243; _module_preset=&#8220;default&#8220; hover_enabled=&#8220;0&#8243; global_colors_info=&#8220;{}&#8220; sticky_enabled=&#8220;0&#8243; locked=&#8220;off&#8220;][\/et_pb_image][et_pb_text _builder_version=&#8220;4.27.5&#8243; background_size=&#8220;initial&#8220; background_position=&#8220;top_left&#8220; background_repeat=&#8220;repeat&#8220; locked=&#8220;off&#8220; global_colors_info=&#8220;{}&#8220;]<\/p>\n<h2>RUN FOR THE WHALES HALBMARATHON<\/h2>\n<ul>\n<li>Start: <strong>Leichtathletikbahn Sanremo \u2013 Strada Grande Torino<\/strong><\/li>\n<li>Strecke: <strong>Strecke entlang des Radwegs bis Arma di Taggia und R\u00fcckweg entlang des Radwegs bis zum Tunnel von Ospedaletti<\/strong><\/li>\n<li>Ziel: <strong>Leichtathletikbahn in Pian di Poma, Sanremo<\/strong><\/li>\n<li>L\u00e4nge: <strong>21,097 km \u2013 FIDAL-zertifiziert<\/strong><\/li>\n<\/ul>\n<p>&nbsp;<\/p>\n<p>[\/et_pb_text][et_pb_image src=&#8220;https:\/\/runforthewhales.it\/wp-content\/uploads\/2025\/12\/come-arrivare-a-sanremo-how-to-get-to-sanremo-comment-se-rendre-a-sanremo-e1765547522996.jpg&#8220; alt=&#8220;logistica&#8220; title_text=&#8220;come-arrivare-a-sanremo-how-to-get-to-sanremo-comment-se-rendre-a-sanremo&#8220; admin_label=&#8220;Welcome Desk&#8220; _builder_version=&#8220;4.27.5&#8243; _module_preset=&#8220;default&#8220; locked=&#8220;off&#8220; global_colors_info=&#8220;{}&#8220;][\/et_pb_image][\/et_pb_column][\/et_pb_row][\/et_pb_section]<\/p>\n","protected":false},"excerpt":{"rendered":"<p>Die Strecke des Run for the Whales Halbmarathons verl\u00e4uft entlang des Rad- und Fu\u00dfwegs von Sanremo durch die Gemeinden des K\u00fcstenparks Riviera dei Fiori. Die Strecke ist \u00e4u\u00dferst malerisch, da sie auf dem alten Bahngleis verl\u00e4uft und vom Start bis zum Ziel direkt am Meer entlangf\u00fchrt. Es handelt sich um eine sehr schnelle Strecke, geradlinig [&hellip;]<\/p>\n","protected":false},"author":1,"featured_media":0,"parent":7056,"menu_order":2,"comment_status":"closed","ping_status":"closed","template":"","meta":{"_et_pb_use_builder":"on","_et_pb_old_content":"","_et_gb_content_width":"","footnotes":""},"class_list":["post-2330","page","type-page","status-publish","hentry"],"yoast_head":"<!-- This site is optimized with the Yoast SEO plugin v27.6 - https:\/\/yoast.com\/product\/yoast-seo-wordpress\/ -->\n<title>Halbmarathon Route RUN FOR THE WHALES 2026 Sanremo<\/title>\n<meta name=\"description\" content=\"Halbmarathon Route RUN FOR THE WHALES 2026 Sanremo Parks der Riviera der Blumen schl\u00e4ngelt sich entlang der Radstrecke der Riviera der Blumen\" \/>\n<meta name=\"robots\" content=\"index, follow, max-snippet:-1, max-image-preview:large, max-video-preview:-1\" \/>\n<link rel=\"canonical\" href=\"https:\/\/runforthewhales.it\/de\/halbmarathon\/halbmarathon-route\/\" \/>\n<meta property=\"og:locale\" content=\"de_DE\" \/>\n<meta property=\"og:type\" content=\"article\" \/>\n<meta property=\"og:title\" content=\"Halbmarathon Route RUN FOR THE WHALES 2026 Sanremo\" \/>\n<meta property=\"og:description\" content=\"Halbmarathon Route RUN FOR THE WHALES 2026 Sanremo Parks der Riviera der Blumen schl\u00e4ngelt sich entlang der Radstrecke der Riviera der Blumen\" \/>\n<meta property=\"og:url\" content=\"https:\/\/runforthewhales.it\/de\/halbmarathon\/halbmarathon-route\/\" \/>\n<meta property=\"og:site_name\" content=\"RUN FOR THE WHALES 2026 Sanremo\" \/>\n<meta property=\"article:modified_time\" content=\"2025-12-19T19:26:22+00:00\" \/>\n<meta name=\"twitter:label1\" content=\"Gesch\u00e4tzte Lesezeit\" \/>\n\t<meta name=\"twitter:data1\" content=\"1\u00a0Minute\" \/>\n<script type=\"application\/ld+json\" class=\"yoast-schema-graph\">{\"@context\":\"https:\\\/\\\/schema.org\",\"@graph\":[{\"@type\":\"WebPage\",\"@id\":\"https:\\\/\\\/runforthewhales.it\\\/de\\\/halbmarathon\\\/halbmarathon-route\\\/\",\"url\":\"https:\\\/\\\/runforthewhales.it\\\/de\\\/halbmarathon\\\/halbmarathon-route\\\/\",\"name\":\"Halbmarathon Route RUN FOR THE WHALES 2026 Sanremo\",\"isPartOf\":{\"@id\":\"https:\\\/\\\/runforthewhales.it\\\/#website\"},\"datePublished\":\"2017-04-02T11:54:51+00:00\",\"dateModified\":\"2025-12-19T19:26:22+00:00\",\"description\":\"Halbmarathon Route RUN FOR THE WHALES 2026 Sanremo Parks der Riviera der Blumen schl\u00e4ngelt sich entlang der Radstrecke der Riviera der Blumen\",\"breadcrumb\":{\"@id\":\"https:\\\/\\\/runforthewhales.it\\\/de\\\/halbmarathon\\\/halbmarathon-route\\\/#breadcrumb\"},\"inLanguage\":\"de\",\"potentialAction\":[{\"@type\":\"ReadAction\",\"target\":[\"https:\\\/\\\/runforthewhales.it\\\/de\\\/halbmarathon\\\/halbmarathon-route\\\/\"]}]},{\"@type\":\"BreadcrumbList\",\"@id\":\"https:\\\/\\\/runforthewhales.it\\\/de\\\/halbmarathon\\\/halbmarathon-route\\\/#breadcrumb\",\"itemListElement\":[{\"@type\":\"ListItem\",\"position\":1,\"name\":\"Home\",\"item\":\"https:\\\/\\\/runforthewhales.it\\\/de\\\/\"},{\"@type\":\"ListItem\",\"position\":2,\"name\":\"Halbmarathon\",\"item\":\"https:\\\/\\\/runforthewhales.it\\\/de\\\/halbmarathon\\\/\"},{\"@type\":\"ListItem\",\"position\":3,\"name\":\"Halbmarathon Route\"}]},{\"@type\":\"WebSite\",\"@id\":\"https:\\\/\\\/runforthewhales.it\\\/#website\",\"url\":\"https:\\\/\\\/runforthewhales.it\\\/\",\"name\":\"RUN FOR THE WHALES 2026 Sanremo\",\"description\":\"21K Halb Marathon | 10K Run | 3K Family Run | 20.06.2026\",\"potentialAction\":[{\"@type\":\"SearchAction\",\"target\":{\"@type\":\"EntryPoint\",\"urlTemplate\":\"https:\\\/\\\/runforthewhales.it\\\/?s={search_term_string}\"},\"query-input\":{\"@type\":\"PropertyValueSpecification\",\"valueRequired\":true,\"valueName\":\"search_term_string\"}}],\"inLanguage\":\"de\"}]}<\/script>\n<!-- \/ Yoast SEO plugin. -->","yoast_head_json":{"title":"Halbmarathon Route RUN FOR THE WHALES 2026 Sanremo","description":"Halbmarathon Route RUN FOR THE WHALES 2026 Sanremo Parks der Riviera der Blumen schl\u00e4ngelt sich entlang der Radstrecke der Riviera der Blumen","robots":{"index":"index","follow":"follow","max-snippet":"max-snippet:-1","max-image-preview":"max-image-preview:large","max-video-preview":"max-video-preview:-1"},"canonical":"https:\/\/runforthewhales.it\/de\/halbmarathon\/halbmarathon-route\/","og_locale":"de_DE","og_type":"article","og_title":"Halbmarathon Route RUN FOR THE WHALES 2026 Sanremo","og_description":"Halbmarathon Route RUN FOR THE WHALES 2026 Sanremo Parks der Riviera der Blumen schl\u00e4ngelt sich entlang der Radstrecke der Riviera der Blumen","og_url":"https:\/\/runforthewhales.it\/de\/halbmarathon\/halbmarathon-route\/","og_site_name":"RUN FOR THE WHALES 2026 Sanremo","article_modified_time":"2025-12-19T19:26:22+00:00","twitter_misc":{"Gesch\u00e4tzte Lesezeit":"1\u00a0Minute"},"schema":{"@context":"https:\/\/schema.org","@graph":[{"@type":"WebPage","@id":"https:\/\/runforthewhales.it\/de\/halbmarathon\/halbmarathon-route\/","url":"https:\/\/runforthewhales.it\/de\/halbmarathon\/halbmarathon-route\/","name":"Halbmarathon Route RUN FOR THE WHALES 2026 Sanremo","isPartOf":{"@id":"https:\/\/runforthewhales.it\/#website"},"datePublished":"2017-04-02T11:54:51+00:00","dateModified":"2025-12-19T19:26:22+00:00","description":"Halbmarathon Route RUN FOR THE WHALES 2026 Sanremo Parks der Riviera der Blumen schl\u00e4ngelt sich entlang der Radstrecke der Riviera der Blumen","breadcrumb":{"@id":"https:\/\/runforthewhales.it\/de\/halbmarathon\/halbmarathon-route\/#breadcrumb"},"inLanguage":"de","potentialAction":[{"@type":"ReadAction","target":["https:\/\/runforthewhales.it\/de\/halbmarathon\/halbmarathon-route\/"]}]},{"@type":"BreadcrumbList","@id":"https:\/\/runforthewhales.it\/de\/halbmarathon\/halbmarathon-route\/#breadcrumb","itemListElement":[{"@type":"ListItem","position":1,"name":"Home","item":"https:\/\/runforthewhales.it\/de\/"},{"@type":"ListItem","position":2,"name":"Halbmarathon","item":"https:\/\/runforthewhales.it\/de\/halbmarathon\/"},{"@type":"ListItem","position":3,"name":"Halbmarathon Route"}]},{"@type":"WebSite","@id":"https:\/\/runforthewhales.it\/#website","url":"https:\/\/runforthewhales.it\/","name":"RUN FOR THE WHALES 2026 Sanremo","description":"21K Halb Marathon | 10K Run | 3K Family Run | 20.06.2026","potentialAction":[{"@type":"SearchAction","target":{"@type":"EntryPoint","urlTemplate":"https:\/\/runforthewhales.it\/?s={search_term_string}"},"query-input":{"@type":"PropertyValueSpecification","valueRequired":true,"valueName":"search_term_string"}}],"inLanguage":"de"}]}},"_links":{"self":[{"href":"https:\/\/runforthewhales.it\/de\/wp-json\/wp\/v2\/pages\/2330","targetHints":{"allow":["GET"]}}],"collection":[{"href":"https:\/\/runforthewhales.it\/de\/wp-json\/wp\/v2\/pages"}],"about":[{"href":"https:\/\/runforthewhales.it\/de\/wp-json\/wp\/v2\/types\/page"}],"author":[{"embeddable":true,"href":"https:\/\/runforthewhales.it\/de\/wp-json\/wp\/v2\/users\/1"}],"replies":[{"embeddable":true,"href":"https:\/\/runforthewhales.it\/de\/wp-json\/wp\/v2\/comments?post=2330"}],"version-history":[{"count":45,"href":"https:\/\/runforthewhales.it\/de\/wp-json\/wp\/v2\/pages\/2330\/revisions"}],"predecessor-version":[{"id":9250,"href":"https:\/\/runforthewhales.it\/de\/wp-json\/wp\/v2\/pages\/2330\/revisions\/9250"}],"up":[{"embeddable":true,"href":"https:\/\/runforthewhales.it\/de\/wp-json\/wp\/v2\/pages\/7056"}],"wp:attachment":[{"href":"https:\/\/runforthewhales.it\/de\/wp-json\/wp\/v2\/media?parent=2330"}],"curies":[{"name":"wp","href":"https:\/\/api.w.org\/{rel}","templated":true}]}}